{"id":11087,"date":"2023-10-03T21:58:37","date_gmt":"2023-10-03T21:58:37","guid":{"rendered":"https:\/\/myreplicawatches.io\/product\/super-clon-arco-iris-rolex-daytona-everose\/"},"modified":"2025-11-16T22:17:16","modified_gmt":"2025-11-16T22:17:16","slug":"super-clon-arco-iris-rolex-daytona-everose","status":"publish","type":"product","link":"https:\/\/myreplicawatches.io\/es\/product\/super-clon-arco-iris-rolex-daytona-everose\/","title":{"rendered":"Super Clon Arco Iris Rolex Daytona &#8211; Everose"},"content":{"rendered":"<h3 style=\"text-align: center;\">Super Clon Arco Iris Rolex Daytona &#8211; Super Clon Reloj Suizo Replica<\/h3>\n<p>&nbsp;<\/p>\n<h3>Ventajas de poseer un Rolex Daytona Super Clon Arcoiris<\/h3>\n<ul>\n<li>Una r\u00e9plica puede comprarse a un precio mucho m\u00e1s barato que una aut\u00e9ntica, sin embargo, un reloj Rolex Daytona Super Clon Rainbow parecer\u00e1 y tendr\u00e1 el mismo tacto que el original.<\/li>\n<li>Lo \u00faltimo que alguien quiere es gastarse una fortuna para conseguir un reloj de lujo que tiene peque\u00f1as diferencias con nuestras r\u00e9plicas de relojes.<\/li>\n<li>Muchos entusiastas de los relojes no quieren gastarse miles de d\u00f3lares en relojes y quieren tener esa gran sensaci\u00f3n de poseer un gran reloj de una marca de lujo. Es entonces cuando mis r\u00e9plicas de relojes entran en escena y proporcionan esa sensaci\u00f3n a sus clientes.<\/li>\n<li>\u00bf Tienes ya un aut\u00e9ntico reloj de alta gama que no quieres llevar por motivos de seguridad o por razones de devaluaci\u00f3n en algunas ocasiones ? Lleva tu Reloj Rolex Daytona Rainbow Super Clon de alta calidad y si\u00e9ntete m\u00e1s seguro, ten la misma confianza, protege tus objetos de valor<\/li>\n<li><\/li>\n<\/ul>\n<h2>Descripci\u00f3n<\/h2>\n<p>&nbsp;<\/p>\n<table width=\"561\">\n<tbody>\n<tr style=\"height: 23px;\">\n<td style=\"height: 23px; width: 268px;\"><strong>Modelo<\/strong><\/td>\n<td style=\"height: 23px; width: 277px;\">Daytona<\/td>\n<\/tr>\n<tr style=\"height: 23px;\">\n<td style=\"height: 23px; width: 268px;\"><\/td>\n<td style=\"height: 23px; width: 277px;\"><\/td>\n<\/tr>\n<tr style=\"height: 23px;\">\n<td style=\"height: 23px; width: 268px;\"><strong>Movimiento<\/strong><\/td>\n<td style=\"height: 23px; width: 277px;\">Autom\u00e1tico<\/td>\n<\/tr>\n<tr style=\"height: 23px;\">\n<td style=\"height: 23px; width: 268px;\"><strong>Material de la caja<\/strong><\/td>\n<td style=\"height: 23px; width: 277px;\">Oro rosa<\/td>\n<\/tr>\n<tr style=\"height: 23px;\">\n<td style=\"height: 23px; width: 268px;\"><strong>Material de la pulsera<\/strong><\/td>\n<td style=\"height: 23px; width: 277px;\">Oro rosa<\/td>\n<\/tr>\n<tr style=\"height: 23px;\">\n<td style=\"height: 23px; width: 268px;\"><strong>A\u00f1o<\/strong><\/td>\n<td style=\"height: 23px; width: 277px;\">2018<\/td>\n<\/tr>\n<tr style=\"height: 23px;\">\n<td style=\"height: 23px; width: 268px;\"><strong>Estado<\/strong><\/td>\n<td style=\"height: 23px; width: 277px;\">Nuevo<\/td>\n<\/tr>\n<tr style=\"height: 22px;\">\n<td style=\"height: 22px; width: 268px;\"><\/td>\n<td style=\"height: 22px; width: 277px;\"><\/td>\n<\/tr>\n<tr style=\"height: 23px;\">\n<td style=\"height: 23px; width: 268px;\"><strong>G\u00e9nero<\/strong><\/td>\n<td style=\"height: 23px; width: 277px;\">Reloj hombre\/Unisexo<\/td>\n<\/tr>\n<tr style=\"height: 24px;\">\n<td style=\"height: 24px; width: 268px;\"><\/td>\n<td style=\"height: 24px; width: 277px;\"><\/td>\n<\/tr>\n<\/tbody>\n<tbody>\n<tr style=\"height: 22px;\">\n<td style=\"height: 22px; width: 551px;\" colspan=\"2\"><\/td>\n<\/tr>\n<tr style=\"height: 23px;\">\n<td style=\"height: 23px; width: 268px;\"><strong>Movimiento<\/strong><\/td>\n<td style=\"height: 23px; width: 277px;\">Autom\u00e1tico<\/td>\n<\/tr>\n<tr style=\"height: 23px;\">\n<td style=\"height: 23px; width: 268px;\"><\/td>\n<td style=\"height: 23px; width: 277px;\"><\/td>\n<\/tr>\n<\/tbody>\n<tbody>\n<tr style=\"height: 15px;\">\n<td style=\"height: 15px; width: 551px;\" colspan=\"2\">\n<p class=\"h3 text-left m-b-0\">\n<\/td>\n<\/tr>\n<tr style=\"height: 23px;\">\n<td style=\"height: 23px; width: 268px;\"><strong>Material de la caja<\/strong><\/td>\n<td style=\"height: 23px; width: 277px;\">Oro rosa<\/td>\n<\/tr>\n<tr style=\"height: 23px;\">\n<td style=\"height: 23px; width: 268px;\"><strong>Di\u00e1metro de la caja<\/strong><\/td>\n<td style=\"height: 23px; width: 277px;\">40 mm<\/td>\n<\/tr>\n<tr style=\"height: 23px;\">\n<td style=\"height: 23px; width: 268px;\"><strong>Material del bisel<\/strong><\/td>\n<td style=\"height: 23px; width: 277px;\">Oro rojo<\/td>\n<\/tr>\n<tr style=\"height: 23px;\">\n<td style=\"height: 23px; width: 268px;\"><strong>Cristal<\/strong><\/td>\n<td style=\"height: 23px; width: 277px;\">Cristal Zafiro<\/td>\n<\/tr>\n<tr style=\"height: 23px;\">\n<td style=\"height: 23px; width: 268px;\"><strong>Marca<\/strong><\/td>\n<td style=\"height: 23px; width: 277px;\">Negro<\/td>\n<\/tr>\n<tr style=\"height: 23px;\">\n<td style=\"height: 23px; width: 268px;\"><strong>N\u00fameros de la esfera<\/strong><\/td>\n<td style=\"height: 23px; width: 277px;\">Sin n\u00fameros<\/td>\n<\/tr>\n<\/tbody>\n<tbody>\n<tr style=\"height: 36px;\">\n<td style=\"height: 36px; width: 551px;\" colspan=\"2\">\n<p class=\"h3 text-left m-b-0\">\n<\/td>\n<\/tr>\n<tr style=\"height: 23px;\">\n<td style=\"height: 23px; width: 268px;\"><strong>Material de la pulsera<\/strong><\/td>\n<td style=\"height: 23px; width: 277px;\">Oro rosa<\/td>\n<\/tr>\n<tr style=\"height: 23px;\">\n<td style=\"height: 23px; width: 268px;\"><strong>Color de la pulsera<\/strong><\/td>\n<td style=\"height: 23px; width: 277px;\">Oro<\/td>\n<\/tr>\n<tr style=\"height: 23px;\">\n<td style=\"height: 23px; width: 268px;\"><strong>Cierre<\/strong><\/td>\n<td style=\"height: 23px; width: 277px;\">Cierre plegable<\/td>\n<\/tr>\n<tr style=\"height: 23px;\">\n<td style=\"height: 23px; width: 268px;\"><strong>Material del cierre<\/strong><\/td>\n<td style=\"height: 23px; width: 277px;\">Oro rosa<\/td>\n<\/tr>\n<\/tbody>\n<tbody>\n<tr style=\"height: 36px;\">\n<td style=\"height: 36px; width: 551px;\" colspan=\"2\">\n<p class=\"h3 text-left m-b-0\">\n<\/td>\n<\/tr>\n<\/tbody>\n<\/table>\n<p><ins>RELOJES SWISS MADE Clon 1:1<\/ins><\/p>\n<ul>\n<li>Se ve y se siente exactamente igual. \u2714<\/li>\n<li>No se puede diferenciar entre el verdadero \u2714<\/li>\n<li>Resistente al agua 300 m \u2714<\/li>\n<li>Cristal de zafiro antirrayado con revestimiento AR \u2714<\/li>\n<li>Relojes de acero 904L y oro aut\u00e9ntico. \u2714<\/li>\n<li>Mismo peso que el original. \u2714<\/li>\n<li>Mismo Mecanismo que el Real \u2714 ( MISMO Movimiento SUIZO, Exactamente igual que el real )<\/li>\n<li>Movimiento Autom\u00e1tico \u2714 ( El segundero no hace tictac, se mueve suavemente como el original )<\/li>\n<\/ul>\n<p>&nbsp;<\/p>\n<h2>Garant\u00eda<\/h2>\n<p>100% de satisfacci\u00f3n garantizada Si no est\u00e1s satisfecho al 100% con tu primer bombo de lujo, nos comprometemos a arreglarlo todo.<\/p>\n<h2>Entrega<\/h2>\n<p>Env\u00edo DHL a todo el mundo &#8211; De 3 a 10 d\u00edas estimado de llegada<\/p>\n","protected":false},"excerpt":{"rendered":"<p>Super Clon Arco Iris Rolex Daytona &#8211; Super Clon Reloj Suizo Replica &nbsp; Ventajas de poseer un Rolex Daytona Super Clon Arcoiris Una r\u00e9plica puede comprarse a un precio mucho m\u00e1s barato que una aut\u00e9ntica, sin embargo, un reloj Rolex Daytona Super Clon Rainbow parecer\u00e1 y tendr\u00e1 el mismo tacto que el original. Lo \u00faltimo<\/p>\n","protected":false},"featured_media":8495,"comment_status":"open","ping_status":"closed","template":"","meta":{"_uag_custom_page_level_css":"","site-sidebar-layout":"default","site-content-layout":"","ast-site-content-layout":"default","site-content-style":"default","site-sidebar-style":"default","ast-global-header-display":"","ast-banner-title-visibility":"","ast-main-header-display":"","ast-hfb-above-header-display":"","ast-hfb-below-header-display":"","ast-hfb-mobile-header-display":"","site-post-title":"","ast-breadcrumbs-content":"","ast-featured-img":"","footer-sml-layout":"","theme-transparent-header-meta":"default","adv-header-id-meta":"","stick-header-meta":"default","header-above-stick-meta":"","header-main-stick-meta":"","header-below-stick-meta":"","astra-migrate-meta-layouts":"set","ast-page-background-enabled":"default","ast-page-background-meta":{"desktop":{"background-color":"var(--ast-global-color-4)","background-image":"","background-repeat":"repeat","background-position":"center center","background-size":"auto","background-attachment":"scroll","background-type":"","background-media":"","overlay-type":"","overlay-color":"","overlay-opacity":"","overlay-gradient":""},"tablet":{"background-color":"","background-image":"","background-repeat":"repeat","background-position":"center center","background-size":"auto","background-attachment":"scroll","background-type":"","background-media":"","overlay-type":"","overlay-color":"","overlay-opacity":"","overlay-gradient":""},"mobile":{"background-color":"","background-image":"","background-repeat":"repeat","background-position":"center center","background-size":"auto","background-attachment":"scroll","background-type":"","background-media":"","overlay-type":"","overlay-color":"","overlay-opacity":"","overlay-gradient":""}},"ast-content-background-meta":{"desktop":{"background-color":"var(--ast-global-color-5)","background-image":"","background-repeat":"repeat","background-position":"center center","background-size":"auto","background-attachment":"scroll","background-type":"","background-media":"","overlay-type":"","overlay-color":"","overlay-opacity":"","overlay-gradient":""},"tablet":{"background-color":"var(--ast-global-color-5)","background-image":"","background-repeat":"repeat","background-position":"center center","background-size":"auto","background-attachment":"scroll","background-type":"","background-media":"","overlay-type":"","overlay-color":"","overlay-opacity":"","overlay-gradient":""},"mobile":{"background-color":"var(--ast-global-color-5)","background-image":"","background-repeat":"repeat","background-position":"center center","background-size":"auto","background-attachment":"scroll","background-type":"","background-media":"","overlay-type":"","overlay-color":"","overlay-opacity":"","overlay-gradient":""}}},"product_brand":[],"product_cat":[168,169,162,236,154,170,229,158],"product_tag":[494,491,4629,1815,442,440,5086,5145,187,668,5146,464],"class_list":{"0":"post-11087","1":"product","2":"type-product","3":"status-publish","4":"has-post-thumbnail","6":"product_cat-productos-mas-nuevos","7":"product_cat-replica-daytona-rolex-envio","8":"product_cat-replica-super-clon-rolex-aaa","9":"product_cat-replicas-de-relojes-con-diamantes","10":"product_cat-replicas-de-relojes-mas-vendidas","11":"product_cat-super-clon-rolex","12":"product_cat-super-clon-rolex-daytona","13":"product_cat-superclones","14":"product_tag-chronograph","15":"product_tag-daytona","16":"product_tag-everose-es","17":"product_tag-exclusive-design","18":"product_tag-high-quality-replica","19":"product_tag-luxury-watch","20":"product_tag-premium-watchmaking","21":"product_tag-rainbow","22":"product_tag-rolex-es","23":"product_tag-rose-gold-es","24":"product_tag-sapphire-bezel","25":"product_tag-super-clone","26":"desktop-align-left","27":"tablet-align-left","28":"mobile-align-left","29":"ast-product-gallery-layout-vertical-slider","30":"ast-product-single-variable","32":"first","33":"instock","34":"shipping-taxable","35":"purchasable","36":"product-type-variable"},"uagb_featured_image_src":{"full":["https:\/\/myreplicawatches.io\/wp-content\/uploads\/2023\/10\/Replica-rolex-Sky-dweller-rose-gold-23.jpg",1080,1080,false],"thumbnail":["https:\/\/myreplicawatches.io\/wp-content\/uploads\/2023\/10\/Replica-rolex-Sky-dweller-rose-gold-23-150x150.jpg",150,150,true],"medium":["https:\/\/myreplicawatches.io\/wp-content\/uploads\/2023\/10\/Replica-rolex-Sky-dweller-rose-gold-23-300x300.jpg",300,300,true],"medium_large":["https:\/\/myreplicawatches.io\/wp-content\/uploads\/2023\/10\/Replica-rolex-Sky-dweller-rose-gold-23-768x768.jpg",768,768,true],"large":["https:\/\/myreplicawatches.io\/wp-content\/uploads\/2023\/10\/Replica-rolex-Sky-dweller-rose-gold-23-1024x1024.jpg",1024,1024,true],"1536x1536":["https:\/\/myreplicawatches.io\/wp-content\/uploads\/2023\/10\/Replica-rolex-Sky-dweller-rose-gold-23.jpg",1080,1080,false],"2048x2048":["https:\/\/myreplicawatches.io\/wp-content\/uploads\/2023\/10\/Replica-rolex-Sky-dweller-rose-gold-23.jpg",1080,1080,false],"woocommerce_thumbnail":["https:\/\/myreplicawatches.io\/wp-content\/uploads\/2023\/10\/Replica-rolex-Sky-dweller-rose-gold-23-300x300.jpg",300,300,true],"woocommerce_single":["https:\/\/myreplicawatches.io\/wp-content\/uploads\/2023\/10\/Replica-rolex-Sky-dweller-rose-gold-23-600x600.jpg",600,600,true],"woocommerce_gallery_thumbnail":["https:\/\/myreplicawatches.io\/wp-content\/uploads\/2023\/10\/Replica-rolex-Sky-dweller-rose-gold-23-100x100.jpg",100,100,true],"variation_swatches_image_size":["https:\/\/myreplicawatches.io\/wp-content\/uploads\/2023\/10\/Replica-rolex-Sky-dweller-rose-gold-23-50x50.jpg",50,50,true],"variation_swatches_tooltip_size":["https:\/\/myreplicawatches.io\/wp-content\/uploads\/2023\/10\/Replica-rolex-Sky-dweller-rose-gold-23-100x100.jpg",100,100,true],"dgwt-wcas-product-suggestion":["https:\/\/myreplicawatches.io\/wp-content\/uploads\/2023\/10\/Replica-rolex-Sky-dweller-rose-gold-23-64x64.jpg",64,64,true]},"uagb_author_info":{"display_name":"admin","author_link":"https:\/\/myreplicawatches.io\/es\/author\/"},"uagb_comment_info":0,"uagb_excerpt":"Super Clon Arco Iris Rolex Daytona &#8211; Super Clon Reloj Suizo Replica &nbsp; Ventajas de poseer un Rolex Daytona Super Clon Arcoiris Una r\u00e9plica puede comprarse a un precio mucho m\u00e1s barato que una aut\u00e9ntica, sin embargo, un reloj Rolex Daytona Super Clon Rainbow parecer\u00e1 y tendr\u00e1 el mismo tacto que el original. Lo \u00faltimo","jetpack_sharing_enabled":true,"_links":{"self":[{"href":"https:\/\/myreplicawatches.io\/es\/wp-json\/wp\/v2\/product\/11087","targetHints":{"allow":["GET"]}}],"collection":[{"href":"https:\/\/myreplicawatches.io\/es\/wp-json\/wp\/v2\/product"}],"about":[{"href":"https:\/\/myreplicawatches.io\/es\/wp-json\/wp\/v2\/types\/product"}],"replies":[{"embeddable":true,"href":"https:\/\/myreplicawatches.io\/es\/wp-json\/wp\/v2\/comments?post=11087"}],"wp:featuredmedia":[{"embeddable":true,"href":"https:\/\/myreplicawatches.io\/es\/wp-json\/wp\/v2\/media\/8495"}],"wp:attachment":[{"href":"https:\/\/myreplicawatches.io\/es\/wp-json\/wp\/v2\/media?parent=11087"}],"wp:term":[{"taxonomy":"product_brand","embeddable":true,"href":"https:\/\/myreplicawatches.io\/es\/wp-json\/wp\/v2\/product_brand?post=11087"},{"taxonomy":"product_cat","embeddable":true,"href":"https:\/\/myreplicawatches.io\/es\/wp-json\/wp\/v2\/product_cat?post=11087"},{"taxonomy":"product_tag","embeddable":true,"href":"https:\/\/myreplicawatches.io\/es\/wp-json\/wp\/v2\/product_tag?post=11087"}],"curies":[{"name":"wp","href":"https:\/\/api.w.org\/{rel}","templated":true}]}}