{"id":11086,"date":"2023-10-03T21:58:10","date_gmt":"2023-10-03T21:58:10","guid":{"rendered":"https:\/\/myreplicawatches.io\/product\/replica-rolex-day-date-40-esfera-azul-oro-blanco-18k\/"},"modified":"2026-02-25T18:31:49","modified_gmt":"2026-02-25T18:31:49","slug":"replica-rolex-day-date-40-esfera-azul-oro-blanco-18k","status":"publish","type":"product","link":"https:\/\/myreplicawatches.io\/es\/product\/replica-rolex-day-date-40-esfera-azul-oro-blanco-18k\/","title":{"rendered":"R\u00e9plica Rolex Day-Date 40 Esfera Azul Oro Blanco 18K"},"content":{"rendered":"<p>R\u00e9plica Rolex Day-Date 40 Esfera Azul 18K Oro Blanco &#8211; Mejor Copia Versi\u00f3n modelo:228239-0007 Tipo de esfera:Anal\u00f3gica Color de la esfera: Azul Material:Oro blanco Forma:Redonda Di\u00e1metro:40 mm Material de la correa:Blanca Movimiento: Autom\u00e1tico Calidad : AAAA+<\/p>\n","protected":false},"excerpt":{"rendered":"<p>R\u00e9plica Rolex Day-Date 40 Esfera Azul 18K Oro Blanco &#8211; Mejor Copia Versi\u00f3n modelo:228239-0007 Tipo de esfera:Anal\u00f3gica Color de la esfera: Azul Material:Oro blanco Forma:Redonda Di\u00e1metro:40 mm Material de la correa:Blanca Movimiento: Autom\u00e1tico Calidad : AAAA+<\/p>\n","protected":false},"featured_media":7567,"comment_status":"open","ping_status":"closed","template":"","meta":{"_uag_custom_page_level_css":"","site-sidebar-layout":"default","site-content-layout":"","ast-site-content-layout":"default","site-content-style":"default","site-sidebar-style":"default","ast-global-header-display":"","ast-banner-title-visibility":"","ast-main-header-display":"","ast-hfb-above-header-display":"","ast-hfb-below-header-display":"","ast-hfb-mobile-header-display":"","site-post-title":"","ast-breadcrumbs-content":"","ast-featured-img":"","footer-sml-layout":"","theme-transparent-header-meta":"default","adv-header-id-meta":"","stick-header-meta":"default","header-above-stick-meta":"","header-main-stick-meta":"","header-below-stick-meta":"","astra-migrate-meta-layouts":"set","ast-page-background-enabled":"default","ast-page-background-meta":{"desktop":{"background-color":"var(--ast-global-color-4)","background-image":"","background-repeat":"repeat","background-position":"center center","background-size":"auto","background-attachment":"scroll","background-type":"","background-media":"","overlay-type":"","overlay-color":"","overlay-opacity":"","overlay-gradient":""},"tablet":{"background-color":"","background-image":"","background-repeat":"repeat","background-position":"center center","background-size":"auto","background-attachment":"scroll","background-type":"","background-media":"","overlay-type":"","overlay-color":"","overlay-opacity":"","overlay-gradient":""},"mobile":{"background-color":"","background-image":"","background-repeat":"repeat","background-position":"center center","background-size":"auto","background-attachment":"scroll","background-type":"","background-media":"","overlay-type":"","overlay-color":"","overlay-opacity":"","overlay-gradient":""}},"ast-content-background-meta":{"desktop":{"background-color":"var(--ast-global-color-5)","background-image":"","background-repeat":"repeat","background-position":"center center","background-size":"auto","background-attachment":"scroll","background-type":"","background-media":"","overlay-type":"","overlay-color":"","overlay-opacity":"","overlay-gradient":""},"tablet":{"background-color":"var(--ast-global-color-5)","background-image":"","background-repeat":"repeat","background-position":"center center","background-size":"auto","background-attachment":"scroll","background-type":"","background-media":"","overlay-type":"","overlay-color":"","overlay-opacity":"","overlay-gradient":""},"mobile":{"background-color":"var(--ast-global-color-5)","background-image":"","background-repeat":"repeat","background-position":"center center","background-size":"auto","background-attachment":"scroll","background-type":"","background-media":"","overlay-type":"","overlay-color":"","overlay-opacity":"","overlay-gradient":""}}},"product_brand":[],"product_cat":[181,168,162,154],"product_tag":[5172,458,647,871,1964,459,5157,442,440,474,2960,5158,453,5165],"class_list":{"0":"post-11086","1":"product","2":"type-product","3":"status-publish","4":"has-post-thumbnail","6":"product_cat-day-date-replica-relojo-rolex","7":"product_cat-productos-mas-nuevos","8":"product_cat-replica-super-clon-rolex-aaa","9":"product_cat-replicas-de-relojes-mas-vendidas","10":"product_tag-18k-white-gold","11":"product_tag-affordable-luxury","12":"product_tag-automatic-watch-es","13":"product_tag-blue-dial-es","14":"product_tag-elegant-timepiece","15":"product_tag-exclusive-edition","16":"product_tag-fluted-bezel-es","17":"product_tag-high-quality-replica","18":"product_tag-luxury-watch","19":"product_tag-mens-watch","20":"product_tag-premium-edition","21":"product_tag-president-bracelet-es","22":"product_tag-replica-rolex","23":"product_tag-rolex-day-date-40-es","24":"desktop-align-left","25":"tablet-align-left","26":"mobile-align-left","27":"ast-product-gallery-layout-vertical-slider","29":"first","30":"instock","31":"sale","32":"shipping-taxable","33":"purchasable","34":"product-type-simple"},"uagb_featured_image_src":{"full":["https:\/\/myreplicawatches.io\/wp-content\/uploads\/2023\/10\/image_f1cba372-a547-40dd-a07a-218fe3b5dcff.jpg",1094,1171,false],"thumbnail":["https:\/\/myreplicawatches.io\/wp-content\/uploads\/2023\/10\/image_f1cba372-a547-40dd-a07a-218fe3b5dcff-150x150.jpg",150,150,true],"medium":["https:\/\/myreplicawatches.io\/wp-content\/uploads\/2023\/10\/image_f1cba372-a547-40dd-a07a-218fe3b5dcff-280x300.jpg",280,300,true],"medium_large":["https:\/\/myreplicawatches.io\/wp-content\/uploads\/2023\/10\/image_f1cba372-a547-40dd-a07a-218fe3b5dcff-768x822.jpg",768,822,true],"large":["https:\/\/myreplicawatches.io\/wp-content\/uploads\/2023\/10\/image_f1cba372-a547-40dd-a07a-218fe3b5dcff-957x1024.jpg",957,1024,true],"1536x1536":["https:\/\/myreplicawatches.io\/wp-content\/uploads\/2023\/10\/image_f1cba372-a547-40dd-a07a-218fe3b5dcff.jpg",1094,1171,false],"2048x2048":["https:\/\/myreplicawatches.io\/wp-content\/uploads\/2023\/10\/image_f1cba372-a547-40dd-a07a-218fe3b5dcff.jpg",1094,1171,false],"woocommerce_thumbnail":["https:\/\/myreplicawatches.io\/wp-content\/uploads\/2023\/10\/image_f1cba372-a547-40dd-a07a-218fe3b5dcff-300x300.jpg",300,300,true],"woocommerce_single":["https:\/\/myreplicawatches.io\/wp-content\/uploads\/2023\/10\/image_f1cba372-a547-40dd-a07a-218fe3b5dcff-600x642.jpg",600,642,true],"woocommerce_gallery_thumbnail":["https:\/\/myreplicawatches.io\/wp-content\/uploads\/2023\/10\/image_f1cba372-a547-40dd-a07a-218fe3b5dcff-100x100.jpg",100,100,true],"variation_swatches_image_size":["https:\/\/myreplicawatches.io\/wp-content\/uploads\/2023\/10\/image_f1cba372-a547-40dd-a07a-218fe3b5dcff.jpg",47,50,false],"variation_swatches_tooltip_size":["https:\/\/myreplicawatches.io\/wp-content\/uploads\/2023\/10\/image_f1cba372-a547-40dd-a07a-218fe3b5dcff.jpg",93,100,false],"dgwt-wcas-product-suggestion":["https:\/\/myreplicawatches.io\/wp-content\/uploads\/2023\/10\/image_f1cba372-a547-40dd-a07a-218fe3b5dcff-64x69.jpg",64,69,true]},"uagb_author_info":{"display_name":"admin","author_link":"https:\/\/myreplicawatches.io\/es\/author\/"},"uagb_comment_info":0,"uagb_excerpt":"R\u00e9plica Rolex Day-Date 40 Esfera Azul 18K Oro Blanco &#8211; Mejor Copia Versi\u00f3n modelo:228239-0007 Tipo de esfera:Anal\u00f3gica Color de la esfera: Azul Material:Oro blanco Forma:Redonda Di\u00e1metro:40 mm Material de la correa:Blanca Movimiento: Autom\u00e1tico Calidad : AAAA+","jetpack_sharing_enabled":true,"_links":{"self":[{"href":"https:\/\/myreplicawatches.io\/es\/wp-json\/wp\/v2\/product\/11086","targetHints":{"allow":["GET"]}}],"collection":[{"href":"https:\/\/myreplicawatches.io\/es\/wp-json\/wp\/v2\/product"}],"about":[{"href":"https:\/\/myreplicawatches.io\/es\/wp-json\/wp\/v2\/types\/product"}],"replies":[{"embeddable":true,"href":"https:\/\/myreplicawatches.io\/es\/wp-json\/wp\/v2\/comments?post=11086"}],"wp:featuredmedia":[{"embeddable":true,"href":"https:\/\/myreplicawatches.io\/es\/wp-json\/wp\/v2\/media\/7567"}],"wp:attachment":[{"href":"https:\/\/myreplicawatches.io\/es\/wp-json\/wp\/v2\/media?parent=11086"}],"wp:term":[{"taxonomy":"product_brand","embeddable":true,"href":"https:\/\/myreplicawatches.io\/es\/wp-json\/wp\/v2\/product_brand?post=11086"},{"taxonomy":"product_cat","embeddable":true,"href":"https:\/\/myreplicawatches.io\/es\/wp-json\/wp\/v2\/product_cat?post=11086"},{"taxonomy":"product_tag","embeddable":true,"href":"https:\/\/myreplicawatches.io\/es\/wp-json\/wp\/v2\/product_tag?post=11086"}],"curies":[{"name":"wp","href":"https:\/\/api.w.org\/{rel}","templated":true}]}}