{"id":11077,"date":"2023-10-03T22:05:38","date_gmt":"2023-10-03T22:05:38","guid":{"rendered":"https:\/\/myreplicawatches.io\/product\/replica-de-caja-de-reloj-tag-heuer\/"},"modified":"2025-07-27T11:58:20","modified_gmt":"2025-07-27T11:58:20","slug":"replica-de-caja-de-reloj-tag-heuer","status":"publish","type":"product","link":"https:\/\/myreplicawatches.io\/es\/product\/replica-de-caja-de-reloj-tag-heuer\/","title":{"rendered":"R\u00e9plica de caja de reloj Tag Heuer"},"content":{"rendered":"<p>R\u00e9plica de caja de reloj Tag Heuer &#8211; R\u00e9plica de caja de reloj Tag Heuer de la mejor calidad con papeles y toda la documentaci\u00f3n.<br \/>\nCaja de reloj de cuero negro de alta calidad Incluye el juego completo de papeles Tag Heuer Esta es la caja de reloj de repuesto m\u00e1s nueva para los relojes Tag Heuer.<br \/>\nIncluye un juego completo de papeles Tag Heuer, tarjeta de garant\u00eda, etiqueta colgante, etc.<br \/>\nRecibir\u00e1s la misma caja Replica Tag Heuer que se muestra en la imagen.<br \/>\nSomos los \u00fanicos que vendemos cajas para relojes Tag Heuer en el mercado.<br \/>\nCompra una y nadie sabr\u00e1 que es una r\u00e9plica.<\/p>\n<p>&nbsp;<\/p>\n","protected":false},"excerpt":{"rendered":"<p>R\u00e9plica de caja de reloj Tag Heuer &#8211; R\u00e9plica de caja de reloj Tag Heuer de la mejor calidad con papeles y toda la documentaci\u00f3n. Caja de reloj de cuero negro de alta calidad Incluye el juego completo de papeles Tag Heuer Esta es la caja de reloj de repuesto m\u00e1s nueva para los relojes<\/p>\n","protected":false},"featured_media":7887,"comment_status":"open","ping_status":"closed","template":"","meta":{"_uag_custom_page_level_css":"","site-sidebar-layout":"default","site-content-layout":"","ast-site-content-layout":"default","site-content-style":"default","site-sidebar-style":"default","ast-global-header-display":"","ast-banner-title-visibility":"","ast-main-header-display":"","ast-hfb-above-header-display":"","ast-hfb-below-header-display":"","ast-hfb-mobile-header-display":"","site-post-title":"","ast-breadcrumbs-content":"","ast-featured-img":"","footer-sml-layout":"","theme-transparent-header-meta":"default","adv-header-id-meta":"","stick-header-meta":"","header-above-stick-meta":"","header-main-stick-meta":"","header-below-stick-meta":"","astra-migrate-meta-layouts":"set","ast-page-background-enabled":"default","ast-page-background-meta":{"desktop":{"background-color":"var(--ast-global-color-4)","background-image":"","background-repeat":"repeat","background-position":"center center","background-size":"auto","background-attachment":"scroll","background-type":"","background-media":"","overlay-type":"","overlay-color":"","overlay-opacity":"","overlay-gradient":""},"tablet":{"background-color":"","background-image":"","background-repeat":"repeat","background-position":"center center","background-size":"auto","background-attachment":"scroll","background-type":"","background-media":"","overlay-type":"","overlay-color":"","overlay-opacity":"","overlay-gradient":""},"mobile":{"background-color":"","background-image":"","background-repeat":"repeat","background-position":"center center","background-size":"auto","background-attachment":"scroll","background-type":"","background-media":"","overlay-type":"","overlay-color":"","overlay-opacity":"","overlay-gradient":""}},"ast-content-background-meta":{"desktop":{"background-color":"var(--ast-global-color-5)","background-image":"","background-repeat":"repeat","background-position":"center center","background-size":"auto","background-attachment":"scroll","background-type":"","background-media":"","overlay-type":"","overlay-color":"","overlay-opacity":"","overlay-gradient":""},"tablet":{"background-color":"var(--ast-global-color-5)","background-image":"","background-repeat":"repeat","background-position":"center center","background-size":"auto","background-attachment":"scroll","background-type":"","background-media":"","overlay-type":"","overlay-color":"","overlay-opacity":"","overlay-gradient":""},"mobile":{"background-color":"var(--ast-global-color-5)","background-image":"","background-repeat":"repeat","background-position":"center center","background-size":"auto","background-attachment":"scroll","background-type":"","background-media":"","overlay-type":"","overlay-color":"","overlay-opacity":"","overlay-gradient":""}}},"product_brand":[],"product_cat":[178,168,239,154],"product_tag":[2151,2147,1326,756,4552,4555,3752,4554,3250,4553,4551,1016,1155,2021,465,720],"class_list":{"0":"post-11077","1":"product","2":"type-product","3":"status-publish","4":"has-post-thumbnail","6":"product_cat-cajas-replica-de-relojes","7":"product_cat-productos-mas-nuevos","8":"product_cat-replica-tag-heuer","9":"product_cat-replicas-de-relojes-mas-vendidas","10":"product_tag-accesorios-de-lujo-es","11":"product_tag-accesorios-de-reloj-es","12":"product_tag-caja-de-lujo-es","13":"product_tag-caja-de-reloj","14":"product_tag-caja-de-replica","15":"product_tag-caja-elegante","16":"product_tag-caja-para-coleccionistas","17":"product_tag-caja-para-reloj-de-diseno","18":"product_tag-estuche-para-reloj","19":"product_tag-estuche-tag-heuer","20":"product_tag-here-are-some-product-tags-for-tag-heuer-watch-box-replica-tag-heuer","21":"product_tag-reloj-es","22":"product_tag-reloj-de-lujo","23":"product_tag-reloj-suizo","24":"product_tag-replica","25":"product_tag-watch-box-es","26":"desktop-align-left","27":"tablet-align-left","28":"mobile-align-left","29":"ast-product-gallery-layout-vertical-slider","30":"ast-product-gallery-with-no-image","32":"first","33":"instock","34":"sale","35":"shipping-taxable","36":"purchasable","37":"product-type-simple"},"uagb_featured_image_src":{"full":["https:\/\/myreplicawatches.io\/wp-content\/uploads\/2023\/10\/Screenshot2022-04-27at9.57.16AM.jpg",1512,1526,false],"thumbnail":["https:\/\/myreplicawatches.io\/wp-content\/uploads\/2023\/10\/Screenshot2022-04-27at9.57.16AM-150x150.png",150,150,true],"medium":["https:\/\/myreplicawatches.io\/wp-content\/uploads\/2023\/10\/Screenshot2022-04-27at9.57.16AM-297x300.png",297,300,true],"medium_large":["https:\/\/myreplicawatches.io\/wp-content\/uploads\/2023\/10\/Screenshot2022-04-27at9.57.16AM-768x775.png",768,775,true],"large":["https:\/\/myreplicawatches.io\/wp-content\/uploads\/2023\/10\/Screenshot2022-04-27at9.57.16AM-1015x1024.png",1015,1024,true],"1536x1536":["https:\/\/myreplicawatches.io\/wp-content\/uploads\/2023\/10\/Screenshot2022-04-27at9.57.16AM.jpg",1512,1526,false],"2048x2048":["https:\/\/myreplicawatches.io\/wp-content\/uploads\/2023\/10\/Screenshot2022-04-27at9.57.16AM.jpg",1512,1526,false],"woocommerce_thumbnail":["https:\/\/myreplicawatches.io\/wp-content\/uploads\/2023\/10\/Screenshot2022-04-27at9.57.16AM-300x300.jpg",300,300,true],"woocommerce_single":["https:\/\/myreplicawatches.io\/wp-content\/uploads\/2023\/10\/Screenshot2022-04-27at9.57.16AM-600x606.jpg",600,606,true],"woocommerce_gallery_thumbnail":["https:\/\/myreplicawatches.io\/wp-content\/uploads\/2023\/10\/Screenshot2022-04-27at9.57.16AM-100x100.jpg",100,100,true],"variation_swatches_image_size":["https:\/\/myreplicawatches.io\/wp-content\/uploads\/2023\/10\/Screenshot2022-04-27at9.57.16AM.jpg",50,50,false],"variation_swatches_tooltip_size":["https:\/\/myreplicawatches.io\/wp-content\/uploads\/2023\/10\/Screenshot2022-04-27at9.57.16AM.jpg",100,100,false],"dgwt-wcas-product-suggestion":["https:\/\/myreplicawatches.io\/wp-content\/uploads\/2023\/10\/Screenshot2022-04-27at9.57.16AM-64x65.jpg",64,65,true]},"uagb_author_info":{"display_name":"admin","author_link":"https:\/\/myreplicawatches.io\/es\/author\/"},"uagb_comment_info":0,"uagb_excerpt":"R\u00e9plica de caja de reloj Tag Heuer &#8211; R\u00e9plica de caja de reloj Tag Heuer de la mejor calidad con papeles y toda la documentaci\u00f3n. Caja de reloj de cuero negro de alta calidad Incluye el juego completo de papeles Tag Heuer Esta es la caja de reloj de repuesto m\u00e1s nueva para los relojes","jetpack_sharing_enabled":true,"_links":{"self":[{"href":"https:\/\/myreplicawatches.io\/es\/wp-json\/wp\/v2\/product\/11077","targetHints":{"allow":["GET"]}}],"collection":[{"href":"https:\/\/myreplicawatches.io\/es\/wp-json\/wp\/v2\/product"}],"about":[{"href":"https:\/\/myreplicawatches.io\/es\/wp-json\/wp\/v2\/types\/product"}],"replies":[{"embeddable":true,"href":"https:\/\/myreplicawatches.io\/es\/wp-json\/wp\/v2\/comments?post=11077"}],"wp:featuredmedia":[{"embeddable":true,"href":"https:\/\/myreplicawatches.io\/es\/wp-json\/wp\/v2\/media\/7887"}],"wp:attachment":[{"href":"https:\/\/myreplicawatches.io\/es\/wp-json\/wp\/v2\/media?parent=11077"}],"wp:term":[{"taxonomy":"product_brand","embeddable":true,"href":"https:\/\/myreplicawatches.io\/es\/wp-json\/wp\/v2\/product_brand?post=11077"},{"taxonomy":"product_cat","embeddable":true,"href":"https:\/\/myreplicawatches.io\/es\/wp-json\/wp\/v2\/product_cat?post=11077"},{"taxonomy":"product_tag","embeddable":true,"href":"https:\/\/myreplicawatches.io\/es\/wp-json\/wp\/v2\/product_tag?post=11077"}],"curies":[{"name":"wp","href":"https:\/\/api.w.org\/{rel}","templated":true}]}}