{"id":11076,"date":"2023-10-03T22:15:41","date_gmt":"2023-10-03T22:15:41","guid":{"rendered":"https:\/\/myreplicawatches.io\/product\/swiss-made-cartier-ballon-bleu-w6920071\/"},"modified":"2025-11-16T21:55:15","modified_gmt":"2025-11-16T21:55:15","slug":"swiss-made-cartier-ballon-bleu-w6920071","status":"publish","type":"product","link":"https:\/\/myreplicawatches.io\/es\/product\/swiss-made-cartier-ballon-bleu-w6920071\/","title":{"rendered":"Swiss Made Cartier Ballon Bleu W6920071"},"content":{"rendered":"<div class=\"table-wrap\">\n<h3>Swiss Made Cartier Ballon Bleu W6920071 &#8211; El mejor clon de fabricaci\u00f3n suiza<\/h3>\n<p>&nbsp;<\/p>\n<p><ins>Descripci\u00f3n de Swiss Made Cartier Ballon Bleu W6920071 <\/ins><\/p>\n<p><ins>RELOJES SWISS MADE Clon 1:1<\/ins><\/p>\n<ul>\n<li>Se ve y se siente exactamente igual. \u2714<\/li>\n<li>No se puede diferenciar entre el verdadero \u2714<\/li>\n<li>Resistente al agua 300 m \u2714<\/li>\n<li>Cristal de zafiro antirrayado con revestimiento AR \u2714<\/li>\n<li>Relojes de acero 904L y oro aut\u00e9ntico. \u2714<\/li>\n<li>Mismo peso que el original. \u2714<\/li>\n<li>Mismo Mecanismo que el Real \u2714 ( MISMO Movimiento SUIZO, Exactamente igual que el real )<\/li>\n<li>Movimiento Autom\u00e1tico \u2714 ( El segundero no hace tictac, se mueve suavemente como el original )<\/li>\n<\/ul>\n<table class=\"woocommerce-product-attributes shop_attributes\">\n<tbody>\n<tr class=\"woocommerce-product-attributes-item woocommerce-product-attributes-item--attribute_product-range\">\n<th class=\"woocommerce-product-attributes-item__label\">GAMA DE PRODUCTOS<\/th>\n<td class=\"woocommerce-product-attributes-item__value\">Ballon Bleu<\/td>\n<\/tr>\n<tr class=\"woocommerce-product-attributes-item woocommerce-product-attributes-item--attribute_water-resistant\">\n<th class=\"woocommerce-product-attributes-item__label\">RESISTENTE AL AGUA<\/th>\n<td class=\"woocommerce-product-attributes-item__value\">Resistente al agua<\/td>\n<\/tr>\n<tr class=\"woocommerce-product-attributes-item woocommerce-product-attributes-item--attribute_model\">\n<th class=\"woocommerce-product-attributes-item__label\">MODELO<\/th>\n<td class=\"woocommerce-product-attributes-item__value\">W6920071<\/td>\n<\/tr>\n<tr class=\"woocommerce-product-attributes-item woocommerce-product-attributes-item--attribute_pa_bracelet-material\">\n<th class=\"woocommerce-product-attributes-item__label\">MATERIAL DE LA PULSERA<\/th>\n<td class=\"woocommerce-product-attributes-item__value\">Acero<\/td>\n<\/tr>\n<tr class=\"woocommerce-product-attributes-item woocommerce-product-attributes-item--attribute_pa_brand\">\n<th class=\"woocommerce-product-attributes-item__label\">MARCA<\/th>\n<td class=\"woocommerce-product-attributes-item__value\">Cartier<\/td>\n<\/tr>\n<tr class=\"woocommerce-product-attributes-item woocommerce-product-attributes-item--attribute_pa_case-material\">\n<th class=\"woocommerce-product-attributes-item__label\">MATERIAL DE LA CAJA<\/th>\n<td class=\"woocommerce-product-attributes-item__value\">Acero<\/td>\n<\/tr>\n<tr class=\"woocommerce-product-attributes-item woocommerce-product-attributes-item--attribute_pa_case-size\">\n<th class=\"woocommerce-product-attributes-item__label\">TAMA\u00d1O DE LA CAJA<\/th>\n<td class=\"woocommerce-product-attributes-item__value\">33 MM<\/td>\n<\/tr>\n<tr class=\"woocommerce-product-attributes-item woocommerce-product-attributes-item--attribute_pa_dial-type\">\n<th class=\"woocommerce-product-attributes-item__label\">TIPO DE DIAL<\/th>\n<td class=\"woocommerce-product-attributes-item__value\">N\u00famero romano de plata<\/td>\n<\/tr>\n<tr class=\"woocommerce-product-attributes-item woocommerce-product-attributes-item--attribute_pa_gender\">\n<th class=\"woocommerce-product-attributes-item__label\">G\u00c9NERO<\/th>\n<td class=\"woocommerce-product-attributes-item__value\">Se\u00f1oras<\/td>\n<\/tr>\n<tr class=\"woocommerce-product-attributes-item woocommerce-product-attributes-item--attribute_pa_model\">\n<th class=\"woocommerce-product-attributes-item__label\">MODELO<\/th>\n<td class=\"woocommerce-product-attributes-item__value\">W6920071<\/td>\n<\/tr>\n<tr class=\"woocommerce-product-attributes-item woocommerce-product-attributes-item--attribute_pa_movement\">\n<th class=\"woocommerce-product-attributes-item__label\">MOVIMIENTO<\/th>\n<td class=\"woocommerce-product-attributes-item__value\">Autom\u00e1tico<\/td>\n<\/tr>\n<tr class=\"woocommerce-product-attributes-item woocommerce-product-attributes-item--attribute_pa_range\">\n<th class=\"woocommerce-product-attributes-item__label\">GAMA<\/th>\n<td class=\"woocommerce-product-attributes-item__value\">Ballon Bleu<\/td>\n<\/tr>\n<tr class=\"woocommerce-product-attributes-item woocommerce-product-attributes-item--attribute_pa_water-resistant\">\n<th class=\"woocommerce-product-attributes-item__label\">RESISTENTE AL AGUA<\/th>\n<td class=\"woocommerce-product-attributes-item__value\">Resistencia al agua<\/td>\n<\/tr>\n<tr class=\"woocommerce-product-attributes-item woocommerce-product-attributes-item--attribute_pa_watch-bracelet-material\">\n<th class=\"woocommerce-product-attributes-item__label\">MATERIAL DE LA PULSERA<\/th>\n<td class=\"woocommerce-product-attributes-item__value\">Acero<\/td>\n<\/tr>\n<\/tbody>\n<\/table>\n<\/div>\n<p>&nbsp;<\/p>\n<h5>GARANT\u00cdA de Swiss Made Cartier Ballon Bleu W6920071<\/h5>\n<p>100% de satisfacci\u00f3n garantizada Si no quedas satisfecho al 100% con tu primera myreplicawatches.io, nos comprometemos a arreglarlo todo.<\/p>\n<h4>Entrega<\/h4>\n<p>Env\u00edo DHL a todo el mundo &#8211; De 3 a 10 d\u00edas estimaci\u00f3n de llegada Despu\u00e9s de realizar tu pedido, por favor, deja pasar 2-3 d\u00edas para el env\u00edo de tu producto. Recibir\u00e1s tu n\u00famero de seguimiento inmediatamente despu\u00e9s de que enviemos tu producto.<\/p>\n","protected":false},"excerpt":{"rendered":"<h3>Ventajas de poseer r\u00e9plicas de relojes:<\/h3>\n<ul>\n<li>Una r\u00e9plica puede comprarse a un precio mucho m\u00e1s barato que uno aut\u00e9ntico, sin embargo, un reloj r\u00e9plica parecer\u00e1 y se sentir\u00e1 igual que el original.<\/li>\n<li>Lo \u00faltimo que alguien quiere es gastarse una fortuna para conseguir un reloj de lujo que tiene peque\u00f1as diferencias con nuestras r\u00e9plicas de relojes.<\/li>\n<li>Muchos entusiastas de los relojes no quieren gastarse miles de d\u00f3lares en relojes y quieren tener esa gran sensaci\u00f3n de poseer un gran reloj de una marca de lujo. Aqu\u00ed es cuando entran en juego los relojes myreplicawatches.io y proporcionan esa sensaci\u00f3n a sus clientes.<\/li>\n<li>\u00bf Tienes ya un aut\u00e9ntico reloj de alta gama que no quieres llevar por motivos de seguridad o por razones de devaluaci\u00f3n en algunas ocasiones ? Lleva tu Reloj Cartier Ballon Bleu W6920071 de alta calidad y fabricaci\u00f3n suiza y si\u00e9ntete m\u00e1s seguro, ten la misma confianza, protege tus objetos de valor<\/li>\n<\/ul>\n","protected":false},"featured_media":8240,"comment_status":"open","ping_status":"closed","template":"","meta":{"_uag_custom_page_level_css":"","site-sidebar-layout":"default","site-content-layout":"","ast-site-content-layout":"default","site-content-style":"default","site-sidebar-style":"default","ast-global-header-display":"","ast-banner-title-visibility":"","ast-main-header-display":"","ast-hfb-above-header-display":"","ast-hfb-below-header-display":"","ast-hfb-mobile-header-display":"","site-post-title":"","ast-breadcrumbs-content":"","ast-featured-img":"","footer-sml-layout":"","theme-transparent-header-meta":"default","adv-header-id-meta":"","stick-header-meta":"default","header-above-stick-meta":"","header-main-stick-meta":"","header-below-stick-meta":"","astra-migrate-meta-layouts":"set","ast-page-background-enabled":"default","ast-page-background-meta":{"desktop":{"background-color":"var(--ast-global-color-4)","background-image":"","background-repeat":"repeat","background-position":"center center","background-size":"auto","background-attachment":"scroll","background-type":"","background-media":"","overlay-type":"","overlay-color":"","overlay-opacity":"","overlay-gradient":""},"tablet":{"background-color":"","background-image":"","background-repeat":"repeat","background-position":"center center","background-size":"auto","background-attachment":"scroll","background-type":"","background-media":"","overlay-type":"","overlay-color":"","overlay-opacity":"","overlay-gradient":""},"mobile":{"background-color":"","background-image":"","background-repeat":"repeat","background-position":"center center","background-size":"auto","background-attachment":"scroll","background-type":"","background-media":"","overlay-type":"","overlay-color":"","overlay-opacity":"","overlay-gradient":""}},"ast-content-background-meta":{"desktop":{"background-color":"var(--ast-global-color-5)","background-image":"","background-repeat":"repeat","background-position":"center center","background-size":"auto","background-attachment":"scroll","background-type":"","background-media":"","overlay-type":"","overlay-color":"","overlay-opacity":"","overlay-gradient":""},"tablet":{"background-color":"var(--ast-global-color-5)","background-image":"","background-repeat":"repeat","background-position":"center center","background-size":"auto","background-attachment":"scroll","background-type":"","background-media":"","overlay-type":"","overlay-color":"","overlay-opacity":"","overlay-gradient":""},"mobile":{"background-color":"var(--ast-global-color-5)","background-image":"","background-repeat":"repeat","background-position":"center center","background-size":"auto","background-attachment":"scroll","background-type":"","background-media":"","overlay-type":"","overlay-color":"","overlay-opacity":"","overlay-gradient":""}}},"product_brand":[],"product_cat":[152,168,230,154,231,158],"product_tag":[2360,871,738,232,2328,938,2362,473,1848,935,475,440,474,2302,465,2363,1028,2275,600,2341,472,2361],"class_list":{"0":"post-11076","1":"product","2":"type-product","3":"status-publish","4":"has-post-thumbnail","6":"product_cat-nueva-coleccion-2024","7":"product_cat-productos-mas-nuevos","8":"product_cat-replica-de-relojes-cartier","9":"product_cat-replicas-de-relojes-mas-vendidas","10":"product_cat-super-clon-relojes-cartier","11":"product_cat-superclones","12":"product_tag-ballon-bleu-es","13":"product_tag-blue-dial-es","14":"product_tag-cartier","15":"product_tag-cartier-suizo","16":"product_tag-chronometer","17":"product_tag-classic-es","18":"product_tag-dress-watch-es","19":"product_tag-elegant-design","20":"product_tag-high-end","21":"product_tag-jewelry-es","22":"product_tag-luxury-replica","23":"product_tag-luxury-watch","24":"product_tag-mens-watch","25":"product_tag-precision","26":"product_tag-replica","27":"product_tag-sophisticated-es","28":"product_tag-stainless-steel-es","29":"product_tag-swiss-craftsmanship","30":"product_tag-swiss-made","31":"product_tag-swiss-quality","32":"product_tag-timepiece","33":"product_tag-w6920071-es","34":"desktop-align-left","35":"tablet-align-left","36":"mobile-align-left","37":"ast-product-gallery-layout-vertical-slider","38":"ast-product-single-variable","40":"first","41":"instock","42":"shipping-taxable","43":"purchasable","44":"product-type-variable"},"uagb_featured_image_src":{"full":["https:\/\/myreplicawatches.io\/wp-content\/uploads\/2023\/10\/Screenshot_2019-11-10_at_4.24.45_PM_1080x_1024x1024_2x_92bce4e3-168e-48bc-b3d8-84cf578c4ec1.png",1080,1357,false],"thumbnail":["https:\/\/myreplicawatches.io\/wp-content\/uploads\/2023\/10\/Screenshot_2019-11-10_at_4.24.45_PM_1080x_1024x1024_2x_92bce4e3-168e-48bc-b3d8-84cf578c4ec1-150x150.png",150,150,true],"medium":["https:\/\/myreplicawatches.io\/wp-content\/uploads\/2023\/10\/Screenshot_2019-11-10_at_4.24.45_PM_1080x_1024x1024_2x_92bce4e3-168e-48bc-b3d8-84cf578c4ec1-239x300.png",239,300,true],"medium_large":["https:\/\/myreplicawatches.io\/wp-content\/uploads\/2023\/10\/Screenshot_2019-11-10_at_4.24.45_PM_1080x_1024x1024_2x_92bce4e3-168e-48bc-b3d8-84cf578c4ec1-768x965.png",768,965,true],"large":["https:\/\/myreplicawatches.io\/wp-content\/uploads\/2023\/10\/Screenshot_2019-11-10_at_4.24.45_PM_1080x_1024x1024_2x_92bce4e3-168e-48bc-b3d8-84cf578c4ec1-815x1024.png",815,1024,true],"1536x1536":["https:\/\/myreplicawatches.io\/wp-content\/uploads\/2023\/10\/Screenshot_2019-11-10_at_4.24.45_PM_1080x_1024x1024_2x_92bce4e3-168e-48bc-b3d8-84cf578c4ec1.png",1080,1357,false],"2048x2048":["https:\/\/myreplicawatches.io\/wp-content\/uploads\/2023\/10\/Screenshot_2019-11-10_at_4.24.45_PM_1080x_1024x1024_2x_92bce4e3-168e-48bc-b3d8-84cf578c4ec1.png",1080,1357,false],"woocommerce_thumbnail":["https:\/\/myreplicawatches.io\/wp-content\/uploads\/2023\/10\/Screenshot_2019-11-10_at_4.24.45_PM_1080x_1024x1024_2x_92bce4e3-168e-48bc-b3d8-84cf578c4ec1-300x300.png",300,300,true],"woocommerce_single":["https:\/\/myreplicawatches.io\/wp-content\/uploads\/2023\/10\/Screenshot_2019-11-10_at_4.24.45_PM_1080x_1024x1024_2x_92bce4e3-168e-48bc-b3d8-84cf578c4ec1-600x754.png",600,754,true],"woocommerce_gallery_thumbnail":["https:\/\/myreplicawatches.io\/wp-content\/uploads\/2023\/10\/Screenshot_2019-11-10_at_4.24.45_PM_1080x_1024x1024_2x_92bce4e3-168e-48bc-b3d8-84cf578c4ec1-100x100.png",100,100,true],"variation_swatches_image_size":["https:\/\/myreplicawatches.io\/wp-content\/uploads\/2023\/10\/Screenshot_2019-11-10_at_4.24.45_PM_1080x_1024x1024_2x_92bce4e3-168e-48bc-b3d8-84cf578c4ec1.png",40,50,false],"variation_swatches_tooltip_size":["https:\/\/myreplicawatches.io\/wp-content\/uploads\/2023\/10\/Screenshot_2019-11-10_at_4.24.45_PM_1080x_1024x1024_2x_92bce4e3-168e-48bc-b3d8-84cf578c4ec1.png",80,100,false],"dgwt-wcas-product-suggestion":["https:\/\/myreplicawatches.io\/wp-content\/uploads\/2023\/10\/Screenshot_2019-11-10_at_4.24.45_PM_1080x_1024x1024_2x_92bce4e3-168e-48bc-b3d8-84cf578c4ec1-64x80.png",64,80,true]},"uagb_author_info":{"display_name":"admin","author_link":"https:\/\/myreplicawatches.io\/es\/author\/"},"uagb_comment_info":0,"uagb_excerpt":"Ventajas de poseer r\u00e9plicas de relojes: Una r\u00e9plica puede comprarse a un precio mucho m\u00e1s barato que uno aut\u00e9ntico, sin embargo, un reloj r\u00e9plica parecer\u00e1 y se sentir\u00e1 igual que el original. Lo \u00faltimo que alguien quiere es gastarse una fortuna para conseguir un reloj de lujo que tiene peque\u00f1as diferencias con nuestras r\u00e9plicas de&hellip;","jetpack_sharing_enabled":true,"_links":{"self":[{"href":"https:\/\/myreplicawatches.io\/es\/wp-json\/wp\/v2\/product\/11076","targetHints":{"allow":["GET"]}}],"collection":[{"href":"https:\/\/myreplicawatches.io\/es\/wp-json\/wp\/v2\/product"}],"about":[{"href":"https:\/\/myreplicawatches.io\/es\/wp-json\/wp\/v2\/types\/product"}],"replies":[{"embeddable":true,"href":"https:\/\/myreplicawatches.io\/es\/wp-json\/wp\/v2\/comments?post=11076"}],"wp:featuredmedia":[{"embeddable":true,"href":"https:\/\/myreplicawatches.io\/es\/wp-json\/wp\/v2\/media\/8240"}],"wp:attachment":[{"href":"https:\/\/myreplicawatches.io\/es\/wp-json\/wp\/v2\/media?parent=11076"}],"wp:term":[{"taxonomy":"product_brand","embeddable":true,"href":"https:\/\/myreplicawatches.io\/es\/wp-json\/wp\/v2\/product_brand?post=11076"},{"taxonomy":"product_cat","embeddable":true,"href":"https:\/\/myreplicawatches.io\/es\/wp-json\/wp\/v2\/product_cat?post=11076"},{"taxonomy":"product_tag","embeddable":true,"href":"https:\/\/myreplicawatches.io\/es\/wp-json\/wp\/v2\/product_tag?post=11076"}],"curies":[{"name":"wp","href":"https:\/\/api.w.org\/{rel}","templated":true}]}}