{"id":11051,"date":"2023-10-03T22:08:54","date_gmt":"2023-10-03T22:08:54","guid":{"rendered":"https:\/\/myreplicawatches.io\/product\/plata-negro-fecha-justa\/"},"modified":"2025-11-16T12:39:50","modified_gmt":"2025-11-16T12:39:50","slug":"plata-negro-fecha-justa","status":"publish","type":"product","link":"https:\/\/myreplicawatches.io\/es\/product\/plata-negro-fecha-justa\/","title":{"rendered":"Plata\/Negro Fecha justa"},"content":{"rendered":"<h3><\/h3>\n<p><img decoding=\"async\" src=\"\/\/cdn.shopify.com\/s\/files\/1\/0074\/6776\/1723\/files\/checkout_icon_large_fecc2362-cb72-4383-8b11-dacacb537b17_large.png?v=1535323326\" alt=\"\" title=\"\"><\/p>\n<h2 style=\"text-align: left;\">Descripci\u00f3n<\/h2>\n<div style=\"text-align: left;\">Bisel Bisel de acero inoxidable pulido con indicador de unidades por hora<\/div>\n<div style=\"text-align: left;\"><strong>Movimiento <\/strong>Autom\u00e1tico<\/div>\n<div style=\"text-align: left;\"><strong>Corona <\/strong>Corona tallada de acero inoxidable pulido <strong>con logotipo<\/strong> y dos coronas adicionales a ambos lados de la misma<\/div>\n<div style=\"text-align: left;\"><strong>Brazalete <\/strong>Brazalete de eslabones de acero inoxidable cepillado y pulido con cierre desplegable grabado con el logotipo<\/div>\n<p><strong>Tipo de correa <\/strong>Acero inoxidable <strong>Cierre <\/strong>de seguridad <strong>para reloj <\/strong> <strong>Brilla en la oscuridad <\/strong>S\u00ed <strong>Cristal <\/strong>de zafiro <strong>Color <\/strong>Plata <strong>Color de la esfera <\/strong>Negro <strong>Sexo <\/strong>Hombres <strong>Di\u00e1metro <\/strong>47 x 40 mm <strong>Longitud de la pulsera <\/strong>196 x 20 mm <strong>Tama\u00f1o de env\u00edo <\/strong>Peque\u00f1o<\/p>\n<ul class=\"handbag-det\">\n<li>Todos nuestros relojes son resistentes al agua pero no sumergibles; no recomendamos nadar con ellos ni ducharse con ellos.<br \/>\nLlevar los relojes bajo el agua anular\u00e1 su garant\u00eda.<\/li>\n<\/ul>\n<h2>Garant\u00eda<\/h2>\n<p>100% de satisfacci\u00f3n garantizada Si no est\u00e1s satisfecho al 100% con tu primer Reloj Royal Reps, prometemos arreglarlo todo.<\/p>\n<h2>Entrega<\/h2>\n<p>Env\u00edo DHL a todo el mundo &#8211; De 10 a 15 d\u00edas de plazo estimado de llegada (cargo adicional). Env\u00edo gratuito a todo el mundo &#8211; 20-30 d\u00edas de plazo estimado de llegada. Una vez realizado el pedido, el env\u00edo del producto tardar\u00e1 de 2 a 3 d\u00edas. Recibir\u00e1s tu n\u00famero de seguimiento inmediatamente despu\u00e9s de que enviemos tu producto <img decoding=\"async\" src=\"\/\/cdn.shopify.com\/s\/files\/1\/0027\/0748\/8883\/files\/product_desc_below_large_large_a32e7262-b9bf-4a85-ac82-2638c1f67ae1_large.png?v=1529766426\" alt=\"\" title=\"\"><\/p>\n","protected":false},"excerpt":{"rendered":"<p>Descripci\u00f3n Bisel Bisel de acero inoxidable pulido con indicador de unidades por hora Movimiento Autom\u00e1tico Corona Corona tallada de acero inoxidable pulido con logotipo y dos coronas adicionales a ambos lados de la misma Brazalete Brazalete de eslabones de acero inoxidable cepillado y pulido con cierre desplegable grabado con el logotipo Tipo de correa Acero<\/p>\n","protected":false},"featured_media":0,"comment_status":"open","ping_status":"closed","template":"","meta":{"_uag_custom_page_level_css":"","site-sidebar-layout":"default","site-content-layout":"","ast-site-content-layout":"default","site-content-style":"default","site-sidebar-style":"default","ast-global-header-display":"","ast-banner-title-visibility":"","ast-main-header-display":"","ast-hfb-above-header-display":"","ast-hfb-below-header-display":"","ast-hfb-mobile-header-display":"","site-post-title":"","ast-breadcrumbs-content":"","ast-featured-img":"","footer-sml-layout":"","theme-transparent-header-meta":"default","adv-header-id-meta":"","stick-header-meta":"default","header-above-stick-meta":"","header-main-stick-meta":"","header-below-stick-meta":"","astra-migrate-meta-layouts":"set","ast-page-background-enabled":"default","ast-page-background-meta":{"desktop":{"background-color":"var(--ast-global-color-4)","background-image":"","background-repeat":"repeat","background-position":"center center","background-size":"auto","background-attachment":"scroll","background-type":"","background-media":"","overlay-type":"","overlay-color":"","overlay-opacity":"","overlay-gradient":""},"tablet":{"background-color":"","background-image":"","background-repeat":"repeat","background-position":"center center","background-size":"auto","background-attachment":"scroll","background-type":"","background-media":"","overlay-type":"","overlay-color":"","overlay-opacity":"","overlay-gradient":""},"mobile":{"background-color":"","background-image":"","background-repeat":"repeat","background-position":"center center","background-size":"auto","background-attachment":"scroll","background-type":"","background-media":"","overlay-type":"","overlay-color":"","overlay-opacity":"","overlay-gradient":""}},"ast-content-background-meta":{"desktop":{"background-color":"var(--ast-global-color-5)","background-image":"","background-repeat":"repeat","background-position":"center center","background-size":"auto","background-attachment":"scroll","background-type":"","background-media":"","overlay-type":"","overlay-color":"","overlay-opacity":"","overlay-gradient":""},"tablet":{"background-color":"var(--ast-global-color-5)","background-image":"","background-repeat":"repeat","background-position":"center center","background-size":"auto","background-attachment":"scroll","background-type":"","background-media":"","overlay-type":"","overlay-color":"","overlay-opacity":"","overlay-gradient":""},"mobile":{"background-color":"var(--ast-global-color-5)","background-image":"","background-repeat":"repeat","background-position":"center center","background-size":"auto","background-attachment":"scroll","background-type":"","background-media":"","overlay-type":"","overlay-color":"","overlay-opacity":"","overlay-gradient":""}}},"product_brand":[],"product_cat":[168,154],"product_tag":[938,2844,648,559,564,565,563,1935,1028,566,933,2248],"class_list":{"0":"post-11051","1":"product","2":"type-product","3":"status-publish","5":"product_cat-productos-mas-nuevos","6":"product_cat-replicas-de-relojes-mas-vendidas","7":"product_tag-classic-es","8":"product_tag-date-just","9":"product_tag-elegant-es","10":"product_tag-exclusive","11":"product_tag-fashion-es","12":"product_tag-high-quality-es","13":"product_tag-luxury-es","14":"product_tag-silver-es","15":"product_tag-stainless-steel-es","16":"product_tag-trendy-es","17":"product_tag-watch-es","18":"product_tag-wristwatch","19":"desktop-align-left","20":"tablet-align-left","21":"mobile-align-left","22":"ast-product-gallery-layout-vertical-slider","23":"ast-product-gallery-with-no-image","25":"first","26":"instock","27":"shipping-taxable","28":"purchasable","29":"product-type-simple"},"uagb_featured_image_src":{"full":false,"thumbnail":false,"medium":false,"medium_large":false,"large":false,"1536x1536":false,"2048x2048":false,"woocommerce_thumbnail":false,"woocommerce_single":false,"woocommerce_gallery_thumbnail":false,"variation_swatches_image_size":false,"variation_swatches_tooltip_size":false,"dgwt-wcas-product-suggestion":false},"uagb_author_info":{"display_name":"admin","author_link":"https:\/\/myreplicawatches.io\/es\/author\/"},"uagb_comment_info":0,"uagb_excerpt":"Descripci\u00f3n Bisel Bisel de acero inoxidable pulido con indicador de unidades por hora Movimiento Autom\u00e1tico Corona Corona tallada de acero inoxidable pulido con logotipo y dos coronas adicionales a ambos lados de la misma Brazalete Brazalete de eslabones de acero inoxidable cepillado y pulido con cierre desplegable grabado con el logotipo Tipo de correa Acero","jetpack_sharing_enabled":true,"_links":{"self":[{"href":"https:\/\/myreplicawatches.io\/es\/wp-json\/wp\/v2\/product\/11051","targetHints":{"allow":["GET"]}}],"collection":[{"href":"https:\/\/myreplicawatches.io\/es\/wp-json\/wp\/v2\/product"}],"about":[{"href":"https:\/\/myreplicawatches.io\/es\/wp-json\/wp\/v2\/types\/product"}],"replies":[{"embeddable":true,"href":"https:\/\/myreplicawatches.io\/es\/wp-json\/wp\/v2\/comments?post=11051"}],"wp:attachment":[{"href":"https:\/\/myreplicawatches.io\/es\/wp-json\/wp\/v2\/media?parent=11051"}],"wp:term":[{"taxonomy":"product_brand","embeddable":true,"href":"https:\/\/myreplicawatches.io\/es\/wp-json\/wp\/v2\/product_brand?post=11051"},{"taxonomy":"product_cat","embeddable":true,"href":"https:\/\/myreplicawatches.io\/es\/wp-json\/wp\/v2\/product_cat?post=11051"},{"taxonomy":"product_tag","embeddable":true,"href":"https:\/\/myreplicawatches.io\/es\/wp-json\/wp\/v2\/product_tag?post=11051"}],"curies":[{"name":"wp","href":"https:\/\/api.w.org\/{rel}","templated":true}]}}