{"id":11049,"date":"2023-10-03T22:08:49","date_gmt":"2023-10-03T22:08:49","guid":{"rendered":"https:\/\/myreplicawatches.io\/product\/ap-royal-oak-ladies-replica-de-oro-rosa-con-diamantes-blancos\/"},"modified":"2025-11-16T12:35:07","modified_gmt":"2025-11-16T12:35:07","slug":"ap-royal-oak-ladies-replica-de-oro-rosa-con-diamantes-blancos","status":"publish","type":"product","link":"https:\/\/myreplicawatches.io\/es\/product\/ap-royal-oak-ladies-replica-de-oro-rosa-con-diamantes-blancos\/","title":{"rendered":"AP Royal Oak Ladies R\u00e9plica de oro rosa con diamantes blancos"},"content":{"rendered":"<h3>AP Royal Oak Ladies R\u00e9plica de oro rosa con diamantes blancos &#8211; La mejor r\u00e9plica de la versi\u00f3n de calidad AAA+<\/h3>\n<p>&nbsp;<\/p>\n<h5>Ventajas de poseer la r\u00e9plica AP Royal Oak Ladies Rose Gold White Diamonds<\/h5>\n<ul>\n<li>Una r\u00e9plica puede comprarse a un precio mucho m\u00e1s barato que uno aut\u00e9ntico, sin embargo, un reloj r\u00e9plica parecer\u00e1 y se sentir\u00e1 igual que el original.<\/li>\n<li>Lo \u00faltimo que alguien quiere es gastarse una fortuna para conseguir un reloj de lujo que tiene peque\u00f1as diferencias con nuestras r\u00e9plicas de relojes.<\/li>\n<li>Muchos entusiastas de los relojes no quieren gastarse miles de d\u00f3lares en relojes y quieren tener esa gran sensaci\u00f3n de poseer un gran reloj de una marca de lujo. Aqu\u00ed es cuando entran en juego los relojes myreplicawatches.io y proporcionan esa sensaci\u00f3n a sus clientes.<\/li>\n<li>\u00bf Tienes ya un aut\u00e9ntico reloj de alta gama que no quieres llevar por motivos de seguridad o por razones de devaluaci\u00f3n en algunas ocasiones ? Lleva tu r\u00e9plica de reloj de alta calidad AP Royal Oak Ladies Rose Gold White Diamonds y si\u00e9ntete m\u00e1s segura, ten la misma confianza, protege tus objetos de valor<\/li>\n<\/ul>\n<table class=\"table table-condensed item-table\">\n<tbody>\n<tr>\n<td>Estado<\/td>\n<td>Nuevo\/No usado<\/td>\n<\/tr>\n<tr>\n<td>Forma de la caja<\/td>\n<td>Pol\u00edgono<\/td>\n<\/tr>\n<tr>\n<td>Dimensiones de la caja<\/td>\n<td>33mm X 42mm incluidas las asas<\/td>\n<\/tr>\n<tr>\n<td>Grosor de la caja<\/td>\n<td>7 mm<\/td>\n<\/tr>\n<tr>\n<td>Material de la caja<\/td>\n<td>Oro rosa de 18 quilates<\/td>\n<\/tr>\n<tr>\n<td>Color de la esfera<\/td>\n<td>Plata<\/td>\n<\/tr>\n<tr>\n<td>Cristal<\/td>\n<td>Zafiro resistente a los ara\u00f1azos<\/td>\n<\/tr>\n<tr>\n<td>Bisel<\/td>\n<td>Fijo<\/td>\n<\/tr>\n<tr>\n<td>Corona atornillada<\/td>\n<td>S\u00ed<\/td>\n<\/tr>\n<tr>\n<td><a class=\"popper\" title=\"\" data-toggle=\"popover\" data-trigger=\"focus\" data-placement=\"top\" data-original-title=\"Water Resistance Guide\">Resistencia al agua<\/a><\/td>\n<td>50 m\/150 pies<\/td>\n<\/tr>\n<tr>\n<td>Fondo de la caja<\/td>\n<td>S\u00f3lido<\/td>\n<\/tr>\n<tr>\n<td>Material de la banda<\/td>\n<td>Oro rosa de 18 quilates<\/td>\n<\/tr>\n<tr>\n<td>Color\/Acabado<\/td>\n<td>Cepillado<\/td>\n<\/tr>\n<tr>\n<td>Cierre<\/td>\n<td>Hebilla desplegable<\/td>\n<\/tr>\n<tr>\n<td>Movimiento<\/td>\n<td>Autom\u00e1tico<\/td>\n<\/tr>\n<\/tbody>\n<\/table>\n<p>&nbsp;<\/p>\n","protected":false},"excerpt":{"rendered":"<p>AP Royal Oak Ladies R\u00e9plica de oro rosa con diamantes blancos &#8211; La mejor r\u00e9plica de la versi\u00f3n de calidad AAA+ &nbsp; Ventajas de poseer la r\u00e9plica AP Royal Oak Ladies Rose Gold White Diamonds Una r\u00e9plica puede comprarse a un precio mucho m\u00e1s barato que uno aut\u00e9ntico, sin embargo, un reloj r\u00e9plica parecer\u00e1 y<\/p>\n","protected":false},"featured_media":8135,"comment_status":"open","ping_status":"closed","template":"","meta":{"_uag_custom_page_level_css":"","site-sidebar-layout":"default","site-content-layout":"","ast-site-content-layout":"default","site-content-style":"default","site-sidebar-style":"default","ast-global-header-display":"","ast-banner-title-visibility":"","ast-main-header-display":"","ast-hfb-above-header-display":"","ast-hfb-below-header-display":"","ast-hfb-mobile-header-display":"","site-post-title":"","ast-breadcrumbs-content":"","ast-featured-img":"","footer-sml-layout":"","theme-transparent-header-meta":"default","adv-header-id-meta":"","stick-header-meta":"default","header-above-stick-meta":"","header-main-stick-meta":"","header-below-stick-meta":"","astra-migrate-meta-layouts":"set","ast-page-background-enabled":"default","ast-page-background-meta":{"desktop":{"background-color":"var(--ast-global-color-4)","background-image":"","background-repeat":"repeat","background-position":"center center","background-size":"auto","background-attachment":"scroll","background-type":"","background-media":"","overlay-type":"","overlay-color":"","overlay-opacity":"","overlay-gradient":""},"tablet":{"background-color":"","background-image":"","background-repeat":"repeat","background-position":"center center","background-size":"auto","background-attachment":"scroll","background-type":"","background-media":"","overlay-type":"","overlay-color":"","overlay-opacity":"","overlay-gradient":""},"mobile":{"background-color":"","background-image":"","background-repeat":"repeat","background-position":"center center","background-size":"auto","background-attachment":"scroll","background-type":"","background-media":"","overlay-type":"","overlay-color":"","overlay-opacity":"","overlay-gradient":""}},"ast-content-background-meta":{"desktop":{"background-color":"var(--ast-global-color-5)","background-image":"","background-repeat":"repeat","background-position":"center center","background-size":"auto","background-attachment":"scroll","background-type":"","background-media":"","overlay-type":"","overlay-color":"","overlay-opacity":"","overlay-gradient":""},"tablet":{"background-color":"var(--ast-global-color-5)","background-image":"","background-repeat":"repeat","background-position":"center center","background-size":"auto","background-attachment":"scroll","background-type":"","background-media":"","overlay-type":"","overlay-color":"","overlay-opacity":"","overlay-gradient":""},"mobile":{"background-color":"var(--ast-global-color-5)","background-image":"","background-repeat":"repeat","background-position":"center center","background-size":"auto","background-attachment":"scroll","background-type":"","background-media":"","overlay-type":"","overlay-color":"","overlay-opacity":"","overlay-gradient":""}}},"product_brand":[],"product_cat":[168,149,236,154],"product_tag":[597,938,648,559,565,935,2885,440,465,668,602,2363,1028,2893,1027],"class_list":{"0":"post-11049","1":"product","2":"type-product","3":"status-publish","4":"has-post-thumbnail","6":"product_cat-productos-mas-nuevos","7":"product_cat-relojes-replica-audemars-piguet","8":"product_cat-replicas-de-relojes-con-diamantes","9":"product_cat-replicas-de-relojes-mas-vendidas","10":"product_tag-ap","11":"product_tag-classic-es","12":"product_tag-elegant-es","13":"product_tag-exclusive","14":"product_tag-high-quality-es","15":"product_tag-jewelry-es","16":"product_tag-ladies-es","17":"product_tag-luxury-watch","18":"product_tag-replica","19":"product_tag-rose-gold-es","20":"product_tag-royal-oak-es","21":"product_tag-sophisticated-es","22":"product_tag-stainless-steel-es","23":"product_tag-white-diamonds","24":"product_tag-womens-watch-es","25":"desktop-align-left","26":"tablet-align-left","27":"mobile-align-left","28":"ast-product-gallery-layout-vertical-slider","30":"first","31":"instock","32":"shipping-taxable","33":"purchasable","34":"product-type-simple"},"uagb_featured_image_src":{"full":["https:\/\/myreplicawatches.io\/wp-content\/uploads\/2023\/10\/Screenshot2021-12-07at11.10.17PM.png",1538,1522,false],"thumbnail":["https:\/\/myreplicawatches.io\/wp-content\/uploads\/2023\/10\/Screenshot2021-12-07at11.10.17PM-150x150.png",150,150,true],"medium":["https:\/\/myreplicawatches.io\/wp-content\/uploads\/2023\/10\/Screenshot2021-12-07at11.10.17PM-300x297.png",300,297,true],"medium_large":["https:\/\/myreplicawatches.io\/wp-content\/uploads\/2023\/10\/Screenshot2021-12-07at11.10.17PM-768x760.png",768,760,true],"large":["https:\/\/myreplicawatches.io\/wp-content\/uploads\/2023\/10\/Screenshot2021-12-07at11.10.17PM-1024x1013.png",1024,1013,true],"1536x1536":["https:\/\/myreplicawatches.io\/wp-content\/uploads\/2023\/10\/Screenshot2021-12-07at11.10.17PM-1536x1520.png",1536,1520,true],"2048x2048":["https:\/\/myreplicawatches.io\/wp-content\/uploads\/2023\/10\/Screenshot2021-12-07at11.10.17PM.png",1538,1522,false],"woocommerce_thumbnail":["https:\/\/myreplicawatches.io\/wp-content\/uploads\/2023\/10\/Screenshot2021-12-07at11.10.17PM-300x300.png",300,300,true],"woocommerce_single":["https:\/\/myreplicawatches.io\/wp-content\/uploads\/2023\/10\/Screenshot2021-12-07at11.10.17PM-600x594.png",600,594,true],"woocommerce_gallery_thumbnail":["https:\/\/myreplicawatches.io\/wp-content\/uploads\/2023\/10\/Screenshot2021-12-07at11.10.17PM-100x100.png",100,100,true],"variation_swatches_image_size":["https:\/\/myreplicawatches.io\/wp-content\/uploads\/2023\/10\/Screenshot2021-12-07at11.10.17PM.png",50,50,false],"variation_swatches_tooltip_size":["https:\/\/myreplicawatches.io\/wp-content\/uploads\/2023\/10\/Screenshot2021-12-07at11.10.17PM.png",100,100,false],"dgwt-wcas-product-suggestion":["https:\/\/myreplicawatches.io\/wp-content\/uploads\/2023\/10\/Screenshot2021-12-07at11.10.17PM-64x63.png",64,63,true]},"uagb_author_info":{"display_name":"admin","author_link":"https:\/\/myreplicawatches.io\/es\/author\/"},"uagb_comment_info":0,"uagb_excerpt":"AP Royal Oak Ladies R\u00e9plica de oro rosa con diamantes blancos &#8211; La mejor r\u00e9plica de la versi\u00f3n de calidad AAA+ &nbsp; Ventajas de poseer la r\u00e9plica AP Royal Oak Ladies Rose Gold White Diamonds Una r\u00e9plica puede comprarse a un precio mucho m\u00e1s barato que uno aut\u00e9ntico, sin embargo, un reloj r\u00e9plica parecer\u00e1 y","jetpack_sharing_enabled":true,"_links":{"self":[{"href":"https:\/\/myreplicawatches.io\/es\/wp-json\/wp\/v2\/product\/11049","targetHints":{"allow":["GET"]}}],"collection":[{"href":"https:\/\/myreplicawatches.io\/es\/wp-json\/wp\/v2\/product"}],"about":[{"href":"https:\/\/myreplicawatches.io\/es\/wp-json\/wp\/v2\/types\/product"}],"replies":[{"embeddable":true,"href":"https:\/\/myreplicawatches.io\/es\/wp-json\/wp\/v2\/comments?post=11049"}],"wp:featuredmedia":[{"embeddable":true,"href":"https:\/\/myreplicawatches.io\/es\/wp-json\/wp\/v2\/media\/8135"}],"wp:attachment":[{"href":"https:\/\/myreplicawatches.io\/es\/wp-json\/wp\/v2\/media?parent=11049"}],"wp:term":[{"taxonomy":"product_brand","embeddable":true,"href":"https:\/\/myreplicawatches.io\/es\/wp-json\/wp\/v2\/product_brand?post=11049"},{"taxonomy":"product_cat","embeddable":true,"href":"https:\/\/myreplicawatches.io\/es\/wp-json\/wp\/v2\/product_cat?post=11049"},{"taxonomy":"product_tag","embeddable":true,"href":"https:\/\/myreplicawatches.io\/es\/wp-json\/wp\/v2\/product_tag?post=11049"}],"curies":[{"name":"wp","href":"https:\/\/api.w.org\/{rel}","templated":true}]}}