{"id":11040,"date":"2023-10-03T22:07:01","date_gmt":"2023-10-03T22:07:01","guid":{"rendered":"https:\/\/myreplicawatches.io\/product\/richard-mille-clon-suizo-rm55-kv-esqueleto-esfera-ceramica-oro-rosa\/"},"modified":"2025-02-21T05:31:20","modified_gmt":"2025-02-21T05:31:20","slug":"richard-mille-clon-suizo-rm55-kv-esqueleto-esfera-ceramica-oro-rosa","status":"publish","type":"product","link":"https:\/\/myreplicawatches.io\/es\/product\/richard-mille-clon-suizo-rm55-kv-esqueleto-esfera-ceramica-oro-rosa\/","title":{"rendered":"Richard Mille Clon Suizo RM55 KV Esqueleto Esfera Cer\u00e1mica Oro Rosa"},"content":{"rendered":"<h2>Richard Mille Clon Suizo RM55 KV &#8211; Super Clon Reloj Replica<\/h2>\n<p>&nbsp;<\/p>\n<h3>Ventajas de poseer el Clon Suizo Richard Mille RM55 KV<\/h3>\n<ul>\n<li>Una r\u00e9plica puede comprarse a un precio mucho m\u00e1s barato que uno aut\u00e9ntico, sin embargo, un reloj r\u00e9plica parecer\u00e1 y se sentir\u00e1 igual que el original.<\/li>\n<li>Lo \u00faltimo que alguien quiere es gastarse una fortuna para conseguir un reloj de lujo que tiene peque\u00f1as diferencias con nuestras r\u00e9plicas de relojes.<\/li>\n<li>Muchos entusiastas de los relojes no quieren gastarse miles de d\u00f3lares en relojes y quieren tener esa gran sensaci\u00f3n de poseer un gran reloj de una marca de lujo. Es entonces cuando entran en juego los relojes IP y proporcionan esa sensaci\u00f3n a sus clientes.<\/li>\n<li>\u00bf Tienes ya un aut\u00e9ntico reloj de alta gama que no quieres llevar por motivos de seguridad o por razones de devaluaci\u00f3n en algunas ocasiones ? Lleva tu Reloj Richard Mille Swiss Clone RM55 KV de alta calidad y si\u00e9ntete m\u00e1s seguro, ten la misma confianza, protege tus objetos de valor<\/li>\n<\/ul>\n<div>\n<p><ins>RELOJES SWISS MADE Clon 1:1<\/ins><\/p>\n<ul>\n<li>Se ve y se siente exactamente igual. \u2714<\/li>\n<li>No se puede diferenciar entre el verdadero \u2714<\/li>\n<li>Resistente al agua 300 m \u2714<\/li>\n<li>Cristal de zafiro antirrayado con revestimiento AR \u2714<\/li>\n<li>Relojes de acero 904L y oro aut\u00e9ntico. \u2714<\/li>\n<li>Mismo peso que el original. \u2714<\/li>\n<li>Mismo Mecanismo que el Real \u2714 ( MISMO Movimiento SUIZO, Exactamente igual que el real )<\/li>\n<li>Movimiento Autom\u00e1tico \u2714 ( El segundero no hace tictac, se mueve suavemente como el original )<\/li>\n<\/ul>\n<\/div>\n<ul id=\"productDetailsList\" class=\"floatingBox clearfix\">\n<li><span class=\"product-info-label t\">Modelo:<\/span><span class=\"c\">RM 55<\/span><\/li>\n<\/ul>\n<ul>\n<li><span class=\"t\">Nombre del producto:<\/span><span class=\"c\">R\u00e9plica Richard Mille RM55<\/span><\/li>\n<li><span class=\"t\">N\u00ba de art\u00edculo<\/span><span class=\"c\">P1543<\/span><\/li>\n<li><span class=\"t\">Peso:<\/span><span class=\"c\">0,2500 kg = 0,5512 lb = 8,8185 oz<\/span><\/li>\n<li><span class=\"t\">Categor\u00eda:<\/span><span class=\"c\">Richard Mille &gt; RM55<\/span><\/li>\n<li><span class=\"t\">Tiempo de creaci\u00f3n:<\/span><span class=\"c\">2019-06-17<\/span><\/li>\n<li><span class=\"t\">Tama\u00f1o<\/span><span class=\"c\">43 mm x 51 mm x 16 mm<\/span><\/li>\n<li><span class=\"t\">Movimiento:<\/span><span class=\"c\">M8215 Movimiento autom\u00e1tico 21600bph<\/span><\/li>\n<li><span class=\"t\">Funciones:<\/span><span class=\"c\">Horas, Minutos y Segundos<\/span><\/li>\n<li><span class=\"t\">Estuche:<\/span><span class=\"c\">Cer\u00e1mica<\/span><\/li>\n<li><span class=\"t\">Esfera:<\/span><span class=\"c\">Esfera esqueleto de oro rosa<\/span><\/li>\n<li><span class=\"t\">Bisel:<\/span><span class=\"c\">Cer\u00e1mica<\/span><\/li>\n<li><span class=\"t\">Cristal:<\/span><span class=\"c\">Cristal de zafiro a prueba de ara\u00f1azos con revestimiento AR<\/span><\/li>\n<li><span class=\"t\">Correa:<\/span><span class=\"c\">Correa de caucho negro<\/span><\/li>\n<li><span class=\"t\">Cierre:<\/span><span class=\"c\">Cierre desplegable<\/span><\/li>\n<\/ul>\n","protected":false},"excerpt":{"rendered":"<p>Richard Mille Clon Suizo RM55 KV &#8211; Super Clon Reloj Replica &nbsp; Ventajas de poseer el Clon Suizo Richard Mille RM55 KV Una r\u00e9plica puede comprarse a un precio mucho m\u00e1s barato que uno aut\u00e9ntico, sin embargo, un reloj r\u00e9plica parecer\u00e1 y se sentir\u00e1 igual que el original. Lo \u00faltimo que alguien quiere es gastarse<\/p>\n","protected":false},"featured_media":8522,"comment_status":"open","ping_status":"closed","template":"","meta":{"_uag_custom_page_level_css":"","site-sidebar-layout":"default","site-content-layout":"","ast-site-content-layout":"default","site-content-style":"default","site-sidebar-style":"default","ast-global-header-display":"","ast-banner-title-visibility":"","ast-main-header-display":"","ast-hfb-above-header-display":"","ast-hfb-below-header-display":"","ast-hfb-mobile-header-display":"","site-post-title":"","ast-breadcrumbs-content":"","ast-featured-img":"","footer-sml-layout":"","theme-transparent-header-meta":"default","adv-header-id-meta":"","stick-header-meta":"default","header-above-stick-meta":"","header-main-stick-meta":"","header-below-stick-meta":"","astra-migrate-meta-layouts":"set","ast-page-background-enabled":"default","ast-page-background-meta":{"desktop":{"background-color":"var(--ast-global-color-4)","background-image":"","background-repeat":"repeat","background-position":"center center","background-size":"auto","background-attachment":"scroll","background-type":"","background-media":"","overlay-type":"","overlay-color":"","overlay-opacity":"","overlay-gradient":""},"tablet":{"background-color":"","background-image":"","background-repeat":"repeat","background-position":"center center","background-size":"auto","background-attachment":"scroll","background-type":"","background-media":"","overlay-type":"","overlay-color":"","overlay-opacity":"","overlay-gradient":""},"mobile":{"background-color":"","background-image":"","background-repeat":"repeat","background-position":"center center","background-size":"auto","background-attachment":"scroll","background-type":"","background-media":"","overlay-type":"","overlay-color":"","overlay-opacity":"","overlay-gradient":""}},"ast-content-background-meta":{"desktop":{"background-color":"var(--ast-global-color-5)","background-image":"","background-repeat":"repeat","background-position":"center center","background-size":"auto","background-attachment":"scroll","background-type":"","background-media":"","overlay-type":"","overlay-color":"","overlay-opacity":"","overlay-gradient":""},"tablet":{"background-color":"var(--ast-global-color-5)","background-image":"","background-repeat":"repeat","background-position":"center center","background-size":"auto","background-attachment":"scroll","background-type":"","background-media":"","overlay-type":"","overlay-color":"","overlay-opacity":"","overlay-gradient":""},"mobile":{"background-color":"var(--ast-global-color-5)","background-image":"","background-repeat":"repeat","background-position":"center center","background-size":"auto","background-attachment":"scroll","background-type":"","background-media":"","overlay-type":"","overlay-color":"","overlay-opacity":"","overlay-gradient":""}}},"product_brand":[],"product_cat":[168,220,154,158,398],"product_tag":[3759,561,3705,559,2727,565,3703,3758,555,440,2960,937,478,221,3757,668,2363,1944,2712],"class_list":{"0":"post-11040","1":"product","2":"type-product","3":"status-publish","4":"has-post-thumbnail","6":"product_cat-productos-mas-nuevos","7":"product_cat-replica-richard-mille","8":"product_cat-replicas-de-relojes-mas-vendidas","9":"product_cat-superclones","10":"product_cat-super-clone-richard-mille-replica-es","11":"product_tag-ceramic","12":"product_tag-collectible","13":"product_tag-cutting-edge","14":"product_tag-exclusive","15":"product_tag-haute-horology","16":"product_tag-high-quality-es","17":"product_tag-innovative","18":"product_tag-kv","19":"product_tag-limited-edition","20":"product_tag-luxury-watch","21":"product_tag-premium-edition","22":"product_tag-prestigious-es","23":"product_tag-richard-mille","24":"product_tag-richard-mille-suizo","25":"product_tag-rm55","26":"product_tag-rose-gold-es","27":"product_tag-sophisticated-es","28":"product_tag-swiss-clone-es","29":"product_tag-timeless-design","30":"desktop-align-left","31":"tablet-align-left","32":"mobile-align-left","33":"ast-product-gallery-layout-vertical-slider","35":"first","36":"instock","37":"sale","38":"shipping-taxable","39":"purchasable","40":"product-type-simple"},"uagb_featured_image_src":{"full":["https:\/\/myreplicawatches.io\/wp-content\/uploads\/2023\/10\/Replica-rolex-Sky-dweller-rose-gold-37.jpg",1080,1080,false],"thumbnail":["https:\/\/myreplicawatches.io\/wp-content\/uploads\/2023\/10\/Replica-rolex-Sky-dweller-rose-gold-37-150x150.jpg",150,150,true],"medium":["https:\/\/myreplicawatches.io\/wp-content\/uploads\/2023\/10\/Replica-rolex-Sky-dweller-rose-gold-37-300x300.jpg",300,300,true],"medium_large":["https:\/\/myreplicawatches.io\/wp-content\/uploads\/2023\/10\/Replica-rolex-Sky-dweller-rose-gold-37-768x768.jpg",768,768,true],"large":["https:\/\/myreplicawatches.io\/wp-content\/uploads\/2023\/10\/Replica-rolex-Sky-dweller-rose-gold-37-1024x1024.jpg",1024,1024,true],"1536x1536":["https:\/\/myreplicawatches.io\/wp-content\/uploads\/2023\/10\/Replica-rolex-Sky-dweller-rose-gold-37.jpg",1080,1080,false],"2048x2048":["https:\/\/myreplicawatches.io\/wp-content\/uploads\/2023\/10\/Replica-rolex-Sky-dweller-rose-gold-37.jpg",1080,1080,false],"woocommerce_thumbnail":["https:\/\/myreplicawatches.io\/wp-content\/uploads\/2023\/10\/Replica-rolex-Sky-dweller-rose-gold-37-300x300.jpg",300,300,true],"woocommerce_single":["https:\/\/myreplicawatches.io\/wp-content\/uploads\/2023\/10\/Replica-rolex-Sky-dweller-rose-gold-37-600x600.jpg",600,600,true],"woocommerce_gallery_thumbnail":["https:\/\/myreplicawatches.io\/wp-content\/uploads\/2023\/10\/Replica-rolex-Sky-dweller-rose-gold-37-100x100.jpg",100,100,true],"variation_swatches_image_size":["https:\/\/myreplicawatches.io\/wp-content\/uploads\/2023\/10\/Replica-rolex-Sky-dweller-rose-gold-37-50x50.jpg",50,50,true],"variation_swatches_tooltip_size":["https:\/\/myreplicawatches.io\/wp-content\/uploads\/2023\/10\/Replica-rolex-Sky-dweller-rose-gold-37-100x100.jpg",100,100,true],"dgwt-wcas-product-suggestion":["https:\/\/myreplicawatches.io\/wp-content\/uploads\/2023\/10\/Replica-rolex-Sky-dweller-rose-gold-37-64x64.jpg",64,64,true]},"uagb_author_info":{"display_name":"admin","author_link":"https:\/\/myreplicawatches.io\/es\/author\/"},"uagb_comment_info":0,"uagb_excerpt":"Richard Mille Clon Suizo RM55 KV &#8211; Super Clon Reloj Replica &nbsp; Ventajas de poseer el Clon Suizo Richard Mille RM55 KV Una r\u00e9plica puede comprarse a un precio mucho m\u00e1s barato que uno aut\u00e9ntico, sin embargo, un reloj r\u00e9plica parecer\u00e1 y se sentir\u00e1 igual que el original. Lo \u00faltimo que alguien quiere es gastarse","jetpack_sharing_enabled":true,"_links":{"self":[{"href":"https:\/\/myreplicawatches.io\/es\/wp-json\/wp\/v2\/product\/11040","targetHints":{"allow":["GET"]}}],"collection":[{"href":"https:\/\/myreplicawatches.io\/es\/wp-json\/wp\/v2\/product"}],"about":[{"href":"https:\/\/myreplicawatches.io\/es\/wp-json\/wp\/v2\/types\/product"}],"replies":[{"embeddable":true,"href":"https:\/\/myreplicawatches.io\/es\/wp-json\/wp\/v2\/comments?post=11040"}],"wp:featuredmedia":[{"embeddable":true,"href":"https:\/\/myreplicawatches.io\/es\/wp-json\/wp\/v2\/media\/8522"}],"wp:attachment":[{"href":"https:\/\/myreplicawatches.io\/es\/wp-json\/wp\/v2\/media?parent=11040"}],"wp:term":[{"taxonomy":"product_brand","embeddable":true,"href":"https:\/\/myreplicawatches.io\/es\/wp-json\/wp\/v2\/product_brand?post=11040"},{"taxonomy":"product_cat","embeddable":true,"href":"https:\/\/myreplicawatches.io\/es\/wp-json\/wp\/v2\/product_cat?post=11040"},{"taxonomy":"product_tag","embeddable":true,"href":"https:\/\/myreplicawatches.io\/es\/wp-json\/wp\/v2\/product_tag?post=11040"}],"curies":[{"name":"wp","href":"https:\/\/api.w.org\/{rel}","templated":true}]}}