{"id":11035,"date":"2023-10-03T22:09:38","date_gmt":"2023-10-03T22:09:38","guid":{"rendered":"https:\/\/myreplicawatches.io\/product\/clon-suizo-replica-tag-heuer-aquaracer-300m\/"},"modified":"2025-11-16T12:36:47","modified_gmt":"2025-11-16T12:36:47","slug":"clon-suizo-replica-tag-heuer-aquaracer-300m","status":"publish","type":"product","link":"https:\/\/myreplicawatches.io\/es\/product\/clon-suizo-replica-tag-heuer-aquaracer-300m\/","title":{"rendered":"Clon suizo R\u00c9PLICA TAG HEUER AQUARACER 300M"},"content":{"rendered":"<h2>Clon suizo R\u00c9PLICA TAG HEUER AQUARACER 300M &#8211; El mejor reloj s\u00faper clon r\u00e9plica<\/h2>\n<p>&nbsp;<\/p>\n<h2><img decoding=\"async\" style=\"display: block; margin-left: auto; margin-right: auto;\" src=\"https:\/\/cdn.shopify.com\/s\/files\/1\/0273\/4840\/2250\/files\/promofindsbadges_large_large_large_large_41f1be36-7eef-4d24-9daa-6fd74ee0ade3_480x480.png?v=1571136293\" alt=\"\" width=\"347\" height=\"122\" title=\"\"><\/h2>\n<p>&nbsp;<\/p>\n<p><ins>RELOJES SWISS MADE Clon 1:1<\/ins><\/p>\n<ul>\n<li>Se ve y se siente exactamente igual. \u2714<\/li>\n<li>No se puede diferenciar entre el verdadero \u2714<\/li>\n<li>Resistente al agua 300 m \u2714<\/li>\n<li>Cristal de zafiro antirrayado con revestimiento AR \u2714<\/li>\n<li>Relojes de acero 904L y oro aut\u00e9ntico. \u2714<\/li>\n<li>Mismo peso que el original. \u2714<\/li>\n<li>Mismo Mecanismo que el Real \u2714 ( MISMO Movimiento SUIZO, Exactamente igual que el real )<\/li>\n<li>Movimiento Autom\u00e1tico \u2714 ( El segundero no hace tictac, se mueve suavemente como el original )<\/li>\n<li><\/li>\n<\/ul>\n<h5>Descripci\u00f3n del producto Clon suizo R\u00c9PLICA TAG HEUER AQUARACER 300M<\/h5>\n<ul class=\"productSpecs\">\n<li tabindex=\"0\"><span class=\"specLabel\">Material de la correa<\/span><span class=\"specValue\">Acero inoxidable<\/span><\/li>\n<li tabindex=\"0\"><span class=\"specLabel\">Resistente al agua<\/span><span class=\"specValue\">300 metros<\/span><\/li>\n<li tabindex=\"0\"><span class=\"specLabel\">Colecciones de marcas<\/span><span class=\"specValue\">Aquaracer<\/span><\/li>\n<li tabindex=\"0\"><span class=\"specLabel\">Material de la caja<\/span><span class=\"specValue\">Acero inoxidable<\/span><\/li>\n<li tabindex=\"0\"><span class=\"specLabel\">Marcadores de guardia<\/span><span class=\"specValue\">Bastones<\/span><\/li>\n<li tabindex=\"0\"><span class=\"specLabel\">Movimiento<\/span><span class=\"specValue\">Autom\u00e1tico<\/span><\/li>\n<li tabindex=\"0\"><span class=\"specLabel\">Categor\u00eda<\/span><span class=\"specValue\">Relojes<\/span><\/li>\n<li tabindex=\"0\"><span class=\"specLabel\">Color de la esfera<\/span><span class=\"specValue\">Negro<\/span><\/li>\n<li tabindex=\"0\"><span class=\"specLabel\">Marca<\/span><span class=\"specValue\">TAG Heuer<\/span><\/li>\n<li tabindex=\"0\"><span class=\"specLabel\">Destinatario<\/span><span class=\"specValue\">Para \u00e9l<\/span><\/li>\n<li tabindex=\"0\"><span class=\"specLabel\">Di\u00e1metro<\/span><span class=\"specValue\">43.4m<\/span><\/li>\n<\/ul>\n<h5>Ventajas de poseer el clon suizo REPLICA TAG HEUER AQUARACER 300M<\/h5>\n<ul>\n<li>Una r\u00e9plica puede comprarse a un precio mucho m\u00e1s barato que uno aut\u00e9ntico, sin embargo, un reloj r\u00e9plica parecer\u00e1 y se sentir\u00e1 igual que el original.<\/li>\n<li>Lo \u00faltimo que alguien quiere es gastarse una fortuna para conseguir un reloj de lujo que tiene peque\u00f1as diferencias con nuestras r\u00e9plicas de relojes.<\/li>\n<li>Muchos entusiastas de los relojes no quieren gastarse miles de d\u00f3lares en relojes y quieren tener esa gran sensaci\u00f3n de poseer un gran reloj de una marca de lujo. Aqu\u00ed es cuando entran en juego los relojes myreplciawatches.io y proporcionan esa sensaci\u00f3n a sus clientes.<\/li>\n<li>\u00bf Tienes ya un aut\u00e9ntico reloj de alta gama que no quieres llevar por motivos de seguridad o por razones de devaluaci\u00f3n en algunas ocasiones ? Lleva tu Reloj Clon Suizo de Alta Calidad R\u00c9PLICA TAG HEUER AQUARACER 300M y si\u00e9ntete m\u00e1s seguro, ten la misma confianza, protege tus objetos de valor<\/li>\n<li><\/li>\n<\/ul>\n<h5>Garant\u00eda del clon suizo REPLICA TAG HEUER AQUARACER 300M<\/h5>\n<p>100% de satisfacci\u00f3n garantizada Si no quedas satisfecho al 100% con tu primera myreplicawatches.io, nos comprometemos a arreglarlo todo.<\/p>\n<h5>Entrega<\/h5>\n<p>Env\u00edo DHL a todo el mundo &#8211; De 3 a 10 d\u00edas estimaci\u00f3n de llegada Despu\u00e9s de hacer tu pedido, por favor, deja pasar 2-3 d\u00edas para el env\u00edo de tu producto. Recibir\u00e1s tu n\u00famero de seguimiento inmediatamente despu\u00e9s de que enviemos tu producto.<\/p>\n","protected":false},"excerpt":{"rendered":"<p>Clon suizo R\u00c9PLICA TAG HEUER AQUARACER 300M &#8211; El mejor reloj s\u00faper clon r\u00e9plica &nbsp; &nbsp; RELOJES SWISS MADE Clon 1:1 Se ve y se siente exactamente igual. \u2714 No se puede diferenciar entre el verdadero \u2714 Resistente al agua 300 m \u2714 Cristal de zafiro antirrayado con revestimiento AR \u2714 Relojes de acero 904L<\/p>\n","protected":false},"featured_media":8207,"comment_status":"open","ping_status":"closed","template":"","meta":{"_uag_custom_page_level_css":"","site-sidebar-layout":"default","site-content-layout":"","ast-site-content-layout":"default","site-content-style":"default","site-sidebar-style":"default","ast-global-header-display":"","ast-banner-title-visibility":"","ast-main-header-display":"","ast-hfb-above-header-display":"","ast-hfb-below-header-display":"","ast-hfb-mobile-header-display":"","site-post-title":"","ast-breadcrumbs-content":"","ast-featured-img":"","footer-sml-layout":"","theme-transparent-header-meta":"default","adv-header-id-meta":"","stick-header-meta":"default","header-above-stick-meta":"","header-main-stick-meta":"","header-below-stick-meta":"","astra-migrate-meta-layouts":"set","ast-page-background-enabled":"default","ast-page-background-meta":{"desktop":{"background-color":"var(--ast-global-color-4)","background-image":"","background-repeat":"repeat","background-position":"center center","background-size":"auto","background-attachment":"scroll","background-type":"","background-media":"","overlay-type":"","overlay-color":"","overlay-opacity":"","overlay-gradient":""},"tablet":{"background-color":"","background-image":"","background-repeat":"repeat","background-position":"center center","background-size":"auto","background-attachment":"scroll","background-type":"","background-media":"","overlay-type":"","overlay-color":"","overlay-opacity":"","overlay-gradient":""},"mobile":{"background-color":"","background-image":"","background-repeat":"repeat","background-position":"center center","background-size":"auto","background-attachment":"scroll","background-type":"","background-media":"","overlay-type":"","overlay-color":"","overlay-opacity":"","overlay-gradient":""}},"ast-content-background-meta":{"desktop":{"background-color":"var(--ast-global-color-5)","background-image":"","background-repeat":"repeat","background-position":"center center","background-size":"auto","background-attachment":"scroll","background-type":"","background-media":"","overlay-type":"","overlay-color":"","overlay-opacity":"","overlay-gradient":""},"tablet":{"background-color":"var(--ast-global-color-5)","background-image":"","background-repeat":"repeat","background-position":"center center","background-size":"auto","background-attachment":"scroll","background-type":"","background-media":"","overlay-type":"","overlay-color":"","overlay-opacity":"","overlay-gradient":""},"mobile":{"background-color":"var(--ast-global-color-5)","background-image":"","background-repeat":"repeat","background-position":"center center","background-size":"auto","background-attachment":"scroll","background-type":"","background-media":"","overlay-type":"","overlay-color":"","overlay-opacity":"","overlay-gradient":""}}},"product_brand":[],"product_cat":[168,239,154,158],"product_tag":[2589,2588,4973,1028,1944,2593,235,3456],"class_list":{"0":"post-11035","1":"product","2":"type-product","3":"status-publish","4":"has-post-thumbnail","6":"product_cat-productos-mas-nuevos","7":"product_cat-replica-tag-heuer","8":"product_cat-replicas-de-relojes-mas-vendidas","9":"product_cat-superclones","10":"product_tag-aquaracer-300m","11":"product_tag-replica-tag-heuer","12":"product_tag-rotating-bezel-es","13":"product_tag-stainless-steel-es","14":"product_tag-swiss-clone-es","15":"product_tag-tag-heuer-replica","16":"product_tag-tag-heuer-suizo","17":"product_tag-waterproof-watch-es","18":"desktop-align-left","19":"tablet-align-left","20":"mobile-align-left","21":"ast-product-gallery-layout-vertical-slider","22":"ast-product-single-variable","24":"first","25":"instock","26":"sale","27":"shipping-taxable","28":"purchasable","29":"product-type-variable"},"uagb_featured_image_src":{"full":["https:\/\/myreplicawatches.io\/wp-content\/uploads\/2023\/10\/Screenshot2020-03-18at10.55.00PM.png",698,1056,false],"thumbnail":["https:\/\/myreplicawatches.io\/wp-content\/uploads\/2023\/10\/Screenshot2020-03-18at10.55.00PM-150x150.png",150,150,true],"medium":["https:\/\/myreplicawatches.io\/wp-content\/uploads\/2023\/10\/Screenshot2020-03-18at10.55.00PM-198x300.png",198,300,true],"medium_large":["https:\/\/myreplicawatches.io\/wp-content\/uploads\/2023\/10\/Screenshot2020-03-18at10.55.00PM.png",698,1056,false],"large":["https:\/\/myreplicawatches.io\/wp-content\/uploads\/2023\/10\/Screenshot2020-03-18at10.55.00PM-677x1024.png",677,1024,true],"1536x1536":["https:\/\/myreplicawatches.io\/wp-content\/uploads\/2023\/10\/Screenshot2020-03-18at10.55.00PM.png",698,1056,false],"2048x2048":["https:\/\/myreplicawatches.io\/wp-content\/uploads\/2023\/10\/Screenshot2020-03-18at10.55.00PM.png",698,1056,false],"woocommerce_thumbnail":["https:\/\/myreplicawatches.io\/wp-content\/uploads\/2023\/10\/Screenshot2020-03-18at10.55.00PM-300x300.png",300,300,true],"woocommerce_single":["https:\/\/myreplicawatches.io\/wp-content\/uploads\/2023\/10\/Screenshot2020-03-18at10.55.00PM-600x908.png",600,908,true],"woocommerce_gallery_thumbnail":["https:\/\/myreplicawatches.io\/wp-content\/uploads\/2023\/10\/Screenshot2020-03-18at10.55.00PM-100x100.png",100,100,true],"variation_swatches_image_size":["https:\/\/myreplicawatches.io\/wp-content\/uploads\/2023\/10\/Screenshot2020-03-18at10.55.00PM.png",33,50,false],"variation_swatches_tooltip_size":["https:\/\/myreplicawatches.io\/wp-content\/uploads\/2023\/10\/Screenshot2020-03-18at10.55.00PM.png",66,100,false],"dgwt-wcas-product-suggestion":["https:\/\/myreplicawatches.io\/wp-content\/uploads\/2023\/10\/Screenshot2020-03-18at10.55.00PM-64x97.png",64,97,true]},"uagb_author_info":{"display_name":"admin","author_link":"https:\/\/myreplicawatches.io\/es\/author\/"},"uagb_comment_info":0,"uagb_excerpt":"Clon suizo R\u00c9PLICA TAG HEUER AQUARACER 300M &#8211; El mejor reloj s\u00faper clon r\u00e9plica &nbsp; &nbsp; RELOJES SWISS MADE Clon 1:1 Se ve y se siente exactamente igual. \u2714 No se puede diferenciar entre el verdadero \u2714 Resistente al agua 300 m \u2714 Cristal de zafiro antirrayado con revestimiento AR \u2714 Relojes de acero 904L","jetpack_sharing_enabled":true,"_links":{"self":[{"href":"https:\/\/myreplicawatches.io\/es\/wp-json\/wp\/v2\/product\/11035","targetHints":{"allow":["GET"]}}],"collection":[{"href":"https:\/\/myreplicawatches.io\/es\/wp-json\/wp\/v2\/product"}],"about":[{"href":"https:\/\/myreplicawatches.io\/es\/wp-json\/wp\/v2\/types\/product"}],"replies":[{"embeddable":true,"href":"https:\/\/myreplicawatches.io\/es\/wp-json\/wp\/v2\/comments?post=11035"}],"wp:featuredmedia":[{"embeddable":true,"href":"https:\/\/myreplicawatches.io\/es\/wp-json\/wp\/v2\/media\/8207"}],"wp:attachment":[{"href":"https:\/\/myreplicawatches.io\/es\/wp-json\/wp\/v2\/media?parent=11035"}],"wp:term":[{"taxonomy":"product_brand","embeddable":true,"href":"https:\/\/myreplicawatches.io\/es\/wp-json\/wp\/v2\/product_brand?post=11035"},{"taxonomy":"product_cat","embeddable":true,"href":"https:\/\/myreplicawatches.io\/es\/wp-json\/wp\/v2\/product_cat?post=11035"},{"taxonomy":"product_tag","embeddable":true,"href":"https:\/\/myreplicawatches.io\/es\/wp-json\/wp\/v2\/product_tag?post=11035"}],"curies":[{"name":"wp","href":"https:\/\/api.w.org\/{rel}","templated":true}]}}