{"id":11033,"date":"2023-10-03T22:09:32","date_gmt":"2023-10-03T22:09:32","guid":{"rendered":"https:\/\/myreplicawatches.io\/product\/iwc-reloj-de-aviador-mark-swiss-clon-replica-xviii-homenaje-al-mark-xi-iw327007\/"},"modified":"2025-11-16T12:38:03","modified_gmt":"2025-11-16T12:38:03","slug":"iwc-reloj-de-aviador-mark-swiss-clon-replica-xviii-homenaje-al-mark-xi-iw327007","status":"publish","type":"product","link":"https:\/\/myreplicawatches.io\/es\/product\/iwc-reloj-de-aviador-mark-swiss-clon-replica-xviii-homenaje-al-mark-xi-iw327007\/","title":{"rendered":"IWC Reloj de Aviador Mark Swiss Clon R\u00e9plica XVIII Homenaje al Mark XI IW327007"},"content":{"rendered":"<h4>IWC Pilot&#8217;s Mark Swiss Clone Replica &#8211; R\u00e9plica de modelo de la mejor calidad<\/h4>\n<p>&nbsp;<\/p>\n<div>\n<p><strong>Clon suizo Descripci\u00f3n de la calidad : <\/strong><\/p>\n<ul>\n<li>Funcionalidad de doble huso horario<\/li>\n<li>Caja de 40 mm de acero inoxidable o metales preciosos de alta calidad<\/li>\n<li>Bisel bidireccional con escala de 24 horas<\/li>\n<li>Esfera negra, blanca o azul con \u00edndices y agujas luminiscentes<\/li>\n<li>Movimiento autom\u00e1tico fiable y preciso con una reserva de marcha de aproximadamente 48 horas<\/li>\n<li>Resistente al agua hasta 100 metros (330 pies)<\/li>\n<li>Pulsera de material de alta calidad con cierre desplegable<\/li>\n<li>Dise\u00f1o ic\u00f3nico y atemporal<\/li>\n<li>Muy buscada por coleccionistas y aficionados<\/li>\n<\/ul>\n<ul>\n<li>Se ve y se siente exactamente igual. \u2714<\/li>\n<\/ul>\n<ul>\n<li>No se puede diferenciar entre el verdadero \u2714<\/li>\n<li>Resistente al agua 300 m \u2714<\/li>\n<li>Cristal de zafiro antirrayado con revestimiento AR \u2714<\/li>\n<li>Relojes de acero 904L y oro aut\u00e9ntico. \u2714<\/li>\n<li>Mismo peso que el original. \u2714<\/li>\n<li>Mismo Mecanismo que el Real \u2714 ( MISMO Movimiento SUIZO, Exactamente igual que el real )<\/li>\n<\/ul>\n<ul>\n<li>Movimiento autom\u00e1tico \u2714 ( El segundero no hace tictac, se mueve suavemente como el original<\/li>\n<li><\/li>\n<li>Incluye caja de reloj Rolex con todos los papeles y documentaciones<\/li>\n<\/ul>\n<\/div>\n<ul>\n<li style=\"list-style-type: none;\">\n<ul>\n<li><\/li>\n<li><strong>Marca<\/strong> IWC<\/li>\n<li><strong>Range<\/strong> Pilot&#8217;s Mark XVIII Homenaje al Mark XI<\/li>\n<li><strong>Modelo <\/strong>IW327007<\/li>\n<li><strong>Sexo<\/strong> Hombres<\/li>\n<li><strong>Movimiento<\/strong> ETA2892<\/li>\n<li><strong>Tama\u00f1o de la caja<\/strong> 40 mm<\/li>\n<\/ul>\n<\/li>\n<\/ul>\n<p>ENV\u00cdO EXPR\u00c9S GRATUITO, LLEGADA ESTIMADA 6-12 D\u00cdAS<\/p>\n","protected":false},"excerpt":{"rendered":"<p>IWC Pilot&#8217;s Mark Swiss Clone Replica &#8211; R\u00e9plica de modelo de la mejor calidad &nbsp; Clon suizo Descripci\u00f3n de la calidad : Funcionalidad de doble huso horario Caja de 40 mm de acero inoxidable o metales preciosos de alta calidad Bisel bidireccional con escala de 24 horas Esfera negra, blanca o azul con \u00edndices y<\/p>\n","protected":false},"featured_media":8570,"comment_status":"open","ping_status":"closed","template":"","meta":{"_uag_custom_page_level_css":"","site-sidebar-layout":"default","site-content-layout":"","ast-site-content-layout":"default","site-content-style":"default","site-sidebar-style":"default","ast-global-header-display":"","ast-banner-title-visibility":"","ast-main-header-display":"","ast-hfb-above-header-display":"","ast-hfb-below-header-display":"","ast-hfb-mobile-header-display":"","site-post-title":"","ast-breadcrumbs-content":"","ast-featured-img":"","footer-sml-layout":"","theme-transparent-header-meta":"default","adv-header-id-meta":"","stick-header-meta":"","header-above-stick-meta":"","header-main-stick-meta":"","header-below-stick-meta":"","astra-migrate-meta-layouts":"set","ast-page-background-enabled":"default","ast-page-background-meta":{"desktop":{"background-color":"var(--ast-global-color-4)","background-image":"","background-repeat":"repeat","background-position":"center center","background-size":"auto","background-attachment":"scroll","background-type":"","background-media":"","overlay-type":"","overlay-color":"","overlay-opacity":"","overlay-gradient":""},"tablet":{"background-color":"","background-image":"","background-repeat":"repeat","background-position":"center center","background-size":"auto","background-attachment":"scroll","background-type":"","background-media":"","overlay-type":"","overlay-color":"","overlay-opacity":"","overlay-gradient":""},"mobile":{"background-color":"","background-image":"","background-repeat":"repeat","background-position":"center center","background-size":"auto","background-attachment":"scroll","background-type":"","background-media":"","overlay-type":"","overlay-color":"","overlay-opacity":"","overlay-gradient":""}},"ast-content-background-meta":{"desktop":{"background-color":"var(--ast-global-color-5)","background-image":"","background-repeat":"repeat","background-position":"center center","background-size":"auto","background-attachment":"scroll","background-type":"","background-media":"","overlay-type":"","overlay-color":"","overlay-opacity":"","overlay-gradient":""},"tablet":{"background-color":"var(--ast-global-color-5)","background-image":"","background-repeat":"repeat","background-position":"center center","background-size":"auto","background-attachment":"scroll","background-type":"","background-media":"","overlay-type":"","overlay-color":"","overlay-opacity":"","overlay-gradient":""},"mobile":{"background-color":"var(--ast-global-color-5)","background-image":"","background-repeat":"repeat","background-position":"center center","background-size":"auto","background-attachment":"scroll","background-type":"","background-media":"","overlay-type":"","overlay-color":"","overlay-opacity":"","overlay-gradient":""}}},"product_brand":[],"product_cat":[152,168,233,154,158],"product_tag":[1948,446,489,2627,1360,2153,854,555,475,440,2625,474,1349,465,1028,234,1944,2275,452],"class_list":{"0":"post-11033","1":"product","2":"type-product","3":"status-publish","4":"has-post-thumbnail","6":"product_cat-nueva-coleccion-2024","7":"product_cat-productos-mas-nuevos","8":"product_cat-replica-iwc","9":"product_cat-replicas-de-relojes-mas-vendidas","10":"product_cat-superclones","11":"product_tag-classic-design-es","12":"product_tag-elegant-watch","13":"product_tag-iconic-design","14":"product_tag-iw327007","15":"product_tag-iwc-es","16":"product_tag-iwc-replica","17":"product_tag-leather-strap-es","18":"product_tag-limited-edition","19":"product_tag-luxury-replica","20":"product_tag-luxury-watch","21":"product_tag-mark-xviii","22":"product_tag-mens-watch","23":"product_tag-pilots-watch","24":"product_tag-replica","25":"product_tag-stainless-steel-es","26":"product_tag-suiza-iwc","27":"product_tag-swiss-clone-es","28":"product_tag-swiss-craftsmanship","29":"product_tag-swiss-replica","30":"desktop-align-left","31":"tablet-align-left","32":"mobile-align-left","33":"ast-product-gallery-layout-vertical-slider","35":"first","36":"instock","37":"sale","38":"shipping-taxable","39":"purchasable","40":"product-type-simple"},"uagb_featured_image_src":{"full":["https:\/\/myreplicawatches.io\/wp-content\/uploads\/2023\/10\/Replica-rolex-Sky-dweller-rose-gold-78.jpg",1080,1080,false],"thumbnail":["https:\/\/myreplicawatches.io\/wp-content\/uploads\/2023\/10\/Replica-rolex-Sky-dweller-rose-gold-78-150x150.jpg",150,150,true],"medium":["https:\/\/myreplicawatches.io\/wp-content\/uploads\/2023\/10\/Replica-rolex-Sky-dweller-rose-gold-78-300x300.jpg",300,300,true],"medium_large":["https:\/\/myreplicawatches.io\/wp-content\/uploads\/2023\/10\/Replica-rolex-Sky-dweller-rose-gold-78-768x768.jpg",768,768,true],"large":["https:\/\/myreplicawatches.io\/wp-content\/uploads\/2023\/10\/Replica-rolex-Sky-dweller-rose-gold-78-1024x1024.jpg",1024,1024,true],"1536x1536":["https:\/\/myreplicawatches.io\/wp-content\/uploads\/2023\/10\/Replica-rolex-Sky-dweller-rose-gold-78.jpg",1080,1080,false],"2048x2048":["https:\/\/myreplicawatches.io\/wp-content\/uploads\/2023\/10\/Replica-rolex-Sky-dweller-rose-gold-78.jpg",1080,1080,false],"woocommerce_thumbnail":["https:\/\/myreplicawatches.io\/wp-content\/uploads\/2023\/10\/Replica-rolex-Sky-dweller-rose-gold-78-300x300.jpg",300,300,true],"woocommerce_single":["https:\/\/myreplicawatches.io\/wp-content\/uploads\/2023\/10\/Replica-rolex-Sky-dweller-rose-gold-78-600x600.jpg",600,600,true],"woocommerce_gallery_thumbnail":["https:\/\/myreplicawatches.io\/wp-content\/uploads\/2023\/10\/Replica-rolex-Sky-dweller-rose-gold-78-100x100.jpg",100,100,true],"variation_swatches_image_size":["https:\/\/myreplicawatches.io\/wp-content\/uploads\/2023\/10\/Replica-rolex-Sky-dweller-rose-gold-78-50x50.jpg",50,50,true],"variation_swatches_tooltip_size":["https:\/\/myreplicawatches.io\/wp-content\/uploads\/2023\/10\/Replica-rolex-Sky-dweller-rose-gold-78-100x100.jpg",100,100,true],"dgwt-wcas-product-suggestion":["https:\/\/myreplicawatches.io\/wp-content\/uploads\/2023\/10\/Replica-rolex-Sky-dweller-rose-gold-78-64x64.jpg",64,64,true]},"uagb_author_info":{"display_name":"admin","author_link":"https:\/\/myreplicawatches.io\/es\/author\/"},"uagb_comment_info":0,"uagb_excerpt":"IWC Pilot&#8217;s Mark Swiss Clone Replica &#8211; R\u00e9plica de modelo de la mejor calidad &nbsp; Clon suizo Descripci\u00f3n de la calidad : Funcionalidad de doble huso horario Caja de 40 mm de acero inoxidable o metales preciosos de alta calidad Bisel bidireccional con escala de 24 horas Esfera negra, blanca o azul con \u00edndices y","jetpack_sharing_enabled":true,"_links":{"self":[{"href":"https:\/\/myreplicawatches.io\/es\/wp-json\/wp\/v2\/product\/11033","targetHints":{"allow":["GET"]}}],"collection":[{"href":"https:\/\/myreplicawatches.io\/es\/wp-json\/wp\/v2\/product"}],"about":[{"href":"https:\/\/myreplicawatches.io\/es\/wp-json\/wp\/v2\/types\/product"}],"replies":[{"embeddable":true,"href":"https:\/\/myreplicawatches.io\/es\/wp-json\/wp\/v2\/comments?post=11033"}],"wp:featuredmedia":[{"embeddable":true,"href":"https:\/\/myreplicawatches.io\/es\/wp-json\/wp\/v2\/media\/8570"}],"wp:attachment":[{"href":"https:\/\/myreplicawatches.io\/es\/wp-json\/wp\/v2\/media?parent=11033"}],"wp:term":[{"taxonomy":"product_brand","embeddable":true,"href":"https:\/\/myreplicawatches.io\/es\/wp-json\/wp\/v2\/product_brand?post=11033"},{"taxonomy":"product_cat","embeddable":true,"href":"https:\/\/myreplicawatches.io\/es\/wp-json\/wp\/v2\/product_cat?post=11033"},{"taxonomy":"product_tag","embeddable":true,"href":"https:\/\/myreplicawatches.io\/es\/wp-json\/wp\/v2\/product_tag?post=11033"}],"curies":[{"name":"wp","href":"https:\/\/api.w.org\/{rel}","templated":true}]}}