{"id":11029,"date":"2023-10-03T22:09:27","date_gmt":"2023-10-03T22:09:27","guid":{"rendered":"https:\/\/myreplicawatches.io\/product\/super-clon-replica-day-date-oro-rosa-esfera-verde\/"},"modified":"2025-08-01T09:28:42","modified_gmt":"2025-08-01T09:28:42","slug":"super-clon-replica-day-date-oro-rosa-esfera-verde","status":"publish","type":"product","link":"https:\/\/myreplicawatches.io\/es\/product\/super-clon-replica-day-date-oro-rosa-esfera-verde\/","title":{"rendered":"Super clon Replica Day Date Oro rosa Esfera verde"},"content":{"rendered":"<h4>Super clon Replica Day Date Rose Gold Green Dial &#8211; La mejor calidad de clon suizo<\/h4>\n<h2><\/h2>\n<h2 style=\"text-align: center;\"><span style=\"color: #e25041;\">Los pedidos mediante BitCoin y transferencias bancarias directas incluyen un gran descuento <\/span><span style=\"color: #e25041;\">Contacta con nosotros para m\u00e1s informaci\u00f3n <\/span><\/h2>\n<p style=\"text-align: center;\"><span style=\"color: #000000; background-color: #ffffff; font-size: 18px; font-family: Futura, sans-serif;\"><strong>Caja del reloj con papeles y documentos incluidos.<\/strong><\/span><\/p>\n<p>&nbsp;<\/p>\n<h2><img decoding=\"async\" src=\"\/\/cdn.shopify.com\/s\/files\/1\/0074\/6776\/1723\/files\/checkout_icon_large_9198cbd9-28e4-47f8-a1b4-510bb115bdc6_large.png?v=1539348458\" alt=\"\" title=\"\"><\/h2>\n<p>&nbsp;<\/p>\n<p>&nbsp;<\/p>\n<p><strong>Todos los relojes tienen 1 a\u00f1o de garant\u00eda<\/strong><strong>Todos los Relojes Vienen con Cajas de Relojes Originales con Papeles y Documentaci\u00f3n.<\/strong><ins>JAPAN MADE WATCHES 1:1 Clon Super clon Replica Day Date Rose Gold Green Dial <\/ins><\/p>\n<ul>\n<li>Se ve y se siente exactamente igual. \u2714<\/li>\n<li>No se puede diferenciar entre el verdadero \u2714<\/li>\n<li>Resistente al agua 100 m \u2714<\/li>\n<li>Cristal de zafiro antirrayado con revestimiento AR \u2714<\/li>\n<li>Relojes de acero 904L y chapados en oro aut\u00e9ntico. \u2714<\/li>\n<li>Mismo peso que el original. \u2714<\/li>\n<li>Mismo Mecanismo que el Real \u2716 ( Mejor Movimiento Autom\u00e1tico Japon\u00e9s, peque\u00f1a diferencia detallada en el mecanismo )<\/li>\n<li>Movimiento Autom\u00e1tico \u2714 ( El segundero no hace tictac, se mueve suavemente como el original )<\/li>\n<\/ul>\n<p><ins>RELOJES SWISS MADE 1:1 Clon Super clon R\u00e9plica Day Date Oro rosa Esfera verde <\/ins><\/p>\n<ul>\n<li>Se ve y se siente exactamente igual. \u2714<\/li>\n<li>No se puede diferenciar entre el verdadero \u2714<\/li>\n<li>Resistente al agua 300 m \u2714<\/li>\n<li>Cristal de zafiro antirrayado con revestimiento AR \u2714<\/li>\n<li>Relojes de acero 904L y oro aut\u00e9ntico. \u2714<\/li>\n<li>Mismo peso que el original. \u2714<\/li>\n<li>Mismo Mecanismo que el Real \u2714 ( MISMO Movimiento SUIZO, Exactamente igual que el real )<\/li>\n<li>Movimiento Autom\u00e1tico \u2714 ( El segundero no hace tictac, se mueve suavemente como el original )<\/li>\n<\/ul>\n<h4><strong>Descripci\u00f3n de Super clone Replica Day Date Oro rosa Esfera verde <\/strong><\/h4>\n<p><strong>Sexo<\/strong>:Hombre <strong>Movimiento<\/strong>:Autom\u00e1tico <strong>Talla<\/strong>:41 MM <strong>Material de la pulsera<\/strong>:Oro Rosa <strong>Tipo de dial<\/strong>:N\u00famero romano marfil <strong>Resistencia al agua<\/strong>:Resistente al agua<\/p>\n<h2>Garant\u00eda<\/h2>\n<p>100% de satisfacci\u00f3n garantizada Si no est\u00e1s satisfecho al 100% con tu primer reloj My Replica Watches, nos comprometemos a arreglarlo todo.<\/p>\n<h4>Entrega<\/h4>\n<p>Env\u00edo DHL a todo el mundo &#8211; De 3 a 10 d\u00edas estimaci\u00f3n de llegada Despu\u00e9s de hacer tu pedido, por favor, deja pasar 2-3 d\u00edas para el env\u00edo de tu producto. Recibir\u00e1s tu n\u00famero de seguimiento inmediatamente despu\u00e9s de que enviemos tu producto <img decoding=\"async\" src=\"\/\/cdn.shopify.com\/s\/files\/1\/0074\/6776\/1723\/files\/product_desc_below_large_large_a32e7262-b9bf-4a85-ac82-2638c1f67ae1_large_1_large.png?v=1539348476\" alt=\"\" title=\"\"><\/p>\n","protected":false},"excerpt":{"rendered":"<p>Super clon Replica Day Date Rose Gold Green Dial &#8211; La mejor calidad de clon suizo Los pedidos mediante BitCoin y transferencias bancarias directas incluyen un gran descuento Contacta con nosotros para m\u00e1s informaci\u00f3n Caja del reloj con papeles y documentos incluidos. &nbsp; &nbsp; &nbsp; Todos los relojes tienen 1 a\u00f1o de garant\u00edaTodos los Relojes<\/p>\n","protected":false},"featured_media":8186,"comment_status":"open","ping_status":"closed","template":"","meta":{"_uag_custom_page_level_css":"","site-sidebar-layout":"default","site-content-layout":"","ast-site-content-layout":"default","site-content-style":"default","site-sidebar-style":"default","ast-global-header-display":"","ast-banner-title-visibility":"","ast-main-header-display":"","ast-hfb-above-header-display":"","ast-hfb-below-header-display":"","ast-hfb-mobile-header-display":"","site-post-title":"","ast-breadcrumbs-content":"","ast-featured-img":"","footer-sml-layout":"","theme-transparent-header-meta":"default","adv-header-id-meta":"","stick-header-meta":"default","header-above-stick-meta":"","header-main-stick-meta":"","header-below-stick-meta":"","astra-migrate-meta-layouts":"set","ast-page-background-enabled":"default","ast-page-background-meta":{"desktop":{"background-color":"var(--ast-global-color-4)","background-image":"","background-repeat":"repeat","background-position":"center center","background-size":"auto","background-attachment":"scroll","background-type":"","background-media":"","overlay-type":"","overlay-color":"","overlay-opacity":"","overlay-gradient":""},"tablet":{"background-color":"","background-image":"","background-repeat":"repeat","background-position":"center center","background-size":"auto","background-attachment":"scroll","background-type":"","background-media":"","overlay-type":"","overlay-color":"","overlay-opacity":"","overlay-gradient":""},"mobile":{"background-color":"","background-image":"","background-repeat":"repeat","background-position":"center center","background-size":"auto","background-attachment":"scroll","background-type":"","background-media":"","overlay-type":"","overlay-color":"","overlay-opacity":"","overlay-gradient":""}},"ast-content-background-meta":{"desktop":{"background-color":"var(--ast-global-color-5)","background-image":"","background-repeat":"repeat","background-position":"center center","background-size":"auto","background-attachment":"scroll","background-type":"","background-media":"","overlay-type":"","overlay-color":"","overlay-opacity":"","overlay-gradient":""},"tablet":{"background-color":"var(--ast-global-color-5)","background-image":"","background-repeat":"repeat","background-position":"center center","background-size":"auto","background-attachment":"scroll","background-type":"","background-media":"","overlay-type":"","overlay-color":"","overlay-opacity":"","overlay-gradient":""},"mobile":{"background-color":"var(--ast-global-color-5)","background-image":"","background-repeat":"repeat","background-position":"center center","background-size":"auto","background-attachment":"scroll","background-type":"","background-media":"","overlay-type":"","overlay-color":"","overlay-opacity":"","overlay-gradient":""}}},"product_brand":[],"product_cat":[181,168,154,158],"product_tag":[458,1873,1868,795,2362,446,932,442,470,489,475,1616,440,474,2302,3467,465,187,173,668,936,464,600,441,2712,484],"class_list":{"0":"post-11029","1":"product","2":"type-product","3":"status-publish","4":"has-post-thumbnail","6":"product_cat-day-date-replica-relojo-rolex","7":"product_cat-productos-mas-nuevos","8":"product_cat-replicas-de-relojes-mas-vendidas","9":"product_cat-superclones","10":"product_tag-affordable-luxury","11":"product_tag-automatic-movement","12":"product_tag-classic-style","13":"product_tag-day-date-es","14":"product_tag-dress-watch-es","15":"product_tag-elegant-watch","16":"product_tag-green-dial-es","17":"product_tag-high-quality-replica","18":"product_tag-high-end-replica","19":"product_tag-iconic-design","20":"product_tag-luxury-replica","21":"product_tag-luxury-timepiece","22":"product_tag-luxury-watch","23":"product_tag-mens-watch","24":"product_tag-precision","25":"product_tag-premium-replica-es","26":"product_tag-replica","27":"product_tag-rolex-es","28":"product_tag-rolex-suizo","29":"product_tag-rose-gold-es","30":"product_tag-statement-piece-es","31":"product_tag-super-clone","32":"product_tag-swiss-made","33":"product_tag-swiss-movement","34":"product_tag-timeless-design","35":"product_tag-watch-collector","36":"desktop-align-left","37":"tablet-align-left","38":"mobile-align-left","39":"ast-product-gallery-layout-vertical-slider","40":"ast-product-single-variable","42":"first","43":"instock","44":"shipping-taxable","45":"purchasable","46":"product-type-variable"},"uagb_featured_image_src":{"full":["https:\/\/myreplicawatches.io\/wp-content\/uploads\/2023\/10\/Screenshot_2019-07-23_at_3.25.06_PM.png",732,956,false],"thumbnail":["https:\/\/myreplicawatches.io\/wp-content\/uploads\/2023\/10\/Screenshot_2019-07-23_at_3.25.06_PM-150x150.png",150,150,true],"medium":["https:\/\/myreplicawatches.io\/wp-content\/uploads\/2023\/10\/Screenshot_2019-07-23_at_3.25.06_PM-230x300.png",230,300,true],"medium_large":["https:\/\/myreplicawatches.io\/wp-content\/uploads\/2023\/10\/Screenshot_2019-07-23_at_3.25.06_PM.png",732,956,false],"large":["https:\/\/myreplicawatches.io\/wp-content\/uploads\/2023\/10\/Screenshot_2019-07-23_at_3.25.06_PM.png",732,956,false],"1536x1536":["https:\/\/myreplicawatches.io\/wp-content\/uploads\/2023\/10\/Screenshot_2019-07-23_at_3.25.06_PM.png",732,956,false],"2048x2048":["https:\/\/myreplicawatches.io\/wp-content\/uploads\/2023\/10\/Screenshot_2019-07-23_at_3.25.06_PM.png",732,956,false],"woocommerce_thumbnail":["https:\/\/myreplicawatches.io\/wp-content\/uploads\/2023\/10\/Screenshot_2019-07-23_at_3.25.06_PM-300x300.png",300,300,true],"woocommerce_single":["https:\/\/myreplicawatches.io\/wp-content\/uploads\/2023\/10\/Screenshot_2019-07-23_at_3.25.06_PM-600x784.png",600,784,true],"woocommerce_gallery_thumbnail":["https:\/\/myreplicawatches.io\/wp-content\/uploads\/2023\/10\/Screenshot_2019-07-23_at_3.25.06_PM-100x100.png",100,100,true],"variation_swatches_image_size":["https:\/\/myreplicawatches.io\/wp-content\/uploads\/2023\/10\/Screenshot_2019-07-23_at_3.25.06_PM.png",38,50,false],"variation_swatches_tooltip_size":["https:\/\/myreplicawatches.io\/wp-content\/uploads\/2023\/10\/Screenshot_2019-07-23_at_3.25.06_PM.png",77,100,false],"dgwt-wcas-product-suggestion":["https:\/\/myreplicawatches.io\/wp-content\/uploads\/2023\/10\/Screenshot_2019-07-23_at_3.25.06_PM-64x84.png",64,84,true]},"uagb_author_info":{"display_name":"admin","author_link":"https:\/\/myreplicawatches.io\/es\/author\/"},"uagb_comment_info":0,"uagb_excerpt":"Super clon Replica Day Date Rose Gold Green Dial &#8211; La mejor calidad de clon suizo Los pedidos mediante BitCoin y transferencias bancarias directas incluyen un gran descuento Contacta con nosotros para m\u00e1s informaci\u00f3n Caja del reloj con papeles y documentos incluidos. &nbsp; &nbsp; &nbsp; Todos los relojes tienen 1 a\u00f1o de garant\u00edaTodos los Relojes","jetpack_sharing_enabled":true,"_links":{"self":[{"href":"https:\/\/myreplicawatches.io\/es\/wp-json\/wp\/v2\/product\/11029","targetHints":{"allow":["GET"]}}],"collection":[{"href":"https:\/\/myreplicawatches.io\/es\/wp-json\/wp\/v2\/product"}],"about":[{"href":"https:\/\/myreplicawatches.io\/es\/wp-json\/wp\/v2\/types\/product"}],"replies":[{"embeddable":true,"href":"https:\/\/myreplicawatches.io\/es\/wp-json\/wp\/v2\/comments?post=11029"}],"wp:featuredmedia":[{"embeddable":true,"href":"https:\/\/myreplicawatches.io\/es\/wp-json\/wp\/v2\/media\/8186"}],"wp:attachment":[{"href":"https:\/\/myreplicawatches.io\/es\/wp-json\/wp\/v2\/media?parent=11029"}],"wp:term":[{"taxonomy":"product_brand","embeddable":true,"href":"https:\/\/myreplicawatches.io\/es\/wp-json\/wp\/v2\/product_brand?post=11029"},{"taxonomy":"product_cat","embeddable":true,"href":"https:\/\/myreplicawatches.io\/es\/wp-json\/wp\/v2\/product_cat?post=11029"},{"taxonomy":"product_tag","embeddable":true,"href":"https:\/\/myreplicawatches.io\/es\/wp-json\/wp\/v2\/product_tag?post=11029"}],"curies":[{"name":"wp","href":"https:\/\/api.w.org\/{rel}","templated":true}]}}