{"id":11025,"date":"2023-10-03T22:09:25","date_gmt":"2023-10-03T22:09:25","guid":{"rendered":"https:\/\/myreplicawatches.io\/product\/super-clon-replica-day-date-oro-negro-presidente\/"},"modified":"2025-11-06T19:05:11","modified_gmt":"2025-11-06T19:05:11","slug":"super-clon-replica-day-date-oro-negro-presidente","status":"publish","type":"product","link":"https:\/\/myreplicawatches.io\/es\/product\/super-clon-replica-day-date-oro-negro-presidente\/","title":{"rendered":"Super clon Replica Day Date &#8211; Oro\/Negro Presidente"},"content":{"rendered":"<h4>Super clon Replica Day Date &#8211; Oro\/Negro Presidente &#8211; Best Swiss Clone Copy<\/h4>\n<p>&nbsp;<\/p>\n<h2 style=\"text-align: center;\"><span style=\"color: #e25041;\">Los pedidos mediante BitCoin y transferencias bancarias directas incluyen un gran descuento <\/span><span style=\"color: #e25041;\">Contacta con nosotros para m\u00e1s informaci\u00f3n <\/span><\/h2>\n<p style=\"text-align: center;\"><span style=\"color: #000000; background-color: #ffffff; font-size: 18px; font-family: Futura, sans-serif;\"><strong>Caja del reloj con papeles y documentos incluidos.<\/strong><\/span><\/p>\n<p>&nbsp;<\/p>\n<p><strong><img decoding=\"async\" class=\"aligncenter\" src=\"\/\/cdn.shopify.com\/s\/files\/1\/0027\/0748\/8883\/files\/checkout_icon_02b92492-cff8-4474-b98b-81bbaa03a415_large.png?v=1529695134\" alt=\"\" title=\"\"><\/strong><\/p>\n<p>&nbsp;<\/p>\n<p><strong>Todos los Relojes tienen 1 A\u00f1o de Garant\u00eda para este Super clon Replica Day Date &#8211; Gold\/Black President<\/strong><strong>Todos los Relojes Vienen con Cajas de Relojes Originales con Papeles y Documentaci\u00f3n.<\/strong>\u00a0<ins>RELOJES HECHOS EN JAP\u00d3N Clon 1:1 del Super clon R\u00e9plica Day Date &#8211; Gold\/Black President<\/ins><\/p>\n<ul>\n<li>Se ve y se siente exactamente igual. \u2714<\/li>\n<li>No se puede diferenciar entre el verdadero \u2714<\/li>\n<li>Resistente al agua 100 m \u2714<\/li>\n<li>Cristal de zafiro antirrayado con revestimiento AR \u2714<\/li>\n<li>Relojes de acero 904L y chapados en oro aut\u00e9ntico. \u2714<\/li>\n<li>Mismo peso que el original. \u2714<\/li>\n<li>Mismo Mecanismo que el Real \u2716 ( Mejor Movimiento Autom\u00e1tico Japon\u00e9s, peque\u00f1a diferencia detallada en el mecanismo )<\/li>\n<li>Movimiento Autom\u00e1tico \u2714 ( El segundero no hace tictac, se mueve suavemente como el original )<\/li>\n<\/ul>\n<p>&nbsp;<\/p>\n<p><ins>RELOJES SWISS MADE Clon 1:1 del Super clon R\u00e9plica Day Date &#8211; Oro\/Negro Presidente<\/ins><\/p>\n<ul>\n<li>Se ve y se siente exactamente igual. \u2714<\/li>\n<li>No se puede diferenciar entre el verdadero \u2714<\/li>\n<li>Resistente al agua 300 m \u2714<\/li>\n<li>Cristal de zafiro antirrayado con revestimiento AR \u2714<\/li>\n<li>Relojes de acero 904L y oro aut\u00e9ntico. \u2714<\/li>\n<li>Mismo peso que el original. \u2714<\/li>\n<li>Mismo Mecanismo que el Real \u2714 ( MISMO Movimiento SUIZO, Exactamente igual que el real )<\/li>\n<li>Movimiento Autom\u00e1tico \u2714 ( El segundero no hace tictac, se mueve suavemente como el original )<\/li>\n<\/ul>\n<p>&nbsp;<\/p>\n<h2><\/h2>\n<h2><span class=\"des-wrap\">Descripci\u00f3n de la Super clon Replica Day Date &#8211; Oro\/Negro Presidente<\/span><\/h2>\n<p>Sexo:<br \/>\n<span class=\"des-wrap\">Hombre <\/span> Caracter\u00edstica:<br \/>\n<span class=\"des-wrap\">D\u00eda\/Fecha <\/span> Movimiento:<span class=\"des-wrap\">Mec\u00e1nico Autom\u00e1tico<\/span> Forma de la esfera:<br \/>\n<span class=\"des-wrap\">Redonda <\/span> Longitud de la correa:<br \/>\n<span class=\"des-wrap\">26 <\/span> Visualizaci\u00f3n de la esfera:<br \/>\n<span class=\"des-wrap\">Anal\u00f3gica <\/span> Di\u00e1metro del reloj:40 Tipo de material de la correa:<br \/>\n<span class=\"des-wrap\">Acero inoxidable <\/span> Tipo de caja:<br \/>\n<span class=\"des-wrap\">Acero inoxidable <\/span> Tipo de material de la esfera<br \/>\n<span class=\"des-wrap\">Acero inoxidable <\/span> Ancho de la correa:<br \/>\n<span class=\"des-wrap\">20 -29 mil\u00edmetros(mm) <\/span> Tipo de cristal de la esfera:<br \/>\n<span class=\"des-wrap\">Cristal de zafiro <\/span> Material de cajas y estuches:<span class=\"des-wrap\">papel <\/span> Tipo de cierre:<span class=\"des-wrap\">Hebilla plegable <\/span> Situaci\u00f3n antigua y nueva:<span class=\"des-wrap\">Nuevo con etiquetas <\/span><\/p>\n<p>&nbsp;<\/p>\n<h2>Garant\u00eda<\/h2>\n<p>100% de satisfacci\u00f3n garantizada Si no quedas satisfecho al 100% con tu primer reloj My replica Watches, nos comprometemos a arreglarlo todo.<\/p>\n<h2>Entrega<\/h2>\n<p>Env\u00edo DHL a todo el mundo &#8211; De 3 a 10 d\u00edas estimaci\u00f3n de llegada Despu\u00e9s de hacer tu pedido, por favor, deja pasar 2-3 d\u00edas para el env\u00edo de tu producto. Recibir\u00e1s tu n\u00famero de seguimiento inmediatamente despu\u00e9s de que enviemos tu producto <img decoding=\"async\" src=\"\/\/cdn.shopify.com\/s\/files\/1\/0027\/0748\/8883\/files\/product_desc_below_large_large_a32e7262-b9bf-4a85-ac82-2638c1f67ae1_large.png?v=1529766426\" alt=\"\" title=\"\"><\/p>\n","protected":false},"excerpt":{"rendered":"<p>Super clon Replica Day Date &#8211; Oro\/Negro Presidente &#8211; Best Swiss Clone Copy &nbsp; Los pedidos mediante BitCoin y transferencias bancarias directas incluyen un gran descuento Contacta con nosotros para m\u00e1s informaci\u00f3n Caja del reloj con papeles y documentos incluidos. &nbsp; &nbsp; Todos los Relojes tienen 1 A\u00f1o de Garant\u00eda para este Super clon Replica<\/p>\n","protected":false},"featured_media":8607,"comment_status":"open","ping_status":"closed","template":"","meta":{"_uag_custom_page_level_css":"","site-sidebar-layout":"default","site-content-layout":"","ast-site-content-layout":"default","site-content-style":"default","site-sidebar-style":"default","ast-global-header-display":"","ast-banner-title-visibility":"","ast-main-header-display":"","ast-hfb-above-header-display":"","ast-hfb-below-header-display":"","ast-hfb-mobile-header-display":"","site-post-title":"","ast-breadcrumbs-content":"","ast-featured-img":"","footer-sml-layout":"","theme-transparent-header-meta":"default","adv-header-id-meta":"","stick-header-meta":"default","header-above-stick-meta":"","header-main-stick-meta":"","header-below-stick-meta":"","astra-migrate-meta-layouts":"set","ast-page-background-enabled":"default","ast-page-background-meta":{"desktop":{"background-color":"var(--ast-global-color-4)","background-image":"","background-repeat":"repeat","background-position":"center center","background-size":"auto","background-attachment":"scroll","background-type":"","background-media":"","overlay-type":"","overlay-color":"","overlay-opacity":"","overlay-gradient":""},"tablet":{"background-color":"","background-image":"","background-repeat":"repeat","background-position":"center center","background-size":"auto","background-attachment":"scroll","background-type":"","background-media":"","overlay-type":"","overlay-color":"","overlay-opacity":"","overlay-gradient":""},"mobile":{"background-color":"","background-image":"","background-repeat":"repeat","background-position":"center center","background-size":"auto","background-attachment":"scroll","background-type":"","background-media":"","overlay-type":"","overlay-color":"","overlay-opacity":"","overlay-gradient":""}},"ast-content-background-meta":{"desktop":{"background-color":"var(--ast-global-color-5)","background-image":"","background-repeat":"repeat","background-position":"center center","background-size":"auto","background-attachment":"scroll","background-type":"","background-media":"","overlay-type":"","overlay-color":"","overlay-opacity":"","overlay-gradient":""},"tablet":{"background-color":"var(--ast-global-color-5)","background-image":"","background-repeat":"repeat","background-position":"center center","background-size":"auto","background-attachment":"scroll","background-type":"","background-media":"","overlay-type":"","overlay-color":"","overlay-opacity":"","overlay-gradient":""},"mobile":{"background-color":"var(--ast-global-color-5)","background-image":"","background-repeat":"repeat","background-position":"center center","background-size":"auto","background-attachment":"scroll","background-type":"","background-media":"","overlay-type":"","overlay-color":"","overlay-opacity":"","overlay-gradient":""}}},"product_brand":[],"product_cat":[181,168,154,158],"product_tag":[647,795,2362,1934,565,173,1937],"class_list":{"0":"post-11025","1":"product","2":"type-product","3":"status-publish","4":"has-post-thumbnail","6":"product_cat-day-date-replica-relojo-rolex","7":"product_cat-productos-mas-nuevos","8":"product_cat-replicas-de-relojes-mas-vendidas","9":"product_cat-superclones","10":"product_tag-automatic-watch-es","11":"product_tag-day-date-es","12":"product_tag-dress-watch-es","13":"product_tag-gold-es","14":"product_tag-high-quality-es","15":"product_tag-rolex-suizo","16":"product_tag-swiss-watch-es","17":"desktop-align-left","18":"tablet-align-left","19":"mobile-align-left","20":"ast-product-gallery-layout-vertical-slider","21":"ast-product-single-variable","23":"first","24":"instock","25":"shipping-taxable","26":"purchasable","27":"product-type-variable"},"uagb_featured_image_src":{"full":["https:\/\/myreplicawatches.io\/wp-content\/uploads\/2023\/10\/Replica-rolex-Sky-dweller-rose-gold-33-1.jpg",1080,1080,false],"thumbnail":["https:\/\/myreplicawatches.io\/wp-content\/uploads\/2023\/10\/Replica-rolex-Sky-dweller-rose-gold-33-1-150x150.jpg",150,150,true],"medium":["https:\/\/myreplicawatches.io\/wp-content\/uploads\/2023\/10\/Replica-rolex-Sky-dweller-rose-gold-33-1-300x300.jpg",300,300,true],"medium_large":["https:\/\/myreplicawatches.io\/wp-content\/uploads\/2023\/10\/Replica-rolex-Sky-dweller-rose-gold-33-1-768x768.jpg",768,768,true],"large":["https:\/\/myreplicawatches.io\/wp-content\/uploads\/2023\/10\/Replica-rolex-Sky-dweller-rose-gold-33-1-1024x1024.jpg",1024,1024,true],"1536x1536":["https:\/\/myreplicawatches.io\/wp-content\/uploads\/2023\/10\/Replica-rolex-Sky-dweller-rose-gold-33-1.jpg",1080,1080,false],"2048x2048":["https:\/\/myreplicawatches.io\/wp-content\/uploads\/2023\/10\/Replica-rolex-Sky-dweller-rose-gold-33-1.jpg",1080,1080,false],"woocommerce_thumbnail":["https:\/\/myreplicawatches.io\/wp-content\/uploads\/2023\/10\/Replica-rolex-Sky-dweller-rose-gold-33-1-300x300.jpg",300,300,true],"woocommerce_single":["https:\/\/myreplicawatches.io\/wp-content\/uploads\/2023\/10\/Replica-rolex-Sky-dweller-rose-gold-33-1-600x600.jpg",600,600,true],"woocommerce_gallery_thumbnail":["https:\/\/myreplicawatches.io\/wp-content\/uploads\/2023\/10\/Replica-rolex-Sky-dweller-rose-gold-33-1-100x100.jpg",100,100,true],"variation_swatches_image_size":["https:\/\/myreplicawatches.io\/wp-content\/uploads\/2023\/10\/Replica-rolex-Sky-dweller-rose-gold-33-1-50x50.jpg",50,50,true],"variation_swatches_tooltip_size":["https:\/\/myreplicawatches.io\/wp-content\/uploads\/2023\/10\/Replica-rolex-Sky-dweller-rose-gold-33-1-100x100.jpg",100,100,true],"dgwt-wcas-product-suggestion":["https:\/\/myreplicawatches.io\/wp-content\/uploads\/2023\/10\/Replica-rolex-Sky-dweller-rose-gold-33-1-64x64.jpg",64,64,true]},"uagb_author_info":{"display_name":"admin","author_link":"https:\/\/myreplicawatches.io\/es\/author\/"},"uagb_comment_info":0,"uagb_excerpt":"Super clon Replica Day Date &#8211; Oro\/Negro Presidente &#8211; Best Swiss Clone Copy &nbsp; Los pedidos mediante BitCoin y transferencias bancarias directas incluyen un gran descuento Contacta con nosotros para m\u00e1s informaci\u00f3n Caja del reloj con papeles y documentos incluidos. &nbsp; &nbsp; Todos los Relojes tienen 1 A\u00f1o de Garant\u00eda para este Super clon Replica","jetpack_sharing_enabled":true,"_links":{"self":[{"href":"https:\/\/myreplicawatches.io\/es\/wp-json\/wp\/v2\/product\/11025","targetHints":{"allow":["GET"]}}],"collection":[{"href":"https:\/\/myreplicawatches.io\/es\/wp-json\/wp\/v2\/product"}],"about":[{"href":"https:\/\/myreplicawatches.io\/es\/wp-json\/wp\/v2\/types\/product"}],"replies":[{"embeddable":true,"href":"https:\/\/myreplicawatches.io\/es\/wp-json\/wp\/v2\/comments?post=11025"}],"wp:featuredmedia":[{"embeddable":true,"href":"https:\/\/myreplicawatches.io\/es\/wp-json\/wp\/v2\/media\/8607"}],"wp:attachment":[{"href":"https:\/\/myreplicawatches.io\/es\/wp-json\/wp\/v2\/media?parent=11025"}],"wp:term":[{"taxonomy":"product_brand","embeddable":true,"href":"https:\/\/myreplicawatches.io\/es\/wp-json\/wp\/v2\/product_brand?post=11025"},{"taxonomy":"product_cat","embeddable":true,"href":"https:\/\/myreplicawatches.io\/es\/wp-json\/wp\/v2\/product_cat?post=11025"},{"taxonomy":"product_tag","embeddable":true,"href":"https:\/\/myreplicawatches.io\/es\/wp-json\/wp\/v2\/product_tag?post=11025"}],"curies":[{"name":"wp","href":"https:\/\/api.w.org\/{rel}","templated":true}]}}