{"id":11023,"date":"2023-10-03T22:09:44","date_gmt":"2023-10-03T22:09:44","guid":{"rendered":"https:\/\/myreplicawatches.io\/product\/replica-suiza-omega-speedmaster-moonwatch-oro\/"},"modified":"2025-07-27T12:03:15","modified_gmt":"2025-07-27T12:03:15","slug":"replica-suiza-omega-speedmaster-moonwatch-oro","status":"publish","type":"product","link":"https:\/\/myreplicawatches.io\/es\/product\/replica-suiza-omega-speedmaster-moonwatch-oro\/","title":{"rendered":"R\u00e9plica suiza Omega Speedmaster Moonwatch Oro"},"content":{"rendered":"<h4 style=\"text-align: center;\">R\u00e9plica suiza Omega Speedmaster Moonwatch Oro &#8211; Best Replica<\/h4>\n<h2 style=\"text-align: center;\"><span style=\"color: #e25041;\">Los pedidos mediante BitCoin y transferencias bancarias directas incluyen un gran descuento <\/span><span style=\"color: #e25041;\">Contacta con nosotros para m\u00e1s informaci\u00f3n<\/span><\/h2>\n<h2 style=\"text-align: center;\"><\/h2>\n<p style=\"text-align: center;\"><span style=\"color: #000000; background-color: #ffffff; font-size: 18px; font-family: Futura, sans-serif;\"><strong>Caja de reloj con papeles y documentos incluidos para esta r\u00e9plica suiza Omega Speedmaster Moonwatch de oro.<\/strong><\/span><\/p>\n<p style=\"text-align: left;\"><span style=\"color: #212b36; background-color: #ffffff; font-size: 14px;\"><strong><ins>Los Pedidos por Transferencia Bancaria Directa incluyen un gran Descuento ( Contacta con nosotros para m\u00e1s informaci\u00f3n )<\/ins><\/strong><\/span><\/p>\n<p style=\"text-align: left;\"><span style=\"color: #212b36; background-color: #ffffff; font-size: 14px;\"><strong>Todos los relojes tienen 1 a\u00f1o de garant\u00eda <\/strong><\/span><\/p>\n<p style=\"text-align: left;\"><span style=\"color: #212b36; background-color: #ffffff; font-size: 14px;\"><strong>Todos los relojes vienen con cajas de reloj originales con papeles y documentaci\u00f3n.RELOJES HECHOS EN JAP\u00d3N Clon 1:1<\/strong><\/span><\/p>\n<h3>Ventajas de poseer el Mejor Reloj Lunar Replica Omega Speedmaster de fabricaci\u00f3n suiza:<\/h3>\n<ul>\n<li>Una r\u00e9plica puede comprarse a un precio mucho m\u00e1s barato que uno aut\u00e9ntico, sin embargo, un reloj r\u00e9plica parecer\u00e1 y se sentir\u00e1 igual que el original.<\/li>\n<li>Lo \u00faltimo que alguien quiere es gastarse una fortuna para conseguir un reloj de lujo que tiene peque\u00f1as diferencias con nuestras r\u00e9plicas de relojes.<\/li>\n<li>Muchos entusiastas de los relojes no quieren gastarse miles de d\u00f3lares en relojes y quieren tener esa gran sensaci\u00f3n de poseer un gran reloj de una marca de lujo. Aqu\u00ed es cuando entran en juego los relojes myreplicawatches y proporcionan esa sensaci\u00f3n a sus clientes.<\/li>\n<li>\u00bf Tienes ya un aut\u00e9ntico reloj de alta gama que no quieres llevar por motivos de seguridad o por razones de devaluaci\u00f3n en algunas ocasiones ? Lleva tu Reloj Omega Speedmaster Moonwatch de alta calidad fabricado en Suiza y si\u00e9ntete m\u00e1s seguro, ten la misma confianza, protege tus objetos de valor<\/li>\n<\/ul>\n<p style=\"text-align: left;\"><span style=\"color: #212b36; background-color: #ffffff; font-size: 14px;\"><ins>RELOJES SWISS MADE Clon 1:1<\/ins><\/span><\/p>\n<ul>\n<li><span style=\"color: #212b36; background-color: #ffffff; font-size: 14px;\">Se ve y se siente exactamente igual. \u2714<\/span><\/li>\n<li><span style=\"color: #212b36; background-color: #ffffff; font-size: 14px;\">No se puede diferenciar entre el verdadero \u2714<\/span><\/li>\n<li><span style=\"color: #212b36; background-color: #ffffff; font-size: 14px;\">Resistente al agua 300 m \u2714<\/span><\/li>\n<li><span style=\"color: #212b36; background-color: #ffffff; font-size: 14px;\">Cristal de zafiro antirrayado con revestimiento AR \u2714<\/span><\/li>\n<li><span style=\"color: #212b36; background-color: #ffffff; font-size: 14px;\">Relojes de acero 904L y oro aut\u00e9ntico. \u2714<\/span><\/li>\n<li><span style=\"color: #212b36; background-color: #ffffff; font-size: 14px;\">Mismo peso que el original. \u2714<\/span><\/li>\n<li><span style=\"color: #212b36; background-color: #ffffff; font-size: 14px;\">Mismo Mecanismo que el Real \u2714 ( MISMO Movimiento SUIZO, Exactamente igual que el real ) <\/span><\/li>\n<li><span style=\"color: #212b36; background-color: #ffffff; font-size: 14px;\">Movimiento Autom\u00e1tico \u2714 ( El segundero no hace tictac, se mueve suavemente como el original )<\/span><\/li>\n<\/ul>\n<p>Informaci\u00f3n adicional &#8211; de fabricaci\u00f3n suiza Mejor r\u00e9plica Omega Speedmaster Moonwatch Gama de productos &#8211; r\u00e9plica Speedmaster modelo &#8211; 311.63.42.50.01.002 Material de la pulsera &#8211; Acero inoxidable de grado 316 Marca &#8211; R\u00e9plica Omega Material de la caja &#8211; Acero inoxidable de grado 316 Tama\u00f1o de la caja &#8211; 42 MM Tipo de esfera &#8211; Negra Sexo &#8211; Hombre Movimiento &#8211; Autom\u00e1tico suizo Gama &#8211; R\u00e9plica Speedmaster Resistente al agua &#8211; S\u00ed Material de la pulsera &#8211; Acero<\/p>\n<h4 style=\"text-align: start;\"><span style=\"color: #1a1a1a; background-color: #ffffff; font-size: 1.47059em; font-family: Futura, sans-serif;\"><ins>Garant\u00eda<\/ins><\/span><\/h4>\n<p style=\"text-align: start;\"><span style=\"color: #000000; background-color: #ffffff; font-size: 17px; font-family: Futura, sans-serif;\">100% de satisfacci\u00f3n garantizada Si no est\u00e1s satisfecho al 100% con tu primer myreplicawatches, nos comprometemos a arreglarlo todo.<\/span><\/p>\n<h5 style=\"text-align: start;\"><span style=\"color: #1a1a1a; background-color: #ffffff; font-size: 1.47059em; font-family: Futura, sans-serif;\"><ins>Entrega<\/ins><\/span><\/h5>\n<p style=\"text-align: start;\"><span style=\"color: #000000; background-color: #ffffff; font-size: 17px; font-family: Futura, sans-serif;\">Env\u00edo DHL a todo el mundo &#8211; De 3 a 7 d\u00edas estimado de llegada<\/span><\/p>\n<p style=\"text-align: start;\"><span style=\"color: #000000; background-color: #ffffff; font-size: 17px; font-family: Futura, sans-serif;\">Una vez realizado el pedido, el env\u00edo del producto tardar\u00e1 de 2 a 3 d\u00edas. Recibir\u00e1s tu n\u00famero de seguimiento inmediatamente despu\u00e9s de que enviemos tu producto. <\/span><\/p>\n<p style=\"text-align: start;\">\n","protected":false},"excerpt":{"rendered":"<p>R\u00e9plica suiza Omega Speedmaster Moonwatch Oro &#8211; Best Replica Los pedidos mediante BitCoin y transferencias bancarias directas incluyen un gran descuento Contacta con nosotros para m\u00e1s informaci\u00f3n Caja de reloj con papeles y documentos incluidos para esta r\u00e9plica suiza Omega Speedmaster Moonwatch de oro. Los Pedidos por Transferencia Bancaria Directa incluyen un gran Descuento (<\/p>\n","protected":false},"featured_media":8213,"comment_status":"open","ping_status":"closed","template":"","meta":{"_uag_custom_page_level_css":"","site-sidebar-layout":"default","site-content-layout":"","ast-site-content-layout":"default","site-content-style":"default","site-sidebar-style":"default","ast-global-header-display":"","ast-banner-title-visibility":"","ast-main-header-display":"","ast-hfb-above-header-display":"","ast-hfb-below-header-display":"","ast-hfb-mobile-header-display":"","site-post-title":"","ast-breadcrumbs-content":"","ast-featured-img":"","footer-sml-layout":"","theme-transparent-header-meta":"default","adv-header-id-meta":"","stick-header-meta":"default","header-above-stick-meta":"","header-main-stick-meta":"","header-below-stick-meta":"","astra-migrate-meta-layouts":"set","ast-page-background-enabled":"default","ast-page-background-meta":{"desktop":{"background-color":"var(--ast-global-color-4)","background-image":"","background-repeat":"repeat","background-position":"center center","background-size":"auto","background-attachment":"scroll","background-type":"","background-media":"","overlay-type":"","overlay-color":"","overlay-opacity":"","overlay-gradient":""},"tablet":{"background-color":"","background-image":"","background-repeat":"repeat","background-position":"center center","background-size":"auto","background-attachment":"scroll","background-type":"","background-media":"","overlay-type":"","overlay-color":"","overlay-opacity":"","overlay-gradient":""},"mobile":{"background-color":"","background-image":"","background-repeat":"repeat","background-position":"center center","background-size":"auto","background-attachment":"scroll","background-type":"","background-media":"","overlay-type":"","overlay-color":"","overlay-opacity":"","overlay-gradient":""}},"ast-content-background-meta":{"desktop":{"background-color":"var(--ast-global-color-5)","background-image":"","background-repeat":"repeat","background-position":"center center","background-size":"auto","background-attachment":"scroll","background-type":"","background-media":"","overlay-type":"","overlay-color":"","overlay-opacity":"","overlay-gradient":""},"tablet":{"background-color":"var(--ast-global-color-5)","background-image":"","background-repeat":"repeat","background-position":"center center","background-size":"auto","background-attachment":"scroll","background-type":"","background-media":"","overlay-type":"","overlay-color":"","overlay-opacity":"","overlay-gradient":""},"mobile":{"background-color":"var(--ast-global-color-5)","background-image":"","background-repeat":"repeat","background-position":"center center","background-size":"auto","background-attachment":"scroll","background-type":"","background-media":"","overlay-type":"","overlay-color":"","overlay-opacity":"","overlay-gradient":""}}},"product_brand":[],"product_cat":[168,150,222,154,163,158],"product_tag":[2499,647,494,2401,2039,1934,3464,489,555,440,2487,255,223,2302,1464,499,452,495],"class_list":{"0":"post-11023","1":"product","2":"type-product","3":"status-publish","4":"has-post-thumbnail","6":"product_cat-productos-mas-nuevos","7":"product_cat-relojes-replica-omega-de-la-mej","8":"product_cat-replica-omega-speedmaster-es","9":"product_cat-replicas-de-relojes-mas-vendidas","10":"product_cat-super-clon-omega","11":"product_cat-superclones","12":"product_tag-astronaut-watch","13":"product_tag-automatic-watch-es","14":"product_tag-chronograph","15":"product_tag-collectors-watch","16":"product_tag-exclusive-watch","17":"product_tag-gold-es","18":"product_tag-gold-watch-es","19":"product_tag-iconic-design","20":"product_tag-limited-edition","21":"product_tag-luxury-watch","22":"product_tag-moonwatch","23":"product_tag-omega-es","24":"product_tag-omega-suiza","25":"product_tag-precision","26":"product_tag-speedmaster-es","27":"product_tag-sports-watch","28":"product_tag-swiss-replica","29":"product_tag-vintage-style","30":"desktop-align-left","31":"tablet-align-left","32":"mobile-align-left","33":"ast-product-gallery-layout-vertical-slider","34":"ast-product-gallery-with-no-image","35":"ast-product-single-variable","37":"first","38":"instock","39":"shipping-taxable","40":"purchasable","41":"product-type-variable"},"uagb_featured_image_src":{"full":["https:\/\/myreplicawatches.io\/wp-content\/uploads\/2023\/10\/OMSpeMW_311.63.42.50.01.002_front-600x600-1.jpg",600,600,false],"thumbnail":["https:\/\/myreplicawatches.io\/wp-content\/uploads\/2023\/10\/OMSpeMW_311.63.42.50.01.002_front-600x600-1-150x150.jpg",150,150,true],"medium":["https:\/\/myreplicawatches.io\/wp-content\/uploads\/2023\/10\/OMSpeMW_311.63.42.50.01.002_front-600x600-1-300x300.jpg",300,300,true],"medium_large":["https:\/\/myreplicawatches.io\/wp-content\/uploads\/2023\/10\/OMSpeMW_311.63.42.50.01.002_front-600x600-1.jpg",600,600,false],"large":["https:\/\/myreplicawatches.io\/wp-content\/uploads\/2023\/10\/OMSpeMW_311.63.42.50.01.002_front-600x600-1.jpg",600,600,false],"1536x1536":["https:\/\/myreplicawatches.io\/wp-content\/uploads\/2023\/10\/OMSpeMW_311.63.42.50.01.002_front-600x600-1.jpg",600,600,false],"2048x2048":["https:\/\/myreplicawatches.io\/wp-content\/uploads\/2023\/10\/OMSpeMW_311.63.42.50.01.002_front-600x600-1.jpg",600,600,false],"woocommerce_thumbnail":["https:\/\/myreplicawatches.io\/wp-content\/uploads\/2023\/10\/OMSpeMW_311.63.42.50.01.002_front-600x600-1-300x300.jpg",300,300,true],"woocommerce_single":["https:\/\/myreplicawatches.io\/wp-content\/uploads\/2023\/10\/OMSpeMW_311.63.42.50.01.002_front-600x600-1.jpg",600,600,false],"woocommerce_gallery_thumbnail":["https:\/\/myreplicawatches.io\/wp-content\/uploads\/2023\/10\/OMSpeMW_311.63.42.50.01.002_front-600x600-1-100x100.jpg",100,100,true],"variation_swatches_image_size":["https:\/\/myreplicawatches.io\/wp-content\/uploads\/2023\/10\/OMSpeMW_311.63.42.50.01.002_front-600x600-1.jpg",50,50,false],"variation_swatches_tooltip_size":["https:\/\/myreplicawatches.io\/wp-content\/uploads\/2023\/10\/OMSpeMW_311.63.42.50.01.002_front-600x600-1.jpg",100,100,false],"dgwt-wcas-product-suggestion":["https:\/\/myreplicawatches.io\/wp-content\/uploads\/2023\/10\/OMSpeMW_311.63.42.50.01.002_front-600x600-1-64x64.jpg",64,64,true]},"uagb_author_info":{"display_name":"admin","author_link":"https:\/\/myreplicawatches.io\/es\/author\/"},"uagb_comment_info":0,"uagb_excerpt":"R\u00e9plica suiza Omega Speedmaster Moonwatch Oro &#8211; Best Replica Los pedidos mediante BitCoin y transferencias bancarias directas incluyen un gran descuento Contacta con nosotros para m\u00e1s informaci\u00f3n Caja de reloj con papeles y documentos incluidos para esta r\u00e9plica suiza Omega Speedmaster Moonwatch de oro. Los Pedidos por Transferencia Bancaria Directa incluyen un gran Descuento (","jetpack_sharing_enabled":true,"_links":{"self":[{"href":"https:\/\/myreplicawatches.io\/es\/wp-json\/wp\/v2\/product\/11023","targetHints":{"allow":["GET"]}}],"collection":[{"href":"https:\/\/myreplicawatches.io\/es\/wp-json\/wp\/v2\/product"}],"about":[{"href":"https:\/\/myreplicawatches.io\/es\/wp-json\/wp\/v2\/types\/product"}],"replies":[{"embeddable":true,"href":"https:\/\/myreplicawatches.io\/es\/wp-json\/wp\/v2\/comments?post=11023"}],"wp:featuredmedia":[{"embeddable":true,"href":"https:\/\/myreplicawatches.io\/es\/wp-json\/wp\/v2\/media\/8213"}],"wp:attachment":[{"href":"https:\/\/myreplicawatches.io\/es\/wp-json\/wp\/v2\/media?parent=11023"}],"wp:term":[{"taxonomy":"product_brand","embeddable":true,"href":"https:\/\/myreplicawatches.io\/es\/wp-json\/wp\/v2\/product_brand?post=11023"},{"taxonomy":"product_cat","embeddable":true,"href":"https:\/\/myreplicawatches.io\/es\/wp-json\/wp\/v2\/product_cat?post=11023"},{"taxonomy":"product_tag","embeddable":true,"href":"https:\/\/myreplicawatches.io\/es\/wp-json\/wp\/v2\/product_tag?post=11023"}],"curies":[{"name":"wp","href":"https:\/\/api.w.org\/{rel}","templated":true}]}}