{"id":11017,"date":"2024-07-24T13:43:33","date_gmt":"2024-07-24T13:43:33","guid":{"rendered":"https:\/\/myreplicawatches.io\/product\/replica-rolex-daytona-azul-super-clon\/"},"modified":"2026-01-11T15:25:36","modified_gmt":"2026-01-11T15:25:36","slug":"replica-rolex-daytona-azul-super-clon","status":"publish","type":"product","link":"https:\/\/myreplicawatches.io\/es\/product\/replica-rolex-daytona-azul-super-clon\/","title":{"rendered":"R\u00e9plica Rolex Daytona Azul Super Clon"},"content":{"rendered":"<h3>Rolex Cosmograph Daytona 116506 HIELO Esfera AZUL Original Cal.4130<br \/>\nMovimiento &#8211; Reloj de acero 904L Ultimate<\/h3>\n<p>El Mejor Modelo Rolex Daytona Replicado hasta la Fecha.<br \/>\nEl Primer Modelo Rolex en adoptar un Acero 904L en la Caja y la Correa, que es el mismo acero utilizado por Rolex.<br \/>\nComparado con un Original lado a lado y NO hab\u00eda Diferencias en absoluto.<br \/>\nLa lista completa de detalles figura a continuaci\u00f3n y ver\u00e1s que se ha invertido una enorme cantidad de trabajo y detalles en esta edici\u00f3n.<br \/>\nCal.4130 original<br \/>\nMovimiento construido desde cero, sin modificaciones, chapado en platino de los rotores y las platinas seg\u00fan el original.<br \/>\nEl mismo movimiento que se encuentra en los relojes Rolex Daytona Caja de acero inoxidable macizo 904 con marcas y grabados Rolex como los aut\u00e9nticos.<br \/>\nEsfera AZUL HIELO con 3 subesferas funcionales como el aut\u00e9ntico.<br \/>\nManecillas de las horas y marcadores de minutos superluminosos como en los relojes aut\u00e9nticos Las manecillas y la esfera son intercambiables con las originales.<br \/>\nSubesfera con segundero a las 6 en punto.<br \/>\nBisel de cer\u00e1mica marr\u00f3n casta\u00f1o a prueba de ara\u00f1azos con marcas mejoradas, con las mismas fuentes exactas y marcas n\u00edtidas que el original Cristal de zafiro antirreflejos a prueba de ara\u00f1azos con corona semiinvisible grabada en la posici\u00f3n de las 6.<br \/>\nCorrea de caja de acero inoxidable macizo 316L con cierre Flip-Lock de nuevo estilo perfectamente replicado unido con tornillos lisos para facilitar el ajuste Caja trasera maciza con marcas y grabados Rolex 40 mm de ancho x 12,5 mm de grosor<\/p>\n<p><iframe title=\"Reloj Rolex Daytona\" src=\"https:\/\/www.youtube.com\/embed\/VBavE7qT6DQ\" width=\"403\" height=\"717\" frameborder=\"0\" allowfullscreen=\"allowfullscreen\"><\/iframe><\/p>\n","protected":false},"excerpt":{"rendered":"<p>Rolex Cosmograph Daytona 116506 HIELO Esfera AZUL Original Cal.4130 Movimiento &#8211; Reloj de acero 904L Ultimate El Mejor Modelo Rolex Daytona Replicado hasta la Fecha. El Primer Modelo Rolex en adoptar un Acero 904L en la Caja y la Correa, que es el mismo acero utilizado por Rolex. Comparado con un Original lado a lado<\/p>\n","protected":false},"featured_media":9463,"comment_status":"open","ping_status":"closed","template":"","meta":{"_uag_custom_page_level_css":"","site-sidebar-layout":"default","site-content-layout":"","ast-site-content-layout":"default","site-content-style":"default","site-sidebar-style":"default","ast-global-header-display":"","ast-banner-title-visibility":"","ast-main-header-display":"","ast-hfb-above-header-display":"","ast-hfb-below-header-display":"","ast-hfb-mobile-header-display":"","site-post-title":"","ast-breadcrumbs-content":"","ast-featured-img":"","footer-sml-layout":"","theme-transparent-header-meta":"default","adv-header-id-meta":"","stick-header-meta":"default","header-above-stick-meta":"","header-main-stick-meta":"","header-below-stick-meta":"","astra-migrate-meta-layouts":"set","ast-page-background-enabled":"default","ast-page-background-meta":{"desktop":{"background-color":"var(--ast-global-color-4)","background-image":"","background-repeat":"repeat","background-position":"center center","background-size":"auto","background-attachment":"scroll","background-type":"","background-media":"","overlay-type":"","overlay-color":"","overlay-opacity":"","overlay-gradient":""},"tablet":{"background-color":"","background-image":"","background-repeat":"repeat","background-position":"center center","background-size":"auto","background-attachment":"scroll","background-type":"","background-media":"","overlay-type":"","overlay-color":"","overlay-opacity":"","overlay-gradient":""},"mobile":{"background-color":"","background-image":"","background-repeat":"repeat","background-position":"center center","background-size":"auto","background-attachment":"scroll","background-type":"","background-media":"","overlay-type":"","overlay-color":"","overlay-opacity":"","overlay-gradient":""}},"ast-content-background-meta":{"desktop":{"background-color":"var(--ast-global-color-5)","background-image":"","background-repeat":"repeat","background-position":"center center","background-size":"auto","background-attachment":"scroll","background-type":"","background-media":"","overlay-type":"","overlay-color":"","overlay-opacity":"","overlay-gradient":""},"tablet":{"background-color":"var(--ast-global-color-5)","background-image":"","background-repeat":"repeat","background-position":"center center","background-size":"auto","background-attachment":"scroll","background-type":"","background-media":"","overlay-type":"","overlay-color":"","overlay-opacity":"","overlay-gradient":""},"mobile":{"background-color":"var(--ast-global-color-5)","background-image":"","background-repeat":"repeat","background-position":"center center","background-size":"auto","background-attachment":"scroll","background-type":"","background-media":"","overlay-type":"","overlay-color":"","overlay-opacity":"","overlay-gradient":""}}},"product_brand":[],"product_cat":[152,168,169,162,154,170,229,158],"product_tag":[],"class_list":{"0":"post-11017","1":"product","2":"type-product","3":"status-publish","4":"has-post-thumbnail","6":"product_cat-nueva-coleccion-2024","7":"product_cat-productos-mas-nuevos","8":"product_cat-replica-daytona-rolex-envio","9":"product_cat-replica-super-clon-rolex-aaa","10":"product_cat-replicas-de-relojes-mas-vendidas","11":"product_cat-super-clon-rolex","12":"product_cat-super-clon-rolex-daytona","13":"product_cat-superclones","14":"desktop-align-left","15":"tablet-align-left","16":"mobile-align-left","17":"ast-product-gallery-layout-vertical-slider","18":"ast-product-single-variable","20":"first","21":"instock","22":"shipping-taxable","23":"purchasable","24":"product-type-variable"},"uagb_featured_image_src":{"full":["https:\/\/myreplicawatches.io\/wp-content\/uploads\/2024\/07\/Screenshot-2024-07-24-at-4.36.51-PM.jpg",664,660,false],"thumbnail":["https:\/\/myreplicawatches.io\/wp-content\/uploads\/2024\/07\/Screenshot-2024-07-24-at-4.36.51-PM-150x150.png",150,150,true],"medium":["https:\/\/myreplicawatches.io\/wp-content\/uploads\/2024\/07\/Screenshot-2024-07-24-at-4.36.51-PM-300x298.png",300,298,true],"medium_large":["https:\/\/myreplicawatches.io\/wp-content\/uploads\/2024\/07\/Screenshot-2024-07-24-at-4.36.51-PM.jpg",664,660,false],"large":["https:\/\/myreplicawatches.io\/wp-content\/uploads\/2024\/07\/Screenshot-2024-07-24-at-4.36.51-PM.jpg",664,660,false],"1536x1536":["https:\/\/myreplicawatches.io\/wp-content\/uploads\/2024\/07\/Screenshot-2024-07-24-at-4.36.51-PM.jpg",664,660,false],"2048x2048":["https:\/\/myreplicawatches.io\/wp-content\/uploads\/2024\/07\/Screenshot-2024-07-24-at-4.36.51-PM.jpg",664,660,false],"woocommerce_thumbnail":["https:\/\/myreplicawatches.io\/wp-content\/uploads\/2024\/07\/Screenshot-2024-07-24-at-4.36.51-PM-300x300.jpg",300,300,true],"woocommerce_single":["https:\/\/myreplicawatches.io\/wp-content\/uploads\/2024\/07\/Screenshot-2024-07-24-at-4.36.51-PM-600x596.jpg",600,596,true],"woocommerce_gallery_thumbnail":["https:\/\/myreplicawatches.io\/wp-content\/uploads\/2024\/07\/Screenshot-2024-07-24-at-4.36.51-PM-100x100.jpg",100,100,true],"variation_swatches_image_size":["https:\/\/myreplicawatches.io\/wp-content\/uploads\/2024\/07\/Screenshot-2024-07-24-at-4.36.51-PM-50x50.png",50,50,true],"variation_swatches_tooltip_size":["https:\/\/myreplicawatches.io\/wp-content\/uploads\/2024\/07\/Screenshot-2024-07-24-at-4.36.51-PM-100x100.png",100,100,true],"dgwt-wcas-product-suggestion":["https:\/\/myreplicawatches.io\/wp-content\/uploads\/2024\/07\/Screenshot-2024-07-24-at-4.36.51-PM-64x64.jpg",64,64,true]},"uagb_author_info":{"display_name":"admin","author_link":"https:\/\/myreplicawatches.io\/es\/author\/"},"uagb_comment_info":0,"uagb_excerpt":"Rolex Cosmograph Daytona 116506 HIELO Esfera AZUL Original Cal.4130 Movimiento &#8211; Reloj de acero 904L Ultimate El Mejor Modelo Rolex Daytona Replicado hasta la Fecha. El Primer Modelo Rolex en adoptar un Acero 904L en la Caja y la Correa, que es el mismo acero utilizado por Rolex. Comparado con un Original lado a lado","jetpack_sharing_enabled":true,"_links":{"self":[{"href":"https:\/\/myreplicawatches.io\/es\/wp-json\/wp\/v2\/product\/11017","targetHints":{"allow":["GET"]}}],"collection":[{"href":"https:\/\/myreplicawatches.io\/es\/wp-json\/wp\/v2\/product"}],"about":[{"href":"https:\/\/myreplicawatches.io\/es\/wp-json\/wp\/v2\/types\/product"}],"replies":[{"embeddable":true,"href":"https:\/\/myreplicawatches.io\/es\/wp-json\/wp\/v2\/comments?post=11017"}],"wp:featuredmedia":[{"embeddable":true,"href":"https:\/\/myreplicawatches.io\/es\/wp-json\/wp\/v2\/media\/9463"}],"wp:attachment":[{"href":"https:\/\/myreplicawatches.io\/es\/wp-json\/wp\/v2\/media?parent=11017"}],"wp:term":[{"taxonomy":"product_brand","embeddable":true,"href":"https:\/\/myreplicawatches.io\/es\/wp-json\/wp\/v2\/product_brand?post=11017"},{"taxonomy":"product_cat","embeddable":true,"href":"https:\/\/myreplicawatches.io\/es\/wp-json\/wp\/v2\/product_cat?post=11017"},{"taxonomy":"product_tag","embeddable":true,"href":"https:\/\/myreplicawatches.io\/es\/wp-json\/wp\/v2\/product_tag?post=11017"}],"curies":[{"name":"wp","href":"https:\/\/api.w.org\/{rel}","templated":true}]}}