{"id":11012,"date":"2024-08-19T11:17:54","date_gmt":"2024-08-19T11:17:54","guid":{"rendered":"https:\/\/myreplicawatches.io\/product\/replica-panerai-clon-sumergible-luna-rossa-esfera-blanca\/"},"modified":"2026-01-11T00:31:58","modified_gmt":"2026-01-11T00:31:58","slug":"replica-panerai-clon-sumergible-luna-rossa-esfera-blanca","status":"publish","type":"product","link":"https:\/\/myreplicawatches.io\/es\/product\/replica-panerai-clon-sumergible-luna-rossa-esfera-blanca\/","title":{"rendered":"R\u00e9plica Panerai Clon Sumergible Luna Rossa &#8211; Esfera blanca"},"content":{"rendered":"<h2>R\u00e9plica Panerai Clon Sumergible Luna Rossa &#8211; Esfera blanca &#8211; R\u00e9plica de la mejor calidad nuevo modelo lanzado en 2024.<\/h2>\n<p>&nbsp;<\/p>\n<h3>Ventajas de poseer la R\u00e9plica Panerai Clon Sumergible Luna Rossa &#8211; Esfera blanca:<\/h3>\n<ul>\n<li>Una r\u00e9plica puede comprarse a un precio mucho m\u00e1s barato que uno aut\u00e9ntico, sin embargo, un reloj r\u00e9plica parecer\u00e1 y se sentir\u00e1 igual que el original.<\/li>\n<li>Lo \u00faltimo que alguien quiere es gastarse una fortuna para conseguir un reloj de lujo que tiene peque\u00f1as diferencias con nuestras r\u00e9plicas de relojes.<\/li>\n<li>Muchos entusiastas de los relojes no quieren gastarse miles de d\u00f3lares en relojes y quieren tener esa gran sensaci\u00f3n de poseer un gran reloj de una marca de lujo. Es entonces cuando <a href=\"https:\/\/myreplicawatches.io\/es\/\">myreplicawatches<\/a> entra en escena y proporciona esa sensaci\u00f3n a sus clientes.<\/li>\n<li>\u00bf Tienes ya un aut\u00e9ntico reloj de alta gama que no quieres llevar por motivos de seguridad o por razones de devaluaci\u00f3n en algunas ocasiones ? Lleva tu R\u00e9plica de alta calidad Panerai Clon Sumergible Luna Rossa &#8211; Esfera de cara blanca si\u00e9ntete m\u00e1s seguro, ten la misma confianza, protege tus objetos de valor<\/li>\n<\/ul>\n<p>&nbsp;<\/p>\n<table class=\"product-details-spec-table\">\n<tbody>\n<tr>\n<td class=\"product-details__specification\">MARCA<\/td>\n<td class=\"text-capitalize\">Panerai<\/td>\n<\/tr>\n<tr>\n<td class=\"product-details__specification\">COLECCI\u00d3N\/FAMILIA<\/td>\n<td class=\"text-capitalize\">Sumergible<\/td>\n<\/tr>\n<tr>\n<td class=\"product-details__specification\">N\u00daMERO DE MODELO<\/td>\n<td class=\"text-capitalize\">PAM01466<\/td>\n<\/tr>\n<tr>\n<td class=\"product-details__specification\">G\u00c9NERO<\/td>\n<td class=\"text-capitalize\">Hombres<\/td>\n<\/tr>\n<tr>\n<td class=\"product-details__specification\">CONDICI\u00d3N<\/td>\n<td class=\"text-capitalize\">Nuevo<\/td>\n<\/tr>\n<tr>\n<td class=\"product-details__specification\">MOVIMIENTO<\/td>\n<td class=\"text-capitalize\">Autom\u00e1tico<\/td>\n<\/tr>\n<tr>\n<td class=\"product-details__specification\">DI\u00c1METRO DE LA CAJA<\/td>\n<td class=\"text-capitalize\">44 mm<\/td>\n<\/tr>\n<tr>\n<td class=\"product-details__specification\">MATERIAL DE LA CARCASA<\/td>\n<td class=\"text-capitalize\">Ti-Ceramitech<\/td>\n<\/tr>\n<tr>\n<td class=\"product-details__specification\">ESTILO NUM\u00c9RICO<\/td>\n<td class=\"text-capitalize\">Bast\u00f3n\/Punto<\/td>\n<\/tr>\n<tr>\n<td class=\"product-details__specification\">COLOR DEL DIAL<\/td>\n<td class=\"text-capitalize\">Blanco<\/td>\n<\/tr>\n<tr>\n<td class=\"product-details__specification\">COLOR DE LA CORREA<\/td>\n<td class=\"text-capitalize\">Negro<\/td>\n<\/tr>\n<tr>\n<td class=\"product-details__specification\">MATERIAL DE LA CORREA<\/td>\n<td class=\"text-capitalize\">Goma<\/td>\n<\/tr>\n<tr>\n<td class=\"product-details__specification\">RESISTENCIA AL AGUA<\/td>\n<td class=\"text-capitalize\">10m<\/td>\n<\/tr>\n<tr>\n<td class=\"product-details__specification\">REFERENCIA PRAGNELL<\/td>\n<td class=\"text-capitalize\">PAM01466<\/td>\n<\/tr>\n<tr>\n<td class=\"product-details__specification\">N\u00daMERO DE ART\u00cdCULO<\/td>\n<td class=\"text-capitalize js-update-product-code\">8527132<\/td>\n<\/tr>\n<\/tbody>\n<\/table>\n<p>&nbsp;<\/p>\n<h4>Pros<\/h4>\n<ul>\n<li>Muchos entusiastas de los relojes no quieren gastarse miles de d\u00f3lares en relojes y quieren tener esa gran sensaci\u00f3n de poseer un gran reloj de una marca de lujo. Es entonces cuando myreplicawatches entra en escena y proporciona esa sensaci\u00f3n a sus clientes<\/li>\n<\/ul>\n","protected":false},"excerpt":{"rendered":"<p>R\u00e9plica Panerai Clon Sumergible Luna Rossa &#8211; Esfera blanca &#8211; R\u00e9plica de la mejor calidad nuevo modelo lanzado en 2024. &nbsp; Ventajas de poseer la R\u00e9plica Panerai Clon Sumergible Luna Rossa &#8211; Esfera blanca: Una r\u00e9plica puede comprarse a un precio mucho m\u00e1s barato que uno aut\u00e9ntico, sin embargo, un reloj r\u00e9plica parecer\u00e1 y se<\/p>\n","protected":false},"featured_media":10216,"comment_status":"open","ping_status":"closed","template":"","meta":{"_uag_custom_page_level_css":"","site-sidebar-layout":"default","site-content-layout":"","ast-site-content-layout":"default","site-content-style":"default","site-sidebar-style":"default","ast-global-header-display":"","ast-banner-title-visibility":"","ast-main-header-display":"","ast-hfb-above-header-display":"","ast-hfb-below-header-display":"","ast-hfb-mobile-header-display":"","site-post-title":"","ast-breadcrumbs-content":"","ast-featured-img":"","footer-sml-layout":"","theme-transparent-header-meta":"default","adv-header-id-meta":"","stick-header-meta":"default","header-above-stick-meta":"","header-main-stick-meta":"","header-below-stick-meta":"","astra-migrate-meta-layouts":"set","ast-page-background-enabled":"default","ast-page-background-meta":{"desktop":{"background-color":"var(--ast-global-color-4)","background-image":"","background-repeat":"repeat","background-position":"center center","background-size":"auto","background-attachment":"scroll","background-type":"","background-media":"","overlay-type":"","overlay-color":"","overlay-opacity":"","overlay-gradient":""},"tablet":{"background-color":"","background-image":"","background-repeat":"repeat","background-position":"center center","background-size":"auto","background-attachment":"scroll","background-type":"","background-media":"","overlay-type":"","overlay-color":"","overlay-opacity":"","overlay-gradient":""},"mobile":{"background-color":"","background-image":"","background-repeat":"repeat","background-position":"center center","background-size":"auto","background-attachment":"scroll","background-type":"","background-media":"","overlay-type":"","overlay-color":"","overlay-opacity":"","overlay-gradient":""}},"ast-content-background-meta":{"desktop":{"background-color":"var(--ast-global-color-5)","background-image":"","background-repeat":"repeat","background-position":"center center","background-size":"auto","background-attachment":"scroll","background-type":"","background-media":"","overlay-type":"","overlay-color":"","overlay-opacity":"","overlay-gradient":""},"tablet":{"background-color":"var(--ast-global-color-5)","background-image":"","background-repeat":"repeat","background-position":"center center","background-size":"auto","background-attachment":"scroll","background-type":"","background-media":"","overlay-type":"","overlay-color":"","overlay-opacity":"","overlay-gradient":""},"mobile":{"background-color":"var(--ast-global-color-5)","background-image":"","background-repeat":"repeat","background-position":"center center","background-size":"auto","background-attachment":"scroll","background-type":"","background-media":"","overlay-type":"","overlay-color":"","overlay-opacity":"","overlay-gradient":""}}},"product_brand":[],"product_cat":[152,168,227,158],"product_tag":[494,938,942,648,559,1674,564,565,935,1123,563,934,246,228,937,465,882,1127,472,933],"class_list":{"0":"post-11012","1":"product","2":"type-product","3":"status-publish","4":"has-post-thumbnail","6":"product_cat-nueva-coleccion-2024","7":"product_cat-productos-mas-nuevos","8":"product_cat-replica-panerai","9":"product_cat-superclones","10":"product_tag-chronograph","11":"product_tag-classic-es","12":"product_tag-clone","13":"product_tag-elegant-es","14":"product_tag-exclusive","15":"product_tag-exclusive-piece-es","16":"product_tag-fashion-es","17":"product_tag-high-quality-es","18":"product_tag-jewelry-es","19":"product_tag-luna-rossa","20":"product_tag-luxury-es","21":"product_tag-mens-es","22":"product_tag-panerai-es","23":"product_tag-panerai-suizo","24":"product_tag-prestigious-es","25":"product_tag-replica","26":"product_tag-sporty-es","27":"product_tag-submersible","28":"product_tag-timepiece","29":"product_tag-watch-es","30":"desktop-align-left","31":"tablet-align-left","32":"mobile-align-left","33":"ast-product-gallery-layout-vertical-slider","34":"ast-product-single-variable","36":"first","37":"instock","38":"sale","39":"shipping-taxable","40":"purchasable","41":"product-type-variable"},"uagb_featured_image_src":{"full":["https:\/\/myreplicawatches.io\/wp-content\/uploads\/2024\/08\/Screenshot-2024-08-19-at-2.11.04-PM.jpg",982,994,false],"thumbnail":["https:\/\/myreplicawatches.io\/wp-content\/uploads\/2024\/08\/Screenshot-2024-08-19-at-2.11.04-PM-150x150.png",150,150,true],"medium":["https:\/\/myreplicawatches.io\/wp-content\/uploads\/2024\/08\/Screenshot-2024-08-19-at-2.11.04-PM-296x300.png",296,300,true],"medium_large":["https:\/\/myreplicawatches.io\/wp-content\/uploads\/2024\/08\/Screenshot-2024-08-19-at-2.11.04-PM-768x777.png",768,777,true],"large":["https:\/\/myreplicawatches.io\/wp-content\/uploads\/2024\/08\/Screenshot-2024-08-19-at-2.11.04-PM.jpg",982,994,false],"1536x1536":["https:\/\/myreplicawatches.io\/wp-content\/uploads\/2024\/08\/Screenshot-2024-08-19-at-2.11.04-PM.jpg",982,994,false],"2048x2048":["https:\/\/myreplicawatches.io\/wp-content\/uploads\/2024\/08\/Screenshot-2024-08-19-at-2.11.04-PM.jpg",982,994,false],"woocommerce_thumbnail":["https:\/\/myreplicawatches.io\/wp-content\/uploads\/2024\/08\/Screenshot-2024-08-19-at-2.11.04-PM-300x300.jpg",300,300,true],"woocommerce_single":["https:\/\/myreplicawatches.io\/wp-content\/uploads\/2024\/08\/Screenshot-2024-08-19-at-2.11.04-PM-600x607.jpg",600,607,true],"woocommerce_gallery_thumbnail":["https:\/\/myreplicawatches.io\/wp-content\/uploads\/2024\/08\/Screenshot-2024-08-19-at-2.11.04-PM-100x100.jpg",100,100,true],"variation_swatches_image_size":["https:\/\/myreplicawatches.io\/wp-content\/uploads\/2024\/08\/Screenshot-2024-08-19-at-2.11.04-PM-50x50.png",50,50,true],"variation_swatches_tooltip_size":["https:\/\/myreplicawatches.io\/wp-content\/uploads\/2024\/08\/Screenshot-2024-08-19-at-2.11.04-PM-100x100.png",100,100,true],"dgwt-wcas-product-suggestion":["https:\/\/myreplicawatches.io\/wp-content\/uploads\/2024\/08\/Screenshot-2024-08-19-at-2.11.04-PM-64x65.jpg",64,65,true]},"uagb_author_info":{"display_name":"admin","author_link":"https:\/\/myreplicawatches.io\/es\/author\/"},"uagb_comment_info":0,"uagb_excerpt":"R\u00e9plica Panerai Clon Sumergible Luna Rossa &#8211; Esfera blanca &#8211; R\u00e9plica de la mejor calidad nuevo modelo lanzado en 2024. &nbsp; Ventajas de poseer la R\u00e9plica Panerai Clon Sumergible Luna Rossa &#8211; Esfera blanca: Una r\u00e9plica puede comprarse a un precio mucho m\u00e1s barato que uno aut\u00e9ntico, sin embargo, un reloj r\u00e9plica parecer\u00e1 y se","jetpack_sharing_enabled":true,"_links":{"self":[{"href":"https:\/\/myreplicawatches.io\/es\/wp-json\/wp\/v2\/product\/11012","targetHints":{"allow":["GET"]}}],"collection":[{"href":"https:\/\/myreplicawatches.io\/es\/wp-json\/wp\/v2\/product"}],"about":[{"href":"https:\/\/myreplicawatches.io\/es\/wp-json\/wp\/v2\/types\/product"}],"replies":[{"embeddable":true,"href":"https:\/\/myreplicawatches.io\/es\/wp-json\/wp\/v2\/comments?post=11012"}],"wp:featuredmedia":[{"embeddable":true,"href":"https:\/\/myreplicawatches.io\/es\/wp-json\/wp\/v2\/media\/10216"}],"wp:attachment":[{"href":"https:\/\/myreplicawatches.io\/es\/wp-json\/wp\/v2\/media?parent=11012"}],"wp:term":[{"taxonomy":"product_brand","embeddable":true,"href":"https:\/\/myreplicawatches.io\/es\/wp-json\/wp\/v2\/product_brand?post=11012"},{"taxonomy":"product_cat","embeddable":true,"href":"https:\/\/myreplicawatches.io\/es\/wp-json\/wp\/v2\/product_cat?post=11012"},{"taxonomy":"product_tag","embeddable":true,"href":"https:\/\/myreplicawatches.io\/es\/wp-json\/wp\/v2\/product_tag?post=11012"}],"curies":[{"name":"wp","href":"https:\/\/api.w.org\/{rel}","templated":true}]}}