{"id":11007,"date":"2024-08-19T11:02:08","date_gmt":"2024-08-19T11:02:08","guid":{"rendered":"https:\/\/myreplicawatches.io\/product\/replica-omega-seamaster-gmt-planet-ocean\/"},"modified":"2025-09-19T22:19:39","modified_gmt":"2025-09-19T22:19:39","slug":"replica-omega-seamaster-gmt-planet-ocean","status":"publish","type":"product","link":"https:\/\/myreplicawatches.io\/es\/product\/replica-omega-seamaster-gmt-planet-ocean\/","title":{"rendered":"R\u00e9plica Omega Seamaster GMT Planet Ocean"},"content":{"rendered":"<h2>R\u00e9plica Omega Clon Seamaster GMT Planet Ocean- R\u00e9plica de la mejor calidad del nuevo modelo lanzado en 2024.<\/h2>\n<p>&nbsp;<\/p>\n<h3>Ventajas de poseer Omega Replica Clon Seamaster GMT Planet Ocean:<\/h3>\n<ul>\n<li>Una r\u00e9plica puede comprarse a un precio mucho m\u00e1s barato que uno aut\u00e9ntico, sin embargo, un reloj r\u00e9plica parecer\u00e1 y se sentir\u00e1 igual que el original.<\/li>\n<li>Lo \u00faltimo que alguien quiere es gastarse una fortuna para conseguir un reloj de lujo que tiene peque\u00f1as diferencias con nuestras r\u00e9plicas de relojes.<\/li>\n<li>Muchos entusiastas de los relojes no quieren gastarse miles de d\u00f3lares en relojes y quieren tener esa gran sensaci\u00f3n de poseer un gran reloj de una marca de lujo. Es entonces cuando <a href=\"https:\/\/myreplicawatches.io\/es\/\">myreplicawatches<\/a> entra en escena y proporciona esa sensaci\u00f3n a sus clientes.<\/li>\n<li>\u00bf Tienes ya un aut\u00e9ntico reloj de alta gama que no quieres llevar por motivos de seguridad o por razones de devaluaci\u00f3n en algunas ocasiones ? Lleva tu R\u00e9plica de alta calidad Omega Seamaster GMT Planet Oceany si\u00e9ntete m\u00e1s seguro, ten la misma confianza, protege tus objetos de valor<\/li>\n<\/ul>\n<p>&nbsp;<\/p>\n<table class=\"data-table\">\n<tbody>\n<tr class=\"odd\">\n<td class=\"spec-name\">Colecci\u00f3n<\/td>\n<td class=\"spec-value\">Seamaster<\/td>\n<\/tr>\n<tr class=\"even\">\n<td class=\"spec-name\">Movimiento<\/td>\n<td class=\"spec-value\">Autom\u00e1tico<\/td>\n<\/tr>\n<tr class=\"odd\">\n<td class=\"spec-name\">Material de la caja<\/td>\n<td class=\"spec-value\">Acero inoxidable<\/td>\n<\/tr>\n<tr class=\"even\">\n<td class=\"spec-name\">Material de la correa<\/td>\n<td class=\"spec-value\">Cuero<\/td>\n<\/tr>\n<tr class=\"odd\">\n<td class=\"spec-name\">Color de la esfera<\/td>\n<td class=\"spec-value\">Negro<\/td>\n<\/tr>\n<tr class=\"even\">\n<td class=\"spec-name\">Tama\u00f1o de la caja<\/td>\n<td class=\"spec-value\">43,5 mm<\/td>\n<\/tr>\n<tr class=\"odd\">\n<td class=\"spec-name\">Cristal<\/td>\n<td class=\"spec-value\">Zafiro<\/td>\n<\/tr>\n<tr class=\"even\">\n<td class=\"spec-name\">Resistencia al agua<\/td>\n<td class=\"spec-value\">10m<\/td>\n<\/tr>\n<tr class=\"odd\">\n<td class=\"spec-name\">Reserva de marcha<\/td>\n<td class=\"spec-value\">24 horas<\/td>\n<\/tr>\n<tr class=\"even\">\n<td class=\"spec-name\">Caracter\u00edsticas del reloj<\/td>\n<td class=\"spec-value\">Reserva de marcha, Cron\u00f3metro, Bisel giratorio unidireccional, Corona de rosca, V\u00e1lvula de escape de helio, Fondo transparente, Fecha<\/td>\n<\/tr>\n<\/tbody>\n<\/table>\n<p>&nbsp;<\/p>\n<h4>Pros<\/h4>\n<ul>\n<li>Muchos entusiastas de los relojes no quieren gastarse miles de d\u00f3lares en relojes y quieren tener esa gran sensaci\u00f3n de poseer un gran reloj de una marca de lujo. Es entonces cuando myreplicawatches entra en escena y proporciona esa sensaci\u00f3n a sus clientes<\/li>\n<\/ul>\n","protected":false},"excerpt":{"rendered":"<p>R\u00e9plica Omega Clon Seamaster GMT Planet Ocean- R\u00e9plica de la mejor calidad del nuevo modelo lanzado en 2024. &nbsp; Ventajas de poseer Omega Replica Clon Seamaster GMT Planet Ocean: Una r\u00e9plica puede comprarse a un precio mucho m\u00e1s barato que uno aut\u00e9ntico, sin embargo, un reloj r\u00e9plica parecer\u00e1 y se sentir\u00e1 igual que el original.<\/p>\n","protected":false},"featured_media":10198,"comment_status":"open","ping_status":"closed","template":"","meta":{"_uag_custom_page_level_css":"","site-sidebar-layout":"default","site-content-layout":"","ast-site-content-layout":"default","site-content-style":"default","site-sidebar-style":"default","ast-global-header-display":"","ast-banner-title-visibility":"","ast-main-header-display":"","ast-hfb-above-header-display":"","ast-hfb-below-header-display":"","ast-hfb-mobile-header-display":"","site-post-title":"","ast-breadcrumbs-content":"","ast-featured-img":"","footer-sml-layout":"","theme-transparent-header-meta":"default","adv-header-id-meta":"","stick-header-meta":"default","header-above-stick-meta":"","header-main-stick-meta":"","header-below-stick-meta":"","astra-migrate-meta-layouts":"set","ast-page-background-enabled":"default","ast-page-background-meta":{"desktop":{"background-color":"var(--ast-global-color-4)","background-image":"","background-repeat":"repeat","background-position":"center center","background-size":"auto","background-attachment":"scroll","background-type":"","background-media":"","overlay-type":"","overlay-color":"","overlay-opacity":"","overlay-gradient":""},"tablet":{"background-color":"","background-image":"","background-repeat":"repeat","background-position":"center center","background-size":"auto","background-attachment":"scroll","background-type":"","background-media":"","overlay-type":"","overlay-color":"","overlay-opacity":"","overlay-gradient":""},"mobile":{"background-color":"","background-image":"","background-repeat":"repeat","background-position":"center center","background-size":"auto","background-attachment":"scroll","background-type":"","background-media":"","overlay-type":"","overlay-color":"","overlay-opacity":"","overlay-gradient":""}},"ast-content-background-meta":{"desktop":{"background-color":"var(--ast-global-color-5)","background-image":"","background-repeat":"repeat","background-position":"center center","background-size":"auto","background-attachment":"scroll","background-type":"","background-media":"","overlay-type":"","overlay-color":"","overlay-opacity":"","overlay-gradient":""},"tablet":{"background-color":"var(--ast-global-color-5)","background-image":"","background-repeat":"repeat","background-position":"center center","background-size":"auto","background-attachment":"scroll","background-type":"","background-media":"","overlay-type":"","overlay-color":"","overlay-opacity":"","overlay-gradient":""},"mobile":{"background-color":"var(--ast-global-color-5)","background-image":"","background-repeat":"repeat","background-position":"center center","background-size":"auto","background-attachment":"scroll","background-type":"","background-media":"","overlay-type":"","overlay-color":"","overlay-opacity":"","overlay-gradient":""}}},"product_brand":[],"product_cat":[152,168,174],"product_tag":[],"class_list":{"0":"post-11007","1":"product","2":"type-product","3":"status-publish","4":"has-post-thumbnail","6":"product_cat-nueva-coleccion-2024","7":"product_cat-productos-mas-nuevos","8":"product_cat-replica-de-rolex-gmt-master-aaa","9":"desktop-align-left","10":"tablet-align-left","11":"mobile-align-left","12":"ast-product-gallery-layout-vertical-slider","13":"ast-product-single-variable","15":"first","16":"instock","17":"sale","18":"shipping-taxable","19":"purchasable","20":"product-type-variable"},"uagb_featured_image_src":{"full":["https:\/\/myreplicawatches.io\/wp-content\/uploads\/2024\/08\/Screenshot-2024-08-19-at-1.56.24-PM.jpg",1048,1078,false],"thumbnail":["https:\/\/myreplicawatches.io\/wp-content\/uploads\/2024\/08\/Screenshot-2024-08-19-at-1.56.24-PM-150x150.png",150,150,true],"medium":["https:\/\/myreplicawatches.io\/wp-content\/uploads\/2024\/08\/Screenshot-2024-08-19-at-1.56.24-PM-292x300.png",292,300,true],"medium_large":["https:\/\/myreplicawatches.io\/wp-content\/uploads\/2024\/08\/Screenshot-2024-08-19-at-1.56.24-PM-768x790.png",768,790,true],"large":["https:\/\/myreplicawatches.io\/wp-content\/uploads\/2024\/08\/Screenshot-2024-08-19-at-1.56.24-PM-996x1024.png",996,1024,true],"1536x1536":["https:\/\/myreplicawatches.io\/wp-content\/uploads\/2024\/08\/Screenshot-2024-08-19-at-1.56.24-PM.jpg",1048,1078,false],"2048x2048":["https:\/\/myreplicawatches.io\/wp-content\/uploads\/2024\/08\/Screenshot-2024-08-19-at-1.56.24-PM.jpg",1048,1078,false],"woocommerce_thumbnail":["https:\/\/myreplicawatches.io\/wp-content\/uploads\/2024\/08\/Screenshot-2024-08-19-at-1.56.24-PM-300x300.jpg",300,300,true],"woocommerce_single":["https:\/\/myreplicawatches.io\/wp-content\/uploads\/2024\/08\/Screenshot-2024-08-19-at-1.56.24-PM-600x617.jpg",600,617,true],"woocommerce_gallery_thumbnail":["https:\/\/myreplicawatches.io\/wp-content\/uploads\/2024\/08\/Screenshot-2024-08-19-at-1.56.24-PM-100x100.jpg",100,100,true],"variation_swatches_image_size":["https:\/\/myreplicawatches.io\/wp-content\/uploads\/2024\/08\/Screenshot-2024-08-19-at-1.56.24-PM-50x50.png",50,50,true],"variation_swatches_tooltip_size":["https:\/\/myreplicawatches.io\/wp-content\/uploads\/2024\/08\/Screenshot-2024-08-19-at-1.56.24-PM-100x100.png",100,100,true],"dgwt-wcas-product-suggestion":["https:\/\/myreplicawatches.io\/wp-content\/uploads\/2024\/08\/Screenshot-2024-08-19-at-1.56.24-PM-64x66.jpg",64,66,true]},"uagb_author_info":{"display_name":"admin","author_link":"https:\/\/myreplicawatches.io\/es\/author\/"},"uagb_comment_info":0,"uagb_excerpt":"R\u00e9plica Omega Clon Seamaster GMT Planet Ocean- R\u00e9plica de la mejor calidad del nuevo modelo lanzado en 2024. &nbsp; Ventajas de poseer Omega Replica Clon Seamaster GMT Planet Ocean: Una r\u00e9plica puede comprarse a un precio mucho m\u00e1s barato que uno aut\u00e9ntico, sin embargo, un reloj r\u00e9plica parecer\u00e1 y se sentir\u00e1 igual que el original.","jetpack_sharing_enabled":true,"_links":{"self":[{"href":"https:\/\/myreplicawatches.io\/es\/wp-json\/wp\/v2\/product\/11007","targetHints":{"allow":["GET"]}}],"collection":[{"href":"https:\/\/myreplicawatches.io\/es\/wp-json\/wp\/v2\/product"}],"about":[{"href":"https:\/\/myreplicawatches.io\/es\/wp-json\/wp\/v2\/types\/product"}],"replies":[{"embeddable":true,"href":"https:\/\/myreplicawatches.io\/es\/wp-json\/wp\/v2\/comments?post=11007"}],"wp:featuredmedia":[{"embeddable":true,"href":"https:\/\/myreplicawatches.io\/es\/wp-json\/wp\/v2\/media\/10198"}],"wp:attachment":[{"href":"https:\/\/myreplicawatches.io\/es\/wp-json\/wp\/v2\/media?parent=11007"}],"wp:term":[{"taxonomy":"product_brand","embeddable":true,"href":"https:\/\/myreplicawatches.io\/es\/wp-json\/wp\/v2\/product_brand?post=11007"},{"taxonomy":"product_cat","embeddable":true,"href":"https:\/\/myreplicawatches.io\/es\/wp-json\/wp\/v2\/product_cat?post=11007"},{"taxonomy":"product_tag","embeddable":true,"href":"https:\/\/myreplicawatches.io\/es\/wp-json\/wp\/v2\/product_tag?post=11007"}],"curies":[{"name":"wp","href":"https:\/\/api.w.org\/{rel}","templated":true}]}}