{"id":11004,"date":"2024-08-18T21:41:46","date_gmt":"2024-08-18T21:41:46","guid":{"rendered":"https:\/\/myreplicawatches.io\/product\/replica-omega-seamaster-300m-negro-negro-caja-de-ceramica-super-clon-replica\/"},"modified":"2025-09-19T22:19:44","modified_gmt":"2025-09-19T22:19:44","slug":"replica-omega-seamaster-300m-negro-negro-caja-de-ceramica-super-clon-replica","status":"publish","type":"product","link":"https:\/\/myreplicawatches.io\/es\/product\/replica-omega-seamaster-300m-negro-negro-caja-de-ceramica-super-clon-replica\/","title":{"rendered":"R\u00e9plica Omega Seamaster 300M \u00abNegro Negro\u00bb Caja de cer\u00e1mica Super Clon R\u00e9plica"},"content":{"rendered":"<h2>R\u00e9plica Omega Seamaster 300M \u00abNegro Negro\u00bb Caja de cer\u00e1mica Super Clon R\u00e9plica<\/h2>\n<p>&nbsp;<\/p>\n<h5>Ventajas de poseer la r\u00e9plica Omega Seamaster 300M \u00abNegro Negro\u00bb Caja de cer\u00e1mica Super Clon R\u00e9plica<\/h5>\n<ul>\n<li>Una r\u00e9plica puede comprarse a un precio mucho m\u00e1s barato que uno aut\u00e9ntico, sin embargo, un reloj r\u00e9plica parecer\u00e1 y se sentir\u00e1 igual que el original.<\/li>\n<li>Lo \u00faltimo que alguien quiere es gastarse una fortuna para conseguir un reloj de lujo que tiene peque\u00f1as diferencias con nuestras r\u00e9plicas de relojes.<\/li>\n<li>Muchos entusiastas de los relojes no quieren gastarse miles de d\u00f3lares en relojes y quieren tener esa gran sensaci\u00f3n de poseer un gran reloj de una marca de lujo. Aqu\u00ed es cuando entran en juego los relojes myreplicawatches.io y proporcionan esa sensaci\u00f3n a sus clientes.<\/li>\n<li>\u00bf Tienes ya un aut\u00e9ntico reloj de alta gama que no quieres llevar por motivos de seguridad o por razones de devaluaci\u00f3n en algunas ocasiones ? Lleva tu r\u00e9plica de alta calidad Omega Seamaster 300M \u00abBlack Black\u00bb Ceramic Case Super Clone ReplicaWatch y si\u00e9ntete m\u00e1s seguro, ten la misma confianza, protege tus objetos de valor<\/li>\n<\/ul>\n<p>R\u00e9plica de Reloj Omega Seamaster 300M \u00abNegro Negro\u00bb Caja de Cer\u00e1mica Suiza 1:1 Espejo La Mejor R\u00e9plica de este modelo hasta la fecha para este modelo.<br \/>\nRef# 210.92.44.20.01.003 Todas las Piezas Intercambiables con las Originales Cal.8806 Suizo Genuino<br \/>\nMovimiento utilizado en este reloj con alineaci\u00f3n de la maquinaria exactamente igual que los originales Caja de cer\u00e1mica de una pieza completa con todas las marcas y grabados.<br \/>\nTapa trasera de cer\u00e1mica con cristal de zafiro transparente Esfera de cer\u00e1mica negra con textura ondulada, indicador de fecha y agujas de horas\/minutos verdes superluminosas con \u00edndices azules superluminosos Bisel giratorio unidireccional negro Cristales de zafiro a prueba de ara\u00f1azos con revestimiento antirreflejos de doble capa Genuina correa de caucho negro con hebilla hexagonal completa con marcas y grabados Omega 43,50 mm<\/p>\n<div id=\"elementor-tab-title-4231\" class=\"elementor-tab-title elementor-active\" tabindex=\"0\" role=\"button\" data-tab=\"1\" aria-controls=\"elementor-tab-content-4231\" aria-expanded=\"true\" aria-selected=\"true\"><a class=\"elementor-toggle-title\" tabindex=\"0\">Plazo de env\u00edo<\/a><\/div>\n<div id=\"elementor-tab-content-4231\" class=\"elementor-tab-content elementor-clearfix elementor-active\" role=\"region\" data-tab=\"1\" aria-labelledby=\"elementor-tab-title-4231\">La llegada estimada es de 4-12 d\u00edas despu\u00e9s del env\u00edo, recibir\u00e1s tu n\u00famero de seguimiento en 2-3 d\u00edas despu\u00e9s de tu pedido.<\/div>\n","protected":false},"excerpt":{"rendered":"<p>R\u00e9plica Omega Seamaster 300M \u00abNegro Negro\u00bb Caja de cer\u00e1mica Super Clon R\u00e9plica &nbsp; Ventajas de poseer la r\u00e9plica Omega Seamaster 300M \u00abNegro Negro\u00bb Caja de cer\u00e1mica Super Clon R\u00e9plica Una r\u00e9plica puede comprarse a un precio mucho m\u00e1s barato que uno aut\u00e9ntico, sin embargo, un reloj r\u00e9plica parecer\u00e1 y se sentir\u00e1 igual que el original.<\/p>\n","protected":false},"featured_media":10159,"comment_status":"open","ping_status":"closed","template":"","meta":{"_uag_custom_page_level_css":"","site-sidebar-layout":"default","site-content-layout":"","ast-site-content-layout":"default","site-content-style":"default","site-sidebar-style":"default","ast-global-header-display":"","ast-banner-title-visibility":"","ast-main-header-display":"","ast-hfb-above-header-display":"","ast-hfb-below-header-display":"","ast-hfb-mobile-header-display":"","site-post-title":"","ast-breadcrumbs-content":"","ast-featured-img":"","footer-sml-layout":"","theme-transparent-header-meta":"default","adv-header-id-meta":"","stick-header-meta":"default","header-above-stick-meta":"","header-main-stick-meta":"","header-below-stick-meta":"","astra-migrate-meta-layouts":"set","ast-page-background-enabled":"default","ast-page-background-meta":{"desktop":{"background-color":"var(--ast-global-color-4)","background-image":"","background-repeat":"repeat","background-position":"center center","background-size":"auto","background-attachment":"scroll","background-type":"","background-media":"","overlay-type":"","overlay-color":"","overlay-opacity":"","overlay-gradient":""},"tablet":{"background-color":"","background-image":"","background-repeat":"repeat","background-position":"center center","background-size":"auto","background-attachment":"scroll","background-type":"","background-media":"","overlay-type":"","overlay-color":"","overlay-opacity":"","overlay-gradient":""},"mobile":{"background-color":"","background-image":"","background-repeat":"repeat","background-position":"center center","background-size":"auto","background-attachment":"scroll","background-type":"","background-media":"","overlay-type":"","overlay-color":"","overlay-opacity":"","overlay-gradient":""}},"ast-content-background-meta":{"desktop":{"background-color":"var(--ast-global-color-5)","background-image":"","background-repeat":"repeat","background-position":"center center","background-size":"auto","background-attachment":"scroll","background-type":"","background-media":"","overlay-type":"","overlay-color":"","overlay-opacity":"","overlay-gradient":""},"tablet":{"background-color":"var(--ast-global-color-5)","background-image":"","background-repeat":"repeat","background-position":"center center","background-size":"auto","background-attachment":"scroll","background-type":"","background-media":"","overlay-type":"","overlay-color":"","overlay-opacity":"","overlay-gradient":""},"mobile":{"background-color":"var(--ast-global-color-5)","background-image":"","background-repeat":"repeat","background-position":"center center","background-size":"auto","background-attachment":"scroll","background-type":"","background-media":"","overlay-type":"","overlay-color":"","overlay-opacity":"","overlay-gradient":""}}},"product_brand":[],"product_cat":[152,168,226,163,158],"product_tag":[4156],"class_list":{"0":"post-11004","1":"product","2":"type-product","3":"status-publish","4":"has-post-thumbnail","6":"product_cat-nueva-coleccion-2024","7":"product_cat-productos-mas-nuevos","8":"product_cat-replica-omega-seamaster","9":"product_cat-super-clon-omega","10":"product_cat-superclones","11":"product_tag-omega-seamaster-300m-replica-es","12":"desktop-align-left","13":"tablet-align-left","14":"mobile-align-left","15":"ast-product-gallery-layout-vertical-slider","16":"ast-product-single-variable","18":"first","19":"instock","20":"sale","21":"shipping-taxable","22":"purchasable","23":"product-type-variable"},"uagb_featured_image_src":{"full":["https:\/\/myreplicawatches.io\/wp-content\/uploads\/2024\/08\/Screenshot-2024-08-19-at-12.40.20-AM.jpg",736,740,false],"thumbnail":["https:\/\/myreplicawatches.io\/wp-content\/uploads\/2024\/08\/Screenshot-2024-08-19-at-12.40.20-AM-150x150.png",150,150,true],"medium":["https:\/\/myreplicawatches.io\/wp-content\/uploads\/2024\/08\/Screenshot-2024-08-19-at-12.40.20-AM-298x300.png",298,300,true],"medium_large":["https:\/\/myreplicawatches.io\/wp-content\/uploads\/2024\/08\/Screenshot-2024-08-19-at-12.40.20-AM.jpg",736,740,false],"large":["https:\/\/myreplicawatches.io\/wp-content\/uploads\/2024\/08\/Screenshot-2024-08-19-at-12.40.20-AM.jpg",736,740,false],"1536x1536":["https:\/\/myreplicawatches.io\/wp-content\/uploads\/2024\/08\/Screenshot-2024-08-19-at-12.40.20-AM.jpg",736,740,false],"2048x2048":["https:\/\/myreplicawatches.io\/wp-content\/uploads\/2024\/08\/Screenshot-2024-08-19-at-12.40.20-AM.jpg",736,740,false],"woocommerce_thumbnail":["https:\/\/myreplicawatches.io\/wp-content\/uploads\/2024\/08\/Screenshot-2024-08-19-at-12.40.20-AM-300x300.jpg",300,300,true],"woocommerce_single":["https:\/\/myreplicawatches.io\/wp-content\/uploads\/2024\/08\/Screenshot-2024-08-19-at-12.40.20-AM-600x603.jpg",600,603,true],"woocommerce_gallery_thumbnail":["https:\/\/myreplicawatches.io\/wp-content\/uploads\/2024\/08\/Screenshot-2024-08-19-at-12.40.20-AM-100x100.jpg",100,100,true],"variation_swatches_image_size":["https:\/\/myreplicawatches.io\/wp-content\/uploads\/2024\/08\/Screenshot-2024-08-19-at-12.40.20-AM-50x50.png",50,50,true],"variation_swatches_tooltip_size":["https:\/\/myreplicawatches.io\/wp-content\/uploads\/2024\/08\/Screenshot-2024-08-19-at-12.40.20-AM-100x100.png",100,100,true],"dgwt-wcas-product-suggestion":["https:\/\/myreplicawatches.io\/wp-content\/uploads\/2024\/08\/Screenshot-2024-08-19-at-12.40.20-AM-64x64.jpg",64,64,true]},"uagb_author_info":{"display_name":"admin","author_link":"https:\/\/myreplicawatches.io\/es\/author\/"},"uagb_comment_info":0,"uagb_excerpt":"R\u00e9plica Omega Seamaster 300M \u00abNegro Negro\u00bb Caja de cer\u00e1mica Super Clon R\u00e9plica &nbsp; Ventajas de poseer la r\u00e9plica Omega Seamaster 300M \u00abNegro Negro\u00bb Caja de cer\u00e1mica Super Clon R\u00e9plica Una r\u00e9plica puede comprarse a un precio mucho m\u00e1s barato que uno aut\u00e9ntico, sin embargo, un reloj r\u00e9plica parecer\u00e1 y se sentir\u00e1 igual que el original.","jetpack_sharing_enabled":true,"_links":{"self":[{"href":"https:\/\/myreplicawatches.io\/es\/wp-json\/wp\/v2\/product\/11004","targetHints":{"allow":["GET"]}}],"collection":[{"href":"https:\/\/myreplicawatches.io\/es\/wp-json\/wp\/v2\/product"}],"about":[{"href":"https:\/\/myreplicawatches.io\/es\/wp-json\/wp\/v2\/types\/product"}],"replies":[{"embeddable":true,"href":"https:\/\/myreplicawatches.io\/es\/wp-json\/wp\/v2\/comments?post=11004"}],"wp:featuredmedia":[{"embeddable":true,"href":"https:\/\/myreplicawatches.io\/es\/wp-json\/wp\/v2\/media\/10159"}],"wp:attachment":[{"href":"https:\/\/myreplicawatches.io\/es\/wp-json\/wp\/v2\/media?parent=11004"}],"wp:term":[{"taxonomy":"product_brand","embeddable":true,"href":"https:\/\/myreplicawatches.io\/es\/wp-json\/wp\/v2\/product_brand?post=11004"},{"taxonomy":"product_cat","embeddable":true,"href":"https:\/\/myreplicawatches.io\/es\/wp-json\/wp\/v2\/product_cat?post=11004"},{"taxonomy":"product_tag","embeddable":true,"href":"https:\/\/myreplicawatches.io\/es\/wp-json\/wp\/v2\/product_tag?post=11004"}],"curies":[{"name":"wp","href":"https:\/\/api.w.org\/{rel}","templated":true}]}}