{"id":11001,"date":"2024-08-19T11:47:41","date_gmt":"2024-08-19T11:47:41","guid":{"rendered":"https:\/\/myreplicawatches.io\/product\/replica-personalizada-de-la-tarjeta-de-garantia-omega\/"},"modified":"2025-09-19T22:19:26","modified_gmt":"2025-09-19T22:19:26","slug":"replica-personalizada-de-la-tarjeta-de-garantia-omega","status":"publish","type":"product","link":"https:\/\/myreplicawatches.io\/es\/product\/replica-personalizada-de-la-tarjeta-de-garantia-omega\/","title":{"rendered":"R\u00e9plica personalizada de la tarjeta de garant\u00eda Omega"},"content":{"rendered":"<h2>R\u00e9plica personalizada de tarjeta de garant\u00eda Omega &#8211; La mejor r\u00e9plica de tarjeta de garant\u00eda Omega del mercado<\/h2>\n<p>Tarjeta de garant\u00eda nueva Omega con n\u00famero de serie y modelo personalizados. Tarjeta de garant\u00eda de r\u00e9plica de clon de alta calidad. Tenemos nuestra propia m\u00e1quina de impresi\u00f3n l\u00e1ser y personalizamos tu tarjeta como quieras Por favor, rellena lo siguiente : <strong>N\u00famero de referencia : <\/strong><strong>N\u00famero de reloj : <\/strong><\/p>\n<p>&nbsp;<\/p>\n","protected":false},"excerpt":{"rendered":"<p>R\u00e9plica personalizada de tarjeta de garant\u00eda Omega &#8211; La mejor r\u00e9plica de tarjeta de garant\u00eda Omega del mercado Tarjeta de garant\u00eda nueva Omega con n\u00famero de serie y modelo personalizados. Tarjeta de garant\u00eda de r\u00e9plica de clon de alta calidad. Tenemos nuestra propia m\u00e1quina de impresi\u00f3n l\u00e1ser y personalizamos tu tarjeta como quieras Por favor,<\/p>\n","protected":false},"featured_media":10248,"comment_status":"open","ping_status":"closed","template":"","meta":{"_uag_custom_page_level_css":"","site-sidebar-layout":"default","site-content-layout":"","ast-site-content-layout":"default","site-content-style":"default","site-sidebar-style":"default","ast-global-header-display":"","ast-banner-title-visibility":"","ast-main-header-display":"","ast-hfb-above-header-display":"","ast-hfb-below-header-display":"","ast-hfb-mobile-header-display":"","site-post-title":"","ast-breadcrumbs-content":"","ast-featured-img":"","footer-sml-layout":"","theme-transparent-header-meta":"default","adv-header-id-meta":"","stick-header-meta":"default","header-above-stick-meta":"","header-main-stick-meta":"","header-below-stick-meta":"","astra-migrate-meta-layouts":"set","ast-page-background-enabled":"default","ast-page-background-meta":{"desktop":{"background-color":"var(--ast-global-color-4)","background-image":"","background-repeat":"repeat","background-position":"center center","background-size":"auto","background-attachment":"scroll","background-type":"","background-media":"","overlay-type":"","overlay-color":"","overlay-opacity":"","overlay-gradient":""},"tablet":{"background-color":"","background-image":"","background-repeat":"repeat","background-position":"center center","background-size":"auto","background-attachment":"scroll","background-type":"","background-media":"","overlay-type":"","overlay-color":"","overlay-opacity":"","overlay-gradient":""},"mobile":{"background-color":"","background-image":"","background-repeat":"repeat","background-position":"center center","background-size":"auto","background-attachment":"scroll","background-type":"","background-media":"","overlay-type":"","overlay-color":"","overlay-opacity":"","overlay-gradient":""}},"ast-content-background-meta":{"desktop":{"background-color":"var(--ast-global-color-5)","background-image":"","background-repeat":"repeat","background-position":"center center","background-size":"auto","background-attachment":"scroll","background-type":"","background-media":"","overlay-type":"","overlay-color":"","overlay-opacity":"","overlay-gradient":""},"tablet":{"background-color":"var(--ast-global-color-5)","background-image":"","background-repeat":"repeat","background-position":"center center","background-size":"auto","background-attachment":"scroll","background-type":"","background-media":"","overlay-type":"","overlay-color":"","overlay-opacity":"","overlay-gradient":""},"mobile":{"background-color":"var(--ast-global-color-5)","background-image":"","background-repeat":"repeat","background-position":"center center","background-size":"auto","background-attachment":"scroll","background-type":"","background-media":"","overlay-type":"","overlay-color":"","overlay-opacity":"","overlay-gradient":""}}},"product_brand":[],"product_cat":[178,152,168,150,163],"product_tag":[1076,1078,1079,648,559,1082,565,563,255,1080,758,465,1077,1081,933],"class_list":{"0":"post-11001","1":"product","2":"type-product","3":"status-publish","4":"has-post-thumbnail","6":"product_cat-cajas-replica-de-relojes","7":"product_cat-nueva-coleccion-2024","8":"product_cat-productos-mas-nuevos","9":"product_cat-relojes-replica-omega-de-la-mej","10":"product_cat-super-clon-omega","11":"product_tag-accessory","12":"product_tag-collection","13":"product_tag-design","14":"product_tag-elegant-es","15":"product_tag-exclusive","16":"product_tag-guaranteed","17":"product_tag-high-quality-es","18":"product_tag-luxury-es","19":"product_tag-omega-es","20":"product_tag-omega-watch","21":"product_tag-original","22":"product_tag-replica","23":"product_tag-style","24":"product_tag-unique-piece","25":"product_tag-watch-es","26":"desktop-align-left","27":"tablet-align-left","28":"mobile-align-left","29":"ast-product-gallery-layout-vertical-slider","31":"first","32":"instock","33":"sale","34":"shipping-taxable","35":"purchasable","36":"product-type-simple"},"uagb_featured_image_src":{"full":["https:\/\/myreplicawatches.io\/wp-content\/uploads\/2024\/08\/Screenshot-2024-08-19-at-2.46.09-PM.jpg",782,784,false],"thumbnail":["https:\/\/myreplicawatches.io\/wp-content\/uploads\/2024\/08\/Screenshot-2024-08-19-at-2.46.09-PM-150x150.png",150,150,true],"medium":["https:\/\/myreplicawatches.io\/wp-content\/uploads\/2024\/08\/Screenshot-2024-08-19-at-2.46.09-PM-300x300.png",300,300,true],"medium_large":["https:\/\/myreplicawatches.io\/wp-content\/uploads\/2024\/08\/Screenshot-2024-08-19-at-2.46.09-PM-768x770.png",768,770,true],"large":["https:\/\/myreplicawatches.io\/wp-content\/uploads\/2024\/08\/Screenshot-2024-08-19-at-2.46.09-PM.jpg",782,784,false],"1536x1536":["https:\/\/myreplicawatches.io\/wp-content\/uploads\/2024\/08\/Screenshot-2024-08-19-at-2.46.09-PM.jpg",782,784,false],"2048x2048":["https:\/\/myreplicawatches.io\/wp-content\/uploads\/2024\/08\/Screenshot-2024-08-19-at-2.46.09-PM.jpg",782,784,false],"woocommerce_thumbnail":["https:\/\/myreplicawatches.io\/wp-content\/uploads\/2024\/08\/Screenshot-2024-08-19-at-2.46.09-PM-300x300.jpg",300,300,true],"woocommerce_single":["https:\/\/myreplicawatches.io\/wp-content\/uploads\/2024\/08\/Screenshot-2024-08-19-at-2.46.09-PM-600x602.jpg",600,602,true],"woocommerce_gallery_thumbnail":["https:\/\/myreplicawatches.io\/wp-content\/uploads\/2024\/08\/Screenshot-2024-08-19-at-2.46.09-PM-100x100.jpg",100,100,true],"variation_swatches_image_size":["https:\/\/myreplicawatches.io\/wp-content\/uploads\/2024\/08\/Screenshot-2024-08-19-at-2.46.09-PM-50x50.png",50,50,true],"variation_swatches_tooltip_size":["https:\/\/myreplicawatches.io\/wp-content\/uploads\/2024\/08\/Screenshot-2024-08-19-at-2.46.09-PM-100x100.png",100,100,true],"dgwt-wcas-product-suggestion":["https:\/\/myreplicawatches.io\/wp-content\/uploads\/2024\/08\/Screenshot-2024-08-19-at-2.46.09-PM-64x64.jpg",64,64,true]},"uagb_author_info":{"display_name":"admin","author_link":"https:\/\/myreplicawatches.io\/es\/author\/"},"uagb_comment_info":0,"uagb_excerpt":"R\u00e9plica personalizada de tarjeta de garant\u00eda Omega &#8211; La mejor r\u00e9plica de tarjeta de garant\u00eda Omega del mercado Tarjeta de garant\u00eda nueva Omega con n\u00famero de serie y modelo personalizados. Tarjeta de garant\u00eda de r\u00e9plica de clon de alta calidad. Tenemos nuestra propia m\u00e1quina de impresi\u00f3n l\u00e1ser y personalizamos tu tarjeta como quieras Por favor,","jetpack_sharing_enabled":true,"_links":{"self":[{"href":"https:\/\/myreplicawatches.io\/es\/wp-json\/wp\/v2\/product\/11001","targetHints":{"allow":["GET"]}}],"collection":[{"href":"https:\/\/myreplicawatches.io\/es\/wp-json\/wp\/v2\/product"}],"about":[{"href":"https:\/\/myreplicawatches.io\/es\/wp-json\/wp\/v2\/types\/product"}],"replies":[{"embeddable":true,"href":"https:\/\/myreplicawatches.io\/es\/wp-json\/wp\/v2\/comments?post=11001"}],"wp:featuredmedia":[{"embeddable":true,"href":"https:\/\/myreplicawatches.io\/es\/wp-json\/wp\/v2\/media\/10248"}],"wp:attachment":[{"href":"https:\/\/myreplicawatches.io\/es\/wp-json\/wp\/v2\/media?parent=11001"}],"wp:term":[{"taxonomy":"product_brand","embeddable":true,"href":"https:\/\/myreplicawatches.io\/es\/wp-json\/wp\/v2\/product_brand?post=11001"},{"taxonomy":"product_cat","embeddable":true,"href":"https:\/\/myreplicawatches.io\/es\/wp-json\/wp\/v2\/product_cat?post=11001"},{"taxonomy":"product_tag","embeddable":true,"href":"https:\/\/myreplicawatches.io\/es\/wp-json\/wp\/v2\/product_tag?post=11001"}],"curies":[{"name":"wp","href":"https:\/\/api.w.org\/{rel}","templated":true}]}}