{"id":11000,"date":"2024-08-18T21:14:07","date_gmt":"2024-08-18T21:14:07","guid":{"rendered":"https:\/\/myreplicawatches.io\/product\/replica-rolex-1908-39-mm-oro-amarillo-con-correa-de-piel-de-caiman\/"},"modified":"2025-09-19T22:19:49","modified_gmt":"2025-09-19T22:19:49","slug":"replica-rolex-1908-39-mm-oro-amarillo-con-correa-de-piel-de-caiman","status":"publish","type":"product","link":"https:\/\/myreplicawatches.io\/es\/product\/replica-rolex-1908-39-mm-oro-amarillo-con-correa-de-piel-de-caiman\/","title":{"rendered":"R\u00e9plica Rolex 1908: 39 mm, oro amarillo con correa de piel de caim\u00e1n"},"content":{"rendered":"<h2>R\u00e9plica Rolex 1908: 39 mm, oro amarillo con correa de piel de caim\u00e1n<\/h2>\n<p>&nbsp;<\/p>\n<table>\n<tbody>\n<tr>\n<th>Marca<\/th>\n<td>Rolex<\/td>\n<\/tr>\n<tr>\n<th>Colecci\u00f3n<\/th>\n<td>1908<\/td>\n<\/tr>\n<tr>\n<th>Modelo<\/th>\n<td>m52508-0006<\/td>\n<\/tr>\n<tr>\n<th>G\u00e9nero<\/th>\n<td>Hombres<\/td>\n<\/tr>\n<tr>\n<th>Movimiento<\/th>\n<td>Autom\u00e1tico<\/td>\n<\/tr>\n<tr>\n<th>Tama\u00f1o de la caja<\/th>\n<td>39 MM<\/td>\n<\/tr>\n<tr>\n<th>Material de la caja<\/th>\n<td>Acero inoxidable de grado 316<\/td>\n<\/tr>\n<tr>\n<th>Material de la pulsera<\/th>\n<td>Cuero<\/td>\n<\/tr>\n<tr>\n<th>Tipo de esfera<\/th>\n<td>Esfera blanca<\/td>\n<\/tr>\n<\/tbody>\n<\/table>\n<p>&nbsp;<\/p>\n<h3>Ventajas de poseer la R\u00e9plica Rolex 1908: 39 mm, oro amarillo con correa de piel de alig\u00e1tor:<\/h3>\n<ul>\n<li>Una r\u00e9plica puede comprarse a un precio mucho m\u00e1s barato que uno aut\u00e9ntico, sin embargo, un reloj r\u00e9plica parecer\u00e1 y se sentir\u00e1 igual que el original.<\/li>\n<li>Lo \u00faltimo que alguien quiere es gastarse una fortuna para conseguir un reloj de lujo que tiene peque\u00f1as diferencias con nuestras r\u00e9plicas de relojes.<\/li>\n<li>Muchos entusiastas de los relojes no quieren gastarse miles de d\u00f3lares en relojes y quieren tener esa gran sensaci\u00f3n de poseer un gran reloj de una marca de lujo. Aqu\u00ed es cuando entran en juego los relojes myreplica y proporcionan esa sensaci\u00f3n a sus clientes.<\/li>\n<li>\u00bf Tienes ya un aut\u00e9ntico reloj de alta gama que no quieres llevar por motivos de seguridad o por razones de devaluaci\u00f3n en algunas ocasiones ? Lleva tu R\u00e9plica Rolex 1908 de alta calidad: 39 mm, oro amarillo con correa de piel de alig\u00e1tor y si\u00e9ntete m\u00e1s seguro, ten la misma confianza, protege tus objetos de valor<\/li>\n<\/ul>\n<p>El reloj Perpetual 1908 de Rolex presenta una esfera blanca intensa, una obra de arte en miniatura con color, reflejos y textura superficial.<br \/>\nLa creaci\u00f3n y producci\u00f3n de la esfera del reloj son internas, lo que requiere experiencia en esmaltado y tecnolog\u00edas de vanguardia como el pulverizado de magnetrones.<br \/>\nLa esbelta caja del reloj presenta un bisel abombado y estriado, con la parte inferior estriada y la superior abombada.<br \/>\nEl reloj lleva una correa de piel de alig\u00e1tor en marr\u00f3n mate o negro mate, con forro verde y pespuntes tono sobre tono.<\/p>\n","protected":false},"excerpt":{"rendered":"<p>R\u00e9plica Rolex 1908: 39 mm, oro amarillo con correa de piel de caim\u00e1n &nbsp; Marca Rolex Colecci\u00f3n 1908 Modelo m52508-0006 G\u00e9nero Hombres Movimiento Autom\u00e1tico Tama\u00f1o de la caja 39 MM Material de la caja Acero inoxidable de grado 316 Material de la pulsera Cuero Tipo de esfera Esfera blanca &nbsp; Ventajas de poseer la R\u00e9plica<\/p>\n","protected":false},"featured_media":10144,"comment_status":"open","ping_status":"closed","template":"","meta":{"_uag_custom_page_level_css":"","site-sidebar-layout":"default","site-content-layout":"","ast-site-content-layout":"default","site-content-style":"default","site-sidebar-style":"default","ast-global-header-display":"","ast-banner-title-visibility":"","ast-main-header-display":"","ast-hfb-above-header-display":"","ast-hfb-below-header-display":"","ast-hfb-mobile-header-display":"","site-post-title":"","ast-breadcrumbs-content":"","ast-featured-img":"","footer-sml-layout":"","theme-transparent-header-meta":"default","adv-header-id-meta":"","stick-header-meta":"default","header-above-stick-meta":"","header-main-stick-meta":"","header-below-stick-meta":"","astra-migrate-meta-layouts":"set","ast-page-background-enabled":"default","ast-page-background-meta":{"desktop":{"background-color":"var(--ast-global-color-4)","background-image":"","background-repeat":"repeat","background-position":"center center","background-size":"auto","background-attachment":"scroll","background-type":"","background-media":"","overlay-type":"","overlay-color":"","overlay-opacity":"","overlay-gradient":""},"tablet":{"background-color":"","background-image":"","background-repeat":"repeat","background-position":"center center","background-size":"auto","background-attachment":"scroll","background-type":"","background-media":"","overlay-type":"","overlay-color":"","overlay-opacity":"","overlay-gradient":""},"mobile":{"background-color":"","background-image":"","background-repeat":"repeat","background-position":"center center","background-size":"auto","background-attachment":"scroll","background-type":"","background-media":"","overlay-type":"","overlay-color":"","overlay-opacity":"","overlay-gradient":""}},"ast-content-background-meta":{"desktop":{"background-color":"var(--ast-global-color-5)","background-image":"","background-repeat":"repeat","background-position":"center center","background-size":"auto","background-attachment":"scroll","background-type":"","background-media":"","overlay-type":"","overlay-color":"","overlay-opacity":"","overlay-gradient":""},"tablet":{"background-color":"var(--ast-global-color-5)","background-image":"","background-repeat":"repeat","background-position":"center center","background-size":"auto","background-attachment":"scroll","background-type":"","background-media":"","overlay-type":"","overlay-color":"","overlay-opacity":"","overlay-gradient":""},"mobile":{"background-color":"var(--ast-global-color-5)","background-image":"","background-repeat":"repeat","background-position":"center center","background-size":"auto","background-attachment":"scroll","background-type":"","background-media":"","overlay-type":"","overlay-color":"","overlay-opacity":"","overlay-gradient":""}}},"product_brand":[],"product_cat":[152,168,162,224],"product_tag":[1199,646,1208,938,648,559,1674,564,565,1209,935,563,934,937,187,1210,933],"class_list":{"0":"post-11000","1":"product","2":"type-product","3":"status-publish","4":"has-post-thumbnail","6":"product_cat-nueva-coleccion-2024","7":"product_cat-productos-mas-nuevos","8":"product_cat-replica-super-clon-rolex-aaa","9":"product_cat-replica-rolex-1908","10":"product_tag-1908-es","11":"product_tag-39mm","12":"product_tag-alligator-leather-strap","13":"product_tag-classic-es","14":"product_tag-elegant-es","15":"product_tag-exclusive","16":"product_tag-exclusive-piece-es","17":"product_tag-fashion-es","18":"product_tag-high-quality-es","19":"product_tag-high-end-watch","20":"product_tag-jewelry-es","21":"product_tag-luxury-es","22":"product_tag-mens-es","23":"product_tag-prestigious-es","24":"product_tag-rolex-es","25":"product_tag-sophisticated-design","26":"product_tag-watch-es","27":"desktop-align-left","28":"tablet-align-left","29":"mobile-align-left","30":"ast-product-gallery-layout-vertical-slider","31":"ast-product-single-variable","33":"first","34":"instock","35":"sale","36":"shipping-taxable","37":"purchasable","38":"product-type-variable"},"uagb_featured_image_src":{"full":["https:\/\/myreplicawatches.io\/wp-content\/uploads\/2024\/08\/Screenshot-2024-08-19-at-12.04.12-AM.jpg",724,728,false],"thumbnail":["https:\/\/myreplicawatches.io\/wp-content\/uploads\/2024\/08\/Screenshot-2024-08-19-at-12.04.12-AM-150x150.png",150,150,true],"medium":["https:\/\/myreplicawatches.io\/wp-content\/uploads\/2024\/08\/Screenshot-2024-08-19-at-12.04.12-AM-298x300.png",298,300,true],"medium_large":["https:\/\/myreplicawatches.io\/wp-content\/uploads\/2024\/08\/Screenshot-2024-08-19-at-12.04.12-AM.jpg",724,728,false],"large":["https:\/\/myreplicawatches.io\/wp-content\/uploads\/2024\/08\/Screenshot-2024-08-19-at-12.04.12-AM.jpg",724,728,false],"1536x1536":["https:\/\/myreplicawatches.io\/wp-content\/uploads\/2024\/08\/Screenshot-2024-08-19-at-12.04.12-AM.jpg",724,728,false],"2048x2048":["https:\/\/myreplicawatches.io\/wp-content\/uploads\/2024\/08\/Screenshot-2024-08-19-at-12.04.12-AM.jpg",724,728,false],"woocommerce_thumbnail":["https:\/\/myreplicawatches.io\/wp-content\/uploads\/2024\/08\/Screenshot-2024-08-19-at-12.04.12-AM-300x300.jpg",300,300,true],"woocommerce_single":["https:\/\/myreplicawatches.io\/wp-content\/uploads\/2024\/08\/Screenshot-2024-08-19-at-12.04.12-AM-600x603.jpg",600,603,true],"woocommerce_gallery_thumbnail":["https:\/\/myreplicawatches.io\/wp-content\/uploads\/2024\/08\/Screenshot-2024-08-19-at-12.04.12-AM-100x100.jpg",100,100,true],"variation_swatches_image_size":["https:\/\/myreplicawatches.io\/wp-content\/uploads\/2024\/08\/Screenshot-2024-08-19-at-12.04.12-AM-50x50.png",50,50,true],"variation_swatches_tooltip_size":["https:\/\/myreplicawatches.io\/wp-content\/uploads\/2024\/08\/Screenshot-2024-08-19-at-12.04.12-AM-100x100.png",100,100,true],"dgwt-wcas-product-suggestion":["https:\/\/myreplicawatches.io\/wp-content\/uploads\/2024\/08\/Screenshot-2024-08-19-at-12.04.12-AM-64x64.jpg",64,64,true]},"uagb_author_info":{"display_name":"admin","author_link":"https:\/\/myreplicawatches.io\/es\/author\/"},"uagb_comment_info":0,"uagb_excerpt":"R\u00e9plica Rolex 1908: 39 mm, oro amarillo con correa de piel de caim\u00e1n &nbsp; Marca Rolex Colecci\u00f3n 1908 Modelo m52508-0006 G\u00e9nero Hombres Movimiento Autom\u00e1tico Tama\u00f1o de la caja 39 MM Material de la caja Acero inoxidable de grado 316 Material de la pulsera Cuero Tipo de esfera Esfera blanca &nbsp; Ventajas de poseer la R\u00e9plica","jetpack_sharing_enabled":true,"_links":{"self":[{"href":"https:\/\/myreplicawatches.io\/es\/wp-json\/wp\/v2\/product\/11000","targetHints":{"allow":["GET"]}}],"collection":[{"href":"https:\/\/myreplicawatches.io\/es\/wp-json\/wp\/v2\/product"}],"about":[{"href":"https:\/\/myreplicawatches.io\/es\/wp-json\/wp\/v2\/types\/product"}],"replies":[{"embeddable":true,"href":"https:\/\/myreplicawatches.io\/es\/wp-json\/wp\/v2\/comments?post=11000"}],"wp:featuredmedia":[{"embeddable":true,"href":"https:\/\/myreplicawatches.io\/es\/wp-json\/wp\/v2\/media\/10144"}],"wp:attachment":[{"href":"https:\/\/myreplicawatches.io\/es\/wp-json\/wp\/v2\/media?parent=11000"}],"wp:term":[{"taxonomy":"product_brand","embeddable":true,"href":"https:\/\/myreplicawatches.io\/es\/wp-json\/wp\/v2\/product_brand?post=11000"},{"taxonomy":"product_cat","embeddable":true,"href":"https:\/\/myreplicawatches.io\/es\/wp-json\/wp\/v2\/product_cat?post=11000"},{"taxonomy":"product_tag","embeddable":true,"href":"https:\/\/myreplicawatches.io\/es\/wp-json\/wp\/v2\/product_tag?post=11000"}],"curies":[{"name":"wp","href":"https:\/\/api.w.org\/{rel}","templated":true}]}}