{"id":10996,"date":"2024-08-19T11:28:35","date_gmt":"2024-08-19T11:28:35","guid":{"rendered":"https:\/\/myreplicawatches.io\/product\/omega-replica-speedmaster-lado-oscuro-de-la-luna-super-clon\/"},"modified":"2025-11-16T12:38:55","modified_gmt":"2025-11-16T12:38:55","slug":"omega-replica-speedmaster-lado-oscuro-de-la-luna-super-clon","status":"publish","type":"product","link":"https:\/\/myreplicawatches.io\/es\/product\/omega-replica-speedmaster-lado-oscuro-de-la-luna-super-clon\/","title":{"rendered":"Omega R\u00e9plica Speedmaster Lado Oscuro de la luna Super Clon"},"content":{"rendered":"<h2>R\u00e9plica Omega SPEEDMASTER LADO OSCURO DE LA LUNA Super Clon- R\u00e9plica de la mejor calidad nuevo modelo 2024 Lanzamiento.<\/h2>\n<p>&nbsp;<\/p>\n<h3>Ventajas de poseer la R\u00e9plica Omega SPEEDMASTER LADO OSCURO DE LA LUNA Super Clon:<\/h3>\n<ul>\n<li>Una r\u00e9plica puede comprarse a un precio mucho m\u00e1s barato que uno aut\u00e9ntico, sin embargo, un reloj r\u00e9plica parecer\u00e1 y se sentir\u00e1 igual que el original.<\/li>\n<li>Lo \u00faltimo que alguien quiere es gastarse una fortuna para conseguir un reloj de lujo que tiene peque\u00f1as diferencias con nuestras r\u00e9plicas de relojes.<\/li>\n<li>Muchos entusiastas de los relojes no quieren gastarse miles de d\u00f3lares en relojes y quieren tener esa gran sensaci\u00f3n de poseer un gran reloj de una marca de lujo. Es entonces cuando <a href=\"https:\/\/myreplicawatches.io\/es\/\">myreplicawatches<\/a> entra en escena y proporciona esa sensaci\u00f3n a sus clientes.<\/li>\n<li>\u00bf Tienes ya un aut\u00e9ntico reloj de alta gama que no quieres llevar por motivos de seguridad o por razones de devaluaci\u00f3n en algunas ocasiones ? Lleva tu R\u00e9plica Omega de alta calidad SPEEDMASTER LADO OSCURO DE LA LUNA S\u00faper Clon, si\u00e9ntete m\u00e1s seguro, ten la misma confianza, protege tus objetos de valor<\/li>\n<\/ul>\n<p>El aspecto m\u00e1s atractivo de la <b>r\u00e9plica Omega Speedmaster Lado Oscuro de la Luna<\/b> es su caja, esfera y bisel de cer\u00e1mica negra, que le confieren una sensaci\u00f3n completamente distinta a la del Supermaster anterior.<br \/>\nSeg\u00fan el personal de Omega, durante muchos a\u00f1os han pensado que los relojes fabricados con PVD negro son m\u00e1s f\u00e1ciles de rayar y tienden a da\u00f1ar el aspecto del reloj, por lo que finalmente decidieron desarrollar una caja de cer\u00e1mica negra.<br \/>\nLos resultados del estudio demuestran que la nueva caja de cer\u00e1mica negra es muy superior a la caja con revestimiento negro en cuanto a resistencia a los ara\u00f1azos. <b>Replica Omega Speedmaster Dark Side of the Moon Vintage<\/b> Black, los dos subdiscos sim\u00e9tricos son el segundero peque\u00f1o y la indicaci\u00f3n del cron\u00f3grafo, y el bisel de cer\u00e1mica con capa luminosa marr\u00f3n-amarilla muestra un encanto \u00fanico.<br \/>\nEn la posici\u00f3n de las 6 tambi\u00e9n hay una ventana cuadrada de visualizaci\u00f3n de la fecha, y en el bisel tambi\u00e9n hay una escala de taqu\u00edmetro para uso del usuario.<br \/>\nLa corona y los botones del cron\u00f3grafo tambi\u00e9n est\u00e1n tratados para que el usuario tenga una mejor sensaci\u00f3n al utilizarlos.<br \/>\nLa correa de piel marr\u00f3n a\u00f1ade un toque de encanto cl\u00e1sico a este reloj Pioneer, y la hebilla de cer\u00e1mica lleva grabado el logotipo de la marca Omega.<\/p>\n<p><ins>RELOJES Calidad AAAA<\/ins><\/p>\n<ul>\n<li>Resistente al agua pero no impermeable \u2714<\/li>\n<li>Cristal de zafiro antirrayado con revestimiento AR \u2714<\/li>\n<li>Relojes chapados en acero. \u2714<\/li>\n<li>Mismo peso que el original. \u2714<\/li>\n<li>Mismo Mecanismo que el Real \u2716 ( Mejor Movimiento Autom\u00e1tico Japon\u00e9s, peque\u00f1a diferencia detallada en el mecanismo )<\/li>\n<li>Movimiento Autom\u00e1tico \u2714 ( El segundero no hace tictac, se mueve suavemente como el original )<\/li>\n<\/ul>\n<p><ins>RELOJES SWISS MADE Clon 1:1<\/ins><\/p>\n<ul>\n<li>Se ve y se siente exactamente igual. \u2714<\/li>\n<li>No se puede diferenciar entre el verdadero \u2714<\/li>\n<li>Resistente al agua 300 m \u2714<\/li>\n<li>Cristal de zafiro antirrayado con revestimiento AR \u2714<\/li>\n<li>Relojes de acero 904L y oro aut\u00e9ntico. \u2714<\/li>\n<li>Mismo peso que el original. \u2714<\/li>\n<li>Mismo Mecanismo que el Real \u2714 ( MISMO Movimiento SUIZO, Exactamente igual que el real )<\/li>\n<li>Movimiento Autom\u00e1tico \u2714 ( El segundero no hace tictac, se mueve suavemente como el original )<\/li>\n<\/ul>\n<h4>Pros<\/h4>\n<ul>\n<li>Muchos entusiastas de los relojes no quieren gastarse miles de d\u00f3lares en relojes y quieren tener esa gran sensaci\u00f3n de poseer un gran reloj de una marca de lujo. Es entonces cuando myreplicawatches entra en escena y proporciona esa sensaci\u00f3n a sus clientes<\/li>\n<\/ul>\n","protected":false},"excerpt":{"rendered":"<p>R\u00e9plica Omega SPEEDMASTER LADO OSCURO DE LA LUNA Super Clon- R\u00e9plica de la mejor calidad nuevo modelo 2024 Lanzamiento. &nbsp; Ventajas de poseer la R\u00e9plica Omega SPEEDMASTER LADO OSCURO DE LA LUNA Super Clon: Una r\u00e9plica puede comprarse a un precio mucho m\u00e1s barato que uno aut\u00e9ntico, sin embargo, un reloj r\u00e9plica parecer\u00e1 y se<\/p>\n","protected":false},"featured_media":10229,"comment_status":"open","ping_status":"closed","template":"","meta":{"_uag_custom_page_level_css":"","site-sidebar-layout":"default","site-content-layout":"","ast-site-content-layout":"default","site-content-style":"default","site-sidebar-style":"default","ast-global-header-display":"","ast-banner-title-visibility":"","ast-main-header-display":"","ast-hfb-above-header-display":"","ast-hfb-below-header-display":"","ast-hfb-mobile-header-display":"","site-post-title":"","ast-breadcrumbs-content":"","ast-featured-img":"","footer-sml-layout":"","theme-transparent-header-meta":"default","adv-header-id-meta":"","stick-header-meta":"default","header-above-stick-meta":"","header-main-stick-meta":"","header-below-stick-meta":"","astra-migrate-meta-layouts":"set","ast-page-background-enabled":"default","ast-page-background-meta":{"desktop":{"background-color":"var(--ast-global-color-4)","background-image":"","background-repeat":"repeat","background-position":"center center","background-size":"auto","background-attachment":"scroll","background-type":"","background-media":"","overlay-type":"","overlay-color":"","overlay-opacity":"","overlay-gradient":""},"tablet":{"background-color":"","background-image":"","background-repeat":"repeat","background-position":"center center","background-size":"auto","background-attachment":"scroll","background-type":"","background-media":"","overlay-type":"","overlay-color":"","overlay-opacity":"","overlay-gradient":""},"mobile":{"background-color":"","background-image":"","background-repeat":"repeat","background-position":"center center","background-size":"auto","background-attachment":"scroll","background-type":"","background-media":"","overlay-type":"","overlay-color":"","overlay-opacity":"","overlay-gradient":""}},"ast-content-background-meta":{"desktop":{"background-color":"var(--ast-global-color-5)","background-image":"","background-repeat":"repeat","background-position":"center center","background-size":"auto","background-attachment":"scroll","background-type":"","background-media":"","overlay-type":"","overlay-color":"","overlay-opacity":"","overlay-gradient":""},"tablet":{"background-color":"var(--ast-global-color-5)","background-image":"","background-repeat":"repeat","background-position":"center center","background-size":"auto","background-attachment":"scroll","background-type":"","background-media":"","overlay-type":"","overlay-color":"","overlay-opacity":"","overlay-gradient":""},"mobile":{"background-color":"var(--ast-global-color-5)","background-image":"","background-repeat":"repeat","background-position":"center center","background-size":"auto","background-attachment":"scroll","background-type":"","background-media":"","overlay-type":"","overlay-color":"","overlay-opacity":"","overlay-gradient":""}}},"product_brand":[],"product_cat":[152,168,150,222,163,158],"product_tag":[494,938,648,559,564,565,935,563,934,255,223,937,465,1464,882,936,567,464,472,933],"class_list":{"0":"post-10996","1":"product","2":"type-product","3":"status-publish","4":"has-post-thumbnail","6":"product_cat-nueva-coleccion-2024","7":"product_cat-productos-mas-nuevos","8":"product_cat-relojes-replica-omega-de-la-mej","9":"product_cat-replica-omega-speedmaster-es","10":"product_cat-super-clon-omega","11":"product_cat-superclones","12":"product_tag-chronograph","13":"product_tag-classic-es","14":"product_tag-elegant-es","15":"product_tag-exclusive","16":"product_tag-fashion-es","17":"product_tag-high-quality-es","18":"product_tag-jewelry-es","19":"product_tag-luxury-es","20":"product_tag-mens-es","21":"product_tag-omega-es","22":"product_tag-omega-suiza","23":"product_tag-prestigious-es","24":"product_tag-replica","25":"product_tag-speedmaster-es","26":"product_tag-sporty-es","27":"product_tag-statement-piece-es","28":"product_tag-stylish-es","29":"product_tag-super-clone","30":"product_tag-timepiece","31":"product_tag-watch-es","32":"desktop-align-left","33":"tablet-align-left","34":"mobile-align-left","35":"ast-product-gallery-layout-vertical-slider","36":"ast-product-single-variable","38":"first","39":"instock","40":"sale","41":"shipping-taxable","42":"purchasable","43":"product-type-variable"},"uagb_featured_image_src":{"full":["https:\/\/myreplicawatches.io\/wp-content\/uploads\/2024\/08\/Screenshot-2024-08-19-at-2.23.24-PM.jpg",1072,1074,false],"thumbnail":["https:\/\/myreplicawatches.io\/wp-content\/uploads\/2024\/08\/Screenshot-2024-08-19-at-2.23.24-PM-150x150.png",150,150,true],"medium":["https:\/\/myreplicawatches.io\/wp-content\/uploads\/2024\/08\/Screenshot-2024-08-19-at-2.23.24-PM-300x300.png",300,300,true],"medium_large":["https:\/\/myreplicawatches.io\/wp-content\/uploads\/2024\/08\/Screenshot-2024-08-19-at-2.23.24-PM-768x769.png",768,769,true],"large":["https:\/\/myreplicawatches.io\/wp-content\/uploads\/2024\/08\/Screenshot-2024-08-19-at-2.23.24-PM-1022x1024.png",1022,1024,true],"1536x1536":["https:\/\/myreplicawatches.io\/wp-content\/uploads\/2024\/08\/Screenshot-2024-08-19-at-2.23.24-PM.jpg",1072,1074,false],"2048x2048":["https:\/\/myreplicawatches.io\/wp-content\/uploads\/2024\/08\/Screenshot-2024-08-19-at-2.23.24-PM.jpg",1072,1074,false],"woocommerce_thumbnail":["https:\/\/myreplicawatches.io\/wp-content\/uploads\/2024\/08\/Screenshot-2024-08-19-at-2.23.24-PM-300x300.jpg",300,300,true],"woocommerce_single":["https:\/\/myreplicawatches.io\/wp-content\/uploads\/2024\/08\/Screenshot-2024-08-19-at-2.23.24-PM-600x601.jpg",600,601,true],"woocommerce_gallery_thumbnail":["https:\/\/myreplicawatches.io\/wp-content\/uploads\/2024\/08\/Screenshot-2024-08-19-at-2.23.24-PM-100x100.jpg",100,100,true],"variation_swatches_image_size":["https:\/\/myreplicawatches.io\/wp-content\/uploads\/2024\/08\/Screenshot-2024-08-19-at-2.23.24-PM-50x50.png",50,50,true],"variation_swatches_tooltip_size":["https:\/\/myreplicawatches.io\/wp-content\/uploads\/2024\/08\/Screenshot-2024-08-19-at-2.23.24-PM-100x100.png",100,100,true],"dgwt-wcas-product-suggestion":["https:\/\/myreplicawatches.io\/wp-content\/uploads\/2024\/08\/Screenshot-2024-08-19-at-2.23.24-PM-64x64.jpg",64,64,true]},"uagb_author_info":{"display_name":"admin","author_link":"https:\/\/myreplicawatches.io\/es\/author\/"},"uagb_comment_info":0,"uagb_excerpt":"R\u00e9plica Omega SPEEDMASTER LADO OSCURO DE LA LUNA Super Clon- R\u00e9plica de la mejor calidad nuevo modelo 2024 Lanzamiento. &nbsp; Ventajas de poseer la R\u00e9plica Omega SPEEDMASTER LADO OSCURO DE LA LUNA Super Clon: Una r\u00e9plica puede comprarse a un precio mucho m\u00e1s barato que uno aut\u00e9ntico, sin embargo, un reloj r\u00e9plica parecer\u00e1 y se","jetpack_sharing_enabled":true,"_links":{"self":[{"href":"https:\/\/myreplicawatches.io\/es\/wp-json\/wp\/v2\/product\/10996","targetHints":{"allow":["GET"]}}],"collection":[{"href":"https:\/\/myreplicawatches.io\/es\/wp-json\/wp\/v2\/product"}],"about":[{"href":"https:\/\/myreplicawatches.io\/es\/wp-json\/wp\/v2\/types\/product"}],"replies":[{"embeddable":true,"href":"https:\/\/myreplicawatches.io\/es\/wp-json\/wp\/v2\/comments?post=10996"}],"wp:featuredmedia":[{"embeddable":true,"href":"https:\/\/myreplicawatches.io\/es\/wp-json\/wp\/v2\/media\/10229"}],"wp:attachment":[{"href":"https:\/\/myreplicawatches.io\/es\/wp-json\/wp\/v2\/media?parent=10996"}],"wp:term":[{"taxonomy":"product_brand","embeddable":true,"href":"https:\/\/myreplicawatches.io\/es\/wp-json\/wp\/v2\/product_brand?post=10996"},{"taxonomy":"product_cat","embeddable":true,"href":"https:\/\/myreplicawatches.io\/es\/wp-json\/wp\/v2\/product_cat?post=10996"},{"taxonomy":"product_tag","embeddable":true,"href":"https:\/\/myreplicawatches.io\/es\/wp-json\/wp\/v2\/product_tag?post=10996"}],"curies":[{"name":"wp","href":"https:\/\/api.w.org\/{rel}","templated":true}]}}