{"id":10992,"date":"2024-07-27T16:31:53","date_gmt":"2024-07-27T16:31:53","guid":{"rendered":"https:\/\/myreplicawatches.io\/product\/super-clon-replica-patek-philippe-5712gr\/"},"modified":"2026-01-11T00:30:14","modified_gmt":"2026-01-11T00:30:14","slug":"super-clon-replica-patek-philippe-5712gr","status":"publish","type":"product","link":"https:\/\/myreplicawatches.io\/es\/product\/super-clon-replica-patek-philippe-5712gr\/","title":{"rendered":"Super Clon R\u00e9plica Patek Philippe 5712GR"},"content":{"rendered":"<p>Super Clon R\u00e9plica Patek Philippe 5712GR &#8211; La mejor calidad Super Clon Patek Philiepp 5712Gr<\/p>\n<ul>\n<li>Marca: Patek Philippe<\/li>\n<li>Modelo: Nautilus<\/li>\n<li>N\u00famero de serie:5712\/1R-001<\/li>\n<li>Grado de r\u00e9plica:Superclon<\/li>\n<li>Sexo:Hombre<\/li>\n<li>Modelo de movimiento: Cal.240 Suizo<br \/>\nPS IRM C LU Movimiento autom\u00e1tico<\/li>\n<li>Tipo de movimiento:Movimiento autom\u00e1tico<\/li>\n<li>Tama\u00f1o de la caja: 40MM<\/li>\n<li>Material del espejo:Zafiro a prueba de ara\u00f1azos<\/li>\n<\/ul>\n","protected":false},"excerpt":{"rendered":"<p>Super Clon R\u00e9plica Patek Philippe 5712GR &#8211; La mejor calidad Super Clon Patek Philiepp 5712Gr Marca: Patek Philippe Modelo: Nautilus N\u00famero de serie:5712\/1R-001 Grado de r\u00e9plica:Superclon Sexo:Hombre Modelo de movimiento: Cal.240 Suizo PS IRM C LU Movimiento autom\u00e1tico Tipo de movimiento:Movimiento autom\u00e1tico Tama\u00f1o de la caja: 40MM Material del espejo:Zafiro a prueba de ara\u00f1azos<\/p>\n","protected":false},"featured_media":9528,"comment_status":"open","ping_status":"closed","template":"","meta":{"_uag_custom_page_level_css":"","site-sidebar-layout":"default","site-content-layout":"","ast-site-content-layout":"default","site-content-style":"default","site-sidebar-style":"default","ast-global-header-display":"","ast-banner-title-visibility":"","ast-main-header-display":"","ast-hfb-above-header-display":"","ast-hfb-below-header-display":"","ast-hfb-mobile-header-display":"","site-post-title":"","ast-breadcrumbs-content":"","ast-featured-img":"","footer-sml-layout":"","theme-transparent-header-meta":"default","adv-header-id-meta":"","stick-header-meta":"default","header-above-stick-meta":"","header-main-stick-meta":"","header-below-stick-meta":"","astra-migrate-meta-layouts":"set","ast-page-background-enabled":"default","ast-page-background-meta":{"desktop":{"background-color":"var(--ast-global-color-4)","background-image":"","background-repeat":"repeat","background-position":"center center","background-size":"auto","background-attachment":"scroll","background-type":"","background-media":"","overlay-type":"","overlay-color":"","overlay-opacity":"","overlay-gradient":""},"tablet":{"background-color":"","background-image":"","background-repeat":"repeat","background-position":"center center","background-size":"auto","background-attachment":"scroll","background-type":"","background-media":"","overlay-type":"","overlay-color":"","overlay-opacity":"","overlay-gradient":""},"mobile":{"background-color":"","background-image":"","background-repeat":"repeat","background-position":"center center","background-size":"auto","background-attachment":"scroll","background-type":"","background-media":"","overlay-type":"","overlay-color":"","overlay-opacity":"","overlay-gradient":""}},"ast-content-background-meta":{"desktop":{"background-color":"var(--ast-global-color-5)","background-image":"","background-repeat":"repeat","background-position":"center center","background-size":"auto","background-attachment":"scroll","background-type":"","background-media":"","overlay-type":"","overlay-color":"","overlay-opacity":"","overlay-gradient":""},"tablet":{"background-color":"var(--ast-global-color-5)","background-image":"","background-repeat":"repeat","background-position":"center center","background-size":"auto","background-attachment":"scroll","background-type":"","background-media":"","overlay-type":"","overlay-color":"","overlay-opacity":"","overlay-gradient":""},"mobile":{"background-color":"var(--ast-global-color-5)","background-image":"","background-repeat":"repeat","background-position":"center center","background-size":"auto","background-attachment":"scroll","background-type":"","background-media":"","overlay-type":"","overlay-color":"","overlay-opacity":"","overlay-gradient":""}}},"product_brand":[],"product_cat":[152,168,153,190,158],"product_tag":[1325,494,938,648,559,1674,564,1258,565,935,563,934,252,218,937,465,464,441,472,933],"class_list":{"0":"post-10992","1":"product","2":"type-product","3":"status-publish","4":"has-post-thumbnail","6":"product_cat-nueva-coleccion-2024","7":"product_cat-productos-mas-nuevos","8":"product_cat-replica-patek-philippe","9":"product_cat-super-clon-patek-philippe","10":"product_cat-superclones","11":"product_tag-5712gr-es","12":"product_tag-chronograph","13":"product_tag-classic-es","14":"product_tag-elegant-es","15":"product_tag-exclusive","16":"product_tag-exclusive-piece-es","17":"product_tag-fashion-es","18":"product_tag-haute-horlogerie","19":"product_tag-high-quality-es","20":"product_tag-jewelry-es","21":"product_tag-luxury-es","22":"product_tag-mens-es","23":"product_tag-patek-philippe-es","24":"product_tag-patek-philippe-suizo","25":"product_tag-prestigious-es","26":"product_tag-replica","27":"product_tag-super-clone","28":"product_tag-swiss-movement","29":"product_tag-timepiece","30":"product_tag-watch-es","31":"desktop-align-left","32":"tablet-align-left","33":"mobile-align-left","34":"ast-product-gallery-layout-vertical-slider","35":"ast-product-single-variable","37":"first","38":"instock","39":"sale","40":"shipping-taxable","41":"purchasable","42":"product-type-variable"},"uagb_featured_image_src":{"full":["https:\/\/myreplicawatches.io\/wp-content\/uploads\/2024\/07\/Screenshot-2024-07-27-at-7.25.31-PM.jpg",862,810,false],"thumbnail":["https:\/\/myreplicawatches.io\/wp-content\/uploads\/2024\/07\/Screenshot-2024-07-27-at-7.25.31-PM-150x150.png",150,150,true],"medium":["https:\/\/myreplicawatches.io\/wp-content\/uploads\/2024\/07\/Screenshot-2024-07-27-at-7.25.31-PM-300x282.png",300,282,true],"medium_large":["https:\/\/myreplicawatches.io\/wp-content\/uploads\/2024\/07\/Screenshot-2024-07-27-at-7.25.31-PM-768x722.png",768,722,true],"large":["https:\/\/myreplicawatches.io\/wp-content\/uploads\/2024\/07\/Screenshot-2024-07-27-at-7.25.31-PM.jpg",862,810,false],"1536x1536":["https:\/\/myreplicawatches.io\/wp-content\/uploads\/2024\/07\/Screenshot-2024-07-27-at-7.25.31-PM.jpg",862,810,false],"2048x2048":["https:\/\/myreplicawatches.io\/wp-content\/uploads\/2024\/07\/Screenshot-2024-07-27-at-7.25.31-PM.jpg",862,810,false],"woocommerce_thumbnail":["https:\/\/myreplicawatches.io\/wp-content\/uploads\/2024\/07\/Screenshot-2024-07-27-at-7.25.31-PM-300x300.jpg",300,300,true],"woocommerce_single":["https:\/\/myreplicawatches.io\/wp-content\/uploads\/2024\/07\/Screenshot-2024-07-27-at-7.25.31-PM-600x564.jpg",600,564,true],"woocommerce_gallery_thumbnail":["https:\/\/myreplicawatches.io\/wp-content\/uploads\/2024\/07\/Screenshot-2024-07-27-at-7.25.31-PM-100x100.jpg",100,100,true],"variation_swatches_image_size":["https:\/\/myreplicawatches.io\/wp-content\/uploads\/2024\/07\/Screenshot-2024-07-27-at-7.25.31-PM-50x50.png",50,50,true],"variation_swatches_tooltip_size":["https:\/\/myreplicawatches.io\/wp-content\/uploads\/2024\/07\/Screenshot-2024-07-27-at-7.25.31-PM-100x100.png",100,100,true],"dgwt-wcas-product-suggestion":["https:\/\/myreplicawatches.io\/wp-content\/uploads\/2024\/07\/Screenshot-2024-07-27-at-7.25.31-PM-64x60.jpg",64,60,true]},"uagb_author_info":{"display_name":"admin","author_link":"https:\/\/myreplicawatches.io\/es\/author\/"},"uagb_comment_info":0,"uagb_excerpt":"Super Clon R\u00e9plica Patek Philippe 5712GR &#8211; La mejor calidad Super Clon Patek Philiepp 5712Gr Marca: Patek Philippe Modelo: Nautilus N\u00famero de serie:5712\/1R-001 Grado de r\u00e9plica:Superclon Sexo:Hombre Modelo de movimiento: Cal.240 Suizo PS IRM C LU Movimiento autom\u00e1tico Tipo de movimiento:Movimiento autom\u00e1tico Tama\u00f1o de la caja: 40MM Material del espejo:Zafiro a prueba de ara\u00f1azos","jetpack_sharing_enabled":true,"_links":{"self":[{"href":"https:\/\/myreplicawatches.io\/es\/wp-json\/wp\/v2\/product\/10992","targetHints":{"allow":["GET"]}}],"collection":[{"href":"https:\/\/myreplicawatches.io\/es\/wp-json\/wp\/v2\/product"}],"about":[{"href":"https:\/\/myreplicawatches.io\/es\/wp-json\/wp\/v2\/types\/product"}],"replies":[{"embeddable":true,"href":"https:\/\/myreplicawatches.io\/es\/wp-json\/wp\/v2\/comments?post=10992"}],"wp:featuredmedia":[{"embeddable":true,"href":"https:\/\/myreplicawatches.io\/es\/wp-json\/wp\/v2\/media\/9528"}],"wp:attachment":[{"href":"https:\/\/myreplicawatches.io\/es\/wp-json\/wp\/v2\/media?parent=10992"}],"wp:term":[{"taxonomy":"product_brand","embeddable":true,"href":"https:\/\/myreplicawatches.io\/es\/wp-json\/wp\/v2\/product_brand?post=10992"},{"taxonomy":"product_cat","embeddable":true,"href":"https:\/\/myreplicawatches.io\/es\/wp-json\/wp\/v2\/product_cat?post=10992"},{"taxonomy":"product_tag","embeddable":true,"href":"https:\/\/myreplicawatches.io\/es\/wp-json\/wp\/v2\/product_tag?post=10992"}],"curies":[{"name":"wp","href":"https:\/\/api.w.org\/{rel}","templated":true}]}}