{"id":10987,"date":"2023-10-03T22:16:36","date_gmt":"2023-10-03T22:16:36","guid":{"rendered":"https:\/\/myreplicawatches.io\/product\/replica-de-la-caja-tudor-con-papeles-y-documentacion\/"},"modified":"2025-09-19T22:21:40","modified_gmt":"2025-09-19T22:21:40","slug":"replica-de-la-caja-tudor-con-papeles-y-documentacion","status":"publish","type":"product","link":"https:\/\/myreplicawatches.io\/es\/product\/replica-de-la-caja-tudor-con-papeles-y-documentacion\/","title":{"rendered":"R\u00e9plica de la caja Tudor con papeles y documentaci\u00f3n"},"content":{"rendered":"<h2 style=\"text-align: center;\">R\u00e9plica de caja Tudor con papeles y documentaci\u00f3n &#8211; La mejor r\u00e9plica clonada<\/h2>\n<p>&nbsp;<\/p>\n<p>Los Relojes de Caja Tudor, desde el pulido de la caja, el cepillado del metal, o la suavidad de la esfera, la planitud y el ajuste de la corona y la caja, est\u00e1n hechos a la perfecci\u00f3n, y el movimiento del reloj es el movimiento suizo original importado, con un fuerte alcance y un cronometraje preciso.<\/p>\n<p>Relojes Tudor Box mano de obra de calidad, precio bajo, puede cumplir tu sue\u00f1o de perseguir el reloj original.<br \/>\nLos relojes Tudor Box que vendemos son una fuente de alta calidad de la misma r\u00e9plica de relojes del mercado, y lo m\u00e1s parecido al proceso original.<br \/>\nLos no especialistas no pueden distinguirlo del original.<br \/>\nTanto si lo llevas t\u00fa, como si se lo regalas a un amigo, a tu familia o lo usas como colecci\u00f3n, su relaci\u00f3n calidad-precio es excelente.<\/p>\n","protected":false},"excerpt":{"rendered":"<p>R\u00e9plica de caja Tudor con papeles y documentaci\u00f3n &#8211; La mejor r\u00e9plica clonada &nbsp; Los Relojes de Caja Tudor, desde el pulido de la caja, el cepillado del metal, o la suavidad de la esfera, la planitud y el ajuste de la corona y la caja, est\u00e1n hechos a la perfecci\u00f3n, y el movimiento del<\/p>\n","protected":false},"featured_media":8674,"comment_status":"open","ping_status":"closed","template":"","meta":{"_uag_custom_page_level_css":"","site-sidebar-layout":"default","site-content-layout":"","ast-site-content-layout":"default","site-content-style":"default","site-sidebar-style":"default","ast-global-header-display":"","ast-banner-title-visibility":"","ast-main-header-display":"","ast-hfb-above-header-display":"","ast-hfb-below-header-display":"","ast-hfb-mobile-header-display":"","site-post-title":"","ast-breadcrumbs-content":"","ast-featured-img":"","footer-sml-layout":"","theme-transparent-header-meta":"default","adv-header-id-meta":"","stick-header-meta":"default","header-above-stick-meta":"","header-main-stick-meta":"","header-below-stick-meta":"","astra-migrate-meta-layouts":"set","ast-page-background-enabled":"default","ast-page-background-meta":{"desktop":{"background-color":"var(--ast-global-color-4)","background-image":"","background-repeat":"repeat","background-position":"center center","background-size":"auto","background-attachment":"scroll","background-type":"","background-media":"","overlay-type":"","overlay-color":"","overlay-opacity":"","overlay-gradient":""},"tablet":{"background-color":"","background-image":"","background-repeat":"repeat","background-position":"center center","background-size":"auto","background-attachment":"scroll","background-type":"","background-media":"","overlay-type":"","overlay-color":"","overlay-opacity":"","overlay-gradient":""},"mobile":{"background-color":"","background-image":"","background-repeat":"repeat","background-position":"center center","background-size":"auto","background-attachment":"scroll","background-type":"","background-media":"","overlay-type":"","overlay-color":"","overlay-opacity":"","overlay-gradient":""}},"ast-content-background-meta":{"desktop":{"background-color":"var(--ast-global-color-5)","background-image":"","background-repeat":"repeat","background-position":"center center","background-size":"auto","background-attachment":"scroll","background-type":"","background-media":"","overlay-type":"","overlay-color":"","overlay-opacity":"","overlay-gradient":""},"tablet":{"background-color":"var(--ast-global-color-5)","background-image":"","background-repeat":"repeat","background-position":"center center","background-size":"auto","background-attachment":"scroll","background-type":"","background-media":"","overlay-type":"","overlay-color":"","overlay-opacity":"","overlay-gradient":""},"mobile":{"background-color":"var(--ast-global-color-5)","background-image":"","background-repeat":"repeat","background-position":"center center","background-size":"auto","background-attachment":"scroll","background-type":"","background-media":"","overlay-type":"","overlay-color":"","overlay-opacity":"","overlay-gradient":""}}},"product_brand":[],"product_cat":[178,152,168,167,154],"product_tag":[2060,461,2062,2065,563,2066,2063,2061,465,2064,1912,933,720],"class_list":{"0":"post-10987","1":"product","2":"type-product","3":"status-publish","4":"has-post-thumbnail","6":"product_cat-cajas-replica-de-relojes","7":"product_cat-nueva-coleccion-2024","8":"product_cat-productos-mas-nuevos","9":"product_cat-replica-tudor","10":"product_cat-replicas-de-relojes-mas-vendidas","11":"product_tag-box","12":"product_tag-collectors-item","13":"product_tag-documentation","14":"product_tag-full-documentation","15":"product_tag-luxury-es","16":"product_tag-original-box","17":"product_tag-packaging","18":"product_tag-papers","19":"product_tag-replica","20":"product_tag-replica-luxury","21":"product_tag-tudor","22":"product_tag-watch-es","23":"product_tag-watch-box-es","24":"desktop-align-left","25":"tablet-align-left","26":"mobile-align-left","27":"ast-product-gallery-layout-vertical-slider","28":"ast-product-gallery-with-no-image","30":"first","31":"instock","32":"sale","33":"shipping-taxable","34":"purchasable","35":"product-type-simple"},"uagb_featured_image_src":{"full":["https:\/\/myreplicawatches.io\/wp-content\/uploads\/2023\/10\/Replica-rolex-Sky-dweller-rose-gold-98.jpg",1080,1080,false],"thumbnail":["https:\/\/myreplicawatches.io\/wp-content\/uploads\/2023\/10\/Replica-rolex-Sky-dweller-rose-gold-98-150x150.jpg",150,150,true],"medium":["https:\/\/myreplicawatches.io\/wp-content\/uploads\/2023\/10\/Replica-rolex-Sky-dweller-rose-gold-98-300x300.jpg",300,300,true],"medium_large":["https:\/\/myreplicawatches.io\/wp-content\/uploads\/2023\/10\/Replica-rolex-Sky-dweller-rose-gold-98-768x768.jpg",768,768,true],"large":["https:\/\/myreplicawatches.io\/wp-content\/uploads\/2023\/10\/Replica-rolex-Sky-dweller-rose-gold-98-1024x1024.jpg",1024,1024,true],"1536x1536":["https:\/\/myreplicawatches.io\/wp-content\/uploads\/2023\/10\/Replica-rolex-Sky-dweller-rose-gold-98.jpg",1080,1080,false],"2048x2048":["https:\/\/myreplicawatches.io\/wp-content\/uploads\/2023\/10\/Replica-rolex-Sky-dweller-rose-gold-98.jpg",1080,1080,false],"woocommerce_thumbnail":["https:\/\/myreplicawatches.io\/wp-content\/uploads\/2023\/10\/Replica-rolex-Sky-dweller-rose-gold-98-300x300.jpg",300,300,true],"woocommerce_single":["https:\/\/myreplicawatches.io\/wp-content\/uploads\/2023\/10\/Replica-rolex-Sky-dweller-rose-gold-98-600x600.jpg",600,600,true],"woocommerce_gallery_thumbnail":["https:\/\/myreplicawatches.io\/wp-content\/uploads\/2023\/10\/Replica-rolex-Sky-dweller-rose-gold-98-100x100.jpg",100,100,true],"variation_swatches_image_size":["https:\/\/myreplicawatches.io\/wp-content\/uploads\/2023\/10\/Replica-rolex-Sky-dweller-rose-gold-98-50x50.jpg",50,50,true],"variation_swatches_tooltip_size":["https:\/\/myreplicawatches.io\/wp-content\/uploads\/2023\/10\/Replica-rolex-Sky-dweller-rose-gold-98-100x100.jpg",100,100,true],"dgwt-wcas-product-suggestion":["https:\/\/myreplicawatches.io\/wp-content\/uploads\/2023\/10\/Replica-rolex-Sky-dweller-rose-gold-98-64x64.jpg",64,64,true]},"uagb_author_info":{"display_name":"admin","author_link":"https:\/\/myreplicawatches.io\/es\/author\/"},"uagb_comment_info":0,"uagb_excerpt":"R\u00e9plica de caja Tudor con papeles y documentaci\u00f3n &#8211; La mejor r\u00e9plica clonada &nbsp; Los Relojes de Caja Tudor, desde el pulido de la caja, el cepillado del metal, o la suavidad de la esfera, la planitud y el ajuste de la corona y la caja, est\u00e1n hechos a la perfecci\u00f3n, y el movimiento del","jetpack_sharing_enabled":true,"_links":{"self":[{"href":"https:\/\/myreplicawatches.io\/es\/wp-json\/wp\/v2\/product\/10987","targetHints":{"allow":["GET"]}}],"collection":[{"href":"https:\/\/myreplicawatches.io\/es\/wp-json\/wp\/v2\/product"}],"about":[{"href":"https:\/\/myreplicawatches.io\/es\/wp-json\/wp\/v2\/types\/product"}],"replies":[{"embeddable":true,"href":"https:\/\/myreplicawatches.io\/es\/wp-json\/wp\/v2\/comments?post=10987"}],"wp:featuredmedia":[{"embeddable":true,"href":"https:\/\/myreplicawatches.io\/es\/wp-json\/wp\/v2\/media\/8674"}],"wp:attachment":[{"href":"https:\/\/myreplicawatches.io\/es\/wp-json\/wp\/v2\/media?parent=10987"}],"wp:term":[{"taxonomy":"product_brand","embeddable":true,"href":"https:\/\/myreplicawatches.io\/es\/wp-json\/wp\/v2\/product_brand?post=10987"},{"taxonomy":"product_cat","embeddable":true,"href":"https:\/\/myreplicawatches.io\/es\/wp-json\/wp\/v2\/product_cat?post=10987"},{"taxonomy":"product_tag","embeddable":true,"href":"https:\/\/myreplicawatches.io\/es\/wp-json\/wp\/v2\/product_tag?post=10987"}],"curies":[{"name":"wp","href":"https:\/\/api.w.org\/{rel}","templated":true}]}}