{"id":10986,"date":"2024-07-04T21:41:47","date_gmt":"2024-07-04T21:41:47","guid":{"rendered":"https:\/\/myreplicawatches.io\/product\/replica-vacheron-constantin-overseas-super-clon\/"},"modified":"2025-09-19T22:20:17","modified_gmt":"2025-09-19T22:20:17","slug":"replica-vacheron-constantin-overseas-super-clon","status":"publish","type":"product","link":"https:\/\/myreplicawatches.io\/es\/product\/replica-vacheron-constantin-overseas-super-clon\/","title":{"rendered":"R\u00e9plica Vacheron Constantin OVERSEAS Super Clon"},"content":{"rendered":"<div class=\"product-info__text\">\n<div class=\"prose\">\n<h3>Ventajas de poseer la R\u00e9plica Vacheron Constantin OVERSEAS Super Clone<\/h3>\n<ul>\n<li>Una r\u00e9plica puede comprarse a un precio mucho m\u00e1s barato que uno aut\u00e9ntico, sin embargo, un reloj r\u00e9plica parecer\u00e1 y se sentir\u00e1 igual que el original.<\/li>\n<li>Lo \u00faltimo que alguien quiere es gastarse una fortuna para conseguir un reloj de lujo que tiene peque\u00f1as diferencias con nuestras r\u00e9plicas de relojes.<\/li>\n<li>Muchos entusiastas de los relojes no quieren gastarse miles de d\u00f3lares en relojes y quieren tener esa gran sensaci\u00f3n de poseer un gran reloj de una marca de lujo. Aqu\u00ed es cuando entran en juego los relojes myreplica y proporcionan esa sensaci\u00f3n a sus clientes.<\/li>\n<li>\u00bf Tienes ya un aut\u00e9ntico reloj de alta gama que no quieres llevar por motivos de seguridad o por razones de devaluaci\u00f3n en algunas ocasiones ? Lleva tu R\u00e9plica de Reloj de Alta Calidad y si\u00e9ntete m\u00e1s seguro, ten la misma confianza, protege tus objetos de valor<\/li>\n<\/ul>\n<\/div>\n<\/div>\n<div class=\"product-info__description\">\n<div class=\"prose\">\n<p>Este es un super clon de calidad VACHERON CONSTANTIN \u00a0 MARCA : Replica Vacheron Constantin Categor\u00eda : Replica OVERSEAS Material de la caja: Oro rosa de 18 quilates Movimiento: Autom\u00e1tico Color de la esfera: Azul Color de la correa: Azul Di\u00e1metro de la caja: 41,5 mm Grosor de la caja: 8,1 mm Material de la correa: Caucho Material del espejo: Cristal de zafiro resistente Cierre: Hebilla de aguja \u00a0<ins>RELOJES DE FABRICACI\u00d3N SUIZA Clon 1:1<\/ins><\/p>\n<ul>\n<li>Se ve y se siente exactamente igual. \u2714<\/li>\n<li>No se puede diferenciar entre el verdadero \u2714<\/li>\n<li>Resistente al agua 300 m \u2714<\/li>\n<li>Cristal de zafiro antirrayado con revestimiento AR \u2714<\/li>\n<li>Relojes de acero 904L y oro aut\u00e9ntico. \u2714<\/li>\n<li>Mismo peso que el original. \u2714<\/li>\n<li>Mismo Mecanismo que el Real \u2714 ( MISMO Movimiento SUIZO, Exactamente igual que el real )<\/li>\n<li>Movimiento Autom\u00e1tico \u2714 ( El segundero no hace tictac, se mueve suavemente como el original )<\/li>\n<\/ul>\n<\/div>\n<\/div>\n","protected":false},"excerpt":{"rendered":"<p>Ventajas de poseer la R\u00e9plica Vacheron Constantin OVERSEAS Super Clone Una r\u00e9plica puede comprarse a un precio mucho m\u00e1s barato que uno aut\u00e9ntico, sin embargo, un reloj r\u00e9plica parecer\u00e1 y se sentir\u00e1 igual que el original. Lo \u00faltimo que alguien quiere es gastarse una fortuna para conseguir un reloj de lujo que tiene peque\u00f1as diferencias<\/p>\n","protected":false},"featured_media":9117,"comment_status":"open","ping_status":"closed","template":"","meta":{"_uag_custom_page_level_css":"","site-sidebar-layout":"default","site-content-layout":"","ast-site-content-layout":"default","site-content-style":"default","site-sidebar-style":"default","ast-global-header-display":"","ast-banner-title-visibility":"","ast-main-header-display":"","ast-hfb-above-header-display":"","ast-hfb-below-header-display":"","ast-hfb-mobile-header-display":"","site-post-title":"","ast-breadcrumbs-content":"","ast-featured-img":"","footer-sml-layout":"","theme-transparent-header-meta":"default","adv-header-id-meta":"","stick-header-meta":"default","header-above-stick-meta":"","header-main-stick-meta":"","header-below-stick-meta":"","astra-migrate-meta-layouts":"set","ast-page-background-enabled":"default","ast-page-background-meta":{"desktop":{"background-color":"var(--ast-global-color-4)","background-image":"","background-repeat":"repeat","background-position":"center center","background-size":"auto","background-attachment":"scroll","background-type":"","background-media":"","overlay-type":"","overlay-color":"","overlay-opacity":"","overlay-gradient":""},"tablet":{"background-color":"","background-image":"","background-repeat":"repeat","background-position":"center center","background-size":"auto","background-attachment":"scroll","background-type":"","background-media":"","overlay-type":"","overlay-color":"","overlay-opacity":"","overlay-gradient":""},"mobile":{"background-color":"","background-image":"","background-repeat":"repeat","background-position":"center center","background-size":"auto","background-attachment":"scroll","background-type":"","background-media":"","overlay-type":"","overlay-color":"","overlay-opacity":"","overlay-gradient":""}},"ast-content-background-meta":{"desktop":{"background-color":"var(--ast-global-color-5)","background-image":"","background-repeat":"repeat","background-position":"center center","background-size":"auto","background-attachment":"scroll","background-type":"","background-media":"","overlay-type":"","overlay-color":"","overlay-opacity":"","overlay-gradient":""},"tablet":{"background-color":"var(--ast-global-color-5)","background-image":"","background-repeat":"repeat","background-position":"center center","background-size":"auto","background-attachment":"scroll","background-type":"","background-media":"","overlay-type":"","overlay-color":"","overlay-opacity":"","overlay-gradient":""},"mobile":{"background-color":"var(--ast-global-color-5)","background-image":"","background-repeat":"repeat","background-position":"center center","background-size":"auto","background-attachment":"scroll","background-type":"","background-media":"","overlay-type":"","overlay-color":"","overlay-opacity":"","overlay-gradient":""}}},"product_brand":[],"product_cat":[152,168,219,158],"product_tag":[494,938,648,559,1674,564,1258,565,935,563,934,930,937,465,464,441,472,929,933],"class_list":{"0":"post-10986","1":"product","2":"type-product","3":"status-publish","4":"has-post-thumbnail","6":"product_cat-nueva-coleccion-2024","7":"product_cat-productos-mas-nuevos","8":"product_cat-replica-vacheron-constantin-es","9":"product_cat-superclones","10":"product_tag-chronograph","11":"product_tag-classic-es","12":"product_tag-elegant-es","13":"product_tag-exclusive","14":"product_tag-exclusive-piece-es","15":"product_tag-fashion-es","16":"product_tag-haute-horlogerie","17":"product_tag-high-quality-es","18":"product_tag-jewelry-es","19":"product_tag-luxury-es","20":"product_tag-mens-es","21":"product_tag-overseas-es","22":"product_tag-prestigious-es","23":"product_tag-replica","24":"product_tag-super-clone","25":"product_tag-swiss-movement","26":"product_tag-timepiece","27":"product_tag-vacheron-constantin-es","28":"product_tag-watch-es","29":"desktop-align-left","30":"tablet-align-left","31":"mobile-align-left","32":"ast-product-gallery-layout-vertical-slider","33":"ast-product-single-variable","35":"first","36":"instock","37":"shipping-taxable","38":"purchasable","39":"product-type-variable"},"uagb_featured_image_src":{"full":["https:\/\/myreplicawatches.io\/wp-content\/uploads\/2024\/07\/9bc21e4064a48b3752ff7535032b6c6e.webp",1200,800,false],"thumbnail":["https:\/\/myreplicawatches.io\/wp-content\/uploads\/2024\/07\/9bc21e4064a48b3752ff7535032b6c6e-150x150.webp",150,150,true],"medium":["https:\/\/myreplicawatches.io\/wp-content\/uploads\/2024\/07\/9bc21e4064a48b3752ff7535032b6c6e-300x200.webp",300,200,true],"medium_large":["https:\/\/myreplicawatches.io\/wp-content\/uploads\/2024\/07\/9bc21e4064a48b3752ff7535032b6c6e-768x512.webp",768,512,true],"large":["https:\/\/myreplicawatches.io\/wp-content\/uploads\/2024\/07\/9bc21e4064a48b3752ff7535032b6c6e-1024x683.webp",1024,683,true],"1536x1536":["https:\/\/myreplicawatches.io\/wp-content\/uploads\/2024\/07\/9bc21e4064a48b3752ff7535032b6c6e.webp",1200,800,false],"2048x2048":["https:\/\/myreplicawatches.io\/wp-content\/uploads\/2024\/07\/9bc21e4064a48b3752ff7535032b6c6e.webp",1200,800,false],"woocommerce_thumbnail":["https:\/\/myreplicawatches.io\/wp-content\/uploads\/2024\/07\/9bc21e4064a48b3752ff7535032b6c6e-300x300.webp",300,300,true],"woocommerce_single":["https:\/\/myreplicawatches.io\/wp-content\/uploads\/2024\/07\/9bc21e4064a48b3752ff7535032b6c6e-600x400.webp",600,400,true],"woocommerce_gallery_thumbnail":["https:\/\/myreplicawatches.io\/wp-content\/uploads\/2024\/07\/9bc21e4064a48b3752ff7535032b6c6e-100x100.webp",100,100,true],"variation_swatches_image_size":["https:\/\/myreplicawatches.io\/wp-content\/uploads\/2024\/07\/9bc21e4064a48b3752ff7535032b6c6e-50x50.webp",50,50,true],"variation_swatches_tooltip_size":["https:\/\/myreplicawatches.io\/wp-content\/uploads\/2024\/07\/9bc21e4064a48b3752ff7535032b6c6e-100x100.webp",100,100,true],"dgwt-wcas-product-suggestion":["https:\/\/myreplicawatches.io\/wp-content\/uploads\/2024\/07\/9bc21e4064a48b3752ff7535032b6c6e-64x43.webp",64,43,true]},"uagb_author_info":{"display_name":"admin","author_link":"https:\/\/myreplicawatches.io\/es\/author\/"},"uagb_comment_info":0,"uagb_excerpt":"Ventajas de poseer la R\u00e9plica Vacheron Constantin OVERSEAS Super Clone Una r\u00e9plica puede comprarse a un precio mucho m\u00e1s barato que uno aut\u00e9ntico, sin embargo, un reloj r\u00e9plica parecer\u00e1 y se sentir\u00e1 igual que el original. Lo \u00faltimo que alguien quiere es gastarse una fortuna para conseguir un reloj de lujo que tiene peque\u00f1as diferencias","jetpack_sharing_enabled":true,"_links":{"self":[{"href":"https:\/\/myreplicawatches.io\/es\/wp-json\/wp\/v2\/product\/10986","targetHints":{"allow":["GET"]}}],"collection":[{"href":"https:\/\/myreplicawatches.io\/es\/wp-json\/wp\/v2\/product"}],"about":[{"href":"https:\/\/myreplicawatches.io\/es\/wp-json\/wp\/v2\/types\/product"}],"replies":[{"embeddable":true,"href":"https:\/\/myreplicawatches.io\/es\/wp-json\/wp\/v2\/comments?post=10986"}],"wp:featuredmedia":[{"embeddable":true,"href":"https:\/\/myreplicawatches.io\/es\/wp-json\/wp\/v2\/media\/9117"}],"wp:attachment":[{"href":"https:\/\/myreplicawatches.io\/es\/wp-json\/wp\/v2\/media?parent=10986"}],"wp:term":[{"taxonomy":"product_brand","embeddable":true,"href":"https:\/\/myreplicawatches.io\/es\/wp-json\/wp\/v2\/product_brand?post=10986"},{"taxonomy":"product_cat","embeddable":true,"href":"https:\/\/myreplicawatches.io\/es\/wp-json\/wp\/v2\/product_cat?post=10986"},{"taxonomy":"product_tag","embeddable":true,"href":"https:\/\/myreplicawatches.io\/es\/wp-json\/wp\/v2\/product_tag?post=10986"}],"curies":[{"name":"wp","href":"https:\/\/api.w.org\/{rel}","templated":true}]}}