{"id":10981,"date":"2023-10-03T22:16:29","date_gmt":"2023-10-03T22:16:29","guid":{"rendered":"https:\/\/myreplicawatches.io\/product\/top-swiss-replica-patek-philippe-nautilus-plata-azul-oscuro\/"},"modified":"2026-03-29T16:21:18","modified_gmt":"2026-03-29T16:21:18","slug":"top-swiss-replica-patek-philippe-nautilus-plata-azul-oscuro","status":"publish","type":"product","link":"https:\/\/myreplicawatches.io\/es\/product\/top-swiss-replica-patek-philippe-nautilus-plata-azul-oscuro\/","title":{"rendered":"TOP Swiss R\u00e9plica Patek Philippe Nautilus &#8211; Plata\/Azul oscuro"},"content":{"rendered":"<h3 style=\"text-align: center;\"><span style=\"color: #e25041;\">Los pedidos mediante BitCoin y transferencias bancarias directas incluyen un gran descuento <\/span><span style=\"color: #e25041;\">Contacta con nosotros para m\u00e1s informaci\u00f3n<\/span><\/h3>\n<p>&nbsp;<\/p>\n<p style=\"text-align: center;\"><span style=\"color: #000000; background-color: #ffffff; font-size: 18px; font-family: Futura, sans-serif;\"><strong>Caja del reloj con papeles y documentos incluidos.<\/strong><\/span><\/p>\n<p>Consulta nuestro art\u00edculo de La r\u00e9plica Patek Philippe aqu\u00ed: https:\/\/myreplicawatches.io\/replica-patek-philippe-nautilus-best-clone-aaa\/ <span style=\"color: #212b36; background-color: #ffffff; font-size: 14px;\"><strong><ins>Los Pedidos por Transferencia Bancaria Directa incluyen un gran Descuento ( Contacta con nosotros para m\u00e1s informaci\u00f3n )<\/ins><\/strong><\/span><\/p>\n<p style=\"text-align: left;\"><span style=\"color: #212b36; background-color: #ffffff; font-size: 14px;\"><strong>Todos los relojes tienen 1 a\u00f1o de garant\u00eda <\/strong><\/span><\/p>\n<p style=\"text-align: left;\"><span style=\"color: #212b36; background-color: #ffffff; font-size: 14px;\"><strong>Todos los relojes vienen con cajas de reloj originales con papeles y documentaci\u00f3n.RELOJES HECHOS EN JAP\u00d3N Clon 1:1<\/strong><\/span><\/p>\n<p style=\"text-align: left;\"><span style=\"color: #212b36; background-color: #ffffff; font-size: 14px;\"><ins>RELOJES HECHOS EN JAP\u00d3N Clon 1:1<\/ins><\/span><\/p>\n<ul>\n<li><span style=\"color: #212b36; background-color: #ffffff; font-size: 14px;\">Se ve y se siente exactamente igual. \u2714<\/span><\/li>\n<li><span style=\"color: #212b36; background-color: #ffffff; font-size: 14px;\">No se puede diferenciar entre el verdadero \u2714<\/span><\/li>\n<li><span style=\"color: #212b36; background-color: #ffffff; font-size: 14px;\">Resistente al agua 100 m \u2714<\/span><\/li>\n<li><span style=\"color: #212b36; background-color: #ffffff; font-size: 14px;\">Cristal de zafiro antirrayado con revestimiento AR \u2714<\/span><\/li>\n<li><span style=\"color: #212b36; background-color: #ffffff; font-size: 14px;\">Relojes de acero 904L y chapados en oro aut\u00e9ntico. \u2714<\/span><\/li>\n<li><span style=\"color: #212b36; background-color: #ffffff; font-size: 14px;\">Mismo peso que el original. \u2714<\/span><\/li>\n<li><span style=\"color: #212b36; background-color: #ffffff; font-size: 14px;\">Mismo Mecanismo que el Real \u2716 ( Mejor Movimiento Autom\u00e1tico Japon\u00e9s, peque\u00f1a diferencia detallada en el mecanismo ) <\/span><\/li>\n<li><span style=\"color: #212b36; background-color: #ffffff; font-size: 14px;\">Movimiento Autom\u00e1tico \u2714 ( El segundero no hace tictac, se mueve suavemente como el original )<\/span><\/li>\n<\/ul>\n<p style=\"text-align: left;\"><span style=\"color: #212b36; background-color: #ffffff; font-size: 14px;\"><ins>RELOJES SWISS MADE Clon 1:1<\/ins><\/span><\/p>\n<ul>\n<li><span style=\"color: #212b36; background-color: #ffffff; font-size: 14px;\">Se ve y se siente exactamente igual. \u2714<\/span><\/li>\n<li><span style=\"color: #212b36; background-color: #ffffff; font-size: 14px;\">No se puede diferenciar entre el verdadero \u2714<\/span><\/li>\n<li><span style=\"color: #212b36; background-color: #ffffff; font-size: 14px;\">Resistente al agua 300 m \u2714<\/span><\/li>\n<li><span style=\"color: #212b36; background-color: #ffffff; font-size: 14px;\">Cristal de zafiro antirrayado con revestimiento AR \u2714<\/span><\/li>\n<li><span style=\"color: #212b36; background-color: #ffffff; font-size: 14px;\">Relojes de acero 904L y oro aut\u00e9ntico. \u2714<\/span><\/li>\n<li><span style=\"color: #212b36; background-color: #ffffff; font-size: 14px;\">Mismo peso que el original. \u2714<\/span><\/li>\n<li><span style=\"color: #212b36; background-color: #ffffff; font-size: 14px;\">Mismo Mecanismo que el Real \u2714 ( MISMO Movimiento SUIZO, Exactamente igual que el real ) <\/span><\/li>\n<li><span style=\"color: #212b36; background-color: #ffffff; font-size: 14px;\">Movimiento Autom\u00e1tico \u2714 ( El segundero no hace tictac, se mueve suavemente como el original )<\/span><\/li>\n<\/ul>\n<p>&nbsp;<\/p>\n<h3 class=\"acctitle\" style=\"text-align: center;\">Descripci\u00f3n de TOP Swiss Replica Patek Philippe Nautilus &#8211; Plata\/Azul oscuro<\/h3>\n<div class=\"acctitle\" style=\"text-align: left;\">Movimiento<\/div>\n<div class=\"attributes\" style=\"text-align: left;\">\n<ul>\n<li>Movimiento mec\u00e1nico autom\u00e1tico con fecha<\/li>\n<li>Fecha<\/li>\n<li>Barrido central Manecilla de los segundos<\/li>\n<li>Di\u00e1metro: 40 mm<\/li>\n<li>Altura: 3,3 mm<\/li>\n<li>Joyas: 30<\/li>\n<li>Puentes: 6<\/li>\n<li>Piezas: 213<\/li>\n<li>Vibraciones\/hora: 28 800 (4 Hz)<\/li>\n<li>Reserva de marcha: 45 h m\u00e1x.<\/li>\n<\/ul>\n<\/div>\n<div class=\"acctitle\" style=\"text-align: left;\">Datos t\u00e9cnicos<\/div>\n<div style=\"text-align: left;\">\n<ul>\n<li>Movimiento mec\u00e1nico autom\u00e1tico con fecha<\/li>\n<li>Segundero de barrido<\/li>\n<li>Esfera negro-azul, \u00edndices aplicados dorados con revestimiento luminiscente<\/li>\n<li>Corona atornillada<\/li>\n<li>Fondo de cristal de zafiro<\/li>\n<li>Resistente al agua hasta 120 m<\/li>\n<li>Acero inoxidable<\/li>\n<\/ul>\n<\/div>\n<h2 style=\"text-align: center;\"><strong>Garant\u00eda<\/strong><\/h2>\n<div style=\"text-align: left;\"><\/div>\n<div style=\"text-align: left;\">100% de satisfacci\u00f3n garantizada Si no est\u00e1s satisfecho al 100% con tu primer Reloj Hype de Lujo, nos comprometemos a arreglarlo todo.<\/div>\n<div style=\"text-align: left;\"><\/div>\n<h2 style=\"text-align: center;\"><strong>Entrega<\/strong><\/h2>\n<div style=\"text-align: left;\">Env\u00edo Fedex a todo el mundo &#8211; 3 &#8211; 10 d\u00edas estimaci\u00f3n de llegada<\/div>\n<div><\/div>\n<div style=\"text-align: left;\">Una vez realizado el pedido, el env\u00edo del producto tardar\u00e1 de 2 a 3 d\u00edas. Recibir\u00e1s tu n\u00famero de seguimiento inmediatamente despu\u00e9s de que enviemos tu producto.<\/div>\n<h3 class=\"acctitle\" style=\"text-align: left;\"><\/h3>\n<h3 class=\"acctitle\" style=\"text-align: center;\"><\/h3>\n<h3><\/h3>\n<h2 class=\"acctitle\"><\/h2>\n","protected":false},"excerpt":{"rendered":"<p>Los pedidos mediante BitCoin y transferencias bancarias directas incluyen un gran descuento Contacta con nosotros para m\u00e1s informaci\u00f3n &nbsp; Caja del reloj con papeles y documentos incluidos. Consulta nuestro art\u00edculo de La r\u00e9plica Patek Philippe aqu\u00ed: https:\/\/myreplicawatches.io\/replica-patek-philippe-nautilus-best-clone-aaa\/ Los Pedidos por Transferencia Bancaria Directa incluyen un gran Descuento ( Contacta con nosotros para m\u00e1s informaci\u00f3n )<\/p>\n","protected":false},"featured_media":8314,"comment_status":"open","ping_status":"closed","template":"","meta":{"_uag_custom_page_level_css":"","site-sidebar-layout":"default","site-content-layout":"","ast-site-content-layout":"default","site-content-style":"default","site-sidebar-style":"default","ast-global-header-display":"","ast-banner-title-visibility":"","ast-main-header-display":"","ast-hfb-above-header-display":"","ast-hfb-below-header-display":"","ast-hfb-mobile-header-display":"","site-post-title":"","ast-breadcrumbs-content":"","ast-featured-img":"","footer-sml-layout":"","theme-transparent-header-meta":"default","adv-header-id-meta":"","stick-header-meta":"default","header-above-stick-meta":"","header-main-stick-meta":"","header-below-stick-meta":"","astra-migrate-meta-layouts":"set","ast-page-background-enabled":"default","ast-page-background-meta":{"desktop":{"background-color":"var(--ast-global-color-4)","background-image":"","background-repeat":"repeat","background-position":"center center","background-size":"auto","background-attachment":"scroll","background-type":"","background-media":"","overlay-type":"","overlay-color":"","overlay-opacity":"","overlay-gradient":""},"tablet":{"background-color":"","background-image":"","background-repeat":"repeat","background-position":"center center","background-size":"auto","background-attachment":"scroll","background-type":"","background-media":"","overlay-type":"","overlay-color":"","overlay-opacity":"","overlay-gradient":""},"mobile":{"background-color":"","background-image":"","background-repeat":"repeat","background-position":"center center","background-size":"auto","background-attachment":"scroll","background-type":"","background-media":"","overlay-type":"","overlay-color":"","overlay-opacity":"","overlay-gradient":""}},"ast-content-background-meta":{"desktop":{"background-color":"var(--ast-global-color-5)","background-image":"","background-repeat":"repeat","background-position":"center center","background-size":"auto","background-attachment":"scroll","background-type":"","background-media":"","overlay-type":"","overlay-color":"","overlay-opacity":"","overlay-gradient":""},"tablet":{"background-color":"var(--ast-global-color-5)","background-image":"","background-repeat":"repeat","background-position":"center center","background-size":"auto","background-attachment":"scroll","background-type":"","background-media":"","overlay-type":"","overlay-color":"","overlay-opacity":"","overlay-gradient":""},"mobile":{"background-color":"var(--ast-global-color-5)","background-image":"","background-repeat":"repeat","background-position":"center center","background-size":"auto","background-attachment":"scroll","background-type":"","background-media":"","overlay-type":"","overlay-color":"","overlay-opacity":"","overlay-gradient":""}}},"product_brand":[],"product_cat":[152,168,153,154,190,158],"product_tag":[],"class_list":{"0":"post-10981","1":"product","2":"type-product","3":"status-publish","4":"has-post-thumbnail","6":"product_cat-nueva-coleccion-2024","7":"product_cat-productos-mas-nuevos","8":"product_cat-replica-patek-philippe","9":"product_cat-replicas-de-relojes-mas-vendidas","10":"product_cat-super-clon-patek-philippe","11":"product_cat-superclones","12":"desktop-align-left","13":"tablet-align-left","14":"mobile-align-left","15":"ast-product-gallery-layout-vertical-slider","16":"ast-product-single-variable","18":"first","19":"instock","20":"shipping-taxable","21":"purchasable","22":"product-type-variable"},"uagb_featured_image_src":{"full":["https:\/\/myreplicawatches.io\/wp-content\/uploads\/2023\/10\/Screenshot_2019-07-18_at_1.35.45_AM.png",692,798,false],"thumbnail":["https:\/\/myreplicawatches.io\/wp-content\/uploads\/2023\/10\/Screenshot_2019-07-18_at_1.35.45_AM-150x150.png",150,150,true],"medium":["https:\/\/myreplicawatches.io\/wp-content\/uploads\/2023\/10\/Screenshot_2019-07-18_at_1.35.45_AM-260x300.png",260,300,true],"medium_large":["https:\/\/myreplicawatches.io\/wp-content\/uploads\/2023\/10\/Screenshot_2019-07-18_at_1.35.45_AM.png",692,798,false],"large":["https:\/\/myreplicawatches.io\/wp-content\/uploads\/2023\/10\/Screenshot_2019-07-18_at_1.35.45_AM.png",692,798,false],"1536x1536":["https:\/\/myreplicawatches.io\/wp-content\/uploads\/2023\/10\/Screenshot_2019-07-18_at_1.35.45_AM.png",692,798,false],"2048x2048":["https:\/\/myreplicawatches.io\/wp-content\/uploads\/2023\/10\/Screenshot_2019-07-18_at_1.35.45_AM.png",692,798,false],"woocommerce_thumbnail":["https:\/\/myreplicawatches.io\/wp-content\/uploads\/2023\/10\/Screenshot_2019-07-18_at_1.35.45_AM-300x300.png",300,300,true],"woocommerce_single":["https:\/\/myreplicawatches.io\/wp-content\/uploads\/2023\/10\/Screenshot_2019-07-18_at_1.35.45_AM-600x692.png",600,692,true],"woocommerce_gallery_thumbnail":["https:\/\/myreplicawatches.io\/wp-content\/uploads\/2023\/10\/Screenshot_2019-07-18_at_1.35.45_AM-100x100.png",100,100,true],"variation_swatches_image_size":["https:\/\/myreplicawatches.io\/wp-content\/uploads\/2023\/10\/Screenshot_2019-07-18_at_1.35.45_AM.png",43,50,false],"variation_swatches_tooltip_size":["https:\/\/myreplicawatches.io\/wp-content\/uploads\/2023\/10\/Screenshot_2019-07-18_at_1.35.45_AM.png",87,100,false],"dgwt-wcas-product-suggestion":["https:\/\/myreplicawatches.io\/wp-content\/uploads\/2023\/10\/Screenshot_2019-07-18_at_1.35.45_AM-64x74.png",64,74,true]},"uagb_author_info":{"display_name":"admin","author_link":"https:\/\/myreplicawatches.io\/es\/author\/"},"uagb_comment_info":0,"uagb_excerpt":"Los pedidos mediante BitCoin y transferencias bancarias directas incluyen un gran descuento Contacta con nosotros para m\u00e1s informaci\u00f3n &nbsp; Caja del reloj con papeles y documentos incluidos. Consulta nuestro art\u00edculo de La r\u00e9plica Patek Philippe aqu\u00ed: https:\/\/myreplicawatches.io\/replica-patek-philippe-nautilus-best-clone-aaa\/ Los Pedidos por Transferencia Bancaria Directa incluyen un gran Descuento ( Contacta con nosotros para m\u00e1s informaci\u00f3n )","jetpack_sharing_enabled":true,"_links":{"self":[{"href":"https:\/\/myreplicawatches.io\/es\/wp-json\/wp\/v2\/product\/10981","targetHints":{"allow":["GET"]}}],"collection":[{"href":"https:\/\/myreplicawatches.io\/es\/wp-json\/wp\/v2\/product"}],"about":[{"href":"https:\/\/myreplicawatches.io\/es\/wp-json\/wp\/v2\/types\/product"}],"replies":[{"embeddable":true,"href":"https:\/\/myreplicawatches.io\/es\/wp-json\/wp\/v2\/comments?post=10981"}],"wp:featuredmedia":[{"embeddable":true,"href":"https:\/\/myreplicawatches.io\/es\/wp-json\/wp\/v2\/media\/8314"}],"wp:attachment":[{"href":"https:\/\/myreplicawatches.io\/es\/wp-json\/wp\/v2\/media?parent=10981"}],"wp:term":[{"taxonomy":"product_brand","embeddable":true,"href":"https:\/\/myreplicawatches.io\/es\/wp-json\/wp\/v2\/product_brand?post=10981"},{"taxonomy":"product_cat","embeddable":true,"href":"https:\/\/myreplicawatches.io\/es\/wp-json\/wp\/v2\/product_cat?post=10981"},{"taxonomy":"product_tag","embeddable":true,"href":"https:\/\/myreplicawatches.io\/es\/wp-json\/wp\/v2\/product_tag?post=10981"}],"curies":[{"name":"wp","href":"https:\/\/api.w.org\/{rel}","templated":true}]}}