{"id":10978,"date":"2023-10-03T22:16:25","date_gmt":"2023-10-03T22:16:25","guid":{"rendered":"https:\/\/myreplicawatches.io\/product\/top-replica-suiza-patek-philippe-aquanaut-correa-verde\/"},"modified":"2025-08-18T21:52:25","modified_gmt":"2025-08-18T21:52:25","slug":"top-replica-suiza-patek-philippe-aquanaut-correa-verde","status":"publish","type":"product","link":"https:\/\/myreplicawatches.io\/es\/product\/top-replica-suiza-patek-philippe-aquanaut-correa-verde\/","title":{"rendered":"Top R\u00e9plica suiza Patek Philippe Aquanaut Correa verde"},"content":{"rendered":"<h2>Top Swiss Replica Patek Philippe Aquanaut Correa verde &#8211; La mejor versi\u00f3n en copia del mercado<\/h2>\n<p>&nbsp;<\/p>\n<h3>Ventajas de poseer la R\u00e9plica Top Swiss Patek Philippe Aquanaut Correa Verde:<\/h3>\n<ul>\n<li>Una r\u00e9plica puede comprarse a un precio mucho m\u00e1s barato que uno aut\u00e9ntico, sin embargo, un reloj r\u00e9plica parecer\u00e1 y se sentir\u00e1 igual que el original.<\/li>\n<li>Lo \u00faltimo que alguien quiere es gastarse una fortuna para conseguir un reloj de lujo que tiene peque\u00f1as diferencias con nuestras r\u00e9plicas de relojes.<\/li>\n<li>Muchos entusiastas de los relojes no quieren gastarse miles de d\u00f3lares en relojes y quieren tener esa gran sensaci\u00f3n de poseer un gran reloj de una marca de lujo. Aqu\u00ed es cuando entran en juego los relojes myreplicawatches.io y proporcionan esa sensaci\u00f3n a sus clientes.<\/li>\n<li>\u00bf Tienes ya un aut\u00e9ntico reloj de alta gama que no quieres llevar por motivos de seguridad o por razones de devaluaci\u00f3n en algunas ocasiones ? Lleva tu reloj r\u00e9plica suizo de alta calidad Patek Philippe Aquanaut con correa verde y si\u00e9ntete m\u00e1s seguro, ten la misma confianza, protege tus objetos de valor<\/li>\n<\/ul>\n<table width=\"173\">\n<tbody>\n<tr>\n<td>Grado<\/td>\n<td>Clon SUIZO<\/td>\n<\/tr>\n<tr>\n<td>Precisi\u00f3n horaria<\/td>\n<td>-5\/+6 seg. al d\u00eda Certificado COSC<\/td>\n<\/tr>\n<tr>\n<td>Tipo de acero inoxidable<\/td>\n<td>Acero inoxidable 904L<\/td>\n<\/tr>\n<tr>\n<td>Cristal<\/td>\n<td>Cristal de zafiro<\/td>\n<\/tr>\n<tr>\n<td>Tama\u00f1o de la caja<\/td>\n<td>40 mm<\/td>\n<\/tr>\n<tr>\n<td>Logotipo y marcas<\/td>\n<td>Exacto en todo el reloj<\/td>\n<\/tr>\n<tr>\n<td>Esfera<\/td>\n<td>Detalle y fuente exactos<\/td>\n<\/tr>\n<tr>\n<td>Marcadores Luminosos<\/td>\n<td>Super Luminova Suiza Lumen<\/td>\n<\/tr>\n<tr>\n<td>Resistente al agua<\/td>\n<td>Probado hasta 300 m<\/td>\n<\/tr>\n<\/tbody>\n<\/table>\n<p>&nbsp;<\/p>\n<p>&nbsp;<\/p>\n","protected":false},"excerpt":{"rendered":"<p>Top Swiss Replica Patek Philippe Aquanaut Correa verde &#8211; La mejor versi\u00f3n en copia del mercado &nbsp; Ventajas de poseer la R\u00e9plica Top Swiss Patek Philippe Aquanaut Correa Verde: Una r\u00e9plica puede comprarse a un precio mucho m\u00e1s barato que uno aut\u00e9ntico, sin embargo, un reloj r\u00e9plica parecer\u00e1 y se sentir\u00e1 igual que el original.<\/p>\n","protected":false},"featured_media":8308,"comment_status":"open","ping_status":"closed","template":"","meta":{"_uag_custom_page_level_css":"","site-sidebar-layout":"default","site-content-layout":"","ast-site-content-layout":"default","site-content-style":"default","site-sidebar-style":"default","ast-global-header-display":"","ast-banner-title-visibility":"","ast-main-header-display":"","ast-hfb-above-header-display":"","ast-hfb-below-header-display":"","ast-hfb-mobile-header-display":"","site-post-title":"","ast-breadcrumbs-content":"","ast-featured-img":"","footer-sml-layout":"","theme-transparent-header-meta":"default","adv-header-id-meta":"","stick-header-meta":"default","header-above-stick-meta":"","header-main-stick-meta":"","header-below-stick-meta":"","astra-migrate-meta-layouts":"set","ast-page-background-enabled":"default","ast-page-background-meta":{"desktop":{"background-color":"var(--ast-global-color-4)","background-image":"","background-repeat":"repeat","background-position":"center center","background-size":"auto","background-attachment":"scroll","background-type":"","background-media":"","overlay-type":"","overlay-color":"","overlay-opacity":"","overlay-gradient":""},"tablet":{"background-color":"","background-image":"","background-repeat":"repeat","background-position":"center center","background-size":"auto","background-attachment":"scroll","background-type":"","background-media":"","overlay-type":"","overlay-color":"","overlay-opacity":"","overlay-gradient":""},"mobile":{"background-color":"","background-image":"","background-repeat":"repeat","background-position":"center center","background-size":"auto","background-attachment":"scroll","background-type":"","background-media":"","overlay-type":"","overlay-color":"","overlay-opacity":"","overlay-gradient":""}},"ast-content-background-meta":{"desktop":{"background-color":"var(--ast-global-color-5)","background-image":"","background-repeat":"repeat","background-position":"center center","background-size":"auto","background-attachment":"scroll","background-type":"","background-media":"","overlay-type":"","overlay-color":"","overlay-opacity":"","overlay-gradient":""},"tablet":{"background-color":"var(--ast-global-color-5)","background-image":"","background-repeat":"repeat","background-position":"center center","background-size":"auto","background-attachment":"scroll","background-type":"","background-media":"","overlay-type":"","overlay-color":"","overlay-opacity":"","overlay-gradient":""},"mobile":{"background-color":"var(--ast-global-color-5)","background-image":"","background-repeat":"repeat","background-position":"center center","background-size":"auto","background-attachment":"scroll","background-type":"","background-media":"","overlay-type":"","overlay-color":"","overlay-opacity":"","overlay-gradient":""}}},"product_brand":[],"product_cat":[152,168,153,154,190,158],"product_tag":[881,1873,461,932,442,440,474,252,218,3467,465,1028,441,2107],"class_list":{"0":"post-10978","1":"product","2":"type-product","3":"status-publish","4":"has-post-thumbnail","6":"product_cat-nueva-coleccion-2024","7":"product_cat-productos-mas-nuevos","8":"product_cat-replica-patek-philippe","9":"product_cat-replicas-de-relojes-mas-vendidas","10":"product_cat-super-clon-patek-philippe","11":"product_cat-superclones","12":"product_tag-aquanaut","13":"product_tag-automatic-movement","14":"product_tag-collectors-item","15":"product_tag-green-dial-es","16":"product_tag-high-quality-replica","17":"product_tag-luxury-watch","18":"product_tag-mens-watch","19":"product_tag-patek-philippe-es","20":"product_tag-patek-philippe-suizo","21":"product_tag-premium-replica-es","22":"product_tag-replica","23":"product_tag-stainless-steel-es","24":"product_tag-swiss-movement","25":"product_tag-top-swiss","26":"desktop-align-left","27":"tablet-align-left","28":"mobile-align-left","29":"ast-product-gallery-layout-vertical-slider","31":"first","32":"instock","33":"sale","34":"shipping-taxable","35":"purchasable","36":"product-type-simple"},"uagb_featured_image_src":{"full":["https:\/\/myreplicawatches.io\/wp-content\/uploads\/2023\/10\/Screenshot2023-08-03at4.02.05PM.png",778,890,false],"thumbnail":["https:\/\/myreplicawatches.io\/wp-content\/uploads\/2023\/10\/Screenshot2023-08-03at4.02.05PM-150x150.png",150,150,true],"medium":["https:\/\/myreplicawatches.io\/wp-content\/uploads\/2023\/10\/Screenshot2023-08-03at4.02.05PM-262x300.png",262,300,true],"medium_large":["https:\/\/myreplicawatches.io\/wp-content\/uploads\/2023\/10\/Screenshot2023-08-03at4.02.05PM-768x879.png",768,879,true],"large":["https:\/\/myreplicawatches.io\/wp-content\/uploads\/2023\/10\/Screenshot2023-08-03at4.02.05PM.png",778,890,false],"1536x1536":["https:\/\/myreplicawatches.io\/wp-content\/uploads\/2023\/10\/Screenshot2023-08-03at4.02.05PM.png",778,890,false],"2048x2048":["https:\/\/myreplicawatches.io\/wp-content\/uploads\/2023\/10\/Screenshot2023-08-03at4.02.05PM.png",778,890,false],"woocommerce_thumbnail":["https:\/\/myreplicawatches.io\/wp-content\/uploads\/2023\/10\/Screenshot2023-08-03at4.02.05PM-300x300.png",300,300,true],"woocommerce_single":["https:\/\/myreplicawatches.io\/wp-content\/uploads\/2023\/10\/Screenshot2023-08-03at4.02.05PM-600x686.png",600,686,true],"woocommerce_gallery_thumbnail":["https:\/\/myreplicawatches.io\/wp-content\/uploads\/2023\/10\/Screenshot2023-08-03at4.02.05PM-100x100.png",100,100,true],"variation_swatches_image_size":["https:\/\/myreplicawatches.io\/wp-content\/uploads\/2023\/10\/Screenshot2023-08-03at4.02.05PM.png",44,50,false],"variation_swatches_tooltip_size":["https:\/\/myreplicawatches.io\/wp-content\/uploads\/2023\/10\/Screenshot2023-08-03at4.02.05PM.png",87,100,false],"dgwt-wcas-product-suggestion":["https:\/\/myreplicawatches.io\/wp-content\/uploads\/2023\/10\/Screenshot2023-08-03at4.02.05PM-64x73.png",64,73,true]},"uagb_author_info":{"display_name":"admin","author_link":"https:\/\/myreplicawatches.io\/es\/author\/"},"uagb_comment_info":0,"uagb_excerpt":"Top Swiss Replica Patek Philippe Aquanaut Correa verde &#8211; La mejor versi\u00f3n en copia del mercado &nbsp; Ventajas de poseer la R\u00e9plica Top Swiss Patek Philippe Aquanaut Correa Verde: Una r\u00e9plica puede comprarse a un precio mucho m\u00e1s barato que uno aut\u00e9ntico, sin embargo, un reloj r\u00e9plica parecer\u00e1 y se sentir\u00e1 igual que el original.","jetpack_sharing_enabled":true,"_links":{"self":[{"href":"https:\/\/myreplicawatches.io\/es\/wp-json\/wp\/v2\/product\/10978","targetHints":{"allow":["GET"]}}],"collection":[{"href":"https:\/\/myreplicawatches.io\/es\/wp-json\/wp\/v2\/product"}],"about":[{"href":"https:\/\/myreplicawatches.io\/es\/wp-json\/wp\/v2\/types\/product"}],"replies":[{"embeddable":true,"href":"https:\/\/myreplicawatches.io\/es\/wp-json\/wp\/v2\/comments?post=10978"}],"wp:featuredmedia":[{"embeddable":true,"href":"https:\/\/myreplicawatches.io\/es\/wp-json\/wp\/v2\/media\/8308"}],"wp:attachment":[{"href":"https:\/\/myreplicawatches.io\/es\/wp-json\/wp\/v2\/media?parent=10978"}],"wp:term":[{"taxonomy":"product_brand","embeddable":true,"href":"https:\/\/myreplicawatches.io\/es\/wp-json\/wp\/v2\/product_brand?post=10978"},{"taxonomy":"product_cat","embeddable":true,"href":"https:\/\/myreplicawatches.io\/es\/wp-json\/wp\/v2\/product_cat?post=10978"},{"taxonomy":"product_tag","embeddable":true,"href":"https:\/\/myreplicawatches.io\/es\/wp-json\/wp\/v2\/product_tag?post=10978"}],"curies":[{"name":"wp","href":"https:\/\/api.w.org\/{rel}","templated":true}]}}