{"id":10956,"date":"2024-08-22T22:09:03","date_gmt":"2024-08-22T22:09:03","guid":{"rendered":"https:\/\/myreplicawatches.io\/product\/replica-rolex-sea-dweller-126603-2019-clon-bicolor\/"},"modified":"2025-09-19T22:19:02","modified_gmt":"2025-09-19T22:19:02","slug":"replica-rolex-sea-dweller-126603-2019-clon-bicolor","status":"publish","type":"product","link":"https:\/\/myreplicawatches.io\/es\/product\/replica-rolex-sea-dweller-126603-2019-clon-bicolor\/","title":{"rendered":"R\u00e9plica Rolex Sea-Dweller 126603 2019 Clon Bicolor"},"content":{"rendered":"<h2>R\u00e9plica Rolex Sea-Dweller 126603 2019 Clon Bicolor &#8211; R\u00e9plica de la mejor calidad<\/h2>\n<p>&nbsp;<\/p>\n<table id=\"specifications\" border=\"0\" cellspacing=\"0\" cellpadding=\"0\">\n<tbody>\n<tr>\n<td class=\"parent\"><strong>Tama\u00f1o<\/strong><\/td>\n<td>43 mm<\/td>\n<\/tr>\n<tr>\n<td class=\"parent\"><strong>Movimiento<\/strong><\/td>\n<td>Movimiento autom\u00e1tico asi\u00e1tico 2824 a 28800 vph<\/td>\n<\/tr>\n<tr>\n<td class=\"parent\"><strong>Funciones<\/strong><\/td>\n<td>Indicaci\u00f3n de horas, minutos, segundos y fecha<\/td>\n<\/tr>\n<tr>\n<td class=\"parent\"><strong>Caja S\u00f3lida<\/strong><\/td>\n<td>Caja de acero inoxidable 904L<\/td>\n<\/tr>\n<tr>\n<td class=\"parent\"><strong>Cristal<\/strong><\/td>\n<td>Cristal de zafiro a prueba de ara\u00f1azos con corona semi-invisible grabada a las 6<\/td>\n<\/tr>\n<tr>\n<td class=\"parent\"><strong>Esfera<\/strong><\/td>\n<td>Esfera negra superluminosa y agujas de color azul correcto<\/td>\n<\/tr>\n<tr>\n<td class=\"parent\"><strong>Bisel<\/strong><\/td>\n<td>Bisel cer\u00e1mico negro giratorio unidireccional de gran calidad chapado en oro amarillo de 18 quilates, color dorado correcto, fuente y marcadores de bisel de profundidad actualizados<\/td>\n<\/tr>\n<tr>\n<td class=\"parent\"><strong>Correa<\/strong><\/td>\n<td>Brazalete de acero inoxidable 904L macizo, eslabones centrales chapados en oro amarillo de 18 quilates, con SEL, cierre y extensi\u00f3n perfectos y tornillos lisos (El mejor brazalete de la historia)<\/td>\n<\/tr>\n<tr>\n<td class=\"parent\"><strong>Cierre<\/strong><\/td>\n<td>Nuevo estilo de cierre basculante con logotipo de corona Rollie pulido.<br \/>\nCierre interior pulido y bolas de resorte de cer\u00e1mica negra, igual que la \u00faltima versi\u00f3n SUB.<\/td>\n<\/tr>\n<tr>\n<td class=\"parent\"><strong>Resistencia al agua<\/strong><\/td>\n<td>&gt;50 metros<\/td>\n<\/tr>\n<\/tbody>\n<\/table>\n<p>&nbsp;<\/p>\n<h5>Ventajas de poseer la R\u00e9plica Rolex Sea-Dweller 126603 2019 Clon Bicolor:<\/h5>\n<ul>\n<li>Una r\u00e9plica puede comprarse a un precio mucho m\u00e1s barato que uno aut\u00e9ntico, sin embargo, un reloj r\u00e9plica parecer\u00e1 y se sentir\u00e1 igual que el original.<\/li>\n<li>Lo \u00faltimo que alguien quiere es gastarse una fortuna para conseguir un reloj de lujo que tiene peque\u00f1as diferencias con nuestras r\u00e9plicas de relojes.<\/li>\n<li>\n<ul>\n<li>Muchos entusiastas de los relojes no quieren gastarse miles de d\u00f3lares en relojes y quieren tener esa gran sensaci\u00f3n de poseer un gran reloj de una marca de lujo. Es entonces cuando los relojes MYREPLICAWATCHES.IO entran en escena y proporcionan esa sensaci\u00f3n a sus clientes.<\/li>\n<li>\u00bf Tienes ya un aut\u00e9ntico reloj de alta gama que no quieres llevar por motivos de seguridad o por razones de devaluaci\u00f3n en algunas ocasiones ? Lleva tu Reloj Replica Rolex Sea-Dweller 126603 2019 Clon Bicolor de alta calidad y si\u00e9ntete m\u00e1s seguro, ten la misma confianza, protege tus objetos de valor<\/li>\n<\/ul>\n<\/li>\n<\/ul>\n<h2>Garant\u00eda<\/h2>\n<p>100% de satisfacci\u00f3n garantizada Si no est\u00e1s satisfecho al 100% con tu primer Reloj MYREPLICAWATCHES.IO, nos comprometemos a arreglarlo todo.<\/p>\n<h2>Entrega<\/h2>\n<p>Env\u00edo DHL a todo el mundo &#8211; De 3 a 10 d\u00edas estimaci\u00f3n de llegada Despu\u00e9s de realizar tu pedido, por favor, deja pasar 2-3 d\u00edas para el env\u00edo de tu producto. Recibir\u00e1s tu n\u00famero de seguimiento inmediatamente despu\u00e9s de que enviemos tu producto.<\/p>\n","protected":false},"excerpt":{"rendered":"<p>R\u00e9plica Rolex Sea-Dweller 126603 2019 Clon Bicolor &#8211; R\u00e9plica de la mejor calidad &nbsp; Tama\u00f1o 43 mm Movimiento Movimiento autom\u00e1tico asi\u00e1tico 2824 a 28800 vph Funciones Indicaci\u00f3n de horas, minutos, segundos y fecha Caja S\u00f3lida Caja de acero inoxidable 904L Cristal Cristal de zafiro a prueba de ara\u00f1azos con corona semi-invisible grabada a las 6<\/p>\n","protected":false},"featured_media":10369,"comment_status":"open","ping_status":"closed","template":"","meta":{"_uag_custom_page_level_css":"","site-sidebar-layout":"default","site-content-layout":"","ast-site-content-layout":"default","site-content-style":"default","site-sidebar-style":"default","ast-global-header-display":"","ast-banner-title-visibility":"","ast-main-header-display":"","ast-hfb-above-header-display":"","ast-hfb-below-header-display":"","ast-hfb-mobile-header-display":"","site-post-title":"","ast-breadcrumbs-content":"","ast-featured-img":"","footer-sml-layout":"","theme-transparent-header-meta":"default","adv-header-id-meta":"","stick-header-meta":"default","header-above-stick-meta":"","header-main-stick-meta":"","header-below-stick-meta":"","astra-migrate-meta-layouts":"set","ast-page-background-enabled":"default","ast-page-background-meta":{"desktop":{"background-color":"var(--ast-global-color-4)","background-image":"","background-repeat":"repeat","background-position":"center center","background-size":"auto","background-attachment":"scroll","background-type":"","background-media":"","overlay-type":"","overlay-color":"","overlay-opacity":"","overlay-gradient":""},"tablet":{"background-color":"","background-image":"","background-repeat":"repeat","background-position":"center center","background-size":"auto","background-attachment":"scroll","background-type":"","background-media":"","overlay-type":"","overlay-color":"","overlay-opacity":"","overlay-gradient":""},"mobile":{"background-color":"","background-image":"","background-repeat":"repeat","background-position":"center center","background-size":"auto","background-attachment":"scroll","background-type":"","background-media":"","overlay-type":"","overlay-color":"","overlay-opacity":"","overlay-gradient":""}},"ast-content-background-meta":{"desktop":{"background-color":"var(--ast-global-color-5)","background-image":"","background-repeat":"repeat","background-position":"center center","background-size":"auto","background-attachment":"scroll","background-type":"","background-media":"","overlay-type":"","overlay-color":"","overlay-opacity":"","overlay-gradient":""},"tablet":{"background-color":"var(--ast-global-color-5)","background-image":"","background-repeat":"repeat","background-position":"center center","background-size":"auto","background-attachment":"scroll","background-type":"","background-media":"","overlay-type":"","overlay-color":"","overlay-opacity":"","overlay-gradient":""},"mobile":{"background-color":"var(--ast-global-color-5)","background-image":"","background-repeat":"repeat","background-position":"center center","background-size":"auto","background-attachment":"scroll","background-type":"","background-media":"","overlay-type":"","overlay-color":"","overlay-opacity":"","overlay-gradient":""}}},"product_brand":[],"product_cat":[152,168,175,170],"product_tag":[],"class_list":{"0":"post-10956","1":"product","2":"type-product","3":"status-publish","4":"has-post-thumbnail","6":"product_cat-nueva-coleccion-2024","7":"product_cat-productos-mas-nuevos","8":"product_cat-rolex-deep-sea-replica-relojio","9":"product_cat-super-clon-rolex","10":"desktop-align-left","11":"tablet-align-left","12":"mobile-align-left","13":"ast-product-gallery-layout-vertical-slider","14":"ast-product-single-variable","16":"first","17":"instock","18":"sale","19":"shipping-taxable","20":"purchasable","21":"product-type-variable"},"uagb_featured_image_src":{"full":["https:\/\/myreplicawatches.io\/wp-content\/uploads\/2024\/08\/Screenshot-2024-08-23-at-1.02.38-AM.jpg",832,868,false],"thumbnail":["https:\/\/myreplicawatches.io\/wp-content\/uploads\/2024\/08\/Screenshot-2024-08-23-at-1.02.38-AM-150x150.png",150,150,true],"medium":["https:\/\/myreplicawatches.io\/wp-content\/uploads\/2024\/08\/Screenshot-2024-08-23-at-1.02.38-AM-288x300.png",288,300,true],"medium_large":["https:\/\/myreplicawatches.io\/wp-content\/uploads\/2024\/08\/Screenshot-2024-08-23-at-1.02.38-AM-768x801.png",768,801,true],"large":["https:\/\/myreplicawatches.io\/wp-content\/uploads\/2024\/08\/Screenshot-2024-08-23-at-1.02.38-AM.jpg",832,868,false],"1536x1536":["https:\/\/myreplicawatches.io\/wp-content\/uploads\/2024\/08\/Screenshot-2024-08-23-at-1.02.38-AM.jpg",832,868,false],"2048x2048":["https:\/\/myreplicawatches.io\/wp-content\/uploads\/2024\/08\/Screenshot-2024-08-23-at-1.02.38-AM.jpg",832,868,false],"woocommerce_thumbnail":["https:\/\/myreplicawatches.io\/wp-content\/uploads\/2024\/08\/Screenshot-2024-08-23-at-1.02.38-AM-300x300.jpg",300,300,true],"woocommerce_single":["https:\/\/myreplicawatches.io\/wp-content\/uploads\/2024\/08\/Screenshot-2024-08-23-at-1.02.38-AM-600x626.jpg",600,626,true],"woocommerce_gallery_thumbnail":["https:\/\/myreplicawatches.io\/wp-content\/uploads\/2024\/08\/Screenshot-2024-08-23-at-1.02.38-AM-100x100.jpg",100,100,true],"variation_swatches_image_size":["https:\/\/myreplicawatches.io\/wp-content\/uploads\/2024\/08\/Screenshot-2024-08-23-at-1.02.38-AM-50x50.png",50,50,true],"variation_swatches_tooltip_size":["https:\/\/myreplicawatches.io\/wp-content\/uploads\/2024\/08\/Screenshot-2024-08-23-at-1.02.38-AM-100x100.png",100,100,true],"dgwt-wcas-product-suggestion":["https:\/\/myreplicawatches.io\/wp-content\/uploads\/2024\/08\/Screenshot-2024-08-23-at-1.02.38-AM-64x67.jpg",64,67,true]},"uagb_author_info":{"display_name":"admin","author_link":"https:\/\/myreplicawatches.io\/es\/author\/"},"uagb_comment_info":0,"uagb_excerpt":"R\u00e9plica Rolex Sea-Dweller 126603 2019 Clon Bicolor &#8211; R\u00e9plica de la mejor calidad &nbsp; Tama\u00f1o 43 mm Movimiento Movimiento autom\u00e1tico asi\u00e1tico 2824 a 28800 vph Funciones Indicaci\u00f3n de horas, minutos, segundos y fecha Caja S\u00f3lida Caja de acero inoxidable 904L Cristal Cristal de zafiro a prueba de ara\u00f1azos con corona semi-invisible grabada a las 6","jetpack_sharing_enabled":true,"_links":{"self":[{"href":"https:\/\/myreplicawatches.io\/es\/wp-json\/wp\/v2\/product\/10956","targetHints":{"allow":["GET"]}}],"collection":[{"href":"https:\/\/myreplicawatches.io\/es\/wp-json\/wp\/v2\/product"}],"about":[{"href":"https:\/\/myreplicawatches.io\/es\/wp-json\/wp\/v2\/types\/product"}],"replies":[{"embeddable":true,"href":"https:\/\/myreplicawatches.io\/es\/wp-json\/wp\/v2\/comments?post=10956"}],"wp:featuredmedia":[{"embeddable":true,"href":"https:\/\/myreplicawatches.io\/es\/wp-json\/wp\/v2\/media\/10369"}],"wp:attachment":[{"href":"https:\/\/myreplicawatches.io\/es\/wp-json\/wp\/v2\/media?parent=10956"}],"wp:term":[{"taxonomy":"product_brand","embeddable":true,"href":"https:\/\/myreplicawatches.io\/es\/wp-json\/wp\/v2\/product_brand?post=10956"},{"taxonomy":"product_cat","embeddable":true,"href":"https:\/\/myreplicawatches.io\/es\/wp-json\/wp\/v2\/product_cat?post=10956"},{"taxonomy":"product_tag","embeddable":true,"href":"https:\/\/myreplicawatches.io\/es\/wp-json\/wp\/v2\/product_tag?post=10956"}],"curies":[{"name":"wp","href":"https:\/\/api.w.org\/{rel}","templated":true}]}}