{"id":10952,"date":"2024-08-22T22:00:08","date_gmt":"2024-08-22T22:00:08","guid":{"rendered":"https:\/\/myreplicawatches.io\/product\/replica-audemars-piguet-royal-oak-cronografo-41-mm-azul\/"},"modified":"2025-09-19T22:19:08","modified_gmt":"2025-09-19T22:19:08","slug":"replica-audemars-piguet-royal-oak-cronografo-41-mm-azul","status":"publish","type":"product","link":"https:\/\/myreplicawatches.io\/es\/product\/replica-audemars-piguet-royal-oak-cronografo-41-mm-azul\/","title":{"rendered":"R\u00e9plica Audemars Piguet Royal Oak Cron\u00f3grafo 41 mm, Azul"},"content":{"rendered":"<h2>R\u00e9plica Audemars Piguet Royal Oak Cron\u00f3grafo 41 mm, Azul &#8211; R\u00e9plica de reloj de la mejor calidad<\/h2>\n<p>&nbsp;<\/p>\n<table>\n<tbody>\n<tr>\n<td>\n<h3>Informaci\u00f3n b\u00e1sica<\/h3>\n<\/td>\n<\/tr>\n<tr>\n<td><strong>Marca:<\/strong><\/td>\n<td>Audemars Piguet<\/td>\n<\/tr>\n<tr>\n<td><strong>Colecci\u00f3n:<\/strong><\/td>\n<td>Roble Real<\/td>\n<\/tr>\n<tr>\n<td><strong>Modelo<\/strong><\/td>\n<td>Royal Oak Cron\u00f3grafo<\/td>\n<\/tr>\n<tr>\n<td><strong>N\u00famero de referencia:<\/strong><\/td>\n<td>26331O.OO.D315CR.01<\/td>\n<\/tr>\n<tr>\n<td><strong>Color de la esfera:<\/strong><\/td>\n<td>Azul<\/td>\n<\/tr>\n<tr>\n<td><strong>Di\u00e1metro de la caja:<\/strong><\/td>\n<td>41 mm<\/td>\n<\/tr>\n<tr>\n<td><strong>Material de la caja:<\/strong><\/td>\n<td>Acero inoxidable<\/td>\n<\/tr>\n<tr>\n<td><strong>Material de la pulsera:<\/strong><\/td>\n<td>Cuero<\/td>\n<\/tr>\n<tr>\n<td><strong>Color de la pulsera:<\/strong><\/td>\n<td>Azul<\/td>\n<\/tr>\n<tr>\n<td><strong>Cristal:<\/strong><\/td>\n<td>Cristal de zafiro<\/td>\n<\/tr>\n<\/tbody>\n<\/table>\n<div class=\"elementor-toggle-item\">\n<div id=\"elementor-tab-title-4231\" class=\"elementor-tab-title elementor-active\" tabindex=\"0\" role=\"button\" data-tab=\"1\" aria-controls=\"elementor-tab-content-4231\" aria-expanded=\"true\" aria-selected=\"true\"><a class=\"elementor-toggle-title\" tabindex=\"0\">Plazo de env\u00edo<\/a><\/div>\n<div id=\"elementor-tab-content-4231\" class=\"elementor-tab-content elementor-clearfix elementor-active\" role=\"region\" data-tab=\"1\" aria-labelledby=\"elementor-tab-title-4231\">La llegada estimada es de 4-12 d\u00edas despu\u00e9s del env\u00edo, recibir\u00e1s tu n\u00famero de seguimiento en 2-3 d\u00edas despu\u00e9s de tu pedido.<\/div>\n<\/div>\n<div class=\"elementor-toggle-item\">\n<div id=\"elementor-tab-title-4232\" class=\"elementor-tab-title elementor-active\" tabindex=\"0\" role=\"button\" data-tab=\"2\" aria-controls=\"elementor-tab-content-4232\" aria-expanded=\"true\" aria-selected=\"true\"><i class=\"elementor-toggle-icon-opened fas fa-caret-square-up\"><\/i><a class=\"elementor-toggle-title\" tabindex=\"0\">Sin impuestos ni tasas aduaneras<\/a><\/div>\n<div id=\"elementor-tab-content-4232\" class=\"elementor-tab-content elementor-clearfix elementor-active\" role=\"region\" data-tab=\"2\" aria-labelledby=\"elementor-tab-title-4232\">No pagar\u00e1s impuestos ni tasas de aduana cuando te lleguen los productos.<\/div>\n<\/div>\n<div class=\"elementor-toggle-item\">\n<div id=\"elementor-tab-title-4233\" class=\"elementor-tab-title elementor-active\" tabindex=\"0\" role=\"button\" data-tab=\"3\" aria-controls=\"elementor-tab-content-4233\" aria-expanded=\"true\" aria-selected=\"true\"><i class=\"elementor-toggle-icon-opened fas fa-caret-square-up\"><\/i><a class=\"elementor-toggle-title\" tabindex=\"0\">No satisfecho = Devoluci\u00f3n del dinero<\/a><\/div>\n<div id=\"elementor-tab-content-4233\" class=\"elementor-tab-content elementor-clearfix elementor-active\" role=\"region\" data-tab=\"3\" aria-labelledby=\"elementor-tab-title-4233\">\u00bfNo est\u00e1s plenamente satisfecho?<br \/>\nsi no es as\u00ed, te devolvemos el importe \u00edntegro ( se aplican las condiciones )<\/div>\n<p>&nbsp;<\/p>\n<\/div>\n","protected":false},"excerpt":{"rendered":"<p>R\u00e9plica Audemars Piguet Royal Oak Cron\u00f3grafo 41 mm, Azul &#8211; R\u00e9plica de reloj de la mejor calidad &nbsp; Informaci\u00f3n b\u00e1sica Marca: Audemars Piguet Colecci\u00f3n: Roble Real Modelo Royal Oak Cron\u00f3grafo N\u00famero de referencia: 26331O.OO.D315CR.01 Color de la esfera: Azul Di\u00e1metro de la caja: 41 mm Material de la caja: Acero inoxidable Material de la pulsera:<\/p>\n","protected":false},"featured_media":10360,"comment_status":"open","ping_status":"closed","template":"","meta":{"_uag_custom_page_level_css":"","site-sidebar-layout":"default","site-content-layout":"","ast-site-content-layout":"default","site-content-style":"default","site-sidebar-style":"default","ast-global-header-display":"","ast-banner-title-visibility":"","ast-main-header-display":"","ast-hfb-above-header-display":"","ast-hfb-below-header-display":"","ast-hfb-mobile-header-display":"","site-post-title":"","ast-breadcrumbs-content":"","ast-featured-img":"","footer-sml-layout":"","theme-transparent-header-meta":"default","adv-header-id-meta":"","stick-header-meta":"default","header-above-stick-meta":"","header-main-stick-meta":"","header-below-stick-meta":"","astra-migrate-meta-layouts":"set","ast-page-background-enabled":"default","ast-page-background-meta":{"desktop":{"background-color":"var(--ast-global-color-4)","background-image":"","background-repeat":"repeat","background-position":"center center","background-size":"auto","background-attachment":"scroll","background-type":"","background-media":"","overlay-type":"","overlay-color":"","overlay-opacity":"","overlay-gradient":""},"tablet":{"background-color":"","background-image":"","background-repeat":"repeat","background-position":"center center","background-size":"auto","background-attachment":"scroll","background-type":"","background-media":"","overlay-type":"","overlay-color":"","overlay-opacity":"","overlay-gradient":""},"mobile":{"background-color":"","background-image":"","background-repeat":"repeat","background-position":"center center","background-size":"auto","background-attachment":"scroll","background-type":"","background-media":"","overlay-type":"","overlay-color":"","overlay-opacity":"","overlay-gradient":""}},"ast-content-background-meta":{"desktop":{"background-color":"var(--ast-global-color-5)","background-image":"","background-repeat":"repeat","background-position":"center center","background-size":"auto","background-attachment":"scroll","background-type":"","background-media":"","overlay-type":"","overlay-color":"","overlay-opacity":"","overlay-gradient":""},"tablet":{"background-color":"var(--ast-global-color-5)","background-image":"","background-repeat":"repeat","background-position":"center center","background-size":"auto","background-attachment":"scroll","background-type":"","background-media":"","overlay-type":"","overlay-color":"","overlay-opacity":"","overlay-gradient":""},"mobile":{"background-color":"var(--ast-global-color-5)","background-image":"","background-repeat":"repeat","background-position":"center center","background-size":"auto","background-attachment":"scroll","background-type":"","background-media":"","overlay-type":"","overlay-color":"","overlay-opacity":"","overlay-gradient":""}}},"product_brand":[],"product_cat":[152,168,149],"product_tag":[],"class_list":{"0":"post-10952","1":"product","2":"type-product","3":"status-publish","4":"has-post-thumbnail","6":"product_cat-nueva-coleccion-2024","7":"product_cat-productos-mas-nuevos","8":"product_cat-relojes-replica-audemars-piguet","9":"desktop-align-left","10":"tablet-align-left","11":"mobile-align-left","12":"ast-product-gallery-layout-vertical-slider","13":"ast-product-single-variable","15":"first","16":"instock","17":"sale","18":"shipping-taxable","19":"purchasable","20":"product-type-variable"},"uagb_featured_image_src":{"full":["https:\/\/myreplicawatches.io\/wp-content\/uploads\/2024\/08\/Screenshot-2024-08-23-at-12.58.47-AM.jpg",752,752,false],"thumbnail":["https:\/\/myreplicawatches.io\/wp-content\/uploads\/2024\/08\/Screenshot-2024-08-23-at-12.58.47-AM-150x150.png",150,150,true],"medium":["https:\/\/myreplicawatches.io\/wp-content\/uploads\/2024\/08\/Screenshot-2024-08-23-at-12.58.47-AM-300x300.png",300,300,true],"medium_large":["https:\/\/myreplicawatches.io\/wp-content\/uploads\/2024\/08\/Screenshot-2024-08-23-at-12.58.47-AM.jpg",752,752,false],"large":["https:\/\/myreplicawatches.io\/wp-content\/uploads\/2024\/08\/Screenshot-2024-08-23-at-12.58.47-AM.jpg",752,752,false],"1536x1536":["https:\/\/myreplicawatches.io\/wp-content\/uploads\/2024\/08\/Screenshot-2024-08-23-at-12.58.47-AM.jpg",752,752,false],"2048x2048":["https:\/\/myreplicawatches.io\/wp-content\/uploads\/2024\/08\/Screenshot-2024-08-23-at-12.58.47-AM.jpg",752,752,false],"woocommerce_thumbnail":["https:\/\/myreplicawatches.io\/wp-content\/uploads\/2024\/08\/Screenshot-2024-08-23-at-12.58.47-AM-300x300.jpg",300,300,true],"woocommerce_single":["https:\/\/myreplicawatches.io\/wp-content\/uploads\/2024\/08\/Screenshot-2024-08-23-at-12.58.47-AM-600x600.jpg",600,600,true],"woocommerce_gallery_thumbnail":["https:\/\/myreplicawatches.io\/wp-content\/uploads\/2024\/08\/Screenshot-2024-08-23-at-12.58.47-AM-100x100.jpg",100,100,true],"variation_swatches_image_size":["https:\/\/myreplicawatches.io\/wp-content\/uploads\/2024\/08\/Screenshot-2024-08-23-at-12.58.47-AM-50x50.png",50,50,true],"variation_swatches_tooltip_size":["https:\/\/myreplicawatches.io\/wp-content\/uploads\/2024\/08\/Screenshot-2024-08-23-at-12.58.47-AM-100x100.png",100,100,true],"dgwt-wcas-product-suggestion":["https:\/\/myreplicawatches.io\/wp-content\/uploads\/2024\/08\/Screenshot-2024-08-23-at-12.58.47-AM-64x64.jpg",64,64,true]},"uagb_author_info":{"display_name":"admin","author_link":"https:\/\/myreplicawatches.io\/es\/author\/"},"uagb_comment_info":0,"uagb_excerpt":"R\u00e9plica Audemars Piguet Royal Oak Cron\u00f3grafo 41 mm, Azul &#8211; R\u00e9plica de reloj de la mejor calidad &nbsp; Informaci\u00f3n b\u00e1sica Marca: Audemars Piguet Colecci\u00f3n: Roble Real Modelo Royal Oak Cron\u00f3grafo N\u00famero de referencia: 26331O.OO.D315CR.01 Color de la esfera: Azul Di\u00e1metro de la caja: 41 mm Material de la caja: Acero inoxidable Material de la pulsera:","jetpack_sharing_enabled":true,"_links":{"self":[{"href":"https:\/\/myreplicawatches.io\/es\/wp-json\/wp\/v2\/product\/10952","targetHints":{"allow":["GET"]}}],"collection":[{"href":"https:\/\/myreplicawatches.io\/es\/wp-json\/wp\/v2\/product"}],"about":[{"href":"https:\/\/myreplicawatches.io\/es\/wp-json\/wp\/v2\/types\/product"}],"replies":[{"embeddable":true,"href":"https:\/\/myreplicawatches.io\/es\/wp-json\/wp\/v2\/comments?post=10952"}],"wp:featuredmedia":[{"embeddable":true,"href":"https:\/\/myreplicawatches.io\/es\/wp-json\/wp\/v2\/media\/10360"}],"wp:attachment":[{"href":"https:\/\/myreplicawatches.io\/es\/wp-json\/wp\/v2\/media?parent=10952"}],"wp:term":[{"taxonomy":"product_brand","embeddable":true,"href":"https:\/\/myreplicawatches.io\/es\/wp-json\/wp\/v2\/product_brand?post=10952"},{"taxonomy":"product_cat","embeddable":true,"href":"https:\/\/myreplicawatches.io\/es\/wp-json\/wp\/v2\/product_cat?post=10952"},{"taxonomy":"product_tag","embeddable":true,"href":"https:\/\/myreplicawatches.io\/es\/wp-json\/wp\/v2\/product_tag?post=10952"}],"curies":[{"name":"wp","href":"https:\/\/api.w.org\/{rel}","templated":true}]}}