{"id":12244,"date":"2023-10-13T11:09:06","date_gmt":"2023-10-13T11:09:06","guid":{"rendered":"https:\/\/myreplicawatches.io\/preguntas-frecuentes\/"},"modified":"2025-03-18T09:33:25","modified_gmt":"2025-03-18T09:33:25","slug":"preguntas-frecuentes","status":"publish","type":"page","link":"https:\/\/myreplicawatches.io\/es\/preguntas-frecuentes\/","title":{"rendered":"Preguntas frecuentes"},"content":{"rendered":"\n<h2 class=\"wp-block-heading\"><strong>Pregunta :<\/strong> \u00bfQu\u00e9 pasa si la aduana confisca mi paquete?<\/h2>\n\n<p class=\"has-ast-global-color-2-color has-text-color\"><strong>Respuesta : <\/strong>Rara vez tenemos problemas con las aduanas y los paquetes embargados. Si se diera el caso, te reembolsar\u00edamos el importe \u00edntegro pagado o volver\u00edamos a enviar el paquete con otro servicio de mensajer\u00eda.   <\/p>\n\n<h2 class=\"wp-block-heading\"><strong>Pregunta<\/strong>: \u00bfCu\u00e1l es la rapidez de env\u00edo?  <\/h2>\n\n<p><strong>Respuesta<\/strong>: Proporcionamos un m\u00e9todo de env\u00edo, Fedex Express Worldwide Shipping 3-10 llegada estimada Despu\u00e9s de realizar un pedido, te enviaremos toda la informaci\u00f3n de seguimiento en los pr\u00f3ximos 2 d\u00edas, adem\u00e1s de algunas fotos de tu paquete. Si tienes alguna pregunta, ponte en contacto con nuestro servicio de atenci\u00f3n al cliente aqu\u00ed: luxhyped1@gmail.com <\/p>\n\n<h2 class=\"wp-block-heading\"><strong>Pregunta<\/strong>: \u00bfD\u00f3nde estamos ubicados y desde d\u00f3nde enviamos?<\/h2>\n\n<p><strong>Respuesta<\/strong>: Nuestra sede est\u00e1 en Londres, Reino Unido. Tenemos varios vendedores en todo el mundo, por lo que cada reloj se env\u00eda desde un lugar distinto. Algunos de nuestros vendedores son de China, Grecia, Jap\u00f3n y Suiza.  <\/p>\n\n<h2 class=\"wp-block-heading\"><strong>Pregunta: <\/strong>\u00bfHay alg\u00fan impuesto extra o tendr\u00e9 problemas con la aduana?<\/h2>\n\n<p><strong>Respuesta: <\/strong>No tienes que pagar m\u00e1s impuestos, est\u00e1n incluidos en el precio. La aduana nunca fue un problema, si se quedan con tu paquete te reenviar\u00e1n uno nuevo gratis.   <\/p>\n\n<h2 class=\"wp-block-heading &lt;div class=&quot;AVADA_PAGE_WRAPPER&quot; id=&quot;AVADA_PAGE_FAQS&quot;&gt;&lt;script src=&quot;https:\/\/helpdesk.avada.io\/scripttag\/avada-page-faqs.min.js?shop=hype-limit-accessories.myshopify.com&quot;&gt;&lt;\/script&gt;&lt;\/div&gt;\" id=\"AVADA_PAGE_FAQS\"><strong>Pregunta: <\/strong>\u00bfPuedo modificar o anular mi pedido?<\/h2>\n\n<p><strong>Respuesta:<\/strong> Si no est\u00e1s satisfecho por cualquier motivo, puedes devolvernos el paquete y recibir un reembolso o cambiarlo por otro producto.<\/p>\n\n<h2 class=\"wp-block-heading\"><strong>Pregunta:<\/strong> \u00bfHac\u00e9is env\u00edos internacionales?<\/h2>\n\n<p><strong>Respuesta:<\/strong> S\u00ed, realizamos env\u00edos internacionales. S\u00f3lo enviamos mediante env\u00edo urgente Ensured, haz tu pedido hoy y recibe tu paquete en 4-10 d\u00edas <\/p>\n\n<h2 class=\"wp-block-heading\"><strong>Preguntas: <\/strong>\u00bfPor qu\u00e9 deber\u00eda confiar en tu sitio web?<\/h2>\n\n<p><strong>Respuesta: <\/strong>Estamos operando desde 2018 y tenemos miles de clientes satisfechos, tambi\u00e9n puedes ver aqu\u00ed las opiniones de nuestros clientes: https:\/\/myreplicawatches.io\/customers-reviews\/<\/p>\n\n<h2 class=\"wp-block-heading\"><strong>Pregunta:<\/strong> \u00bfQu\u00e9 cualidades tienes?  <\/h2>\n\n<p><strong>Respuesta<\/strong>:Tenemos Tres Calidades, AAAA+, Clon de Jap\u00f3n y Clones Suizos.<\/p>\n\n<p>En cualquier caso, la calidad AAAA+ no es un reloj de mala calidad, nunca venderemos relojes de mala calidad a nuestros clientes. La calidad AAAA+ es nuestra m\u00e1s vendida y la gente tiende a comprar m\u00e1s esta calidad por su buen precio y sus materiales de alta calidad. <\/p>\n\n<p>En cambio los Clones Japoneses y Suizos son para gente que quiere pasar al siguiente nivel, por eso aunque se comparen con los aut\u00e9nticos las diferencias s\u00f3lo se ven con un microscopio.  <br\/><br\/>Consulta a continuaci\u00f3n toda la informaci\u00f3n de cada Calidad:  <\/p>\n\n<p><strong><ins>RELOJES Calidad AAAA<\/ins><\/strong><\/p>\n\n<ul class=\"wp-block-list\">\n<li><strong>Resistente al agua pero no impermeable \u2714<\/strong><\/li>\n\n\n\n<li><strong>Cristal de zafiro antirrayado con revestimiento AR \u2714<\/strong><\/li>\n\n\n\n<li><strong>Relojes chapados en acero. \u2714<\/strong><\/li>\n\n\n\n<li><strong>Mismo peso que el original. \u2714<\/strong><\/li>\n\n\n\n<li><strong>Mismo Mecanismo que el Real \u2716 ( Mejor Movimiento Autom\u00e1tico Japon\u00e9s, peque\u00f1a diferencia detallada en el mecanismo )<\/strong><\/li>\n\n\n\n<li><strong>Movimiento Autom\u00e1tico \u2714 ( El segundero no hace tictac, se mueve suavemente como el original )<\/strong><\/li>\n<\/ul>\n\n<p><strong><ins>RELOJES HECHOS EN JAP\u00d3N Clon 1:1<\/ins><\/strong><\/p>\n\n<ul class=\"wp-block-list\">\n<li><strong>Se ve y se siente exactamente igual. \u2714<\/strong><\/li>\n\n\n\n<li><strong>No se puede diferenciar entre el verdadero \u2714<\/strong><\/li>\n\n\n\n<li><strong>Resistente al agua 100 m \u2714<\/strong><\/li>\n\n\n\n<li><strong>Cristal de zafiro antirrayado con revestimiento AR \u2714<\/strong><\/li>\n\n\n\n<li><strong>Relojes de acero 904L y chapados en oro aut\u00e9ntico. \u2714<\/strong><\/li>\n\n\n\n<li><strong>Mismo peso que el original. \u2714<\/strong><\/li>\n\n\n\n<li><strong>Mismo Mecanismo que el Real \u2716 ( Mejor Movimiento Autom\u00e1tico Japon\u00e9s, peque\u00f1a diferencia detallada en el mecanismo )<\/strong><\/li>\n\n\n\n<li><strong>Movimiento Autom\u00e1tico \u2714 ( El segundero no hace tictac, se mueve suavemente como el original )<\/strong><\/li>\n<\/ul>\n\n<p><strong><ins>RELOJES SWISS MADE Clon 1:1<\/ins><\/strong><\/p>\n\n<ul class=\"wp-block-list\">\n<li><strong>Se ve y se siente exactamente igual. \u2714<\/strong><\/li>\n\n\n\n<li><strong>No se puede diferenciar entre el verdadero \u2714<\/strong><\/li>\n\n\n\n<li><strong>Resistente al agua 300 m \u2714<\/strong><\/li>\n\n\n\n<li><strong>Cristal de zafiro antirrayado con revestimiento AR \u2714<\/strong><\/li>\n\n\n\n<li><strong>Relojes de acero 904L y oro aut\u00e9ntico. \u2714<\/strong><\/li>\n\n\n\n<li><strong>Mismo peso que el original. \u2714<\/strong><\/li>\n\n\n\n<li><strong>Mismo Mecanismo que el Real \u2714 ( MISMO Movimiento SUIZO, Exactamente igual que el real )<\/strong><\/li>\n\n\n\n<li><strong>Movimiento Autom\u00e1tico \u2714 ( El segundero no hace tictac, se mueve suavemente como el original )<\/strong><\/li>\n\n\n\n<li><\/li>\n<\/ul>\n\n<h2 class=\"wp-block-heading\"><strong>Pregunta : <\/strong>\u00bfQu\u00e9 formas de pago se aceptan?<\/h2>\n\n<p><strong>Respuesta: <\/strong>Aceptamos las principales tarjetas de cr\u00e9dito, Criptomoneda ( + 15% OFF ) y Transferencia Bancaria Directa ( + 15% OFF )<\/p>\n","protected":false},"excerpt":{"rendered":"<p>Pregunta : \u00bfQu\u00e9 pasa si la aduana confisca mi paquete? Respuesta : Rara vez tenemos problemas con las aduanas y los paquetes embargados. Si se diera el caso, te reembolsar\u00edamos el importe \u00edntegro pagado o volver\u00edamos a enviar el paquete con otro servicio de mensajer\u00eda. Pregunta: \u00bfCu\u00e1l es la rapidez de env\u00edo? Respuesta: Proporcionamos un<\/p>\n","protected":false},"author":1,"featured_media":0,"parent":0,"menu_order":0,"comment_status":"closed","ping_status":"closed","template":"","meta":{"_uag_custom_page_level_css":"","site-sidebar-layout":"default","site-content-layout":"","ast-site-content-layout":"","site-content-style":"default","site-sidebar-style":"default","ast-global-header-display":"","ast-banner-title-visibility":"","ast-main-header-display":"","ast-hfb-above-header-display":"","ast-hfb-below-header-display":"","ast-hfb-mobile-header-display":"","site-post-title":"","ast-breadcrumbs-content":"","ast-featured-img":"","footer-sml-layout":"","theme-transparent-header-meta":"","adv-header-id-meta":"","stick-header-meta":"","header-above-stick-meta":"","header-main-stick-meta":"","header-below-stick-meta":"","astra-migrate-meta-layouts":"default","ast-page-background-enabled":"default","ast-page-background-meta":{"desktop":{"background-color":"var(--ast-global-color-4)","background-image":"","background-repeat":"repeat","background-position":"center center","background-size":"auto","background-attachment":"scroll","background-type":"","background-media":"","overlay-type":"","overlay-color":"","overlay-opacity":"","overlay-gradient":""},"tablet":{"background-color":"","background-image":"","background-repeat":"repeat","background-position":"center center","background-size":"auto","background-attachment":"scroll","background-type":"","background-media":"","overlay-type":"","overlay-color":"","overlay-opacity":"","overlay-gradient":""},"mobile":{"background-color":"","background-image":"","background-repeat":"repeat","background-position":"center center","background-size":"auto","background-attachment":"scroll","background-type":"","background-media":"","overlay-type":"","overlay-color":"","overlay-opacity":"","overlay-gradient":""}},"ast-content-background-meta":{"desktop":{"background-color":"var(--ast-global-color-5)","background-image":"","background-repeat":"repeat","background-position":"center center","background-size":"auto","background-attachment":"scroll","background-type":"","background-media":"","overlay-type":"","overlay-color":"","overlay-opacity":"","overlay-gradient":""},"tablet":{"background-color":"var(--ast-global-color-5)","background-image":"","background-repeat":"repeat","background-position":"center center","background-size":"auto","background-attachment":"scroll","background-type":"","background-media":"","overlay-type":"","overlay-color":"","overlay-opacity":"","overlay-gradient":""},"mobile":{"background-color":"var(--ast-global-color-5)","background-image":"","background-repeat":"repeat","background-position":"center center","background-size":"auto","background-attachment":"scroll","background-type":"","background-media":"","overlay-type":"","overlay-color":"","overlay-opacity":"","overlay-gradient":""}},"footnotes":""},"class_list":["post-12244","page","type-page","status-publish","hentry"],"uagb_featured_image_src":{"full":false,"thumbnail":false,"medium":false,"medium_large":false,"large":false,"1536x1536":false,"2048x2048":false,"woocommerce_thumbnail":false,"woocommerce_single":false,"woocommerce_gallery_thumbnail":false,"variation_swatches_image_size":false,"variation_swatches_tooltip_size":false,"dgwt-wcas-product-suggestion":false},"uagb_author_info":{"display_name":"admin","author_link":"https:\/\/myreplicawatches.io\/es\/author\/admin\/"},"uagb_comment_info":0,"uagb_excerpt":"Pregunta : \u00bfQu\u00e9 pasa si la aduana confisca mi paquete? Respuesta : Rara vez tenemos problemas con las aduanas y los paquetes embargados. Si se diera el caso, te reembolsar\u00edamos el importe \u00edntegro pagado o volver\u00edamos a enviar el paquete con otro servicio de mensajer\u00eda. Pregunta: \u00bfCu\u00e1l es la rapidez de env\u00edo? Respuesta: Proporcionamos un","jetpack_sharing_enabled":true,"_links":{"self":[{"href":"https:\/\/myreplicawatches.io\/es\/wp-json\/wp\/v2\/pages\/12244","targetHints":{"allow":["GET"]}}],"collection":[{"href":"https:\/\/myreplicawatches.io\/es\/wp-json\/wp\/v2\/pages"}],"about":[{"href":"https:\/\/myreplicawatches.io\/es\/wp-json\/wp\/v2\/types\/page"}],"author":[{"embeddable":true,"href":"https:\/\/myreplicawatches.io\/es\/wp-json\/wp\/v2\/users\/1"}],"replies":[{"embeddable":true,"href":"https:\/\/myreplicawatches.io\/es\/wp-json\/wp\/v2\/comments?post=12244"}],"version-history":[{"count":3,"href":"https:\/\/myreplicawatches.io\/es\/wp-json\/wp\/v2\/pages\/12244\/revisions"}],"predecessor-version":[{"id":16467,"href":"https:\/\/myreplicawatches.io\/es\/wp-json\/wp\/v2\/pages\/12244\/revisions\/16467"}],"wp:attachment":[{"href":"https:\/\/myreplicawatches.io\/es\/wp-json\/wp\/v2\/media?parent=12244"}],"curies":[{"name":"wp","href":"https:\/\/api.w.org\/{rel}","templated":true}]}}