{"id":12142,"date":"2024-10-15T12:26:03","date_gmt":"2024-10-15T12:26:03","guid":{"rendered":"https:\/\/myreplicawatches.io\/replica-watches-blog-posts\/"},"modified":"2024-10-25T15:34:58","modified_gmt":"2024-10-25T15:34:58","slug":"replica-watches-blog-posts","status":"publish","type":"page","link":"https:\/\/myreplicawatches.io\/es\/replica-watches-blog-posts\/","title":{"rendered":"Replica Watches Blog Posts"},"content":{"rendered":"\t\t<div data-elementor-type=\"archive\" data-elementor-id=\"12149\" class=\"elementor elementor-12149 elementor-12073\" data-elementor-post-type=\"elementor_library\">\n\t\t\t<div class=\"elementor-element elementor-element-44a03f4c e-con-full e-flex wpr-particle-no wpr-jarallax-no wpr-parallax-no wpr-sticky-section-no e-con e-parent\" data-id=\"44a03f4c\" data-element_type=\"container\" data-settings=\"{&quot;background_background&quot;:&quot;classic&quot;}\">\n\t\t\t\t<div class=\"elementor-element elementor-element-3a9cd15d elementor-widget elementor-widget-heading\" data-id=\"3a9cd15d\" data-element_type=\"widget\" data-widget_type=\"heading.default\">\n\t\t\t\t<div class=\"elementor-widget-container\">\n\t\t\t\t\t<h1 class=\"elementor-heading-title elementor-size-default\">Replica Watches Blog Posts<\/h1>\t\t\t\t<\/div>\n\t\t\t\t<\/div>\n\t\t\t\t<div class=\"elementor-element elementor-element-787f593c elementor-widget elementor-widget-text-editor\" data-id=\"787f593c\" data-element_type=\"widget\" data-widget_type=\"text-editor.default\">\n\t\t\t\t<div class=\"elementor-widget-container\">\n\t\t\t\t\t\t\t\t\t<p>Replica Watches Blog Posts, Revisamos, hablamos, describimos y publicamos contenido sobre r\u00e9plicas de relojes super cl\u00f3nicos. De Rolex, Audemars Piguet, Richard Mille y m\u00e1s marcas <\/p>\n\t\t\t\t\t\t\t\t<\/div>\n\t\t\t\t<\/div>\n\t\t\t\t<\/div>\n\t\t<div class=\"elementor-element elementor-element-2c69780c e-con-full e-flex wpr-particle-no wpr-jarallax-no wpr-parallax-no wpr-sticky-section-no e-con e-parent\" data-id=\"2c69780c\" data-element_type=\"container\" data-settings=\"{&quot;background_background&quot;:&quot;slideshow&quot;,&quot;background_slideshow_gallery&quot;:[],&quot;background_slideshow_loop&quot;:&quot;yes&quot;,&quot;background_slideshow_slide_duration&quot;:5000,&quot;background_slideshow_slide_transition&quot;:&quot;fade&quot;,&quot;background_slideshow_transition_duration&quot;:500}\">\n\t\t\t\t<div class=\"elementor-element elementor-element-3522ea1e elementor-grid-tablet-1 elementor-grid-3 elementor-grid-mobile-1 elementor-posts--thumbnail-top elementor-widget elementor-widget-posts\" data-id=\"3522ea1e\" data-element_type=\"widget\" data-settings=\"{&quot;classic_row_gap_mobile&quot;:{&quot;unit&quot;:&quot;px&quot;,&quot;size&quot;:52,&quot;sizes&quot;:[]},&quot;pagination_type&quot;:&quot;numbers&quot;,&quot;classic_columns_tablet&quot;:&quot;1&quot;,&quot;classic_columns&quot;:&quot;3&quot;,&quot;classic_columns_mobile&quot;:&quot;1&quot;,&quot;classic_row_gap&quot;:{&quot;unit&quot;:&quot;px&quot;,&quot;size&quot;:35,&quot;sizes&quot;:[]},&quot;classic_row_gap_tablet&quot;:{&quot;unit&quot;:&quot;px&quot;,&quot;size&quot;:&quot;&quot;,&quot;sizes&quot;:[]}}\" data-widget_type=\"posts.classic\">\n\t\t\t\t<div class=\"elementor-widget-container\">\n\t\t\t\t\t\t\t<div class=\"elementor-posts-container elementor-posts elementor-posts--skin-classic elementor-grid\" role=\"list\">\n\t\t\t\t<article class=\"elementor-post elementor-grid-item post-14823 post type-post status-publish format-standard hentry category-sin-categorizar\" role=\"listitem\">\n\t\t\t\t<div class=\"elementor-post__text\">\n\t\t\t\t<h3 class=\"elementor-post__title\">\n\t\t\t<a href=\"https:\/\/myreplicawatches.io\/es\/the-rise-of-super-clone-watches-luxury-without-the-hefty-price-tag\/\" >\n\t\t\t\tThe Rise of Super Clone Watches: Luxury Without the Hefty Price Tag\t\t\t<\/a>\n\t\t<\/h3>\n\t\t\t\t<div class=\"elementor-post__meta-data\">\n\t\t\t\t\t<span class=\"elementor-post-date\">\n\t\t\tfebrero 18, 2025\t\t<\/span>\n\t\t\t\t<\/div>\n\t\t\n\t\t<a class=\"elementor-post__read-more\" href=\"https:\/\/myreplicawatches.io\/es\/the-rise-of-super-clone-watches-luxury-without-the-hefty-price-tag\/\" aria-label=\"M\u00e1s informaci\u00f3n sobre The Rise of Super Clone Watches: Luxury Without the Hefty Price Tag\" tabindex=\"-1\" >\n\t\t\tLeer m\u00e1s &gt;\t\t<\/a>\n\n\t\t\t\t<\/div>\n\t\t\t\t<\/article>\n\t\t\t\t<article class=\"elementor-post elementor-grid-item post-14815 post type-post status-publish format-standard has-post-thumbnail hentry category-replica-watches-blog-posts tag-best-replica-omega tag-bruce-wayne-rolex-replica tag-super-clone-rolex\" role=\"listitem\">\n\t\t\t\t<a class=\"elementor-post__thumbnail__link\" href=\"https:\/\/myreplicawatches.io\/es\/the-rolex-bruce-wayne-replica-luxury-and-legacy-reimagined\/\" tabindex=\"-1\" >\n\t\t\t<div class=\"elementor-post__thumbnail\"><img fetchpriority=\"high\" decoding=\"async\" width=\"768\" height=\"764\" src=\"https:\/\/myreplicawatches.io\/wp-content\/uploads\/2025\/02\/Bruce-Wayne-Rolex-replica-768x764.jpg\" class=\"attachment-medium_large size-medium_large wp-image-14819\" alt=\"bruce wayne rolex replica\" title=\"\" srcset=\"https:\/\/myreplicawatches.io\/wp-content\/uploads\/2025\/02\/Bruce-Wayne-Rolex-replica-768x764.jpg 768w, https:\/\/myreplicawatches.io\/wp-content\/uploads\/2025\/02\/Bruce-Wayne-Rolex-replica-100x100.jpg 100w, https:\/\/myreplicawatches.io\/wp-content\/uploads\/2025\/02\/Bruce-Wayne-Rolex-replica-600x597.jpg 600w, https:\/\/myreplicawatches.io\/wp-content\/uploads\/2025\/02\/Bruce-Wayne-Rolex-replica-64x64.jpg 64w, https:\/\/myreplicawatches.io\/wp-content\/uploads\/2025\/02\/Bruce-Wayne-Rolex-replica-1024x1019.jpg 1024w, https:\/\/myreplicawatches.io\/wp-content\/uploads\/2025\/02\/Bruce-Wayne-Rolex-replica-150x150.jpg 150w, https:\/\/myreplicawatches.io\/wp-content\/uploads\/2025\/02\/Bruce-Wayne-Rolex-replica-1536x1528.jpg 1536w, https:\/\/myreplicawatches.io\/wp-content\/uploads\/2025\/02\/Bruce-Wayne-Rolex-replica-50x50.jpg 50w, https:\/\/myreplicawatches.io\/wp-content\/uploads\/2025\/02\/Bruce-Wayne-Rolex-replica.jpg 1614w\" sizes=\"(max-width: 768px) 100vw, 768px\" \/><\/div>\n\t\t<\/a>\n\t\t\t\t<div class=\"elementor-post__text\">\n\t\t\t\t<h3 class=\"elementor-post__title\">\n\t\t\t<a href=\"https:\/\/myreplicawatches.io\/es\/the-rolex-bruce-wayne-replica-luxury-and-legacy-reimagined\/\" >\n\t\t\t\tThe Rolex Bruce Wayne Replica: Luxury and Legacy Reimagined\t\t\t<\/a>\n\t\t<\/h3>\n\t\t\t\t<div class=\"elementor-post__meta-data\">\n\t\t\t\t\t<span class=\"elementor-post-date\">\n\t\t\tfebrero 18, 2025\t\t<\/span>\n\t\t\t\t<\/div>\n\t\t\n\t\t<a class=\"elementor-post__read-more\" href=\"https:\/\/myreplicawatches.io\/es\/the-rolex-bruce-wayne-replica-luxury-and-legacy-reimagined\/\" aria-label=\"M\u00e1s informaci\u00f3n sobre The Rolex Bruce Wayne Replica: Luxury and Legacy Reimagined\" tabindex=\"-1\" >\n\t\t\tLeer m\u00e1s &gt;\t\t<\/a>\n\n\t\t\t\t<\/div>\n\t\t\t\t<\/article>\n\t\t\t\t<article class=\"elementor-post elementor-grid-item post-13695 post type-post status-publish format-standard hentry category-uncategorized\" role=\"listitem\">\n\t\t\t\t<div class=\"elementor-post__text\">\n\t\t\t\t<h3 class=\"elementor-post__title\">\n\t\t\t<a href=\"https:\/\/myreplicawatches.io\/es\/13695\/\" >\n\t\t\t\t\t\t\t<\/a>\n\t\t<\/h3>\n\t\t\t\t<div class=\"elementor-post__meta-data\">\n\t\t\t\t\t<span class=\"elementor-post-date\">\n\t\t\tnoviembre 13, 2024\t\t<\/span>\n\t\t\t\t<\/div>\n\t\t\n\t\t<a class=\"elementor-post__read-more\" href=\"https:\/\/myreplicawatches.io\/es\/13695\/\" aria-label=\"M\u00e1s informaci\u00f3n sobre \" tabindex=\"-1\" >\n\t\t\tLeer m\u00e1s &gt;\t\t<\/a>\n\n\t\t\t\t<\/div>\n\t\t\t\t<\/article>\n\t\t\t\t<article class=\"elementor-post elementor-grid-item post-13689 post type-post status-publish format-standard hentry category-uncategorized\" role=\"listitem\">\n\t\t\t\t<div class=\"elementor-post__text\">\n\t\t\t\t<h3 class=\"elementor-post__title\">\n\t\t\t<a href=\"https:\/\/myreplicawatches.io\/es\/13689\/\" >\n\t\t\t\t\t\t\t<\/a>\n\t\t<\/h3>\n\t\t\t\t<div class=\"elementor-post__meta-data\">\n\t\t\t\t\t<span class=\"elementor-post-date\">\n\t\t\tnoviembre 13, 2024\t\t<\/span>\n\t\t\t\t<\/div>\n\t\t\n\t\t<a class=\"elementor-post__read-more\" href=\"https:\/\/myreplicawatches.io\/es\/13689\/\" aria-label=\"M\u00e1s informaci\u00f3n sobre \" tabindex=\"-1\" >\n\t\t\tLeer m\u00e1s &gt;\t\t<\/a>\n\n\t\t\t\t<\/div>\n\t\t\t\t<\/article>\n\t\t\t\t<article class=\"elementor-post elementor-grid-item post-13476 post type-post status-publish format-standard hentry category-uncategorized\" role=\"listitem\">\n\t\t\t\t<div class=\"elementor-post__text\">\n\t\t\t\t<h3 class=\"elementor-post__title\">\n\t\t\t<a href=\"https:\/\/myreplicawatches.io\/es\/super-clon-replica-patek-philippe-5712gr-video-review\/\" >\n\t\t\t\tSuper Clon R\u00e9plica Patek Philippe 5712GR &#8211; ( V\u00eddeo Review )\t\t\t<\/a>\n\t\t<\/h3>\n\t\t\t\t<div class=\"elementor-post__meta-data\">\n\t\t\t\t\t<span class=\"elementor-post-date\">\n\t\t\toctubre 30, 2024\t\t<\/span>\n\t\t\t\t<\/div>\n\t\t\n\t\t<a class=\"elementor-post__read-more\" href=\"https:\/\/myreplicawatches.io\/es\/super-clon-replica-patek-philippe-5712gr-video-review\/\" aria-label=\"M\u00e1s informaci\u00f3n sobre Super Clon R\u00e9plica Patek Philippe 5712GR &#8211; ( V\u00eddeo Review )\" tabindex=\"-1\" >\n\t\t\tLeer m\u00e1s &gt;\t\t<\/a>\n\n\t\t\t\t<\/div>\n\t\t\t\t<\/article>\n\t\t\t\t<article class=\"elementor-post elementor-grid-item post-12308 post type-post status-publish format-standard hentry category-sin-categorizar\" role=\"listitem\">\n\t\t\t\t<div class=\"elementor-post__text\">\n\t\t\t\t<h3 class=\"elementor-post__title\">\n\t\t\t<a href=\"https:\/\/myreplicawatches.io\/es\/\" >\n\t\t\t\t\t\t\t<\/a>\n\t\t<\/h3>\n\t\t\t\t<div class=\"elementor-post__meta-data\">\n\t\t\t\t\t<span class=\"elementor-post-date\">\n\t\t\toctubre 23, 2024\t\t<\/span>\n\t\t\t\t<\/div>\n\t\t\n\t\t<a class=\"elementor-post__read-more\" href=\"https:\/\/myreplicawatches.io\/es\/\" aria-label=\"M\u00e1s informaci\u00f3n sobre \" tabindex=\"-1\" >\n\t\t\tLeer m\u00e1s &gt;\t\t<\/a>\n\n\t\t\t\t<\/div>\n\t\t\t\t<\/article>\n\t\t\t\t<article class=\"elementor-post elementor-grid-item post-12194 post type-post status-publish format-standard has-post-thumbnail hentry category-entradas-de-blog\" role=\"listitem\">\n\t\t\t\t<a class=\"elementor-post__thumbnail__link\" href=\"https:\/\/myreplicawatches.io\/es\/descubre-el-mundo-de-las-replicas-de-relojes-super-clone-lujo-por-menos\/\" tabindex=\"-1\" >\n\t\t\t<div class=\"elementor-post__thumbnail\"><img decoding=\"async\" width=\"768\" height=\"339\" src=\"https:\/\/myreplicawatches.io\/wp-content\/uploads\/2024\/10\/Screenshot-2024-10-15-at-3.09.16-PM-768x339.png\" class=\"attachment-medium_large size-medium_large wp-image-12083\" alt=\"Super Clone Watches\" title=\"\" srcset=\"https:\/\/myreplicawatches.io\/wp-content\/uploads\/2024\/10\/Screenshot-2024-10-15-at-3.09.16-PM-768x339.png 768w, https:\/\/myreplicawatches.io\/wp-content\/uploads\/2024\/10\/Screenshot-2024-10-15-at-3.09.16-PM-600x265.png 600w, https:\/\/myreplicawatches.io\/wp-content\/uploads\/2024\/10\/Screenshot-2024-10-15-at-3.09.16-PM-64x28.png 64w, https:\/\/myreplicawatches.io\/wp-content\/uploads\/2024\/10\/Screenshot-2024-10-15-at-3.09.16-PM-300x132.png 300w, https:\/\/myreplicawatches.io\/wp-content\/uploads\/2024\/10\/Screenshot-2024-10-15-at-3.09.16-PM-1024x452.png 1024w, https:\/\/myreplicawatches.io\/wp-content\/uploads\/2024\/10\/Screenshot-2024-10-15-at-3.09.16-PM-1536x678.png 1536w, https:\/\/myreplicawatches.io\/wp-content\/uploads\/2024\/10\/Screenshot-2024-10-15-at-3.09.16-PM.png 1866w\" sizes=\"(max-width: 768px) 100vw, 768px\" \/><\/div>\n\t\t<\/a>\n\t\t\t\t<div class=\"elementor-post__text\">\n\t\t\t\t<h3 class=\"elementor-post__title\">\n\t\t\t<a href=\"https:\/\/myreplicawatches.io\/es\/descubre-el-mundo-de-las-replicas-de-relojes-super-clone-lujo-por-menos\/\" >\n\t\t\t\tDescubre el mundo de las r\u00e9plicas de relojes Super Clone: Lujo por menos\t\t\t<\/a>\n\t\t<\/h3>\n\t\t\t\t<div class=\"elementor-post__meta-data\">\n\t\t\t\t\t<span class=\"elementor-post-date\">\n\t\t\toctubre 15, 2024\t\t<\/span>\n\t\t\t\t<\/div>\n\t\t\n\t\t<a class=\"elementor-post__read-more\" href=\"https:\/\/myreplicawatches.io\/es\/descubre-el-mundo-de-las-replicas-de-relojes-super-clone-lujo-por-menos\/\" aria-label=\"M\u00e1s informaci\u00f3n sobre Descubre el mundo de las r\u00e9plicas de relojes Super Clone: Lujo por menos\" tabindex=\"-1\" >\n\t\t\tLeer m\u00e1s &gt;\t\t<\/a>\n\n\t\t\t\t<\/div>\n\t\t\t\t<\/article>\n\t\t\t\t<article class=\"elementor-post elementor-grid-item post-12184 post type-post status-publish format-standard has-post-thumbnail hentry category-uncategorized\" role=\"listitem\">\n\t\t\t\t<a class=\"elementor-post__thumbnail__link\" href=\"https:\/\/myreplicawatches.io\/es\/replicas-de-relojes-rolex-los-rolex-mas-vendidos\/\" tabindex=\"-1\" >\n\t\t\t<div class=\"elementor-post__thumbnail\"><img decoding=\"async\" width=\"768\" height=\"433\" src=\"https:\/\/myreplicawatches.io\/wp-content\/uploads\/2024\/09\/Screenshot-2024-09-12-at-1.28.32-PM-1-768x433.png\" class=\"attachment-medium_large size-medium_large wp-image-10921\" alt=\"my replica watches\" title=\"\" srcset=\"https:\/\/myreplicawatches.io\/wp-content\/uploads\/2024\/09\/Screenshot-2024-09-12-at-1.28.32-PM-1-768x433.png 768w, https:\/\/myreplicawatches.io\/wp-content\/uploads\/2024\/09\/Screenshot-2024-09-12-at-1.28.32-PM-1-600x338.jpg 600w, https:\/\/myreplicawatches.io\/wp-content\/uploads\/2024\/09\/Screenshot-2024-09-12-at-1.28.32-PM-1-64x36.jpg 64w, https:\/\/myreplicawatches.io\/wp-content\/uploads\/2024\/09\/Screenshot-2024-09-12-at-1.28.32-PM-1-300x169.png 300w, https:\/\/myreplicawatches.io\/wp-content\/uploads\/2024\/09\/Screenshot-2024-09-12-at-1.28.32-PM-1-1024x577.png 1024w, https:\/\/myreplicawatches.io\/wp-content\/uploads\/2024\/09\/Screenshot-2024-09-12-at-1.28.32-PM-1-1536x866.png 1536w, https:\/\/myreplicawatches.io\/wp-content\/uploads\/2024\/09\/Screenshot-2024-09-12-at-1.28.32-PM-1.jpg 1692w\" sizes=\"(max-width: 768px) 100vw, 768px\" \/><\/div>\n\t\t<\/a>\n\t\t\t\t<div class=\"elementor-post__text\">\n\t\t\t\t<h3 class=\"elementor-post__title\">\n\t\t\t<a href=\"https:\/\/myreplicawatches.io\/es\/replicas-de-relojes-rolex-los-rolex-mas-vendidos\/\" >\n\t\t\t\tR\u00e9plicas de relojes Rolex &#8211; Los Rolex m\u00e1s vendidos\t\t\t<\/a>\n\t\t<\/h3>\n\t\t\t\t<div class=\"elementor-post__meta-data\">\n\t\t\t\t\t<span class=\"elementor-post-date\">\n\t\t\toctubre 4, 2024\t\t<\/span>\n\t\t\t\t<\/div>\n\t\t\n\t\t<a class=\"elementor-post__read-more\" href=\"https:\/\/myreplicawatches.io\/es\/replicas-de-relojes-rolex-los-rolex-mas-vendidos\/\" aria-label=\"M\u00e1s informaci\u00f3n sobre R\u00e9plicas de relojes Rolex &#8211; Los Rolex m\u00e1s vendidos\" tabindex=\"-1\" >\n\t\t\tLeer m\u00e1s &gt;\t\t<\/a>\n\n\t\t\t\t<\/div>\n\t\t\t\t<\/article>\n\t\t\t\t<article class=\"elementor-post elementor-grid-item post-11656 post type-post status-publish format-standard hentry category-sin-categorizar\" role=\"listitem\">\n\t\t\t\t<div class=\"elementor-post__text\">\n\t\t\t\t<h3 class=\"elementor-post__title\">\n\t\t\t<a href=\"https:\/\/myreplicawatches.io\/es\/\" >\n\t\t\t\tRichard Mille R\u00e9plica Le Mans 11-03\t\t\t<\/a>\n\t\t<\/h3>\n\t\t\t\t<div class=\"elementor-post__meta-data\">\n\t\t\t\t\t<span class=\"elementor-post-date\">\n\t\t\tseptiembre 12, 2024\t\t<\/span>\n\t\t\t\t<\/div>\n\t\t\n\t\t<a class=\"elementor-post__read-more\" href=\"https:\/\/myreplicawatches.io\/es\/\" aria-label=\"M\u00e1s informaci\u00f3n sobre Richard Mille R\u00e9plica Le Mans 11-03\" tabindex=\"-1\" >\n\t\t\tLeer m\u00e1s &gt;\t\t<\/a>\n\n\t\t\t\t<\/div>\n\t\t\t\t<\/article>\n\t\t\t\t<\/div>\n\t\t\n\t\t\t\t<div class=\"e-load-more-anchor\" data-page=\"1\" data-max-page=\"9\" data-next-page=\"https:\/\/myreplicawatches.io\/es\/wp-json\/wp\/v2\/pages\/12142\/page\/2\/\"><\/div>\n\t\t\t\t<nav class=\"elementor-pagination\" aria-label=\"Paginaci\u00f3n\">\n\t\t\t<span aria-current=\"page\" class=\"page-numbers current\"><span class=\"elementor-screen-only\">P\u00e1gina<\/span>1<\/span>\n<a class=\"page-numbers\" href=\"https:\/\/myreplicawatches.io\/es\/wp-json\/wp\/v2\/pages\/12142\/page\/2\/\"><span class=\"elementor-screen-only\">P\u00e1gina<\/span>2<\/a>\n<a class=\"page-numbers\" href=\"https:\/\/myreplicawatches.io\/es\/wp-json\/wp\/v2\/pages\/12142\/page\/3\/\"><span class=\"elementor-screen-only\">P\u00e1gina<\/span>3<\/a>\n<a class=\"page-numbers\" href=\"https:\/\/myreplicawatches.io\/es\/wp-json\/wp\/v2\/pages\/12142\/page\/4\/\"><span class=\"elementor-screen-only\">P\u00e1gina<\/span>4<\/a>\n<a class=\"page-numbers\" href=\"https:\/\/myreplicawatches.io\/es\/wp-json\/wp\/v2\/pages\/12142\/page\/5\/\"><span class=\"elementor-screen-only\">P\u00e1gina<\/span>5<\/a>\t\t<\/nav>\n\t\t\t\t\t\t<\/div>\n\t\t\t\t<\/div>\n\t\t\t\t<\/div>\n\t\t\t\t<\/div>\n\t\t\n","protected":false},"excerpt":{"rendered":"","protected":false},"author":1,"featured_media":0,"parent":0,"menu_order":0,"comment_status":"closed","ping_status":"closed","template":"","meta":{"_uag_custom_page_level_css":"","site-sidebar-layout":"default","site-content-layout":"","ast-site-content-layout":"default","site-content-style":"default","site-sidebar-style":"default","ast-global-header-display":"","ast-banner-title-visibility":"","ast-main-header-display":"","ast-hfb-above-header-display":"","ast-hfb-below-header-display":"","ast-hfb-mobile-header-display":"","site-post-title":"","ast-breadcrumbs-content":"","ast-featured-img":"","footer-sml-layout":"","theme-transparent-header-meta":"","adv-header-id-meta":"","stick-header-meta":"","header-above-stick-meta":"","header-main-stick-meta":"","header-below-stick-meta":"","astra-migrate-meta-layouts":"default","ast-page-background-enabled":"default","ast-page-background-meta":{"desktop":{"background-color":"var(--ast-global-color-4)","background-image":"","background-repeat":"repeat","background-position":"center center","background-size":"auto","background-attachment":"scroll","background-type":"","background-media":"","overlay-type":"","overlay-color":"","overlay-opacity":"","overlay-gradient":""},"tablet":{"background-color":"","background-image":"","background-repeat":"repeat","background-position":"center center","background-size":"auto","background-attachment":"scroll","background-type":"","background-media":"","overlay-type":"","overlay-color":"","overlay-opacity":"","overlay-gradient":""},"mobile":{"background-color":"","background-image":"","background-repeat":"repeat","background-position":"center center","background-size":"auto","background-attachment":"scroll","background-type":"","background-media":"","overlay-type":"","overlay-color":"","overlay-opacity":"","overlay-gradient":""}},"ast-content-background-meta":{"desktop":{"background-color":"var(--ast-global-color-5)","background-image":"","background-repeat":"repeat","background-position":"center center","background-size":"auto","background-attachment":"scroll","background-type":"","background-media":"","overlay-type":"","overlay-color":"","overlay-opacity":"","overlay-gradient":""},"tablet":{"background-color":"var(--ast-global-color-5)","background-image":"","background-repeat":"repeat","background-position":"center center","background-size":"auto","background-attachment":"scroll","background-type":"","background-media":"","overlay-type":"","overlay-color":"","overlay-opacity":"","overlay-gradient":""},"mobile":{"background-color":"var(--ast-global-color-5)","background-image":"","background-repeat":"repeat","background-position":"center center","background-size":"auto","background-attachment":"scroll","background-type":"","background-media":"","overlay-type":"","overlay-color":"","overlay-opacity":"","overlay-gradient":""}},"footnotes":""},"class_list":["post-12142","page","type-page","status-publish","hentry"],"uagb_featured_image_src":{"full":false,"thumbnail":false,"medium":false,"medium_large":false,"large":false,"1536x1536":false,"2048x2048":false,"woocommerce_thumbnail":false,"woocommerce_single":false,"woocommerce_gallery_thumbnail":false,"variation_swatches_image_size":false,"variation_swatches_tooltip_size":false,"dgwt-wcas-product-suggestion":false},"uagb_author_info":{"display_name":"admin","author_link":"https:\/\/myreplicawatches.io\/es\/author\/admin\/"},"uagb_comment_info":0,"uagb_excerpt":null,"jetpack_sharing_enabled":true,"_links":{"self":[{"href":"https:\/\/myreplicawatches.io\/es\/wp-json\/wp\/v2\/pages\/12142","targetHints":{"allow":["GET"]}}],"collection":[{"href":"https:\/\/myreplicawatches.io\/es\/wp-json\/wp\/v2\/pages"}],"about":[{"href":"https:\/\/myreplicawatches.io\/es\/wp-json\/wp\/v2\/types\/page"}],"author":[{"embeddable":true,"href":"https:\/\/myreplicawatches.io\/es\/wp-json\/wp\/v2\/users\/1"}],"replies":[{"embeddable":true,"href":"https:\/\/myreplicawatches.io\/es\/wp-json\/wp\/v2\/comments?post=12142"}],"version-history":[{"count":2,"href":"https:\/\/myreplicawatches.io\/es\/wp-json\/wp\/v2\/pages\/12142\/revisions"}],"predecessor-version":[{"id":12146,"href":"https:\/\/myreplicawatches.io\/es\/wp-json\/wp\/v2\/pages\/12142\/revisions\/12146"}],"wp:attachment":[{"href":"https:\/\/myreplicawatches.io\/es\/wp-json\/wp\/v2\/media?parent=12142"}],"curies":[{"name":"wp","href":"https:\/\/api.w.org\/{rel}","templated":true}]}}