{"id":11694,"date":"2023-10-13T11:04:14","date_gmt":"2023-10-13T11:04:14","guid":{"rendered":"https:\/\/myreplicawatches.io\/sobre-nosotros\/"},"modified":"2024-10-25T15:24:45","modified_gmt":"2024-10-25T15:24:45","slug":"sobre-nosotros","status":"publish","type":"page","link":"https:\/\/myreplicawatches.io\/es\/sobre-nosotros\/","title":{"rendered":"Sobre nosotros"},"content":{"rendered":"\n<p>My Replica Watches es una empresa de r\u00e9plicas de relojes con sede en Londres.<\/p>\n\n<p>Ten en cuenta que estos dos sitios web son nuestros: www.myreplicawatches.io &amp; www.cosmowatches.store<\/p>\n\n<p>Proporcionamos productos de alta calidad y ofrecemos una garant\u00eda de satisfacci\u00f3n del 100%, como se muestra en nuestro perfil de piloto de confianza.\nTambi\u00e9n ofrecemos una garant\u00eda de 6 meses en todos nuestros productos.   <\/p>\n\n<p>Llevamos vendiendo r\u00e9plicas de relojes desde 2018, tenemos una gran experiencia vendiendo r\u00e9plicas y envi\u00e1ndotelas de forma segura y sin problemas de aduanas, te garantizamos una entrega 100% segura y sin problemas a tu direcci\u00f3n,  <\/p>\n\n<p>Queremos ofrecerte el mejor servicio y los mejores productos.<\/p>\n\n<p>Consulta nuestras opiniones <a href=\"https:\/\/www.trustpilot.com\/review\/myreplicawatches.io\">AQU\u00cd<\/a><\/p>\n\n<p>\u00danete a nuestra Comunidad de Telegram <a href=\"https:\/\/t.me\/ipwatchescommunity\">AQU\u00cd<\/a><\/p>\n\n<p>Haz tu pedido hoy y deja que te ayudemos a redise\u00f1ar o ampliar tu colecci\u00f3n actual.<\/p>\n\n<p>Ponte en contacto con nosotros si tienes alguna otra pregunta sobre nuestra empresa.  <\/p>\n","protected":false},"excerpt":{"rendered":"<p>My Replica Watches es una empresa de r\u00e9plicas de relojes con sede en Londres. Ten en cuenta que estos dos sitios web son nuestros: www.myreplicawatches.io &amp; www.cosmowatches.store Proporcionamos productos de alta calidad y ofrecemos una garant\u00eda de satisfacci\u00f3n del 100%, como se muestra en nuestro perfil de piloto de confianza. Tambi\u00e9n ofrecemos una garant\u00eda de<\/p>\n","protected":false},"author":1,"featured_media":0,"parent":0,"menu_order":0,"comment_status":"closed","ping_status":"closed","template":"","meta":{"_uag_custom_page_level_css":"","site-sidebar-layout":"default","site-content-layout":"","ast-site-content-layout":"","site-content-style":"default","site-sidebar-style":"default","ast-global-header-display":"","ast-banner-title-visibility":"","ast-main-header-display":"","ast-hfb-above-header-display":"","ast-hfb-below-header-display":"","ast-hfb-mobile-header-display":"","site-post-title":"","ast-breadcrumbs-content":"","ast-featured-img":"","footer-sml-layout":"","theme-transparent-header-meta":"","adv-header-id-meta":"","stick-header-meta":"","header-above-stick-meta":"","header-main-stick-meta":"","header-below-stick-meta":"","astra-migrate-meta-layouts":"default","ast-page-background-enabled":"default","ast-page-background-meta":{"desktop":{"background-color":"var(--ast-global-color-4)","background-image":"","background-repeat":"repeat","background-position":"center center","background-size":"auto","background-attachment":"scroll","background-type":"","background-media":"","overlay-type":"","overlay-color":"","overlay-opacity":"","overlay-gradient":""},"tablet":{"background-color":"","background-image":"","background-repeat":"repeat","background-position":"center center","background-size":"auto","background-attachment":"scroll","background-type":"","background-media":"","overlay-type":"","overlay-color":"","overlay-opacity":"","overlay-gradient":""},"mobile":{"background-color":"","background-image":"","background-repeat":"repeat","background-position":"center center","background-size":"auto","background-attachment":"scroll","background-type":"","background-media":"","overlay-type":"","overlay-color":"","overlay-opacity":"","overlay-gradient":""}},"ast-content-background-meta":{"desktop":{"background-color":"var(--ast-global-color-5)","background-image":"","background-repeat":"repeat","background-position":"center center","background-size":"auto","background-attachment":"scroll","background-type":"","background-media":"","overlay-type":"","overlay-color":"","overlay-opacity":"","overlay-gradient":""},"tablet":{"background-color":"var(--ast-global-color-5)","background-image":"","background-repeat":"repeat","background-position":"center center","background-size":"auto","background-attachment":"scroll","background-type":"","background-media":"","overlay-type":"","overlay-color":"","overlay-opacity":"","overlay-gradient":""},"mobile":{"background-color":"var(--ast-global-color-5)","background-image":"","background-repeat":"repeat","background-position":"center center","background-size":"auto","background-attachment":"scroll","background-type":"","background-media":"","overlay-type":"","overlay-color":"","overlay-opacity":"","overlay-gradient":""}},"footnotes":""},"class_list":["post-11694","page","type-page","status-publish","hentry"],"uagb_featured_image_src":{"full":false,"thumbnail":false,"medium":false,"medium_large":false,"large":false,"1536x1536":false,"2048x2048":false,"woocommerce_thumbnail":false,"woocommerce_single":false,"woocommerce_gallery_thumbnail":false,"variation_swatches_image_size":false,"variation_swatches_tooltip_size":false,"dgwt-wcas-product-suggestion":false},"uagb_author_info":{"display_name":"admin","author_link":"https:\/\/myreplicawatches.io\/es\/author\/admin\/"},"uagb_comment_info":0,"uagb_excerpt":"My Replica Watches es una empresa de r\u00e9plicas de relojes con sede en Londres. Ten en cuenta que estos dos sitios web son nuestros: www.myreplicawatches.io &amp; www.cosmowatches.store Proporcionamos productos de alta calidad y ofrecemos una garant\u00eda de satisfacci\u00f3n del 100%, como se muestra en nuestro perfil de piloto de confianza. Tambi\u00e9n ofrecemos una garant\u00eda de","jetpack_sharing_enabled":true,"_links":{"self":[{"href":"https:\/\/myreplicawatches.io\/es\/wp-json\/wp\/v2\/pages\/11694","targetHints":{"allow":["GET"]}}],"collection":[{"href":"https:\/\/myreplicawatches.io\/es\/wp-json\/wp\/v2\/pages"}],"about":[{"href":"https:\/\/myreplicawatches.io\/es\/wp-json\/wp\/v2\/types\/page"}],"author":[{"embeddable":true,"href":"https:\/\/myreplicawatches.io\/es\/wp-json\/wp\/v2\/users\/1"}],"replies":[{"embeddable":true,"href":"https:\/\/myreplicawatches.io\/es\/wp-json\/wp\/v2\/comments?post=11694"}],"version-history":[{"count":1,"href":"https:\/\/myreplicawatches.io\/es\/wp-json\/wp\/v2\/pages\/11694\/revisions"}],"predecessor-version":[{"id":13203,"href":"https:\/\/myreplicawatches.io\/es\/wp-json\/wp\/v2\/pages\/11694\/revisions\/13203"}],"wp:attachment":[{"href":"https:\/\/myreplicawatches.io\/es\/wp-json\/wp\/v2\/media?parent=11694"}],"curies":[{"name":"wp","href":"https:\/\/api.w.org\/{rel}","templated":true}]}}