{"id":9076,"date":"2023-10-03T22:08:29","date_gmt":"2023-10-03T22:08:29","guid":{"rendered":"https:\/\/myreplicawatches.io\/product\/replica-rolex-submariner-kermit-verde-negro-edicion-2020\/"},"modified":"2025-09-20T14:44:37","modified_gmt":"2025-09-20T14:44:37","slug":"replica-rolex-submariner-kermit-verde-negro-edicion-2020","status":"publish","type":"product","link":"https:\/\/myreplicawatches.io\/de\/product\/replica-rolex-submariner-kermit-verde-negro-edicion-2020\/","title":{"rendered":"R\u00e9plica Rolex Submariner Kermit &#8211; Verde\/Negro Edici\u00f3n 2020"},"content":{"rendered":"<div class=\"elementor-element elementor-element-aff3ff4 elementor-widget elementor-widget-heading\" data-id=\"aff3ff4\" data-element_type=\"widget\" data-widget_type=\"heading.default\">\n<div class=\"elementor-widget-container\">\n<h3>R\u00e9plica Rolex Submariner Kermit &#8211; AAAA+ R\u00e9plica Clon<\/h3>\n<p>&nbsp;<\/p>\n<h4 class=\"elementor-heading-title elementor-size-default\">Ventajas de poseer un Reloj Replica Rolex Submariner Kermit:<\/h4>\n<\/div>\n<\/div>\n<div class=\"elementor-element elementor-element-817382f elementor-widget elementor-widget-text-editor\" data-id=\"817382f\" data-element_type=\"widget\" data-widget_type=\"text-editor.default\">\n<div class=\"elementor-widget-container\">\n<ul>\n<li>Una r\u00e9plica puede comprarse a un precio mucho m\u00e1s barato que uno aut\u00e9ntico, pero un reloj Rolex Submariner Kermit r\u00e9plica tendr\u00e1 el mismo aspecto y tacto que el original.<\/li>\n<li>Lo \u00faltimo que alguien quiere es gastarse una fortuna para conseguir un reloj de lujo que tiene peque\u00f1as diferencias con nuestro r\u00e9plica reloj rolex kermit<\/li>\n<li>Muchos entusiastas de los relojes no quieren gastarse miles de d\u00f3lares en relojes y quieren tener esa gran sensaci\u00f3n de poseer un gran reloj de una marca de lujo. Es entonces cuando myreplicawatches.io entra en escena y proporciona esa sensaci\u00f3n a sus clientes.<\/li>\n<li>\u00bf Tienes ya un aut\u00e9ntico reloj de alta gama que no quieres llevar por motivos de seguridad o por razones de devaluaci\u00f3n en algunas ocasiones ?<br \/>\nLleva tu R\u00e9plica de Reloj de Alta Calidad y si\u00e9ntete m\u00e1s seguro, ten la misma confianza, protege tus objetos de valor<\/li>\n<\/ul>\n<\/div>\n<\/div>\n<h3><\/h3>\n<h3>Descripci\u00f3n<\/h3>\n<p>Bisel Bisel de acero inoxidable pulido con indicador de unidades por hora<\/p>\n<p>Movimiento Autom\u00e1tico<\/p>\n<p>R\u00e9plica Rolex Submariner Kermit &#8211; Verde\/Negro<\/p>\n<p><strong>Brazalete <\/strong>Brazalete de eslabones de acero inoxidable cepillado y pulido con cierre desplegable grabado<\/p>\n<p><strong>Tipo de correa <\/strong>Acero inoxidable<\/p>\n<p>Cierre de seguridad para reloj<\/p>\n<p><strong>Brilla en <\/strong>la oscuridad S\u00ed<\/p>\n<p><strong>Cristal <\/strong>de zafiro<\/p>\n<p><strong>Color Verde<\/strong><\/p>\n<p><strong>Color de la esfera <\/strong>Negro<\/p>\n<p><strong>Sexo <\/strong>Hombres<\/p>\n<p><strong>Di\u00e1metro <\/strong>47 x 40 mm<\/p>\n<p><strong>Longitud de la pulsera <\/strong>196 x 20 mm<\/p>\n<p><strong>Resistente al agua e impermeable<\/strong><\/p>\n","protected":false},"excerpt":{"rendered":"<p>R\u00e9plica Rolex Submariner Kermit &#8211; AAAA+ R\u00e9plica Clon &nbsp; Ventajas de poseer un Reloj Replica Rolex Submariner Kermit: Una r\u00e9plica puede comprarse a un precio mucho m\u00e1s barato que uno aut\u00e9ntico, pero un reloj Rolex Submariner Kermit r\u00e9plica tendr\u00e1 el mismo aspecto y tacto que el original. Lo \u00faltimo que alguien quiere es gastarse una<\/p>\n","protected":false},"featured_media":8457,"comment_status":"open","ping_status":"closed","template":"","meta":{"_uag_custom_page_level_css":"","site-sidebar-layout":"default","site-content-layout":"","ast-site-content-layout":"default","site-content-style":"default","site-sidebar-style":"default","ast-global-header-display":"","ast-banner-title-visibility":"","ast-main-header-display":"","ast-hfb-above-header-display":"","ast-hfb-below-header-display":"","ast-hfb-mobile-header-display":"","site-post-title":"","ast-breadcrumbs-content":"","ast-featured-img":"","footer-sml-layout":"","theme-transparent-header-meta":"default","adv-header-id-meta":"","stick-header-meta":"","header-above-stick-meta":"","header-main-stick-meta":"","header-below-stick-meta":"","astra-migrate-meta-layouts":"set","ast-page-background-enabled":"default","ast-page-background-meta":{"desktop":{"background-color":"var(--ast-global-color-4)","background-image":"","background-repeat":"repeat","background-position":"center center","background-size":"auto","background-attachment":"scroll","background-type":"","background-media":"","overlay-type":"","overlay-color":"","overlay-opacity":"","overlay-gradient":""},"tablet":{"background-color":"","background-image":"","background-repeat":"repeat","background-position":"center center","background-size":"auto","background-attachment":"scroll","background-type":"","background-media":"","overlay-type":"","overlay-color":"","overlay-opacity":"","overlay-gradient":""},"mobile":{"background-color":"","background-image":"","background-repeat":"repeat","background-position":"center center","background-size":"auto","background-attachment":"scroll","background-type":"","background-media":"","overlay-type":"","overlay-color":"","overlay-opacity":"","overlay-gradient":""}},"ast-content-background-meta":{"desktop":{"background-color":"var(--ast-global-color-5)","background-image":"","background-repeat":"repeat","background-position":"center center","background-size":"auto","background-attachment":"scroll","background-type":"","background-media":"","overlay-type":"","overlay-color":"","overlay-opacity":"","overlay-gradient":""},"tablet":{"background-color":"var(--ast-global-color-5)","background-image":"","background-repeat":"repeat","background-position":"center center","background-size":"auto","background-attachment":"scroll","background-type":"","background-media":"","overlay-type":"","overlay-color":"","overlay-opacity":"","overlay-gradient":""},"mobile":{"background-color":"var(--ast-global-color-5)","background-image":"","background-repeat":"repeat","background-position":"center center","background-size":"auto","background-attachment":"scroll","background-type":"","background-media":"","overlay-type":"","overlay-color":"","overlay-opacity":"","overlay-gradient":""}}},"product_brand":[],"product_cat":[168,162,177,154],"product_tag":[3184,938,648,559,3182,565,3152,440,474,465,187,2363,882,1028,185],"class_list":{"0":"post-9076","1":"product","2":"type-product","3":"status-publish","4":"has-post-thumbnail","6":"product_cat-productos-mas-nuevos","7":"product_cat-replica-super-clon-rolex-aaa","8":"product_cat-submariner","9":"product_cat-replicas-de-relojes-mas-vendidas","10":"product_tag-2020-edition","11":"product_tag-classic-es","12":"product_tag-elegant-es","13":"product_tag-exclusive","14":"product_tag-green","15":"product_tag-high-quality-es","16":"product_tag-kermit","17":"product_tag-luxury-watch","18":"product_tag-mens-watch","19":"product_tag-replica","20":"product_tag-rolex-es","21":"product_tag-sophisticated-es","22":"product_tag-sporty-es","23":"product_tag-stainless-steel-es","24":"product_tag-submariner-es","25":"desktop-align-left","26":"tablet-align-left","27":"mobile-align-left","28":"ast-product-gallery-layout-vertical-slider","30":"first","31":"instock","32":"sale","33":"shipping-taxable","34":"purchasable","35":"product-type-simple"},"uagb_featured_image_src":{"full":["https:\/\/myreplicawatches.io\/wp-content\/uploads\/2023\/10\/Replica-rolex-Sky-dweller-rose-gold-1.jpg",540,540,false],"thumbnail":["https:\/\/myreplicawatches.io\/wp-content\/uploads\/2023\/10\/Replica-rolex-Sky-dweller-rose-gold-1-150x150.jpg",150,150,true],"medium":["https:\/\/myreplicawatches.io\/wp-content\/uploads\/2023\/10\/Replica-rolex-Sky-dweller-rose-gold-1-300x300.jpg",300,300,true],"medium_large":["https:\/\/myreplicawatches.io\/wp-content\/uploads\/2023\/10\/Replica-rolex-Sky-dweller-rose-gold-1.jpg",540,540,false],"large":["https:\/\/myreplicawatches.io\/wp-content\/uploads\/2023\/10\/Replica-rolex-Sky-dweller-rose-gold-1.jpg",540,540,false],"1536x1536":["https:\/\/myreplicawatches.io\/wp-content\/uploads\/2023\/10\/Replica-rolex-Sky-dweller-rose-gold-1.jpg",540,540,false],"2048x2048":["https:\/\/myreplicawatches.io\/wp-content\/uploads\/2023\/10\/Replica-rolex-Sky-dweller-rose-gold-1.jpg",540,540,false],"woocommerce_thumbnail":["https:\/\/myreplicawatches.io\/wp-content\/uploads\/2023\/10\/Replica-rolex-Sky-dweller-rose-gold-1-300x300.jpg",300,300,true],"woocommerce_single":["https:\/\/myreplicawatches.io\/wp-content\/uploads\/2023\/10\/Replica-rolex-Sky-dweller-rose-gold-1.jpg",540,540,false],"woocommerce_gallery_thumbnail":["https:\/\/myreplicawatches.io\/wp-content\/uploads\/2023\/10\/Replica-rolex-Sky-dweller-rose-gold-1-100x100.jpg",100,100,true],"variation_swatches_image_size":["https:\/\/myreplicawatches.io\/wp-content\/uploads\/2023\/10\/Replica-rolex-Sky-dweller-rose-gold-1-50x50.jpg",50,50,true],"variation_swatches_tooltip_size":["https:\/\/myreplicawatches.io\/wp-content\/uploads\/2023\/10\/Replica-rolex-Sky-dweller-rose-gold-1-100x100.jpg",100,100,true],"dgwt-wcas-product-suggestion":["https:\/\/myreplicawatches.io\/wp-content\/uploads\/2023\/10\/Replica-rolex-Sky-dweller-rose-gold-1-64x64.jpg",64,64,true]},"uagb_author_info":{"display_name":"admin","author_link":"https:\/\/myreplicawatches.io\/de\/author\/"},"uagb_comment_info":0,"uagb_excerpt":"R\u00e9plica Rolex Submariner Kermit &#8211; AAAA+ R\u00e9plica Clon &nbsp; Ventajas de poseer un Reloj Replica Rolex Submariner Kermit: Una r\u00e9plica puede comprarse a un precio mucho m\u00e1s barato que uno aut\u00e9ntico, pero un reloj Rolex Submariner Kermit r\u00e9plica tendr\u00e1 el mismo aspecto y tacto que el original. Lo \u00faltimo que alguien quiere es gastarse una","jetpack_sharing_enabled":true,"_links":{"self":[{"href":"https:\/\/myreplicawatches.io\/de\/wp-json\/wp\/v2\/product\/9076","targetHints":{"allow":["GET"]}}],"collection":[{"href":"https:\/\/myreplicawatches.io\/de\/wp-json\/wp\/v2\/product"}],"about":[{"href":"https:\/\/myreplicawatches.io\/de\/wp-json\/wp\/v2\/types\/product"}],"replies":[{"embeddable":true,"href":"https:\/\/myreplicawatches.io\/de\/wp-json\/wp\/v2\/comments?post=9076"}],"wp:featuredmedia":[{"embeddable":true,"href":"https:\/\/myreplicawatches.io\/de\/wp-json\/wp\/v2\/media\/8457"}],"wp:attachment":[{"href":"https:\/\/myreplicawatches.io\/de\/wp-json\/wp\/v2\/media?parent=9076"}],"wp:term":[{"taxonomy":"product_brand","embeddable":true,"href":"https:\/\/myreplicawatches.io\/de\/wp-json\/wp\/v2\/product_brand?post=9076"},{"taxonomy":"product_cat","embeddable":true,"href":"https:\/\/myreplicawatches.io\/de\/wp-json\/wp\/v2\/product_cat?post=9076"},{"taxonomy":"product_tag","embeddable":true,"href":"https:\/\/myreplicawatches.io\/de\/wp-json\/wp\/v2\/product_tag?post=9076"}],"curies":[{"name":"wp","href":"https:\/\/api.w.org\/{rel}","templated":true}]}}