{"id":9069,"date":"2023-10-03T22:07:28","date_gmt":"2023-10-03T22:07:28","guid":{"rendered":"https:\/\/myreplicawatches.io\/product\/rolex-datejust-ii-negro-116334\/"},"modified":"2025-10-12T15:27:56","modified_gmt":"2025-10-12T15:27:56","slug":"rolex-datejust-ii-negro-116334","status":"publish","type":"product","link":"https:\/\/myreplicawatches.io\/de\/product\/rolex-datejust-ii-negro-116334\/","title":{"rendered":"Rolex Datejust II Negro 116334"},"content":{"rendered":"<p>&nbsp;<\/p>\n<table data-mce-fragment=\"1\">\n<tbody data-mce-fragment=\"1\">\n<tr data-mce-fragment=\"1\">\n<th data-mce-fragment=\"1\">MARCA<\/th>\n<td data-mce-fragment=\"1\">Rolex<\/td>\n<\/tr>\n<tr data-mce-fragment=\"1\">\n<th data-mce-fragment=\"1\">COLECCI\u00d3N<\/th>\n<td data-mce-fragment=\"1\">Datejust<\/td>\n<\/tr>\n<tr data-mce-fragment=\"1\">\n<th data-mce-fragment=\"1\">MODELO<\/th>\n<td data-mce-fragment=\"1\">116334<\/td>\n<\/tr>\n<tr data-mce-fragment=\"1\">\n<th data-mce-fragment=\"1\">G\u00c9NERO<\/th>\n<td data-mce-fragment=\"1\">Mens<\/td>\n<\/tr>\n<tr data-mce-fragment=\"1\">\n<th data-mce-fragment=\"1\">MOVIMIENTO<\/th>\n<td data-mce-fragment=\"1\">Autom\u00e1tico<\/td>\n<\/tr>\n<tr data-mce-fragment=\"1\">\n<th data-mce-fragment=\"1\">TAMA\u00d1O DE LA CAJA<\/th>\n<td data-mce-fragment=\"1\">41 MM<\/td>\n<\/tr>\n<tr data-mce-fragment=\"1\">\n<th data-mce-fragment=\"1\">MATERIAL DE LA CAJA<\/th>\n<td data-mce-fragment=\"1\">Acero inoxidable de grado 316<\/td>\n<\/tr>\n<tr data-mce-fragment=\"1\">\n<th data-mce-fragment=\"1\">MATERIAL DE LA PULSERA<\/th>\n<td data-mce-fragment=\"1\">Acero inoxidable de grado 316<\/td>\n<\/tr>\n<tr data-mce-fragment=\"1\">\n<th data-mce-fragment=\"1\">MARCA<\/th>\n<td data-mce-fragment=\"1\">Negro<\/td>\n<\/tr>\n<\/tbody>\n<\/table>\n","protected":false},"excerpt":{"rendered":"<p>&nbsp; MARCA Rolex COLECCI\u00d3N Datejust MODELO 116334 G\u00c9NERO Mens MOVIMIENTO Autom\u00e1tico TAMA\u00d1O DE LA CAJA 41 MM MATERIAL DE LA CAJA Acero inoxidable de grado 316 MATERIAL DE LA PULSERA Acero inoxidable de grado 316 MARCA Negro<\/p>\n","protected":false},"featured_media":8029,"comment_status":"open","ping_status":"closed","template":"","meta":{"_uag_custom_page_level_css":"","site-sidebar-layout":"default","site-content-layout":"","ast-site-content-layout":"default","site-content-style":"default","site-sidebar-style":"default","ast-global-header-display":"","ast-banner-title-visibility":"","ast-main-header-display":"","ast-hfb-above-header-display":"","ast-hfb-below-header-display":"","ast-hfb-mobile-header-display":"","site-post-title":"","ast-breadcrumbs-content":"","ast-featured-img":"","footer-sml-layout":"","theme-transparent-header-meta":"default","adv-header-id-meta":"","stick-header-meta":"default","header-above-stick-meta":"","header-main-stick-meta":"","header-below-stick-meta":"","astra-migrate-meta-layouts":"set","ast-page-background-enabled":"default","ast-page-background-meta":{"desktop":{"background-color":"var(--ast-global-color-4)","background-image":"","background-repeat":"repeat","background-position":"center center","background-size":"auto","background-attachment":"scroll","background-type":"","background-media":"","overlay-type":"","overlay-color":"","overlay-opacity":"","overlay-gradient":""},"tablet":{"background-color":"","background-image":"","background-repeat":"repeat","background-position":"center center","background-size":"auto","background-attachment":"scroll","background-type":"","background-media":"","overlay-type":"","overlay-color":"","overlay-opacity":"","overlay-gradient":""},"mobile":{"background-color":"","background-image":"","background-repeat":"repeat","background-position":"center center","background-size":"auto","background-attachment":"scroll","background-type":"","background-media":"","overlay-type":"","overlay-color":"","overlay-opacity":"","overlay-gradient":""}},"ast-content-background-meta":{"desktop":{"background-color":"var(--ast-global-color-5)","background-image":"","background-repeat":"repeat","background-position":"center center","background-size":"auto","background-attachment":"scroll","background-type":"","background-media":"","overlay-type":"","overlay-color":"","overlay-opacity":"","overlay-gradient":""},"tablet":{"background-color":"var(--ast-global-color-5)","background-image":"","background-repeat":"repeat","background-position":"center center","background-size":"auto","background-attachment":"scroll","background-type":"","background-media":"","overlay-type":"","overlay-color":"","overlay-opacity":"","overlay-gradient":""},"mobile":{"background-color":"var(--ast-global-color-5)","background-image":"","background-repeat":"repeat","background-position":"center center","background-size":"auto","background-attachment":"scroll","background-type":"","background-media":"","overlay-type":"","overlay-color":"","overlay-opacity":"","overlay-gradient":""}}},"product_brand":[],"product_cat":[168,161,162,154],"product_tag":[938,2494,648,559,565,440,474,2960,937,187,2363,1028,567,2712],"class_list":{"0":"post-9069","1":"product","2":"type-product","3":"status-publish","4":"has-post-thumbnail","6":"product_cat-productos-mas-nuevos","7":"product_cat-replica-date-just","8":"product_cat-replica-super-clon-rolex-aaa","9":"product_cat-replicas-de-relojes-mas-vendidas","10":"product_tag-classic-es","11":"product_tag-datejust-ii","12":"product_tag-elegant-es","13":"product_tag-exclusive","14":"product_tag-high-quality-es","15":"product_tag-luxury-watch","16":"product_tag-mens-watch","17":"product_tag-premium-edition","18":"product_tag-prestigious-es","19":"product_tag-rolex-es","20":"product_tag-sophisticated-es","21":"product_tag-stainless-steel-es","22":"product_tag-stylish-es","23":"product_tag-timeless-design","24":"desktop-align-left","25":"tablet-align-left","26":"mobile-align-left","27":"ast-product-gallery-layout-vertical-slider","29":"first","30":"instock","31":"sale","32":"shipping-taxable","33":"purchasable","34":"product-type-simple"},"uagb_featured_image_src":{"full":["https:\/\/myreplicawatches.io\/wp-content\/uploads\/2023\/10\/Screenshot2023-08-28at11.36.29AM.png",1360,1380,false],"thumbnail":["https:\/\/myreplicawatches.io\/wp-content\/uploads\/2023\/10\/Screenshot2023-08-28at11.36.29AM-150x150.png",150,150,true],"medium":["https:\/\/myreplicawatches.io\/wp-content\/uploads\/2023\/10\/Screenshot2023-08-28at11.36.29AM-296x300.png",296,300,true],"medium_large":["https:\/\/myreplicawatches.io\/wp-content\/uploads\/2023\/10\/Screenshot2023-08-28at11.36.29AM-768x779.png",768,779,true],"large":["https:\/\/myreplicawatches.io\/wp-content\/uploads\/2023\/10\/Screenshot2023-08-28at11.36.29AM-1009x1024.png",1009,1024,true],"1536x1536":["https:\/\/myreplicawatches.io\/wp-content\/uploads\/2023\/10\/Screenshot2023-08-28at11.36.29AM.png",1360,1380,false],"2048x2048":["https:\/\/myreplicawatches.io\/wp-content\/uploads\/2023\/10\/Screenshot2023-08-28at11.36.29AM.png",1360,1380,false],"woocommerce_thumbnail":["https:\/\/myreplicawatches.io\/wp-content\/uploads\/2023\/10\/Screenshot2023-08-28at11.36.29AM-300x300.png",300,300,true],"woocommerce_single":["https:\/\/myreplicawatches.io\/wp-content\/uploads\/2023\/10\/Screenshot2023-08-28at11.36.29AM-600x609.png",600,609,true],"woocommerce_gallery_thumbnail":["https:\/\/myreplicawatches.io\/wp-content\/uploads\/2023\/10\/Screenshot2023-08-28at11.36.29AM-100x100.png",100,100,true],"variation_swatches_image_size":["https:\/\/myreplicawatches.io\/wp-content\/uploads\/2023\/10\/Screenshot2023-08-28at11.36.29AM.png",50,50,false],"variation_swatches_tooltip_size":["https:\/\/myreplicawatches.io\/wp-content\/uploads\/2023\/10\/Screenshot2023-08-28at11.36.29AM.png",100,100,false],"dgwt-wcas-product-suggestion":["https:\/\/myreplicawatches.io\/wp-content\/uploads\/2023\/10\/Screenshot2023-08-28at11.36.29AM-64x65.png",64,65,true]},"uagb_author_info":{"display_name":"admin","author_link":"https:\/\/myreplicawatches.io\/de\/author\/"},"uagb_comment_info":0,"uagb_excerpt":"&nbsp; MARCA Rolex COLECCI\u00d3N Datejust MODELO 116334 G\u00c9NERO Mens MOVIMIENTO Autom\u00e1tico TAMA\u00d1O DE LA CAJA 41 MM MATERIAL DE LA CAJA Acero inoxidable de grado 316 MATERIAL DE LA PULSERA Acero inoxidable de grado 316 MARCA Negro","jetpack_sharing_enabled":true,"_links":{"self":[{"href":"https:\/\/myreplicawatches.io\/de\/wp-json\/wp\/v2\/product\/9069","targetHints":{"allow":["GET"]}}],"collection":[{"href":"https:\/\/myreplicawatches.io\/de\/wp-json\/wp\/v2\/product"}],"about":[{"href":"https:\/\/myreplicawatches.io\/de\/wp-json\/wp\/v2\/types\/product"}],"replies":[{"embeddable":true,"href":"https:\/\/myreplicawatches.io\/de\/wp-json\/wp\/v2\/comments?post=9069"}],"wp:featuredmedia":[{"embeddable":true,"href":"https:\/\/myreplicawatches.io\/de\/wp-json\/wp\/v2\/media\/8029"}],"wp:attachment":[{"href":"https:\/\/myreplicawatches.io\/de\/wp-json\/wp\/v2\/media?parent=9069"}],"wp:term":[{"taxonomy":"product_brand","embeddable":true,"href":"https:\/\/myreplicawatches.io\/de\/wp-json\/wp\/v2\/product_brand?post=9069"},{"taxonomy":"product_cat","embeddable":true,"href":"https:\/\/myreplicawatches.io\/de\/wp-json\/wp\/v2\/product_cat?post=9069"},{"taxonomy":"product_tag","embeddable":true,"href":"https:\/\/myreplicawatches.io\/de\/wp-json\/wp\/v2\/product_tag?post=9069"}],"curies":[{"name":"wp","href":"https:\/\/api.w.org\/{rel}","templated":true}]}}