{"id":9068,"date":"2023-10-03T22:08:12","date_gmt":"2023-10-03T22:08:12","guid":{"rendered":"https:\/\/myreplicawatches.io\/product\/rolex-datejust-lady-31-plata-oro-replica\/"},"modified":"2025-10-12T15:27:51","modified_gmt":"2025-10-12T15:27:51","slug":"rolex-datejust-lady-31-plata-oro-replica","status":"publish","type":"product","link":"https:\/\/myreplicawatches.io\/de\/product\/rolex-datejust-lady-31-plata-oro-replica\/","title":{"rendered":"Rolex Datejust Lady 31 Plata Oro R\u00e9plica"},"content":{"rendered":"<h4>Rolex Datejust Lady 31 R\u00e9plica de oro plateado &#8211; R\u00e9plica de reloj clon de la mejor calidad<\/h4>\n<p>&nbsp;<\/p>\n<h5>Ventajas de poseer la R\u00e9plica Rolex Datejust Lady 31 Oro Plateado:<\/h5>\n<ul>\n<li>Una r\u00e9plica puede comprarse a un precio mucho m\u00e1s barato que uno aut\u00e9ntico, sin embargo, un reloj r\u00e9plica parecer\u00e1 y se sentir\u00e1 igual que el original.<\/li>\n<li>Lo \u00faltimo que alguien quiere es gastarse una fortuna para conseguir un reloj de lujo que tiene peque\u00f1as diferencias con nuestras r\u00e9plicas de relojes.<\/li>\n<li>Muchos entusiastas de los relojes no quieren gastarse miles de d\u00f3lares en relojes y quieren tener esa gran sensaci\u00f3n de poseer un gran reloj de una marca de lujo. Aqu\u00ed es cuando entran en juego los relojes myreplicawatches.io y proporcionan esa sensaci\u00f3n a sus clientes.<\/li>\n<li>\u00bf Tienes ya un aut\u00e9ntico reloj de alta gama que no quieres llevar por motivos de seguridad o por razones de devaluaci\u00f3n en algunas ocasiones ?<br \/>\nLleva tu R\u00e9plica de Reloj Rolex Datejust Lady 31 Plateado Dorado de Alta Calidad y si\u00e9ntete m\u00e1s segura, ten la misma confianza, protege tus objetos de valor<\/li>\n<\/ul>\n<p>Rolex Datejust Lady 31 Plata Oro R\u00e9plica Detalles:<\/p>\n<table cellspacing=\"0\" cellpadding=\"0\">\n<tbody>\n<tr>\n<td class=\"t\">Marca<\/td>\n<td class=\"c\">Rolex<\/td>\n<\/tr>\n<tr>\n<td class=\"t\">Gama<\/td>\n<td class=\"c\">Datejust Dama<\/td>\n<\/tr>\n<tr>\n<td class=\"t\">Modelo<\/td>\n<td class=\"c\">179173<\/td>\n<\/tr>\n<tr>\n<td class=\"t\">G\u00e9nero<\/td>\n<td class=\"c\">Se\u00f1oras<\/td>\n<\/tr>\n<tr>\n<td class=\"t\">Movimiento<\/td>\n<td class=\"c\">Autom\u00e1tico<\/td>\n<\/tr>\n<tr>\n<td class=\"t\">Tama\u00f1o_caso<\/td>\n<td class=\"c\">31 MM<\/td>\n<\/tr>\n<tr>\n<td class=\"t\">Material_caso<\/td>\n<td class=\"c\">Acero y oro amarillo<\/td>\n<\/tr>\n<tr>\n<td class=\"t\">Material_pulsera<\/td>\n<td class=\"c\">Acero y oro amarillo (Jubileo)<\/td>\n<\/tr>\n<tr>\n<td class=\"t\">Tipo_dial<\/td>\n<td class=\"c\">Diamante de plata<\/td>\n<\/tr>\n<tr>\n<td class=\"t\">Resistencia_al_agua<\/td>\n<td class=\"c\">Resistente al agua<\/td>\n<\/tr>\n<\/tbody>\n<\/table>\n","protected":false},"excerpt":{"rendered":"<p>Rolex Datejust Lady 31 R\u00e9plica de oro plateado &#8211; R\u00e9plica de reloj clon de la mejor calidad &nbsp; Ventajas de poseer la R\u00e9plica Rolex Datejust Lady 31 Oro Plateado: Una r\u00e9plica puede comprarse a un precio mucho m\u00e1s barato que uno aut\u00e9ntico, sin embargo, un reloj r\u00e9plica parecer\u00e1 y se sentir\u00e1 igual que el original.<\/p>\n","protected":false},"featured_media":8084,"comment_status":"open","ping_status":"closed","template":"","meta":{"_uag_custom_page_level_css":"","site-sidebar-layout":"default","site-content-layout":"","ast-site-content-layout":"default","site-content-style":"default","site-sidebar-style":"default","ast-global-header-display":"","ast-banner-title-visibility":"","ast-main-header-display":"","ast-hfb-above-header-display":"","ast-hfb-below-header-display":"","ast-hfb-mobile-header-display":"","site-post-title":"","ast-breadcrumbs-content":"","ast-featured-img":"","footer-sml-layout":"","theme-transparent-header-meta":"default","adv-header-id-meta":"","stick-header-meta":"","header-above-stick-meta":"","header-main-stick-meta":"","header-below-stick-meta":"","astra-migrate-meta-layouts":"default","ast-page-background-enabled":"default","ast-page-background-meta":{"desktop":{"background-color":"var(--ast-global-color-4)","background-image":"","background-repeat":"repeat","background-position":"center center","background-size":"auto","background-attachment":"scroll","background-type":"","background-media":"","overlay-type":"","overlay-color":"","overlay-opacity":"","overlay-gradient":""},"tablet":{"background-color":"","background-image":"","background-repeat":"repeat","background-position":"center center","background-size":"auto","background-attachment":"scroll","background-type":"","background-media":"","overlay-type":"","overlay-color":"","overlay-opacity":"","overlay-gradient":""},"mobile":{"background-color":"","background-image":"","background-repeat":"repeat","background-position":"center center","background-size":"auto","background-attachment":"scroll","background-type":"","background-media":"","overlay-type":"","overlay-color":"","overlay-opacity":"","overlay-gradient":""}},"ast-content-background-meta":{"desktop":{"background-color":"var(--ast-global-color-5)","background-image":"","background-repeat":"repeat","background-position":"center center","background-size":"auto","background-attachment":"scroll","background-type":"","background-media":"","overlay-type":"","overlay-color":"","overlay-opacity":"","overlay-gradient":""},"tablet":{"background-color":"var(--ast-global-color-5)","background-image":"","background-repeat":"repeat","background-position":"center center","background-size":"auto","background-attachment":"scroll","background-type":"","background-media":"","overlay-type":"","overlay-color":"","overlay-opacity":"","overlay-gradient":""},"mobile":{"background-color":"var(--ast-global-color-5)","background-image":"","background-repeat":"repeat","background-position":"center center","background-size":"auto","background-attachment":"scroll","background-type":"","background-media":"","overlay-type":"","overlay-color":"","overlay-opacity":"","overlay-gradient":""}}},"product_brand":[],"product_cat":[168,161,162,154],"product_tag":[938,2337,648,559,1934,565,3291,440,2960,465,187,1935,2363,567,2712,1027],"class_list":{"0":"post-9068","1":"product","2":"type-product","3":"status-publish","4":"has-post-thumbnail","6":"product_cat-productos-mas-nuevos","7":"product_cat-replica-date-just","8":"product_cat-replica-super-clon-rolex-aaa","9":"product_cat-replicas-de-relojes-mas-vendidas","10":"product_tag-classic-es","11":"product_tag-datejust-es","12":"product_tag-elegant-es","13":"product_tag-exclusive","14":"product_tag-gold-es","15":"product_tag-high-quality-es","16":"product_tag-lady-31","17":"product_tag-luxury-watch","18":"product_tag-premium-edition","19":"product_tag-replica","20":"product_tag-rolex-es","21":"product_tag-silver-es","22":"product_tag-sophisticated-es","23":"product_tag-stylish-es","24":"product_tag-timeless-design","25":"product_tag-womens-watch-es","26":"desktop-align-left","27":"tablet-align-left","28":"mobile-align-left","29":"ast-product-gallery-layout-vertical-slider","31":"first","32":"instock","33":"sale","34":"shipping-taxable","35":"purchasable","36":"product-type-simple"},"uagb_featured_image_src":{"full":["https:\/\/myreplicawatches.io\/wp-content\/uploads\/2023\/10\/IMG-3885.jpg",1500,1920,false],"thumbnail":["https:\/\/myreplicawatches.io\/wp-content\/uploads\/2023\/10\/IMG-3885-150x150.jpg",150,150,true],"medium":["https:\/\/myreplicawatches.io\/wp-content\/uploads\/2023\/10\/IMG-3885-234x300.jpg",234,300,true],"medium_large":["https:\/\/myreplicawatches.io\/wp-content\/uploads\/2023\/10\/IMG-3885-768x983.jpg",768,983,true],"large":["https:\/\/myreplicawatches.io\/wp-content\/uploads\/2023\/10\/IMG-3885-800x1024.jpg",800,1024,true],"1536x1536":["https:\/\/myreplicawatches.io\/wp-content\/uploads\/2023\/10\/IMG-3885-1200x1536.jpg",1200,1536,true],"2048x2048":["https:\/\/myreplicawatches.io\/wp-content\/uploads\/2023\/10\/IMG-3885.jpg",1500,1920,false],"woocommerce_thumbnail":["https:\/\/myreplicawatches.io\/wp-content\/uploads\/2023\/10\/IMG-3885-300x300.jpg",300,300,true],"woocommerce_single":["https:\/\/myreplicawatches.io\/wp-content\/uploads\/2023\/10\/IMG-3885-600x768.jpg",600,768,true],"woocommerce_gallery_thumbnail":["https:\/\/myreplicawatches.io\/wp-content\/uploads\/2023\/10\/IMG-3885-100x100.jpg",100,100,true],"variation_swatches_image_size":["https:\/\/myreplicawatches.io\/wp-content\/uploads\/2023\/10\/IMG-3885.jpg",39,50,false],"variation_swatches_tooltip_size":["https:\/\/myreplicawatches.io\/wp-content\/uploads\/2023\/10\/IMG-3885.jpg",78,100,false],"dgwt-wcas-product-suggestion":["https:\/\/myreplicawatches.io\/wp-content\/uploads\/2023\/10\/IMG-3885-64x82.jpg",64,82,true]},"uagb_author_info":{"display_name":"admin","author_link":"https:\/\/myreplicawatches.io\/de\/author\/"},"uagb_comment_info":0,"uagb_excerpt":"Rolex Datejust Lady 31 R\u00e9plica de oro plateado &#8211; R\u00e9plica de reloj clon de la mejor calidad &nbsp; Ventajas de poseer la R\u00e9plica Rolex Datejust Lady 31 Oro Plateado: Una r\u00e9plica puede comprarse a un precio mucho m\u00e1s barato que uno aut\u00e9ntico, sin embargo, un reloj r\u00e9plica parecer\u00e1 y se sentir\u00e1 igual que el original.","jetpack_sharing_enabled":true,"_links":{"self":[{"href":"https:\/\/myreplicawatches.io\/de\/wp-json\/wp\/v2\/product\/9068","targetHints":{"allow":["GET"]}}],"collection":[{"href":"https:\/\/myreplicawatches.io\/de\/wp-json\/wp\/v2\/product"}],"about":[{"href":"https:\/\/myreplicawatches.io\/de\/wp-json\/wp\/v2\/types\/product"}],"replies":[{"embeddable":true,"href":"https:\/\/myreplicawatches.io\/de\/wp-json\/wp\/v2\/comments?post=9068"}],"wp:featuredmedia":[{"embeddable":true,"href":"https:\/\/myreplicawatches.io\/de\/wp-json\/wp\/v2\/media\/8084"}],"wp:attachment":[{"href":"https:\/\/myreplicawatches.io\/de\/wp-json\/wp\/v2\/media?parent=9068"}],"wp:term":[{"taxonomy":"product_brand","embeddable":true,"href":"https:\/\/myreplicawatches.io\/de\/wp-json\/wp\/v2\/product_brand?post=9068"},{"taxonomy":"product_cat","embeddable":true,"href":"https:\/\/myreplicawatches.io\/de\/wp-json\/wp\/v2\/product_cat?post=9068"},{"taxonomy":"product_tag","embeddable":true,"href":"https:\/\/myreplicawatches.io\/de\/wp-json\/wp\/v2\/product_tag?post=9068"}],"curies":[{"name":"wp","href":"https:\/\/api.w.org\/{rel}","templated":true}]}}