{"id":9007,"date":"2023-10-03T22:02:30","date_gmt":"2023-10-03T22:02:30","guid":{"rendered":"https:\/\/myreplicawatches.io\/product\/replica-rolex-gmt-master-ii-16710-1-retro-clon-suizo-aaaa\/"},"modified":"2025-07-30T23:04:37","modified_gmt":"2025-07-30T23:04:37","slug":"replica-rolex-gmt-master-ii-16710-1-retro-clon-suizo-aaaa","status":"publish","type":"product","link":"https:\/\/myreplicawatches.io\/de\/product\/replica-rolex-gmt-master-ii-16710-1-retro-clon-suizo-aaaa\/","title":{"rendered":"R\u00e9plica Rolex GMT Master II 16710\/1 Retro Clon Suizo\/AAAA+"},"content":{"rendered":"<p>R\u00e9plica Rolex GMT Master II Retro 16710\/1 Clon Suizo\/AAAA+<\/p>\n<p>&nbsp;<\/p>\n<p><ins>R\u00e9plica Rolex GMT Master Retro II 16710\/1 + RELOJES DE FABRICACI\u00d3N SUIZA Clon 1:1<\/ins><\/p>\n<ul>\n<li>Se ve y se siente exactamente igual. \u2714<\/li>\n<li>No se puede diferenciar entre el verdadero \u2714<\/li>\n<li>Resistente al agua 300 m \u2714<\/li>\n<li>Cristal de zafiro antirrayado con revestimiento AR \u2714<\/li>\n<li>Relojes de acero 904L y oro aut\u00e9ntico. \u2714<\/li>\n<li>Mismo peso que el original. \u2714<\/li>\n<li>Mismo Mecanismo que el Real \u2714 ( MISMO Movimiento SUIZO, Exactamente igual que el real )<\/li>\n<li>Movimiento Autom\u00e1tico \u2714 ( El segundero no hace tictac, se mueve suavemente como el original )<\/li>\n<\/ul>\n<p><ins>Replica Rolex GMT Master II 16710\/1 AAAA+ Calidad RELOJES<\/ins><\/p>\n<ul>\n<li>Resistente al agua pero no impermeable \u2714<\/li>\n<li>Cristal de zafiro antirrayado con revestimiento AR \u2714<\/li>\n<li>Relojes chapados en acero. \u2714<\/li>\n<li>Mismo peso que el original. \u2714<\/li>\n<li>Mismo Mecanismo que el Real \u2716 ( Mejor Movimiento Autom\u00e1tico Japon\u00e9s, peque\u00f1a diferencia detallada en el mecanismo )<\/li>\n<li>Movimiento Autom\u00e1tico \u2714 ( El segundero no hace tictac, se mueve suavemente como el original )<\/li>\n<\/ul>\n<p>GMT Maestro II<\/p>\n<p>Resistente al agua &#8211; S\u00ed<\/p>\n<p>modelo &#8211; 16710<\/p>\n<p>Material de la pulsera &#8211; Acero (Oyster)<\/p>\n<p>Marca &#8211; Rolex<\/p>\n<p>Material de la caja &#8211; Acero<\/p>\n<p>Tama\u00f1o de la caja &#8211; 40 MM<\/p>\n<p>Tipo de esfera &#8211; Negra<\/p>\n<p>Sexo &#8211; Hombres<\/p>\n<p>Modelo &#8211; 16710<\/p>\n<p>Movimiento &#8211; Autom\u00e1tico<\/p>\n<p>Gama &#8211; GMT Master II<\/p>\n<p>Material de la pulsera &#8211; Acero<\/p>\n","protected":false},"excerpt":{"rendered":"<p>R\u00e9plica Rolex GMT Master II Retro 16710\/1 Clon Suizo\/AAAA+ &nbsp; R\u00e9plica Rolex GMT Master Retro II 16710\/1 + RELOJES DE FABRICACI\u00d3N SUIZA Clon 1:1 Se ve y se siente exactamente igual. \u2714 No se puede diferenciar entre el verdadero \u2714 Resistente al agua 300 m \u2714 Cristal de zafiro antirrayado con revestimiento AR \u2714 Relojes<\/p>\n","protected":false},"featured_media":7718,"comment_status":"open","ping_status":"closed","template":"","meta":{"_uag_custom_page_level_css":"","site-sidebar-layout":"default","site-content-layout":"","ast-site-content-layout":"default","site-content-style":"default","site-sidebar-style":"default","ast-global-header-display":"","ast-banner-title-visibility":"","ast-main-header-display":"","ast-hfb-above-header-display":"","ast-hfb-below-header-display":"","ast-hfb-mobile-header-display":"","site-post-title":"","ast-breadcrumbs-content":"","ast-featured-img":"","footer-sml-layout":"","theme-transparent-header-meta":"default","adv-header-id-meta":"","stick-header-meta":"default","header-above-stick-meta":"","header-main-stick-meta":"","header-below-stick-meta":"","astra-migrate-meta-layouts":"set","ast-page-background-enabled":"default","ast-page-background-meta":{"desktop":{"background-color":"var(--ast-global-color-4)","background-image":"","background-repeat":"repeat","background-position":"center center","background-size":"auto","background-attachment":"scroll","background-type":"","background-media":"","overlay-type":"","overlay-color":"","overlay-opacity":"","overlay-gradient":""},"tablet":{"background-color":"","background-image":"","background-repeat":"repeat","background-position":"center center","background-size":"auto","background-attachment":"scroll","background-type":"","background-media":"","overlay-type":"","overlay-color":"","overlay-opacity":"","overlay-gradient":""},"mobile":{"background-color":"","background-image":"","background-repeat":"repeat","background-position":"center center","background-size":"auto","background-attachment":"scroll","background-type":"","background-media":"","overlay-type":"","overlay-color":"","overlay-opacity":"","overlay-gradient":""}},"ast-content-background-meta":{"desktop":{"background-color":"var(--ast-global-color-5)","background-image":"","background-repeat":"repeat","background-position":"center center","background-size":"auto","background-attachment":"scroll","background-type":"","background-media":"","overlay-type":"","overlay-color":"","overlay-opacity":"","overlay-gradient":""},"tablet":{"background-color":"var(--ast-global-color-5)","background-image":"","background-repeat":"repeat","background-position":"center center","background-size":"auto","background-attachment":"scroll","background-type":"","background-media":"","overlay-type":"","overlay-color":"","overlay-opacity":"","overlay-gradient":""},"mobile":{"background-color":"var(--ast-global-color-5)","background-image":"","background-repeat":"repeat","background-position":"center center","background-size":"auto","background-attachment":"scroll","background-type":"","background-media":"","overlay-type":"","overlay-color":"","overlay-opacity":"","overlay-gradient":""}}},"product_brand":[],"product_cat":[168,162,154,174],"product_tag":[4965,4585,458,1948,1637,876,3418,442,440,474,453,1364,4737,4973,499,1028,1944,441,4974],"class_list":{"0":"post-9007","1":"product","2":"type-product","3":"status-publish","4":"has-post-thumbnail","6":"product_cat-productos-mas-nuevos","7":"product_cat-replica-super-clon-rolex-aaa","8":"product_cat-replicas-de-relojes-mas-vendidas","9":"product_cat-replica-de-rolex-gmt-master-aaa","10":"product_tag-16710-1-es","11":"product_tag-aaaa-es","12":"product_tag-affordable-luxury","13":"product_tag-classic-design-es","14":"product_tag-gmt-function","15":"product_tag-gmt-master-es","16":"product_tag-gmt-master-ii","17":"product_tag-high-quality-replica","18":"product_tag-luxury-watch","19":"product_tag-mens-watch","20":"product_tag-replica-rolex","21":"product_tag-replica-watch","22":"product_tag-retro","23":"product_tag-rotating-bezel-es","24":"product_tag-sports-watch","25":"product_tag-stainless-steel-es","26":"product_tag-swiss-clone-es","27":"product_tag-swiss-movement","28":"product_tag-travel-watch-es","29":"desktop-align-left","30":"tablet-align-left","31":"mobile-align-left","32":"ast-product-gallery-layout-vertical-slider","33":"ast-product-single-variable","35":"first","36":"instock","37":"shipping-taxable","38":"purchasable","39":"product-type-variable"},"uagb_featured_image_src":{"full":["https:\/\/myreplicawatches.io\/wp-content\/uploads\/2023\/10\/replica-rolex-gmt-master-ii-167101.jpg",600,768,false],"thumbnail":["https:\/\/myreplicawatches.io\/wp-content\/uploads\/2023\/10\/replica-rolex-gmt-master-ii-167101-150x150.jpg",150,150,true],"medium":["https:\/\/myreplicawatches.io\/wp-content\/uploads\/2023\/10\/replica-rolex-gmt-master-ii-167101-234x300.jpg",234,300,true],"medium_large":["https:\/\/myreplicawatches.io\/wp-content\/uploads\/2023\/10\/replica-rolex-gmt-master-ii-167101.jpg",600,768,false],"large":["https:\/\/myreplicawatches.io\/wp-content\/uploads\/2023\/10\/replica-rolex-gmt-master-ii-167101.jpg",600,768,false],"1536x1536":["https:\/\/myreplicawatches.io\/wp-content\/uploads\/2023\/10\/replica-rolex-gmt-master-ii-167101.jpg",600,768,false],"2048x2048":["https:\/\/myreplicawatches.io\/wp-content\/uploads\/2023\/10\/replica-rolex-gmt-master-ii-167101.jpg",600,768,false],"woocommerce_thumbnail":["https:\/\/myreplicawatches.io\/wp-content\/uploads\/2023\/10\/replica-rolex-gmt-master-ii-167101-300x300.jpg",300,300,true],"woocommerce_single":["https:\/\/myreplicawatches.io\/wp-content\/uploads\/2023\/10\/replica-rolex-gmt-master-ii-167101.jpg",600,768,false],"woocommerce_gallery_thumbnail":["https:\/\/myreplicawatches.io\/wp-content\/uploads\/2023\/10\/replica-rolex-gmt-master-ii-167101-100x100.jpg",100,100,true],"variation_swatches_image_size":["https:\/\/myreplicawatches.io\/wp-content\/uploads\/2023\/10\/replica-rolex-gmt-master-ii-167101.jpg",39,50,false],"variation_swatches_tooltip_size":["https:\/\/myreplicawatches.io\/wp-content\/uploads\/2023\/10\/replica-rolex-gmt-master-ii-167101.jpg",78,100,false],"dgwt-wcas-product-suggestion":["https:\/\/myreplicawatches.io\/wp-content\/uploads\/2023\/10\/replica-rolex-gmt-master-ii-167101-64x82.jpg",64,82,true]},"uagb_author_info":{"display_name":"admin","author_link":"https:\/\/myreplicawatches.io\/de\/author\/"},"uagb_comment_info":0,"uagb_excerpt":"R\u00e9plica Rolex GMT Master II Retro 16710\/1 Clon Suizo\/AAAA+ &nbsp; R\u00e9plica Rolex GMT Master Retro II 16710\/1 + RELOJES DE FABRICACI\u00d3N SUIZA Clon 1:1 Se ve y se siente exactamente igual. \u2714 No se puede diferenciar entre el verdadero \u2714 Resistente al agua 300 m \u2714 Cristal de zafiro antirrayado con revestimiento AR \u2714 Relojes","jetpack_sharing_enabled":true,"_links":{"self":[{"href":"https:\/\/myreplicawatches.io\/de\/wp-json\/wp\/v2\/product\/9007","targetHints":{"allow":["GET"]}}],"collection":[{"href":"https:\/\/myreplicawatches.io\/de\/wp-json\/wp\/v2\/product"}],"about":[{"href":"https:\/\/myreplicawatches.io\/de\/wp-json\/wp\/v2\/types\/product"}],"replies":[{"embeddable":true,"href":"https:\/\/myreplicawatches.io\/de\/wp-json\/wp\/v2\/comments?post=9007"}],"wp:featuredmedia":[{"embeddable":true,"href":"https:\/\/myreplicawatches.io\/de\/wp-json\/wp\/v2\/media\/7718"}],"wp:attachment":[{"href":"https:\/\/myreplicawatches.io\/de\/wp-json\/wp\/v2\/media?parent=9007"}],"wp:term":[{"taxonomy":"product_brand","embeddable":true,"href":"https:\/\/myreplicawatches.io\/de\/wp-json\/wp\/v2\/product_brand?post=9007"},{"taxonomy":"product_cat","embeddable":true,"href":"https:\/\/myreplicawatches.io\/de\/wp-json\/wp\/v2\/product_cat?post=9007"},{"taxonomy":"product_tag","embeddable":true,"href":"https:\/\/myreplicawatches.io\/de\/wp-json\/wp\/v2\/product_tag?post=9007"}],"curies":[{"name":"wp","href":"https:\/\/api.w.org\/{rel}","templated":true}]}}