{"id":8947,"date":"2023-10-03T22:16:13","date_gmt":"2023-10-03T22:16:13","guid":{"rendered":"https:\/\/myreplicawatches.io\/product\/clon-superior-rolex-oyster-perpetual-41-mm-turquesa-tiffany-esfera-azul-replica\/"},"modified":"2025-11-16T12:37:00","modified_gmt":"2025-11-16T12:37:00","slug":"clon-superior-rolex-oyster-perpetual-41-mm-turquesa-tiffany-esfera-azul-replica","status":"publish","type":"product","link":"https:\/\/myreplicawatches.io\/de\/product\/clon-superior-rolex-oyster-perpetual-41-mm-turquesa-tiffany-esfera-azul-replica\/","title":{"rendered":"Clon superior Rolex Oyster Perpetual 41 MM Turquesa tiffany Esfera azul R\u00e9plica"},"content":{"rendered":"<p>Replica Rolex Oyster Tiffany Azul &#8211; La mejor calidad.<\/p>\n<h3>Ventajas de poseer r\u00e9plicas de relojes:<\/h3>\n<ul>\n<li>Una r\u00e9plica puede comprarse a un precio mucho m\u00e1s barato que uno aut\u00e9ntico, sin embargo, un reloj r\u00e9plica parecer\u00e1 y se sentir\u00e1 igual que el original.<\/li>\n<\/ul>\n<p>&nbsp;<\/p>\n<ul>\n<li>Lo \u00faltimo que alguien quiere es gastarse una fortuna para conseguir un reloj de lujo que tiene peque\u00f1as diferencias con nuestras r\u00e9plicas de relojes.<\/li>\n<\/ul>\n<p>&nbsp;<\/p>\n<ul>\n<li>Muchos entusiastas de los relojes no\u00a0quieren gastarse miles de d\u00f3lares en relojes y quieren tener esa gran sensaci\u00f3n de poseer un gran reloj de marca de lujo. Es entonces cuando entran en juego los relojes IP y proporcionan esa sensaci\u00f3n a sus clientes.<\/li>\n<li>\u00bf Tienes ya un aut\u00e9ntico reloj de alta gama que no quieres llevar por motivos de seguridad o por razones de devaluaci\u00f3n en algunas ocasiones ?<br \/>\nLleva tu r\u00e9plica de reloj Rolex Oyster Tiffany Azul de alta calidad y si\u00e9ntete m\u00e1s seguro, ten la misma confianza, protege tus objetos de valor<\/li>\n<\/ul>\n<p><strong>Movimiento<\/strong>: Movimiento Autom\u00e1tico 3230 con segundero de barrido muy suave, 25 Joyas y 28800bph.<\/p>\n<p><strong>Tama\u00f1o<\/strong>: 41 mm R\u00e9plica Rolex Oyster Tiffany Azul<\/p>\n<p><strong>Caja del<\/strong> reloj: Caja del reloj de acero inoxidable 904L macizo<\/p>\n<p><strong>Esfera del reloj<\/strong>: Rolex \u00a0Esfera azul turquesa<\/p>\n<p><strong>Bisel del reloj<\/strong>: Bisel liso plateado<\/p>\n<p><strong>Cristal<\/strong>: Cristal de zafiro a prueba de ara\u00f1azos.<\/p>\n<p><strong>Caja posterior<\/strong>: Caja posterior de acero macizo<\/p>\n<p><strong>Correa de<\/strong> reloj: Correa de reloj de acero inoxidable macizo 904L de la mejor calidad con logotipo Rolex en la hebilla<\/p>\n<p><strong>Hebilla<\/strong>: Hebilla desplegable Rolex con grabado Rolex adecuado<\/p>\n<p>Peso, grabado y dimensiones exactos de los aut\u00e9nticos relojes Rolex<\/p>\n<p>&nbsp;<\/p>\n","protected":false},"excerpt":{"rendered":"<p>Replica Rolex Oyster Tiffany Azul &#8211; La mejor calidad. Ventajas de poseer r\u00e9plicas de relojes: Una r\u00e9plica puede comprarse a un precio mucho m\u00e1s barato que uno aut\u00e9ntico, sin embargo, un reloj r\u00e9plica parecer\u00e1 y se sentir\u00e1 igual que el original. &nbsp; Lo \u00faltimo que alguien quiere es gastarse una fortuna para conseguir un reloj<\/p>\n","protected":false},"featured_media":8453,"comment_status":"open","ping_status":"closed","template":"","meta":{"_uag_custom_page_level_css":"","site-sidebar-layout":"default","site-content-layout":"","ast-site-content-layout":"default","site-content-style":"default","site-sidebar-style":"default","ast-global-header-display":"","ast-banner-title-visibility":"","ast-main-header-display":"","ast-hfb-above-header-display":"","ast-hfb-below-header-display":"","ast-hfb-mobile-header-display":"","site-post-title":"","ast-breadcrumbs-content":"","ast-featured-img":"","footer-sml-layout":"","theme-transparent-header-meta":"default","adv-header-id-meta":"","stick-header-meta":"default","header-above-stick-meta":"","header-main-stick-meta":"","header-below-stick-meta":"","astra-migrate-meta-layouts":"set","ast-page-background-enabled":"default","ast-page-background-meta":{"desktop":{"background-color":"var(--ast-global-color-4)","background-image":"","background-repeat":"repeat","background-position":"center center","background-size":"auto","background-attachment":"scroll","background-type":"","background-media":"","overlay-type":"","overlay-color":"","overlay-opacity":"","overlay-gradient":""},"tablet":{"background-color":"","background-image":"","background-repeat":"repeat","background-position":"center center","background-size":"auto","background-attachment":"scroll","background-type":"","background-media":"","overlay-type":"","overlay-color":"","overlay-opacity":"","overlay-gradient":""},"mobile":{"background-color":"","background-image":"","background-repeat":"repeat","background-position":"center center","background-size":"auto","background-attachment":"scroll","background-type":"","background-media":"","overlay-type":"","overlay-color":"","overlay-opacity":"","overlay-gradient":""}},"ast-content-background-meta":{"desktop":{"background-color":"var(--ast-global-color-5)","background-image":"","background-repeat":"repeat","background-position":"center center","background-size":"auto","background-attachment":"scroll","background-type":"","background-media":"","overlay-type":"","overlay-color":"","overlay-opacity":"","overlay-gradient":""},"tablet":{"background-color":"var(--ast-global-color-5)","background-image":"","background-repeat":"repeat","background-position":"center center","background-size":"auto","background-attachment":"scroll","background-type":"","background-media":"","overlay-type":"","overlay-color":"","overlay-opacity":"","overlay-gradient":""},"mobile":{"background-color":"var(--ast-global-color-5)","background-image":"","background-repeat":"repeat","background-position":"center center","background-size":"auto","background-attachment":"scroll","background-type":"","background-media":"","overlay-type":"","overlay-color":"","overlay-opacity":"","overlay-gradient":""}}},"product_brand":[],"product_cat":[152,168,162,154,170,158],"product_tag":[2015,871,473,471,442,440,474,2245,465,187,452,2243,2246,2247,2248],"class_list":{"0":"post-8947","1":"product","2":"type-product","3":"status-publish","4":"has-post-thumbnail","6":"product_cat-nueva-coleccion-2024","7":"product_cat-productos-mas-nuevos","8":"product_cat-replica-super-clon-rolex-aaa","9":"product_cat-replicas-de-relojes-mas-vendidas","10":"product_cat-super-clon-rolex","11":"product_cat-superclones","12":"product_tag-41-mm","13":"product_tag-blue-dial-es","14":"product_tag-elegant-design","15":"product_tag-fashion-accessory","16":"product_tag-high-quality-replica","17":"product_tag-luxury-watch","18":"product_tag-mens-watch","19":"product_tag-oyster-perpetual-es","20":"product_tag-replica","21":"product_tag-rolex-es","22":"product_tag-swiss-replica","23":"product_tag-tiffany","24":"product_tag-top-clone","25":"product_tag-turquoise","26":"product_tag-wristwatch","27":"desktop-align-left","28":"tablet-align-left","29":"mobile-align-left","30":"ast-product-gallery-layout-vertical-slider","31":"ast-product-single-variable","33":"first","34":"instock","35":"shipping-taxable","36":"purchasable","37":"product-type-variable"},"uagb_featured_image_src":{"full":["https:\/\/myreplicawatches.io\/wp-content\/uploads\/2023\/10\/Replica-Rolex-tiffany-blue-datejust.jpg",540,540,false],"thumbnail":["https:\/\/myreplicawatches.io\/wp-content\/uploads\/2023\/10\/Replica-Rolex-tiffany-blue-datejust-150x150.jpg",150,150,true],"medium":["https:\/\/myreplicawatches.io\/wp-content\/uploads\/2023\/10\/Replica-Rolex-tiffany-blue-datejust-300x300.jpg",300,300,true],"medium_large":["https:\/\/myreplicawatches.io\/wp-content\/uploads\/2023\/10\/Replica-Rolex-tiffany-blue-datejust.jpg",540,540,false],"large":["https:\/\/myreplicawatches.io\/wp-content\/uploads\/2023\/10\/Replica-Rolex-tiffany-blue-datejust.jpg",540,540,false],"1536x1536":["https:\/\/myreplicawatches.io\/wp-content\/uploads\/2023\/10\/Replica-Rolex-tiffany-blue-datejust.jpg",540,540,false],"2048x2048":["https:\/\/myreplicawatches.io\/wp-content\/uploads\/2023\/10\/Replica-Rolex-tiffany-blue-datejust.jpg",540,540,false],"woocommerce_thumbnail":["https:\/\/myreplicawatches.io\/wp-content\/uploads\/2023\/10\/Replica-Rolex-tiffany-blue-datejust-300x300.jpg",300,300,true],"woocommerce_single":["https:\/\/myreplicawatches.io\/wp-content\/uploads\/2023\/10\/Replica-Rolex-tiffany-blue-datejust.jpg",540,540,false],"woocommerce_gallery_thumbnail":["https:\/\/myreplicawatches.io\/wp-content\/uploads\/2023\/10\/Replica-Rolex-tiffany-blue-datejust-100x100.jpg",100,100,true],"variation_swatches_image_size":["https:\/\/myreplicawatches.io\/wp-content\/uploads\/2023\/10\/Replica-Rolex-tiffany-blue-datejust-50x50.jpg",50,50,true],"variation_swatches_tooltip_size":["https:\/\/myreplicawatches.io\/wp-content\/uploads\/2023\/10\/Replica-Rolex-tiffany-blue-datejust-100x100.jpg",100,100,true],"dgwt-wcas-product-suggestion":["https:\/\/myreplicawatches.io\/wp-content\/uploads\/2023\/10\/Replica-Rolex-tiffany-blue-datejust-64x64.jpg",64,64,true]},"uagb_author_info":{"display_name":"admin","author_link":"https:\/\/myreplicawatches.io\/de\/author\/"},"uagb_comment_info":0,"uagb_excerpt":"Replica Rolex Oyster Tiffany Azul &#8211; La mejor calidad. Ventajas de poseer r\u00e9plicas de relojes: Una r\u00e9plica puede comprarse a un precio mucho m\u00e1s barato que uno aut\u00e9ntico, sin embargo, un reloj r\u00e9plica parecer\u00e1 y se sentir\u00e1 igual que el original. &nbsp; Lo \u00faltimo que alguien quiere es gastarse una fortuna para conseguir un reloj","jetpack_sharing_enabled":true,"_links":{"self":[{"href":"https:\/\/myreplicawatches.io\/de\/wp-json\/wp\/v2\/product\/8947","targetHints":{"allow":["GET"]}}],"collection":[{"href":"https:\/\/myreplicawatches.io\/de\/wp-json\/wp\/v2\/product"}],"about":[{"href":"https:\/\/myreplicawatches.io\/de\/wp-json\/wp\/v2\/types\/product"}],"replies":[{"embeddable":true,"href":"https:\/\/myreplicawatches.io\/de\/wp-json\/wp\/v2\/comments?post=8947"}],"wp:featuredmedia":[{"embeddable":true,"href":"https:\/\/myreplicawatches.io\/de\/wp-json\/wp\/v2\/media\/8453"}],"wp:attachment":[{"href":"https:\/\/myreplicawatches.io\/de\/wp-json\/wp\/v2\/media?parent=8947"}],"wp:term":[{"taxonomy":"product_brand","embeddable":true,"href":"https:\/\/myreplicawatches.io\/de\/wp-json\/wp\/v2\/product_brand?post=8947"},{"taxonomy":"product_cat","embeddable":true,"href":"https:\/\/myreplicawatches.io\/de\/wp-json\/wp\/v2\/product_cat?post=8947"},{"taxonomy":"product_tag","embeddable":true,"href":"https:\/\/myreplicawatches.io\/de\/wp-json\/wp\/v2\/product_tag?post=8947"}],"curies":[{"name":"wp","href":"https:\/\/api.w.org\/{rel}","templated":true}]}}