{"id":8943,"date":"2023-10-03T22:15:49","date_gmt":"2023-10-03T22:15:49","guid":{"rendered":"https:\/\/myreplicawatches.io\/product\/replica-suiza-rolex-day-date-36mm\/"},"modified":"2025-08-18T21:52:57","modified_gmt":"2025-08-18T21:52:57","slug":"replica-suiza-rolex-day-date-36mm","status":"publish","type":"product","link":"https:\/\/myreplicawatches.io\/de\/product\/replica-suiza-rolex-day-date-36mm\/","title":{"rendered":"R\u00e9plica suiza Rolex Day-Date 36mm"},"content":{"rendered":"<h4>R\u00e9plica suiza Rolex Day-Date 36mm &#8211; R\u00e9plica Day Date 36mm de la mejor calidad<\/h4>\n<p>&nbsp;<\/p>\n<h5>Ventajas de poseer la r\u00e9plica suiza Rolex Day-Date 36 mm:<\/h5>\n<ul>\n<li>Una r\u00e9plica puede comprarse a un precio mucho m\u00e1s barato que uno aut\u00e9ntico, sin embargo, un reloj r\u00e9plica parecer\u00e1 y se sentir\u00e1 igual que el original.<\/li>\n<li>Lo \u00faltimo que alguien quiere es gastarse una fortuna para conseguir un reloj de lujo que tiene peque\u00f1as diferencias con nuestras r\u00e9plicas de relojes.<\/li>\n<li>Muchos entusiastas de los relojes no quieren gastarse miles de d\u00f3lares en relojes y quieren tener esa gran sensaci\u00f3n de poseer un gran reloj de una marca de lujo. Aqu\u00ed es cuando entran en juego los relojes myreplicawatches.io y proporcionan esa sensaci\u00f3n a sus clientes.<\/li>\n<li>\u00bf Tienes ya un aut\u00e9ntico reloj de alta gama que no quieres llevar por motivos de seguridad o por razones de devaluaci\u00f3n en algunas ocasiones ?<br \/>\nLleva tu Reloj Suizo Rolex Day-Date 36mm Replica de alta calidad y si\u00e9ntete m\u00e1s seguro, ten la misma confianza, protege tus objetos de valor<\/li>\n<\/ul>\n<table>\n<tbody>\n<tr>\n<th>MARCA<\/th>\n<td>R\u00e9plica Rolex<\/td>\n<\/tr>\n<tr>\n<th>COLECCI\u00d3N<\/th>\n<td>R\u00e9plica suiza Rolex Day-Date 36mm<\/td>\n<\/tr>\n<tr>\n<th>MOVIMIENTO<\/th>\n<td>Cin\u00e9tica (Autom\u00e1tica)<\/td>\n<\/tr>\n<tr>\n<th>CALIDAD<\/th>\n<td>Suiza<\/td>\n<\/tr>\n<tr>\n<th>CASO<\/th>\n<td>Caja en forma de tonel de acero inoxidable macizo cepillado<\/td>\n<\/tr>\n<tr>\n<th>VOLVER<\/th>\n<td>Empuje en la parte posterior de acero inoxidable con pegatina verde Rolex y marcas<\/td>\n<\/tr>\n<tr>\n<th>BEZEL<\/th>\n<td>Bisel redondo tallado de oro amarillo de 18k<\/td>\n<\/tr>\n<tr>\n<th>CORONA<\/th>\n<td>Oro amarillo de 18 quilates<\/td>\n<\/tr>\n<tr>\n<th>PULSERA<\/th>\n<td>Pulsera de eslabones de acero inoxidable cepillado y oro amarillo de 18 quilates con cierre desplegable<\/td>\n<\/tr>\n<tr>\n<th>VIDRIO<\/th>\n<td>Cristal de zafiro<\/td>\n<\/tr>\n<tr>\n<th>COLOR<\/th>\n<td>Dos tonos<\/td>\n<\/tr>\n<tr>\n<th>COLOR DEL DIAL<\/th>\n<td>Negro<\/td>\n<\/tr>\n<tr>\n<th>G\u00c9NERO<\/th>\n<td>Hombres<\/td>\n<\/tr>\n<tr>\n<th>DI\u00c1METRO<\/th>\n<td>44 x 36 mm<\/td>\n<\/tr>\n<tr>\n<th>LONGITUD DE LA PULSERA<\/th>\n<td>118 x 20 mm<\/td>\n<\/tr>\n<tr>\n<th>GROSOR DE LA CAJA<\/th>\n<td>12 mm<\/td>\n<\/tr>\n<tr>\n<th>CALIDAD Y MARCA<\/th>\n<td>Todos nuestros relojes de calidad japonesa son resistentes al agua, pero no sumergibles; no recomendamos nadar con ellos ni ducharse con ellos.<\/td>\n<\/tr>\n<\/tbody>\n<\/table>\n","protected":false},"excerpt":{"rendered":"<p>R\u00e9plica suiza Rolex Day-Date 36mm &#8211; R\u00e9plica Day Date 36mm de la mejor calidad &nbsp; Ventajas de poseer la r\u00e9plica suiza Rolex Day-Date 36 mm: Una r\u00e9plica puede comprarse a un precio mucho m\u00e1s barato que uno aut\u00e9ntico, sin embargo, un reloj r\u00e9plica parecer\u00e1 y se sentir\u00e1 igual que el original. Lo \u00faltimo que alguien<\/p>\n","protected":false},"featured_media":8249,"comment_status":"open","ping_status":"closed","template":"","meta":{"_uag_custom_page_level_css":"","site-sidebar-layout":"default","site-content-layout":"","ast-site-content-layout":"default","site-content-style":"default","site-sidebar-style":"default","ast-global-header-display":"","ast-banner-title-visibility":"","ast-main-header-display":"","ast-hfb-above-header-display":"","ast-hfb-below-header-display":"","ast-hfb-mobile-header-display":"","site-post-title":"","ast-breadcrumbs-content":"","ast-featured-img":"","footer-sml-layout":"","theme-transparent-header-meta":"default","adv-header-id-meta":"","stick-header-meta":"default","header-above-stick-meta":"","header-main-stick-meta":"","header-below-stick-meta":"","astra-migrate-meta-layouts":"set","ast-page-background-enabled":"default","ast-page-background-meta":{"desktop":{"background-color":"var(--ast-global-color-4)","background-image":"","background-repeat":"repeat","background-position":"center center","background-size":"auto","background-attachment":"scroll","background-type":"","background-media":"","overlay-type":"","overlay-color":"","overlay-opacity":"","overlay-gradient":""},"tablet":{"background-color":"","background-image":"","background-repeat":"repeat","background-position":"center center","background-size":"auto","background-attachment":"scroll","background-type":"","background-media":"","overlay-type":"","overlay-color":"","overlay-opacity":"","overlay-gradient":""},"mobile":{"background-color":"","background-image":"","background-repeat":"repeat","background-position":"center center","background-size":"auto","background-attachment":"scroll","background-type":"","background-media":"","overlay-type":"","overlay-color":"","overlay-opacity":"","overlay-gradient":""}},"ast-content-background-meta":{"desktop":{"background-color":"var(--ast-global-color-5)","background-image":"","background-repeat":"repeat","background-position":"center center","background-size":"auto","background-attachment":"scroll","background-type":"","background-media":"","overlay-type":"","overlay-color":"","overlay-opacity":"","overlay-gradient":""},"tablet":{"background-color":"var(--ast-global-color-5)","background-image":"","background-repeat":"repeat","background-position":"center center","background-size":"auto","background-attachment":"scroll","background-type":"","background-media":"","overlay-type":"","overlay-color":"","overlay-opacity":"","overlay-gradient":""},"mobile":{"background-color":"var(--ast-global-color-5)","background-image":"","background-repeat":"repeat","background-position":"center center","background-size":"auto","background-attachment":"scroll","background-type":"","background-media":"","overlay-type":"","overlay-color":"","overlay-opacity":"","overlay-gradient":""}}},"product_brand":[],"product_cat":[181,152,168,162,154],"product_tag":[2322,2329,2328,1948,795,648,565,563,474,2302,3467,465,187,2363,1028,600,472,933,836],"class_list":{"0":"post-8943","1":"product","2":"type-product","3":"status-publish","4":"has-post-thumbnail","6":"product_cat-day-date-replica-relojo-rolex","7":"product_cat-nueva-coleccion-2024","8":"product_cat-productos-mas-nuevos","9":"product_cat-replica-super-clon-rolex-aaa","10":"product_cat-replicas-de-relojes-mas-vendidas","11":"product_tag-36mm-es","12":"product_tag-anniversary-watch","13":"product_tag-chronometer","14":"product_tag-classic-design-es","15":"product_tag-day-date-es","16":"product_tag-elegant-es","17":"product_tag-high-quality-es","18":"product_tag-luxury-es","19":"product_tag-mens-watch","20":"product_tag-precision","21":"product_tag-premium-replica-es","22":"product_tag-replica","23":"product_tag-rolex-es","24":"product_tag-sophisticated-es","25":"product_tag-stainless-steel-es","26":"product_tag-swiss-made","27":"product_tag-timepiece","28":"product_tag-watch-es","29":"product_tag-white-dial-es","30":"desktop-align-left","31":"tablet-align-left","32":"mobile-align-left","33":"ast-product-gallery-layout-vertical-slider","35":"first","36":"instock","37":"sale","38":"shipping-taxable","39":"purchasable","40":"product-type-simple"},"uagb_featured_image_src":{"full":["https:\/\/myreplicawatches.io\/wp-content\/uploads\/2023\/10\/Screenshot2023-08-28at11.31.58AM.png",1372,1378,false],"thumbnail":["https:\/\/myreplicawatches.io\/wp-content\/uploads\/2023\/10\/Screenshot2023-08-28at11.31.58AM-150x150.png",150,150,true],"medium":["https:\/\/myreplicawatches.io\/wp-content\/uploads\/2023\/10\/Screenshot2023-08-28at11.31.58AM-300x300.png",300,300,true],"medium_large":["https:\/\/myreplicawatches.io\/wp-content\/uploads\/2023\/10\/Screenshot2023-08-28at11.31.58AM-768x771.png",768,771,true],"large":["https:\/\/myreplicawatches.io\/wp-content\/uploads\/2023\/10\/Screenshot2023-08-28at11.31.58AM-1020x1024.png",1020,1024,true],"1536x1536":["https:\/\/myreplicawatches.io\/wp-content\/uploads\/2023\/10\/Screenshot2023-08-28at11.31.58AM.png",1372,1378,false],"2048x2048":["https:\/\/myreplicawatches.io\/wp-content\/uploads\/2023\/10\/Screenshot2023-08-28at11.31.58AM.png",1372,1378,false],"woocommerce_thumbnail":["https:\/\/myreplicawatches.io\/wp-content\/uploads\/2023\/10\/Screenshot2023-08-28at11.31.58AM-300x300.png",300,300,true],"woocommerce_single":["https:\/\/myreplicawatches.io\/wp-content\/uploads\/2023\/10\/Screenshot2023-08-28at11.31.58AM-600x603.png",600,603,true],"woocommerce_gallery_thumbnail":["https:\/\/myreplicawatches.io\/wp-content\/uploads\/2023\/10\/Screenshot2023-08-28at11.31.58AM-100x100.png",100,100,true],"variation_swatches_image_size":["https:\/\/myreplicawatches.io\/wp-content\/uploads\/2023\/10\/Screenshot2023-08-28at11.31.58AM.png",50,50,false],"variation_swatches_tooltip_size":["https:\/\/myreplicawatches.io\/wp-content\/uploads\/2023\/10\/Screenshot2023-08-28at11.31.58AM.png",100,100,false],"dgwt-wcas-product-suggestion":["https:\/\/myreplicawatches.io\/wp-content\/uploads\/2023\/10\/Screenshot2023-08-28at11.31.58AM-64x64.png",64,64,true]},"uagb_author_info":{"display_name":"admin","author_link":"https:\/\/myreplicawatches.io\/de\/author\/"},"uagb_comment_info":0,"uagb_excerpt":"R\u00e9plica suiza Rolex Day-Date 36mm &#8211; R\u00e9plica Day Date 36mm de la mejor calidad &nbsp; Ventajas de poseer la r\u00e9plica suiza Rolex Day-Date 36 mm: Una r\u00e9plica puede comprarse a un precio mucho m\u00e1s barato que uno aut\u00e9ntico, sin embargo, un reloj r\u00e9plica parecer\u00e1 y se sentir\u00e1 igual que el original. Lo \u00faltimo que alguien","jetpack_sharing_enabled":true,"_links":{"self":[{"href":"https:\/\/myreplicawatches.io\/de\/wp-json\/wp\/v2\/product\/8943","targetHints":{"allow":["GET"]}}],"collection":[{"href":"https:\/\/myreplicawatches.io\/de\/wp-json\/wp\/v2\/product"}],"about":[{"href":"https:\/\/myreplicawatches.io\/de\/wp-json\/wp\/v2\/types\/product"}],"replies":[{"embeddable":true,"href":"https:\/\/myreplicawatches.io\/de\/wp-json\/wp\/v2\/comments?post=8943"}],"wp:featuredmedia":[{"embeddable":true,"href":"https:\/\/myreplicawatches.io\/de\/wp-json\/wp\/v2\/media\/8249"}],"wp:attachment":[{"href":"https:\/\/myreplicawatches.io\/de\/wp-json\/wp\/v2\/media?parent=8943"}],"wp:term":[{"taxonomy":"product_brand","embeddable":true,"href":"https:\/\/myreplicawatches.io\/de\/wp-json\/wp\/v2\/product_brand?post=8943"},{"taxonomy":"product_cat","embeddable":true,"href":"https:\/\/myreplicawatches.io\/de\/wp-json\/wp\/v2\/product_cat?post=8943"},{"taxonomy":"product_tag","embeddable":true,"href":"https:\/\/myreplicawatches.io\/de\/wp-json\/wp\/v2\/product_tag?post=8943"}],"curies":[{"name":"wp","href":"https:\/\/api.w.org\/{rel}","templated":true}]}}