{"id":8922,"date":"2023-10-03T22:15:31","date_gmt":"2023-10-03T22:15:31","guid":{"rendered":"https:\/\/myreplicawatches.io\/product\/super-clon-replica-rolex-datejust-plata\/"},"modified":"2026-02-11T22:10:13","modified_gmt":"2026-02-11T22:10:13","slug":"super-clon-replica-rolex-datejust-plata","status":"publish","type":"product","link":"https:\/\/myreplicawatches.io\/de\/product\/super-clon-replica-rolex-datejust-plata\/","title":{"rendered":"Super Clon Replica Rolex Datejust Plata"},"content":{"rendered":"<h2>Swiss Made Replica Rolex Datejust Plata &#8211; Mejor Super Clon Replica Versi\u00f3n Clon<\/h2>\n<p>&nbsp;<\/p>\n<p><ins>RELOJES SWISS MADE Clon 1:1  <\/ins><\/p>\n<ul>\n<li>Se ve y se siente exactamente igual. \u2714<\/li>\n<li>No se puede diferenciar entre el verdadero \u2714<\/li>\n<li>Resistente al agua 300 m \u2714<\/li>\n<li>Cristal de zafiro antirrayado con revestimiento AR \u2714<\/li>\n<li>Relojes de acero 904L y oro aut\u00e9ntico. \u2714<\/li>\n<li>Mismo peso que el original. \u2714<\/li>\n<li>Mismo Mecanismo que el Real \u2714 ( MISMO Movimiento SUIZO, Exactamente igual que el real )<\/li>\n<li>Movimiento Autom\u00e1tico \u2714 ( El segundero no hace tictac, se mueve suavemente como el original )<\/li>\n<\/ul>\n<p><strong>Todos los relojes tienen 1 a\u00f1o de garant\u00eda para este Super Clon R\u00e9plica Rolex Datejust Plata<\/strong><\/p>\n<p>&nbsp;<\/p>\n<p>&nbsp;<\/p>\n<p>Informaci\u00f3n adicional del Super Clon R\u00e9plica Rolex Datejust Plata<\/p>\n<p>Gama de productos &#8211; Datejust<\/p>\n<p>modelo &#8211; 16234<\/p>\n<p>Material de la pulsera &#8211; Acero inoxidable de grado 316<\/p>\n<p>Marca &#8211; Replica Rolex<\/p>\n<p>Material de la caja &#8211; Acero inoxidable de grado 316<\/p>\n<p>Tama\u00f1o de la caja &#8211; 41 MM<\/p>\n<p>Sexo &#8211; Hombres<\/p>\n<p>Movimiento &#8211; Clon Suizo Autom\u00e1tico<\/p>\n<p>Resistente al agua &#8211; S\u00ed<\/p>\n<p>Material de la pulsera &#8211; Acero<\/p>\n","protected":false},"excerpt":{"rendered":"<h3>Ventajas de poseer el Super Clon R\u00e9plica Rolex Datejust Plata:<\/h3>\n<ul>\n<li>Una r\u00e9plica puede comprarse a un precio mucho m\u00e1s barato que uno aut\u00e9ntico, sin embargo, un reloj r\u00e9plica parecer\u00e1 y se sentir\u00e1 igual que el original.<\/li>\n<li>Lo \u00faltimo que alguien quiere es gastarse una fortuna para conseguir un reloj de lujo que tiene peque\u00f1as diferencias con nuestras r\u00e9plicas de relojes.<\/li>\n<li>Muchos entusiastas de los relojes no quieren gastarse miles de d\u00f3lares en relojes y quieren tener esa gran sensaci\u00f3n de poseer un gran reloj de una marca de lujo. Es entonces cuando myreplicawatches entra en escena y proporciona esa sensaci\u00f3n a sus clientes.<\/li>\n<li>\u00bf Tienes ya un aut\u00e9ntico reloj de alta gama que no quieres llevar por motivos de seguridad o por razones de devaluaci\u00f3n en algunas ocasiones ?<br \/>\nLleva tu Reloj Rolex Datejust Plateado R\u00e9plica Super Clon de Alta Calidad y si\u00e9ntete m\u00e1s seguro, ten la misma confianza, protege tus objetos de valor<\/li>\n<\/ul>\n","protected":false},"featured_media":48145,"comment_status":"open","ping_status":"closed","template":"","meta":{"_uag_custom_page_level_css":"","site-sidebar-layout":"default","site-content-layout":"","ast-site-content-layout":"default","site-content-style":"default","site-sidebar-style":"default","ast-global-header-display":"","ast-banner-title-visibility":"","ast-main-header-display":"","ast-hfb-above-header-display":"","ast-hfb-below-header-display":"","ast-hfb-mobile-header-display":"","site-post-title":"","ast-breadcrumbs-content":"","ast-featured-img":"","footer-sml-layout":"","theme-transparent-header-meta":"default","adv-header-id-meta":"","stick-header-meta":"default","header-above-stick-meta":"","header-main-stick-meta":"","header-below-stick-meta":"","astra-migrate-meta-layouts":"default","ast-page-background-enabled":"default","ast-page-background-meta":{"desktop":{"background-color":"var(--ast-global-color-4)","background-image":"","background-repeat":"repeat","background-position":"center center","background-size":"auto","background-attachment":"scroll","background-type":"","background-media":"","overlay-type":"","overlay-color":"","overlay-opacity":"","overlay-gradient":""},"tablet":{"background-color":"","background-image":"","background-repeat":"repeat","background-position":"center center","background-size":"auto","background-attachment":"scroll","background-type":"","background-media":"","overlay-type":"","overlay-color":"","overlay-opacity":"","overlay-gradient":""},"mobile":{"background-color":"","background-image":"","background-repeat":"repeat","background-position":"center center","background-size":"auto","background-attachment":"scroll","background-type":"","background-media":"","overlay-type":"","overlay-color":"","overlay-opacity":"","overlay-gradient":""}},"ast-content-background-meta":{"desktop":{"background-color":"var(--ast-global-color-5)","background-image":"","background-repeat":"repeat","background-position":"center center","background-size":"auto","background-attachment":"scroll","background-type":"","background-media":"","overlay-type":"","overlay-color":"","overlay-opacity":"","overlay-gradient":""},"tablet":{"background-color":"var(--ast-global-color-5)","background-image":"","background-repeat":"repeat","background-position":"center center","background-size":"auto","background-attachment":"scroll","background-type":"","background-media":"","overlay-type":"","overlay-color":"","overlay-opacity":"","overlay-gradient":""},"mobile":{"background-color":"var(--ast-global-color-5)","background-image":"","background-repeat":"repeat","background-position":"center center","background-size":"auto","background-attachment":"scroll","background-type":"","background-media":"","overlay-type":"","overlay-color":"","overlay-opacity":"","overlay-gradient":""}}},"product_brand":[],"product_cat":[152,168,161,154,170,158],"product_tag":[647,1948,2337,2362,2365,648,565,563,474,2302,1965,2364,465,187,173,1935,2363,567,464,441],"class_list":{"0":"post-8922","1":"product","2":"type-product","3":"status-publish","4":"has-post-thumbnail","6":"product_cat-nueva-coleccion-2024","7":"product_cat-productos-mas-nuevos","8":"product_cat-replica-date-just","9":"product_cat-replicas-de-relojes-mas-vendidas","10":"product_cat-super-clon-rolex","11":"product_cat-superclones","12":"product_tag-automatic-watch-es","13":"product_tag-classic-design-es","14":"product_tag-datejust-es","15":"product_tag-dress-watch-es","16":"product_tag-durable-es","17":"product_tag-elegant-es","18":"product_tag-high-quality-es","19":"product_tag-luxury-es","20":"product_tag-mens-watch","21":"product_tag-precision","22":"product_tag-premium-quality","23":"product_tag-refined-es","24":"product_tag-replica","25":"product_tag-rolex-es","26":"product_tag-rolex-suizo","27":"product_tag-silver-es","28":"product_tag-sophisticated-es","29":"product_tag-stylish-es","30":"product_tag-super-clone","31":"product_tag-swiss-movement","32":"desktop-align-left","33":"tablet-align-left","34":"mobile-align-left","35":"ast-product-gallery-layout-vertical-slider","36":"ast-product-single-variable","38":"first","39":"instock","40":"shipping-taxable","41":"purchasable","42":"product-type-variable"},"uagb_featured_image_src":{"full":["https:\/\/myreplicawatches.io\/wp-content\/uploads\/2023\/10\/d9be214b5e01f590927239746758cddb.jpeg",1086,816,false],"thumbnail":["https:\/\/myreplicawatches.io\/wp-content\/uploads\/2023\/10\/d9be214b5e01f590927239746758cddb-150x150.jpeg",150,150,true],"medium":["https:\/\/myreplicawatches.io\/wp-content\/uploads\/2023\/10\/d9be214b5e01f590927239746758cddb-300x225.jpeg",300,225,true],"medium_large":["https:\/\/myreplicawatches.io\/wp-content\/uploads\/2023\/10\/d9be214b5e01f590927239746758cddb-768x577.jpeg",768,577,true],"large":["https:\/\/myreplicawatches.io\/wp-content\/uploads\/2023\/10\/d9be214b5e01f590927239746758cddb-1024x769.jpeg",1024,769,true],"1536x1536":["https:\/\/myreplicawatches.io\/wp-content\/uploads\/2023\/10\/d9be214b5e01f590927239746758cddb.jpeg",1086,816,false],"2048x2048":["https:\/\/myreplicawatches.io\/wp-content\/uploads\/2023\/10\/d9be214b5e01f590927239746758cddb.jpeg",1086,816,false],"woocommerce_thumbnail":["https:\/\/myreplicawatches.io\/wp-content\/uploads\/2023\/10\/d9be214b5e01f590927239746758cddb-300x300.jpeg",300,300,true],"woocommerce_single":["https:\/\/myreplicawatches.io\/wp-content\/uploads\/2023\/10\/d9be214b5e01f590927239746758cddb-600x451.jpeg",600,451,true],"woocommerce_gallery_thumbnail":["https:\/\/myreplicawatches.io\/wp-content\/uploads\/2023\/10\/d9be214b5e01f590927239746758cddb-100x100.jpeg",100,100,true],"variation_swatches_image_size":["https:\/\/myreplicawatches.io\/wp-content\/uploads\/2023\/10\/d9be214b5e01f590927239746758cddb-50x50.jpeg",50,50,true],"variation_swatches_tooltip_size":["https:\/\/myreplicawatches.io\/wp-content\/uploads\/2023\/10\/d9be214b5e01f590927239746758cddb-100x100.jpeg",100,100,true],"dgwt-wcas-product-suggestion":["https:\/\/myreplicawatches.io\/wp-content\/uploads\/2023\/10\/d9be214b5e01f590927239746758cddb-64x48.jpeg",64,48,true]},"uagb_author_info":{"display_name":"admin","author_link":"https:\/\/myreplicawatches.io\/de\/author\/"},"uagb_comment_info":0,"uagb_excerpt":"Ventajas de poseer el Super Clon R\u00e9plica Rolex Datejust Plata: Una r\u00e9plica puede comprarse a un precio mucho m\u00e1s barato que uno aut\u00e9ntico, sin embargo, un reloj r\u00e9plica parecer\u00e1 y se sentir\u00e1 igual que el original. Lo \u00faltimo que alguien quiere es gastarse una fortuna para conseguir un reloj de lujo que tiene peque\u00f1as diferencias&hellip;","jetpack_sharing_enabled":true,"_links":{"self":[{"href":"https:\/\/myreplicawatches.io\/de\/wp-json\/wp\/v2\/product\/8922","targetHints":{"allow":["GET"]}}],"collection":[{"href":"https:\/\/myreplicawatches.io\/de\/wp-json\/wp\/v2\/product"}],"about":[{"href":"https:\/\/myreplicawatches.io\/de\/wp-json\/wp\/v2\/types\/product"}],"replies":[{"embeddable":true,"href":"https:\/\/myreplicawatches.io\/de\/wp-json\/wp\/v2\/comments?post=8922"}],"wp:featuredmedia":[{"embeddable":true,"href":"https:\/\/myreplicawatches.io\/de\/wp-json\/wp\/v2\/media\/48145"}],"wp:attachment":[{"href":"https:\/\/myreplicawatches.io\/de\/wp-json\/wp\/v2\/media?parent=8922"}],"wp:term":[{"taxonomy":"product_brand","embeddable":true,"href":"https:\/\/myreplicawatches.io\/de\/wp-json\/wp\/v2\/product_brand?post=8922"},{"taxonomy":"product_cat","embeddable":true,"href":"https:\/\/myreplicawatches.io\/de\/wp-json\/wp\/v2\/product_cat?post=8922"},{"taxonomy":"product_tag","embeddable":true,"href":"https:\/\/myreplicawatches.io\/de\/wp-json\/wp\/v2\/product_tag?post=8922"}],"curies":[{"name":"wp","href":"https:\/\/api.w.org\/{rel}","templated":true}]}}