{"id":8902,"date":"2024-05-13T16:09:00","date_gmt":"2024-05-13T16:09:00","guid":{"rendered":"https:\/\/myreplicawatches.io\/product\/repica-rolex-milgauss-a-quien-le-importa-mad-paris\/"},"modified":"2025-11-16T12:40:22","modified_gmt":"2025-11-16T12:40:22","slug":"repica-rolex-milgauss-a-quien-le-importa-mad-paris","status":"publish","type":"product","link":"https:\/\/myreplicawatches.io\/de\/product\/repica-rolex-milgauss-a-quien-le-importa-mad-paris\/","title":{"rendered":"Repica Rolex Milgauss A qui\u00e9n le importa &#8211; Mad Paris"},"content":{"rendered":"<p>Repica Rolex Milgauss A qui\u00e9n le importa &#8211; Mad Paris &#8211; Best Replica Clone<\/p>\n<p>Esta R\u00e9plica Rolex Milgauss Who Cares es una nueva iteraci\u00f3n de un Milgauss personalizado por Rolex en colaboraci\u00f3n con Mad Paris. Lleva brazalete y caja arenados, corona Rolex verde, manecilla plateada engastada con lume verde y manecilla de rayo milgauss verde. Todo ello sobre una esfera blanca y n\u00edtida, que lleva la frase &#8222;A qui\u00e9n le importa, ya llego tarde&#8220;.<\/p>\n<p>N\u00famero de referencia : 116400GV<br \/>\nCaja : acero<br \/>\nDi\u00e1metro de la caja : 40<br \/>\nCalibre base : cal . 3131<br \/>\nEsfera : acero<br \/>\nColor de la correa : Acero<br \/>\nMaterial de la correa : Acero<br \/>\nMovimiento \/Calibre : 3135<br \/>\nN\u00famero de joyas : 31<br \/>\nMovimiento : Autom\u00e1tico<br \/>\nReserva de marcha : 48 horas<br \/>\nCristal : Cristal de zafiro<br \/>\nCierre : Cierre desplegable<br \/>\nCalsp Material : esfera de acero<br \/>\nColor : blanco<br \/>\nSexo : Masculino \/Unisexo<\/p>\n","protected":false},"excerpt":{"rendered":"<p>Repica Rolex Milgauss A qui\u00e9n le importa &#8211; Mad Paris &#8211; Best Replica Clone Esta R\u00e9plica Rolex Milgauss Who Cares es una nueva iteraci\u00f3n de un Milgauss personalizado por Rolex en colaboraci\u00f3n con Mad Paris. Lleva brazalete y caja arenados, corona Rolex verde, manecilla plateada engastada con lume verde y manecilla de rayo milgauss verde.<\/p>\n","protected":false},"featured_media":8739,"comment_status":"open","ping_status":"closed","template":"","meta":{"_uag_custom_page_level_css":"","site-sidebar-layout":"default","site-content-layout":"","ast-site-content-layout":"default","site-content-style":"default","site-sidebar-style":"default","ast-global-header-display":"","ast-banner-title-visibility":"","ast-main-header-display":"","ast-hfb-above-header-display":"","ast-hfb-below-header-display":"","ast-hfb-mobile-header-display":"","site-post-title":"","ast-breadcrumbs-content":"","ast-featured-img":"","footer-sml-layout":"","theme-transparent-header-meta":"default","adv-header-id-meta":"","stick-header-meta":"default","header-above-stick-meta":"","header-main-stick-meta":"","header-below-stick-meta":"","astra-migrate-meta-layouts":"set","ast-page-background-enabled":"default","ast-page-background-meta":{"desktop":{"background-color":"var(--ast-global-color-4)","background-image":"","background-repeat":"repeat","background-position":"center center","background-size":"auto","background-attachment":"scroll","background-type":"","background-media":"","overlay-type":"","overlay-color":"","overlay-opacity":"","overlay-gradient":""},"tablet":{"background-color":"","background-image":"","background-repeat":"repeat","background-position":"center center","background-size":"auto","background-attachment":"scroll","background-type":"","background-media":"","overlay-type":"","overlay-color":"","overlay-opacity":"","overlay-gradient":""},"mobile":{"background-color":"","background-image":"","background-repeat":"repeat","background-position":"center center","background-size":"auto","background-attachment":"scroll","background-type":"","background-media":"","overlay-type":"","overlay-color":"","overlay-opacity":"","overlay-gradient":""}},"ast-content-background-meta":{"desktop":{"background-color":"var(--ast-global-color-5)","background-image":"","background-repeat":"repeat","background-position":"center center","background-size":"auto","background-attachment":"scroll","background-type":"","background-media":"","overlay-type":"","overlay-color":"","overlay-opacity":"","overlay-gradient":""},"tablet":{"background-color":"var(--ast-global-color-5)","background-image":"","background-repeat":"repeat","background-position":"center center","background-size":"auto","background-attachment":"scroll","background-type":"","background-media":"","overlay-type":"","overlay-color":"","overlay-opacity":"","overlay-gradient":""},"mobile":{"background-color":"var(--ast-global-color-5)","background-image":"","background-repeat":"repeat","background-position":"center center","background-size":"auto","background-attachment":"scroll","background-type":"","background-media":"","overlay-type":"","overlay-color":"","overlay-opacity":"","overlay-gradient":""}}},"product_brand":[],"product_cat":[152,168,183,162],"product_tag":[1649,1675,1674,564,565,935,555,563,1673,934,1671,937,465,187,567,472,1676,933,1679],"class_list":{"0":"post-8902","1":"product","2":"type-product","3":"status-publish","4":"has-post-thumbnail","6":"product_cat-nueva-coleccion-2024","7":"product_cat-productos-mas-nuevos","8":"product_cat-replica-rolex-milgaus-clon-aaaa","9":"product_cat-replica-super-clon-rolex-aaa","10":"product_tag-collectible-watch","11":"product_tag-custom-design-es","12":"product_tag-exclusive-piece-es","13":"product_tag-fashion-es","14":"product_tag-high-quality-es","15":"product_tag-jewelry-es","16":"product_tag-limited-edition","17":"product_tag-luxury-es","18":"product_tag-mad-paris-es","19":"product_tag-mens-es","20":"product_tag-milgauss-es","21":"product_tag-prestigious-es","22":"product_tag-replica","23":"product_tag-rolex-es","24":"product_tag-stylish-es","25":"product_tag-timepiece","26":"product_tag-unique-es","27":"product_tag-watch-es","28":"product_tag-who-cares","29":"desktop-align-left","30":"tablet-align-left","31":"mobile-align-left","32":"ast-product-gallery-layout-vertical-slider","33":"ast-product-single-variable","35":"first","36":"instock","37":"shipping-taxable","38":"purchasable","39":"product-type-variable"},"uagb_featured_image_src":{"full":["https:\/\/myreplicawatches.io\/wp-content\/uploads\/2024\/05\/Repica-Rolex-Milgaus-Who-cares-Mad-Paris.jpg",1080,1080,false],"thumbnail":["https:\/\/myreplicawatches.io\/wp-content\/uploads\/2024\/05\/Repica-Rolex-Milgaus-Who-cares-Mad-Paris-150x150.png",150,150,true],"medium":["https:\/\/myreplicawatches.io\/wp-content\/uploads\/2024\/05\/Repica-Rolex-Milgaus-Who-cares-Mad-Paris-300x300.png",300,300,true],"medium_large":["https:\/\/myreplicawatches.io\/wp-content\/uploads\/2024\/05\/Repica-Rolex-Milgaus-Who-cares-Mad-Paris-768x768.png",768,768,true],"large":["https:\/\/myreplicawatches.io\/wp-content\/uploads\/2024\/05\/Repica-Rolex-Milgaus-Who-cares-Mad-Paris-1024x1024.png",1024,1024,true],"1536x1536":["https:\/\/myreplicawatches.io\/wp-content\/uploads\/2024\/05\/Repica-Rolex-Milgaus-Who-cares-Mad-Paris.jpg",1080,1080,false],"2048x2048":["https:\/\/myreplicawatches.io\/wp-content\/uploads\/2024\/05\/Repica-Rolex-Milgaus-Who-cares-Mad-Paris.jpg",1080,1080,false],"woocommerce_thumbnail":["https:\/\/myreplicawatches.io\/wp-content\/uploads\/2024\/05\/Repica-Rolex-Milgaus-Who-cares-Mad-Paris-300x300.jpg",300,300,true],"woocommerce_single":["https:\/\/myreplicawatches.io\/wp-content\/uploads\/2024\/05\/Repica-Rolex-Milgaus-Who-cares-Mad-Paris-600x600.jpg",600,600,true],"woocommerce_gallery_thumbnail":["https:\/\/myreplicawatches.io\/wp-content\/uploads\/2024\/05\/Repica-Rolex-Milgaus-Who-cares-Mad-Paris-100x100.jpg",100,100,true],"variation_swatches_image_size":["https:\/\/myreplicawatches.io\/wp-content\/uploads\/2024\/05\/Repica-Rolex-Milgaus-Who-cares-Mad-Paris-50x50.png",50,50,true],"variation_swatches_tooltip_size":["https:\/\/myreplicawatches.io\/wp-content\/uploads\/2024\/05\/Repica-Rolex-Milgaus-Who-cares-Mad-Paris-100x100.png",100,100,true],"dgwt-wcas-product-suggestion":["https:\/\/myreplicawatches.io\/wp-content\/uploads\/2024\/05\/Repica-Rolex-Milgaus-Who-cares-Mad-Paris-64x64.jpg",64,64,true]},"uagb_author_info":{"display_name":"admin","author_link":"https:\/\/myreplicawatches.io\/de\/author\/"},"uagb_comment_info":0,"uagb_excerpt":"Repica Rolex Milgauss A qui\u00e9n le importa &#8211; Mad Paris &#8211; Best Replica Clone Esta R\u00e9plica Rolex Milgauss Who Cares es una nueva iteraci\u00f3n de un Milgauss personalizado por Rolex en colaboraci\u00f3n con Mad Paris. Lleva brazalete y caja arenados, corona Rolex verde, manecilla plateada engastada con lume verde y manecilla de rayo milgauss verde.","jetpack_sharing_enabled":true,"_links":{"self":[{"href":"https:\/\/myreplicawatches.io\/de\/wp-json\/wp\/v2\/product\/8902","targetHints":{"allow":["GET"]}}],"collection":[{"href":"https:\/\/myreplicawatches.io\/de\/wp-json\/wp\/v2\/product"}],"about":[{"href":"https:\/\/myreplicawatches.io\/de\/wp-json\/wp\/v2\/types\/product"}],"replies":[{"embeddable":true,"href":"https:\/\/myreplicawatches.io\/de\/wp-json\/wp\/v2\/comments?post=8902"}],"wp:featuredmedia":[{"embeddable":true,"href":"https:\/\/myreplicawatches.io\/de\/wp-json\/wp\/v2\/media\/8739"}],"wp:attachment":[{"href":"https:\/\/myreplicawatches.io\/de\/wp-json\/wp\/v2\/media?parent=8902"}],"wp:term":[{"taxonomy":"product_brand","embeddable":true,"href":"https:\/\/myreplicawatches.io\/de\/wp-json\/wp\/v2\/product_brand?post=8902"},{"taxonomy":"product_cat","embeddable":true,"href":"https:\/\/myreplicawatches.io\/de\/wp-json\/wp\/v2\/product_cat?post=8902"},{"taxonomy":"product_tag","embeddable":true,"href":"https:\/\/myreplicawatches.io\/de\/wp-json\/wp\/v2\/product_tag?post=8902"}],"curies":[{"name":"wp","href":"https:\/\/api.w.org\/{rel}","templated":true}]}}