{"id":8897,"date":"2024-05-01T16:53:13","date_gmt":"2024-05-01T16:53:13","guid":{"rendered":"https:\/\/myreplicawatches.io\/product\/replica-rolex-nuevo-daytona-oro-blanco-100-anos-de-le-mans\/"},"modified":"2026-03-13T16:21:17","modified_gmt":"2026-03-13T16:21:17","slug":"replica-rolex-nuevo-daytona-oro-blanco-100-anos-de-le-mans","status":"publish","type":"product","link":"https:\/\/myreplicawatches.io\/de\/product\/replica-rolex-nuevo-daytona-oro-blanco-100-anos-de-le-mans\/","title":{"rendered":"R\u00e9plica Rolex Nuevo Daytona Oro Blanco 100 A\u00f1os de Le Mans"},"content":{"rendered":"<div class=\"product-info__text\">\n<div class=\"prose\">\n<h2>Top R\u00e9plica Rolex Nuevo Daytona Oro Blanco 100 A\u00f1os de Le Mans<\/h2>\n<h3><\/h3>\n<h3>Ventajas de poseer la R\u00e9plica Rolex Nuevo Daytona de Oro Blanco 100 A\u00f1os de Le Mans<\/h3>\n<ul>\n<li>Una r\u00e9plica puede comprarse a un precio mucho m\u00e1s barato que uno aut\u00e9ntico, sin embargo, un reloj r\u00e9plica parecer\u00e1 y se sentir\u00e1 igual que el original.<\/li>\n<li>Lo \u00faltimo que alguien quiere es gastarse una fortuna para conseguir un reloj de lujo que tiene peque\u00f1as diferencias con nuestras r\u00e9plicas de relojes.<\/li>\n<li>Muchos entusiastas de los relojes no quieren gastarse miles de d\u00f3lares en relojes y quieren tener esa gran sensaci\u00f3n de poseer un gran reloj de una marca de lujo. Es entonces cuando entran en juego los relojes IP y proporcionan esa sensaci\u00f3n a sus clientes.<\/li>\n<li>\u00bf Tienes ya un aut\u00e9ntico reloj de alta gama que no quieres llevar por motivos de seguridad o por razones de devaluaci\u00f3n en algunas ocasiones ?<br \/>\nLleva tu R\u00e9plica Rolex de Alta Calidad Nuevo Daytona de Oro Blanco 100 A\u00f1os de Le Mans y si\u00e9ntete m\u00e1s seguro, ten la misma confianza, protege tus objetos de valor<\/li>\n<\/ul>\n<\/div>\n<\/div>\n<div class=\"product-info__description\">\n<div class=\"prose\"><\/div>\n<\/div>\n<p>&nbsp;<\/p>\n<p><strong>Movimiento <\/strong>Autom\u00e1tico<\/p>\n<p><strong>Brazalete <\/strong>Brazalete de eslabones de acero inoxidable cepillado y pulido con cierre desplegable grabado<\/p>\n<p><strong>Tipo de correa <\/strong>Acero inoxidable<\/p>\n<p><strong>Cierre <\/strong>de seguridad <strong>para reloj <\/strong><\/p>\n<p><strong>Brilla en <\/strong>la oscuridad S\u00ed<\/p>\n<p><strong>Cristal <\/strong>de zafiro<\/p>\n<p><strong>Color Plata<\/strong><\/p>\n<p><strong>Color de la esfera <\/strong>Negro<\/p>\n<p><strong>Sexo <\/strong>Hombres<\/p>\n<p><strong>Di\u00e1metro <\/strong>47 x 40 mm<\/p>\n<p><strong>Longitud de la pulsera <\/strong>196 x 20 mm<\/p>\n","protected":false},"excerpt":{"rendered":"<p>Top R\u00e9plica Rolex Nuevo Daytona Oro Blanco 100 A\u00f1os de Le Mans Ventajas de poseer la R\u00e9plica Rolex Nuevo Daytona de Oro Blanco 100 A\u00f1os de Le Mans Una r\u00e9plica puede comprarse a un precio mucho m\u00e1s barato que uno aut\u00e9ntico, sin embargo, un reloj r\u00e9plica parecer\u00e1 y se sentir\u00e1 igual que el original. Lo<\/p>\n","protected":false},"featured_media":8724,"comment_status":"open","ping_status":"closed","template":"","meta":{"_uag_custom_page_level_css":"","site-sidebar-layout":"default","site-content-layout":"","ast-site-content-layout":"default","site-content-style":"default","site-sidebar-style":"default","ast-global-header-display":"","ast-banner-title-visibility":"","ast-main-header-display":"","ast-hfb-above-header-display":"","ast-hfb-below-header-display":"","ast-hfb-mobile-header-display":"","site-post-title":"","ast-breadcrumbs-content":"","ast-featured-img":"","footer-sml-layout":"","theme-transparent-header-meta":"default","adv-header-id-meta":"","stick-header-meta":"default","header-above-stick-meta":"","header-main-stick-meta":"","header-below-stick-meta":"","astra-migrate-meta-layouts":"default","ast-page-background-enabled":"default","ast-page-background-meta":{"desktop":{"background-color":"var(--ast-global-color-4)","background-image":"","background-repeat":"repeat","background-position":"center center","background-size":"auto","background-attachment":"scroll","background-type":"","background-media":"","overlay-type":"","overlay-color":"","overlay-opacity":"","overlay-gradient":""},"tablet":{"background-color":"","background-image":"","background-repeat":"repeat","background-position":"center center","background-size":"auto","background-attachment":"scroll","background-type":"","background-media":"","overlay-type":"","overlay-color":"","overlay-opacity":"","overlay-gradient":""},"mobile":{"background-color":"","background-image":"","background-repeat":"repeat","background-position":"center center","background-size":"auto","background-attachment":"scroll","background-type":"","background-media":"","overlay-type":"","overlay-color":"","overlay-opacity":"","overlay-gradient":""}},"ast-content-background-meta":{"desktop":{"background-color":"var(--ast-global-color-5)","background-image":"","background-repeat":"repeat","background-position":"center center","background-size":"auto","background-attachment":"scroll","background-type":"","background-media":"","overlay-type":"","overlay-color":"","overlay-opacity":"","overlay-gradient":""},"tablet":{"background-color":"var(--ast-global-color-5)","background-image":"","background-repeat":"repeat","background-position":"center center","background-size":"auto","background-attachment":"scroll","background-type":"","background-media":"","overlay-type":"","overlay-color":"","overlay-opacity":"","overlay-gradient":""},"mobile":{"background-color":"var(--ast-global-color-5)","background-image":"","background-repeat":"repeat","background-position":"center center","background-size":"auto","background-attachment":"scroll","background-type":"","background-media":"","overlay-type":"","overlay-color":"","overlay-opacity":"","overlay-gradient":""}}},"product_brand":[],"product_cat":[152,168,169,170,229,158],"product_tag":[648,564,565,563,937,187,933,3484],"class_list":{"0":"post-8897","1":"product","2":"type-product","3":"status-publish","4":"has-post-thumbnail","6":"product_cat-nueva-coleccion-2024","7":"product_cat-productos-mas-nuevos","8":"product_cat-replica-daytona-rolex-envio","9":"product_cat-super-clon-rolex","10":"product_cat-super-clon-rolex-daytona","11":"product_cat-superclones","12":"product_tag-elegant-es","13":"product_tag-fashion-es","14":"product_tag-high-quality-es","15":"product_tag-luxury-es","16":"product_tag-prestigious-es","17":"product_tag-rolex-es","18":"product_tag-watch-es","19":"product_tag-white-gold-es","20":"desktop-align-left","21":"tablet-align-left","22":"mobile-align-left","23":"ast-product-gallery-layout-vertical-slider","24":"ast-product-single-variable","26":"first","27":"instock","28":"shipping-taxable","29":"purchasable","30":"product-type-variable"},"uagb_featured_image_src":{"full":["https:\/\/myreplicawatches.io\/wp-content\/uploads\/2024\/05\/Replica-rolex-Sky-dweller-rose-gold-1.jpg",1080,1080,false],"thumbnail":["https:\/\/myreplicawatches.io\/wp-content\/uploads\/2024\/05\/Replica-rolex-Sky-dweller-rose-gold-1-150x150.jpg",150,150,true],"medium":["https:\/\/myreplicawatches.io\/wp-content\/uploads\/2024\/05\/Replica-rolex-Sky-dweller-rose-gold-1-300x300.jpg",300,300,true],"medium_large":["https:\/\/myreplicawatches.io\/wp-content\/uploads\/2024\/05\/Replica-rolex-Sky-dweller-rose-gold-1-768x768.jpg",768,768,true],"large":["https:\/\/myreplicawatches.io\/wp-content\/uploads\/2024\/05\/Replica-rolex-Sky-dweller-rose-gold-1-1024x1024.jpg",1024,1024,true],"1536x1536":["https:\/\/myreplicawatches.io\/wp-content\/uploads\/2024\/05\/Replica-rolex-Sky-dweller-rose-gold-1.jpg",1080,1080,false],"2048x2048":["https:\/\/myreplicawatches.io\/wp-content\/uploads\/2024\/05\/Replica-rolex-Sky-dweller-rose-gold-1.jpg",1080,1080,false],"woocommerce_thumbnail":["https:\/\/myreplicawatches.io\/wp-content\/uploads\/2024\/05\/Replica-rolex-Sky-dweller-rose-gold-1-300x300.jpg",300,300,true],"woocommerce_single":["https:\/\/myreplicawatches.io\/wp-content\/uploads\/2024\/05\/Replica-rolex-Sky-dweller-rose-gold-1-600x600.jpg",600,600,true],"woocommerce_gallery_thumbnail":["https:\/\/myreplicawatches.io\/wp-content\/uploads\/2024\/05\/Replica-rolex-Sky-dweller-rose-gold-1-100x100.jpg",100,100,true],"variation_swatches_image_size":["https:\/\/myreplicawatches.io\/wp-content\/uploads\/2024\/05\/Replica-rolex-Sky-dweller-rose-gold-1-50x50.jpg",50,50,true],"variation_swatches_tooltip_size":["https:\/\/myreplicawatches.io\/wp-content\/uploads\/2024\/05\/Replica-rolex-Sky-dweller-rose-gold-1-100x100.jpg",100,100,true],"dgwt-wcas-product-suggestion":["https:\/\/myreplicawatches.io\/wp-content\/uploads\/2024\/05\/Replica-rolex-Sky-dweller-rose-gold-1-64x64.jpg",64,64,true]},"uagb_author_info":{"display_name":"admin","author_link":"https:\/\/myreplicawatches.io\/de\/author\/"},"uagb_comment_info":0,"uagb_excerpt":"Top R\u00e9plica Rolex Nuevo Daytona Oro Blanco 100 A\u00f1os de Le Mans Ventajas de poseer la R\u00e9plica Rolex Nuevo Daytona de Oro Blanco 100 A\u00f1os de Le Mans Una r\u00e9plica puede comprarse a un precio mucho m\u00e1s barato que uno aut\u00e9ntico, sin embargo, un reloj r\u00e9plica parecer\u00e1 y se sentir\u00e1 igual que el original. Lo","jetpack_sharing_enabled":true,"_links":{"self":[{"href":"https:\/\/myreplicawatches.io\/de\/wp-json\/wp\/v2\/product\/8897","targetHints":{"allow":["GET"]}}],"collection":[{"href":"https:\/\/myreplicawatches.io\/de\/wp-json\/wp\/v2\/product"}],"about":[{"href":"https:\/\/myreplicawatches.io\/de\/wp-json\/wp\/v2\/types\/product"}],"replies":[{"embeddable":true,"href":"https:\/\/myreplicawatches.io\/de\/wp-json\/wp\/v2\/comments?post=8897"}],"wp:featuredmedia":[{"embeddable":true,"href":"https:\/\/myreplicawatches.io\/de\/wp-json\/wp\/v2\/media\/8724"}],"wp:attachment":[{"href":"https:\/\/myreplicawatches.io\/de\/wp-json\/wp\/v2\/media?parent=8897"}],"wp:term":[{"taxonomy":"product_brand","embeddable":true,"href":"https:\/\/myreplicawatches.io\/de\/wp-json\/wp\/v2\/product_brand?post=8897"},{"taxonomy":"product_cat","embeddable":true,"href":"https:\/\/myreplicawatches.io\/de\/wp-json\/wp\/v2\/product_cat?post=8897"},{"taxonomy":"product_tag","embeddable":true,"href":"https:\/\/myreplicawatches.io\/de\/wp-json\/wp\/v2\/product_tag?post=8897"}],"curies":[{"name":"wp","href":"https:\/\/api.w.org\/{rel}","templated":true}]}}