{"id":8892,"date":"2024-05-19T16:42:00","date_gmt":"2024-05-19T16:42:00","guid":{"rendered":"https:\/\/myreplicawatches.io\/product\/replica-omega-james-bond-007-60o-aniversario-seamaster-top\/"},"modified":"2025-09-20T14:39:00","modified_gmt":"2025-09-20T14:39:00","slug":"replica-omega-james-bond-007-60o-aniversario-seamaster-top","status":"publish","type":"product","link":"https:\/\/myreplicawatches.io\/de\/product\/replica-omega-james-bond-007-60o-aniversario-seamaster-top\/","title":{"rendered":"R\u00e9plica Omega James Bond 007 60\u00ba Aniversario Seamaster TOP"},"content":{"rendered":"<h2>R\u00e9plica de reloj Omega James Bond 007 60\u00ba Aniversario Seamaster &#8211; Super Clone disponible y en stock.<\/h2>\n<p>&nbsp;<\/p>\n<p><strong>Super RELOJES DE FABRICACI\u00d3N SUIZA 1:1<\/strong><\/p>\n<p>&nbsp;<\/p>\n<ul>\n<li>Se ve y se siente exactamente igual. \u2714<\/li>\n<li>No se puede diferenciar entre el verdadero \u2714<\/li>\n<li>Resistente al agua 300 m \u2714<\/li>\n<li>Cristal de zafiro antirrayado con revestimiento AR \u2714<\/li>\n<li>Relojes de acero 904L y oro aut\u00e9ntico. \u2714<\/li>\n<li>Mismo peso que el original. \u2714<\/li>\n<li>Mismo Mecanismo que el Real \u2714 ( MISMO Movimiento SUIZO, Exactamente igual que el real )<\/li>\n<li>Movimiento Autom\u00e1tico \u2714 ( El segundero no hace tictac, se mueve suavemente como el original )<\/li>\n<\/ul>\n<p>&nbsp;<\/p>\n<p>DESCRIPCI\u00d3N PARA R\u00e9plica Omega James Bond 007 60\u00ba Aniversario Seamaster:<\/p>\n<table class=\"ke-zeroborder\" border=\"0\" cellspacing=\"1\">\n<tbody>\n<tr>\n<td>Colecci\u00f3n<\/td>\n<td>R\u00e9plica Omega James Bond 007 60\u00ba Aniversario Seamaster<\/td>\n<\/tr>\n<tr>\n<td>Talla<\/td>\n<td>42*13.7mm Reloj Omega Seamaster Suizo Tama\u00f1o Caballero<\/td>\n<\/tr>\n<tr>\n<td>Movimiento<\/td>\n<td>Movimiento suizo 8806, muy parecido al original, muy detallado. segundero de barrido suave<\/td>\n<\/tr>\n<tr>\n<td>Color de la correa<\/td>\n<td>Pulsera de malla de acero de alta calidad con hebilla desplegable<\/td>\n<\/tr>\n<tr>\n<td>Color de la esfera<\/td>\n<td>Estilo tropical Esfera negra de estilo vintage con marcadores de penumbra patinados<\/td>\n<\/tr>\n<tr>\n<td>Bisel<\/td>\n<td>Bisel de cer\u00e1mica negra<\/td>\n<\/tr>\n<tr>\n<td>Cristal<\/td>\n<td>Cristal de zafiro a prueba de ara\u00f1azos<\/td>\n<\/tr>\n<tr>\n<td>Material del malet\u00edn<\/td>\n<td>Caja del reloj de acero stewl<\/td>\n<\/tr>\n<tr>\n<td>Funda trasera<\/td>\n<td>Caja trasera de titanio con grabado detallado y serie aleatoria<\/td>\n<\/tr>\n<\/tbody>\n<\/table>\n<p>Todas las marcas y grabados correctos. Peso y tacto perfectos. Exactamente igual que la aut\u00e9ntica construcci\u00f3n Omega Strong. La carcasa impermeable resiste la penetraci\u00f3n del agua<\/p>\n<p>&nbsp;<\/p>\n<p>Env\u00edo expr\u00e9s gratuito, 4 &#8211; 12 d\u00edas estimado de llegada.<\/p>\n<p>No era necesario pagar impuestos.<\/p>\n","protected":false},"excerpt":{"rendered":"<p>R\u00e9plica de reloj Omega James Bond 007 60\u00ba Aniversario Seamaster &#8211; Super Clone disponible y en stock. &nbsp; Super RELOJES DE FABRICACI\u00d3N SUIZA 1:1 &nbsp; Se ve y se siente exactamente igual. \u2714 No se puede diferenciar entre el verdadero \u2714 Resistente al agua 300 m \u2714 Cristal de zafiro antirrayado con revestimiento AR \u2714<\/p>\n","protected":false},"featured_media":9635,"comment_status":"open","ping_status":"closed","template":"","meta":{"_uag_custom_page_level_css":"","site-sidebar-layout":"default","site-content-layout":"","ast-site-content-layout":"default","site-content-style":"default","site-sidebar-style":"default","ast-global-header-display":"","ast-banner-title-visibility":"","ast-main-header-display":"","ast-hfb-above-header-display":"","ast-hfb-below-header-display":"","ast-hfb-mobile-header-display":"","site-post-title":"","ast-breadcrumbs-content":"","ast-featured-img":"","footer-sml-layout":"","theme-transparent-header-meta":"default","adv-header-id-meta":"","stick-header-meta":"default","header-above-stick-meta":"","header-main-stick-meta":"","header-below-stick-meta":"","astra-migrate-meta-layouts":"set","ast-page-background-enabled":"default","ast-page-background-meta":{"desktop":{"background-color":"var(--ast-global-color-4)","background-image":"","background-repeat":"repeat","background-position":"center center","background-size":"auto","background-attachment":"scroll","background-type":"","background-media":"","overlay-type":"","overlay-color":"","overlay-opacity":"","overlay-gradient":""},"tablet":{"background-color":"","background-image":"","background-repeat":"repeat","background-position":"center center","background-size":"auto","background-attachment":"scroll","background-type":"","background-media":"","overlay-type":"","overlay-color":"","overlay-opacity":"","overlay-gradient":""},"mobile":{"background-color":"","background-image":"","background-repeat":"repeat","background-position":"center center","background-size":"auto","background-attachment":"scroll","background-type":"","background-media":"","overlay-type":"","overlay-color":"","overlay-opacity":"","overlay-gradient":""}},"ast-content-background-meta":{"desktop":{"background-color":"var(--ast-global-color-5)","background-image":"","background-repeat":"repeat","background-position":"center center","background-size":"auto","background-attachment":"scroll","background-type":"","background-media":"","overlay-type":"","overlay-color":"","overlay-opacity":"","overlay-gradient":""},"tablet":{"background-color":"var(--ast-global-color-5)","background-image":"","background-repeat":"repeat","background-position":"center center","background-size":"auto","background-attachment":"scroll","background-type":"","background-media":"","overlay-type":"","overlay-color":"","overlay-opacity":"","overlay-gradient":""},"mobile":{"background-color":"var(--ast-global-color-5)","background-image":"","background-repeat":"repeat","background-position":"center center","background-size":"auto","background-attachment":"scroll","background-type":"","background-media":"","overlay-type":"","overlay-color":"","overlay-opacity":"","overlay-gradient":""}}},"product_brand":[],"product_cat":[152,168,150,226,163,158],"product_tag":[1648,938,166,1649,648,1674,564,565,1641,935,555,563,934,255,937,465,1148,882,472,1646,933],"class_list":{"0":"post-8892","1":"product","2":"type-product","3":"status-publish","4":"has-post-thumbnail","6":"product_cat-nueva-coleccion-2024","7":"product_cat-productos-mas-nuevos","8":"product_cat-relojes-replica-omega-de-la-mej","9":"product_cat-replica-omega-seamaster","10":"product_cat-super-clon-omega","11":"product_cat-superclones","12":"product_tag-60th-anniversary","13":"product_tag-classic-es","14":"product_tag-clon-suizo-omega","15":"product_tag-collectible-watch","16":"product_tag-elegant-es","17":"product_tag-exclusive-piece-es","18":"product_tag-fashion-es","19":"product_tag-high-quality-es","20":"product_tag-james-bond","21":"product_tag-jewelry-es","22":"product_tag-limited-edition","23":"product_tag-luxury-es","24":"product_tag-mens-es","25":"product_tag-omega-es","26":"product_tag-prestigious-es","27":"product_tag-replica","28":"product_tag-seamaster","29":"product_tag-sporty-es","30":"product_tag-timepiece","31":"product_tag-top","32":"product_tag-watch-es","33":"desktop-align-left","34":"tablet-align-left","35":"mobile-align-left","36":"ast-product-gallery-layout-vertical-slider","37":"ast-product-single-variable","39":"first","40":"instock","41":"shipping-taxable","42":"purchasable","43":"product-type-variable"},"uagb_featured_image_src":{"full":["https:\/\/myreplicawatches.io\/wp-content\/uploads\/2024\/05\/Screenshot-2024-08-02-at-11.17.24-PM.jpg",850,850,false],"thumbnail":["https:\/\/myreplicawatches.io\/wp-content\/uploads\/2024\/05\/Screenshot-2024-08-02-at-11.17.24-PM-150x150.png",150,150,true],"medium":["https:\/\/myreplicawatches.io\/wp-content\/uploads\/2024\/05\/Screenshot-2024-08-02-at-11.17.24-PM-300x300.png",300,300,true],"medium_large":["https:\/\/myreplicawatches.io\/wp-content\/uploads\/2024\/05\/Screenshot-2024-08-02-at-11.17.24-PM-768x768.png",768,768,true],"large":["https:\/\/myreplicawatches.io\/wp-content\/uploads\/2024\/05\/Screenshot-2024-08-02-at-11.17.24-PM.jpg",850,850,false],"1536x1536":["https:\/\/myreplicawatches.io\/wp-content\/uploads\/2024\/05\/Screenshot-2024-08-02-at-11.17.24-PM.jpg",850,850,false],"2048x2048":["https:\/\/myreplicawatches.io\/wp-content\/uploads\/2024\/05\/Screenshot-2024-08-02-at-11.17.24-PM.jpg",850,850,false],"woocommerce_thumbnail":["https:\/\/myreplicawatches.io\/wp-content\/uploads\/2024\/05\/Screenshot-2024-08-02-at-11.17.24-PM-300x300.jpg",300,300,true],"woocommerce_single":["https:\/\/myreplicawatches.io\/wp-content\/uploads\/2024\/05\/Screenshot-2024-08-02-at-11.17.24-PM-600x600.jpg",600,600,true],"woocommerce_gallery_thumbnail":["https:\/\/myreplicawatches.io\/wp-content\/uploads\/2024\/05\/Screenshot-2024-08-02-at-11.17.24-PM-100x100.jpg",100,100,true],"variation_swatches_image_size":["https:\/\/myreplicawatches.io\/wp-content\/uploads\/2024\/05\/Screenshot-2024-08-02-at-11.17.24-PM-50x50.png",50,50,true],"variation_swatches_tooltip_size":["https:\/\/myreplicawatches.io\/wp-content\/uploads\/2024\/05\/Screenshot-2024-08-02-at-11.17.24-PM-100x100.png",100,100,true],"dgwt-wcas-product-suggestion":["https:\/\/myreplicawatches.io\/wp-content\/uploads\/2024\/05\/Screenshot-2024-08-02-at-11.17.24-PM-64x64.jpg",64,64,true]},"uagb_author_info":{"display_name":"admin","author_link":"https:\/\/myreplicawatches.io\/de\/author\/"},"uagb_comment_info":0,"uagb_excerpt":"R\u00e9plica de reloj Omega James Bond 007 60\u00ba Aniversario Seamaster &#8211; Super Clone disponible y en stock. &nbsp; Super RELOJES DE FABRICACI\u00d3N SUIZA 1:1 &nbsp; Se ve y se siente exactamente igual. \u2714 No se puede diferenciar entre el verdadero \u2714 Resistente al agua 300 m \u2714 Cristal de zafiro antirrayado con revestimiento AR \u2714","jetpack_sharing_enabled":true,"_links":{"self":[{"href":"https:\/\/myreplicawatches.io\/de\/wp-json\/wp\/v2\/product\/8892","targetHints":{"allow":["GET"]}}],"collection":[{"href":"https:\/\/myreplicawatches.io\/de\/wp-json\/wp\/v2\/product"}],"about":[{"href":"https:\/\/myreplicawatches.io\/de\/wp-json\/wp\/v2\/types\/product"}],"replies":[{"embeddable":true,"href":"https:\/\/myreplicawatches.io\/de\/wp-json\/wp\/v2\/comments?post=8892"}],"wp:featuredmedia":[{"embeddable":true,"href":"https:\/\/myreplicawatches.io\/de\/wp-json\/wp\/v2\/media\/9635"}],"wp:attachment":[{"href":"https:\/\/myreplicawatches.io\/de\/wp-json\/wp\/v2\/media?parent=8892"}],"wp:term":[{"taxonomy":"product_brand","embeddable":true,"href":"https:\/\/myreplicawatches.io\/de\/wp-json\/wp\/v2\/product_brand?post=8892"},{"taxonomy":"product_cat","embeddable":true,"href":"https:\/\/myreplicawatches.io\/de\/wp-json\/wp\/v2\/product_cat?post=8892"},{"taxonomy":"product_tag","embeddable":true,"href":"https:\/\/myreplicawatches.io\/de\/wp-json\/wp\/v2\/product_tag?post=8892"}],"curies":[{"name":"wp","href":"https:\/\/api.w.org\/{rel}","templated":true}]}}