{"id":8885,"date":"2024-06-03T14:51:28","date_gmt":"2024-06-03T14:51:28","guid":{"rendered":"https:\/\/myreplicawatches.io\/product\/replica-clon-audemars-piguet-royal-oak-50o-aniversario\/"},"modified":"2025-09-20T14:38:58","modified_gmt":"2025-09-20T14:38:58","slug":"replica-clon-audemars-piguet-royal-oak-50o-aniversario","status":"publish","type":"product","link":"https:\/\/myreplicawatches.io\/de\/product\/replica-clon-audemars-piguet-royal-oak-50o-aniversario\/","title":{"rendered":"R\u00e9plica Clon Audemars Piguet Royal Oak 50\u00ba Aniversario"},"content":{"rendered":"<h3>Ventajas de poseer la R\u00e9plica Clon Audemars Piguet Royal Oak 50\u00ba Aniversario &#8211; Mejor R\u00e9plica Clon de fabricaci\u00f3n suiza:<\/h3>\n<ul>\n<li>Una r\u00e9plica puede comprarse a un precio mucho m\u00e1s barato que uno aut\u00e9ntico, sin embargo, un reloj r\u00e9plica parecer\u00e1 y se sentir\u00e1 igual que el original.<\/li>\n<li>Lo \u00faltimo que alguien quiere es gastarse una fortuna para conseguir un reloj de lujo que tiene peque\u00f1as diferencias con nuestras r\u00e9plicas de relojes.<\/li>\n<li>Muchos entusiastas de los relojes no quieren gastarse miles de d\u00f3lares en relojes y quieren tener esa gran sensaci\u00f3n de poseer un gran reloj de una marca de lujo. Aqu\u00ed es cuando entran en juego los relojes myreplicawatches.io y proporcionan esa sensaci\u00f3n a sus clientes.<\/li>\n<li>\u00bf Tienes ya un aut\u00e9ntico reloj de alta gama que no quieres llevar por motivos de seguridad o por razones de devaluaci\u00f3n en algunas ocasiones ?<br \/>\nLleva tu Alta R\u00e9plica Clon Audemars Piguet Royal Oak 50\u00ba Aniversario y si\u00e9ntete m\u00e1s seguro, ten la misma confianza, protege tus objetos de valor<\/li>\n<\/ul>\n<table>\n<tbody>\n<tr>\n<td>\n<h3>Informaci\u00f3n b\u00e1sica<\/h3>\n<\/td>\n<\/tr>\n<tr>\n<td><strong>Marca:<\/strong><\/td>\n<td>Audemars Piguet<\/td>\n<\/tr>\n<tr>\n<td><strong>Colecci\u00f3n:<\/strong><\/td>\n<td>Roble Real<\/td>\n<\/tr>\n<tr>\n<td><strong>Modelo:<\/strong><\/td>\n<td>Roble Real<\/td>\n<\/tr>\n<tr>\n<td><strong>N\u00famero de referencia:<\/strong><\/td>\n<td>15510ST.OO.1320ST.01<\/td>\n<\/tr>\n<tr>\n<td><strong>Color de la esfera:<\/strong><\/td>\n<td>Azul<\/td>\n<\/tr>\n<tr>\n<td><strong>Di\u00e1metro de la caja:<\/strong><\/td>\n<td>41 mm<\/td>\n<\/tr>\n<tr>\n<td><strong>Material de la caja:<\/strong><\/td>\n<td>Acero inoxidable 316L<\/td>\n<\/tr>\n<tr>\n<td><strong>Material de la pulsera:<\/strong><\/td>\n<td>Acero inoxidable 316L<\/td>\n<\/tr>\n<tr>\n<td><strong>Color de la pulsera:<\/strong><\/td>\n<td>Acero<\/td>\n<\/tr>\n<tr>\n<td><strong>Vidrio:<\/strong><\/td>\n<td>Cristal de zafiro<\/td>\n<\/tr>\n<\/tbody>\n<\/table>\n","protected":false},"excerpt":{"rendered":"<p>Ventajas de poseer la R\u00e9plica Clon Audemars Piguet Royal Oak 50\u00ba Aniversario &#8211; Mejor R\u00e9plica Clon de fabricaci\u00f3n suiza: Una r\u00e9plica puede comprarse a un precio mucho m\u00e1s barato que uno aut\u00e9ntico, sin embargo, un reloj r\u00e9plica parecer\u00e1 y se sentir\u00e1 igual que el original. Lo \u00faltimo que alguien quiere es gastarse una fortuna para<\/p>\n","protected":false},"featured_media":8800,"comment_status":"open","ping_status":"closed","template":"","meta":{"_uag_custom_page_level_css":"","site-sidebar-layout":"default","site-content-layout":"","ast-site-content-layout":"default","site-content-style":"default","site-sidebar-style":"default","ast-global-header-display":"","ast-banner-title-visibility":"","ast-main-header-display":"","ast-hfb-above-header-display":"","ast-hfb-below-header-display":"","ast-hfb-mobile-header-display":"","site-post-title":"","ast-breadcrumbs-content":"","ast-featured-img":"","footer-sml-layout":"","theme-transparent-header-meta":"default","adv-header-id-meta":"","stick-header-meta":"default","header-above-stick-meta":"","header-main-stick-meta":"","header-below-stick-meta":"","astra-migrate-meta-layouts":"set","ast-page-background-enabled":"default","ast-page-background-meta":{"desktop":{"background-color":"var(--ast-global-color-4)","background-image":"","background-repeat":"repeat","background-position":"center center","background-size":"auto","background-attachment":"scroll","background-type":"","background-media":"","overlay-type":"","overlay-color":"","overlay-opacity":"","overlay-gradient":""},"tablet":{"background-color":"","background-image":"","background-repeat":"repeat","background-position":"center center","background-size":"auto","background-attachment":"scroll","background-type":"","background-media":"","overlay-type":"","overlay-color":"","overlay-opacity":"","overlay-gradient":""},"mobile":{"background-color":"","background-image":"","background-repeat":"repeat","background-position":"center center","background-size":"auto","background-attachment":"scroll","background-type":"","background-media":"","overlay-type":"","overlay-color":"","overlay-opacity":"","overlay-gradient":""}},"ast-content-background-meta":{"desktop":{"background-color":"var(--ast-global-color-5)","background-image":"","background-repeat":"repeat","background-position":"center center","background-size":"auto","background-attachment":"scroll","background-type":"","background-media":"","overlay-type":"","overlay-color":"","overlay-opacity":"","overlay-gradient":""},"tablet":{"background-color":"var(--ast-global-color-5)","background-image":"","background-repeat":"repeat","background-position":"center center","background-size":"auto","background-attachment":"scroll","background-type":"","background-media":"","overlay-type":"","overlay-color":"","overlay-opacity":"","overlay-gradient":""},"mobile":{"background-color":"var(--ast-global-color-5)","background-image":"","background-repeat":"repeat","background-position":"center center","background-size":"auto","background-attachment":"scroll","background-type":"","background-media":"","overlay-type":"","overlay-color":"","overlay-opacity":"","overlay-gradient":""}}},"product_brand":[],"product_cat":[152,168,149,154,160,158],"product_tag":[938,648,564,565,935,563,934,937,602,933],"class_list":{"0":"post-8885","1":"product","2":"type-product","3":"status-publish","4":"has-post-thumbnail","6":"product_cat-nueva-coleccion-2024","7":"product_cat-productos-mas-nuevos","8":"product_cat-relojes-replica-audemars-piguet","9":"product_cat-replicas-de-relojes-mas-vendidas","10":"product_cat-super-clon-audemars-piguet","11":"product_cat-superclones","12":"product_tag-classic-es","13":"product_tag-elegant-es","14":"product_tag-fashion-es","15":"product_tag-high-quality-es","16":"product_tag-jewelry-es","17":"product_tag-luxury-es","18":"product_tag-mens-es","19":"product_tag-prestigious-es","20":"product_tag-royal-oak-es","21":"product_tag-watch-es","22":"desktop-align-left","23":"tablet-align-left","24":"mobile-align-left","25":"ast-product-gallery-layout-vertical-slider","26":"ast-product-single-variable","28":"first","29":"instock","30":"shipping-taxable","31":"purchasable","32":"product-type-variable"},"uagb_featured_image_src":{"full":["https:\/\/myreplicawatches.io\/wp-content\/uploads\/2024\/06\/Screenshot-2024-06-03-at-5.45.13-PM.jpg",1434,1426,false],"thumbnail":["https:\/\/myreplicawatches.io\/wp-content\/uploads\/2024\/06\/Screenshot-2024-06-03-at-5.45.13-PM.jpg",150,150,false],"medium":["https:\/\/myreplicawatches.io\/wp-content\/uploads\/2024\/06\/Screenshot-2024-06-03-at-5.45.13-PM.jpg",300,298,false],"medium_large":["https:\/\/myreplicawatches.io\/wp-content\/uploads\/2024\/06\/Screenshot-2024-06-03-at-5.45.13-PM.jpg",768,764,false],"large":["https:\/\/myreplicawatches.io\/wp-content\/uploads\/2024\/06\/Screenshot-2024-06-03-at-5.45.13-PM.jpg",1024,1018,false],"1536x1536":["https:\/\/myreplicawatches.io\/wp-content\/uploads\/2024\/06\/Screenshot-2024-06-03-at-5.45.13-PM.jpg",1434,1426,false],"2048x2048":["https:\/\/myreplicawatches.io\/wp-content\/uploads\/2024\/06\/Screenshot-2024-06-03-at-5.45.13-PM.jpg",1434,1426,false],"woocommerce_thumbnail":["https:\/\/myreplicawatches.io\/wp-content\/uploads\/2024\/06\/Screenshot-2024-06-03-at-5.45.13-PM-300x300.jpg",300,300,true],"woocommerce_single":["https:\/\/myreplicawatches.io\/wp-content\/uploads\/2024\/06\/Screenshot-2024-06-03-at-5.45.13-PM-600x597.jpg",600,597,true],"woocommerce_gallery_thumbnail":["https:\/\/myreplicawatches.io\/wp-content\/uploads\/2024\/06\/Screenshot-2024-06-03-at-5.45.13-PM-100x100.jpg",100,100,true],"variation_swatches_image_size":["https:\/\/myreplicawatches.io\/wp-content\/uploads\/2024\/06\/Screenshot-2024-06-03-at-5.45.13-PM.jpg",50,50,false],"variation_swatches_tooltip_size":["https:\/\/myreplicawatches.io\/wp-content\/uploads\/2024\/06\/Screenshot-2024-06-03-at-5.45.13-PM.jpg",100,100,false],"dgwt-wcas-product-suggestion":["https:\/\/myreplicawatches.io\/wp-content\/uploads\/2024\/06\/Screenshot-2024-06-03-at-5.45.13-PM-64x64.jpg",64,64,true]},"uagb_author_info":{"display_name":"admin","author_link":"https:\/\/myreplicawatches.io\/de\/author\/"},"uagb_comment_info":0,"uagb_excerpt":"Ventajas de poseer la R\u00e9plica Clon Audemars Piguet Royal Oak 50\u00ba Aniversario &#8211; Mejor R\u00e9plica Clon de fabricaci\u00f3n suiza: Una r\u00e9plica puede comprarse a un precio mucho m\u00e1s barato que uno aut\u00e9ntico, sin embargo, un reloj r\u00e9plica parecer\u00e1 y se sentir\u00e1 igual que el original. Lo \u00faltimo que alguien quiere es gastarse una fortuna para","jetpack_sharing_enabled":true,"_links":{"self":[{"href":"https:\/\/myreplicawatches.io\/de\/wp-json\/wp\/v2\/product\/8885","targetHints":{"allow":["GET"]}}],"collection":[{"href":"https:\/\/myreplicawatches.io\/de\/wp-json\/wp\/v2\/product"}],"about":[{"href":"https:\/\/myreplicawatches.io\/de\/wp-json\/wp\/v2\/types\/product"}],"replies":[{"embeddable":true,"href":"https:\/\/myreplicawatches.io\/de\/wp-json\/wp\/v2\/comments?post=8885"}],"wp:featuredmedia":[{"embeddable":true,"href":"https:\/\/myreplicawatches.io\/de\/wp-json\/wp\/v2\/media\/8800"}],"wp:attachment":[{"href":"https:\/\/myreplicawatches.io\/de\/wp-json\/wp\/v2\/media?parent=8885"}],"wp:term":[{"taxonomy":"product_brand","embeddable":true,"href":"https:\/\/myreplicawatches.io\/de\/wp-json\/wp\/v2\/product_brand?post=8885"},{"taxonomy":"product_cat","embeddable":true,"href":"https:\/\/myreplicawatches.io\/de\/wp-json\/wp\/v2\/product_cat?post=8885"},{"taxonomy":"product_tag","embeddable":true,"href":"https:\/\/myreplicawatches.io\/de\/wp-json\/wp\/v2\/product_tag?post=8885"}],"curies":[{"name":"wp","href":"https:\/\/api.w.org\/{rel}","templated":true}]}}