{"id":8884,"date":"2024-05-03T19:48:39","date_gmt":"2024-05-03T19:48:39","guid":{"rendered":"https:\/\/myreplicawatches.io\/product\/replica-hermes-kelly-bolso-25cm-sellier-en-piel-vert-jade-epsom\/"},"modified":"2025-09-19T22:21:02","modified_gmt":"2025-09-19T22:21:02","slug":"replica-hermes-kelly-bolso-25cm-sellier-en-piel-vert-jade-epsom","status":"publish","type":"product","link":"https:\/\/myreplicawatches.io\/de\/product\/replica-hermes-kelly-bolso-25cm-sellier-en-piel-vert-jade-epsom\/","title":{"rendered":"R\u00e9plica Hermes Kelly Bolso 25cm Sellier En Piel Vert Jade Epsom"},"content":{"rendered":"<h4>R\u00e9plica Hermes Kelly Bolso Sellier 25cm En Piel Vert Jade Epsom &#8211; La Mejor Copia De Primera Calidad<\/h4>\n<p>&nbsp;<\/p>\n<h5>Ventajas de tener una Replica Hermes Kelly 25cm Sellier<\/h5>\n<ul>\n<li>Una r\u00e9plica puede comprarse a un precio mucho m\u00e1s barato que una aut\u00e9ntica, sin embargo, una r\u00e9plica de bolso Hermes parecer\u00e1 y se sentir\u00e1 igual que el original.<\/li>\n<li>Lo \u00faltimo que alguien quiere es gastarse una fortuna para conseguir una R\u00e9plica Hermes de lujo que tenga peque\u00f1as diferencias con nuestras R\u00e9plica Hermes Kelly bolsas Sellier de 25 cm.<\/li>\n<li>Muchos entusiastas de los bolsos Hermes no quieren gastarse miles de d\u00f3lares en bolsos y quieren tener esa gran sensaci\u00f3n de poseer un gran bolso de una marca de lujo. Aqu\u00ed es cuando entra Myreplicawatches.io y proporciona esa sensaci\u00f3n a sus clientes.<\/li>\n<li>\u00bf Tienes ya un aut\u00e9ntico Replica Hermes Kelly 25cm Sellier que no quieres llevar por motivos de seguridad o de devaluaci\u00f3n en algunas ocasiones ?<br \/>\nLleva tu R\u00e9plica Hermes Kelly 25 cm Sellier de alta calidad y si\u00e9ntete m\u00e1s seguro, ten la misma confianza, protege tus objetos de valor<\/li>\n<\/ul>\n<p>&nbsp;<\/p>\n<p>DESCRIPCI\u00d3N DE LA R\u00c9PLICA Hermes Kelly 25cm Sellier<\/p>\n<p>&#8211; 100% cuero epsom<br \/>\n&#8211; Asa simple enrollada con 7,5 cm de ca\u00edda<br \/>\n&#8211; Bandolera de piel extra\u00edble con 41 cm de ca\u00edda<br \/>\n&#8211; Cierre de correa de piel con broche giratorio<br \/>\n&#8211; Forro 100% piel de chevre<br \/>\n&#8211; Interior 1 bolsillo con cremallera y 2 bolsillos planos<br \/>\n&#8211; Cuatro pies protectores en la parte inferior<br \/>\n&#8211; Herrajes dorados<br \/>\n&#8211; Incluye clochette con dos llaves y candado<\/p>\n<p>Tama\u00f1o: 25 x 19 x 9 cm<\/p>\n<p>Se entrega con bolsa guardapolvo Hermes y tarjeta de certificado.<\/p>\n<p>&nbsp;<\/p>\n","protected":false},"excerpt":{"rendered":"<p>R\u00e9plica Hermes Kelly Bolso Sellier 25cm En Piel Vert Jade Epsom &#8211; La Mejor Copia De Primera Calidad &nbsp; Ventajas de tener una Replica Hermes Kelly 25cm Sellier Una r\u00e9plica puede comprarse a un precio mucho m\u00e1s barato que una aut\u00e9ntica, sin embargo, una r\u00e9plica de bolso Hermes parecer\u00e1 y se sentir\u00e1 igual que el<\/p>\n","protected":false},"featured_media":8728,"comment_status":"open","ping_status":"closed","template":"","meta":{"_uag_custom_page_level_css":"","site-sidebar-layout":"default","site-content-layout":"","ast-site-content-layout":"default","site-content-style":"default","site-sidebar-style":"default","ast-global-header-display":"","ast-banner-title-visibility":"","ast-main-header-display":"","ast-hfb-above-header-display":"","ast-hfb-below-header-display":"","ast-hfb-mobile-header-display":"","site-post-title":"","ast-breadcrumbs-content":"","ast-featured-img":"","footer-sml-layout":"","theme-transparent-header-meta":"default","adv-header-id-meta":"","stick-header-meta":"default","header-above-stick-meta":"","header-main-stick-meta":"","header-below-stick-meta":"","astra-migrate-meta-layouts":"set","ast-page-background-enabled":"default","ast-page-background-meta":{"desktop":{"background-color":"var(--ast-global-color-4)","background-image":"","background-repeat":"repeat","background-position":"center center","background-size":"auto","background-attachment":"scroll","background-type":"","background-media":"","overlay-type":"","overlay-color":"","overlay-opacity":"","overlay-gradient":""},"tablet":{"background-color":"","background-image":"","background-repeat":"repeat","background-position":"center center","background-size":"auto","background-attachment":"scroll","background-type":"","background-media":"","overlay-type":"","overlay-color":"","overlay-opacity":"","overlay-gradient":""},"mobile":{"background-color":"","background-image":"","background-repeat":"repeat","background-position":"center center","background-size":"auto","background-attachment":"scroll","background-type":"","background-media":"","overlay-type":"","overlay-color":"","overlay-opacity":"","overlay-gradient":""}},"ast-content-background-meta":{"desktop":{"background-color":"var(--ast-global-color-5)","background-image":"","background-repeat":"repeat","background-position":"center center","background-size":"auto","background-attachment":"scroll","background-type":"","background-media":"","overlay-type":"","overlay-color":"","overlay-opacity":"","overlay-gradient":""},"tablet":{"background-color":"var(--ast-global-color-5)","background-image":"","background-repeat":"repeat","background-position":"center center","background-size":"auto","background-attachment":"scroll","background-type":"","background-media":"","overlay-type":"","overlay-color":"","overlay-opacity":"","overlay-gradient":""},"mobile":{"background-color":"var(--ast-global-color-5)","background-image":"","background-repeat":"repeat","background-position":"center center","background-size":"auto","background-attachment":"scroll","background-type":"","background-media":"","overlay-type":"","overlay-color":"","overlay-opacity":"","overlay-gradient":""}}},"product_brand":[],"product_cat":[152,168],"product_tag":[1747,1759,1757,1762,1948,1761,648,1758,559,564,1760,1741,565,1744,555,563,465,1750,567,1751],"class_list":{"0":"post-8884","1":"product","2":"type-product","3":"status-publish","4":"has-post-thumbnail","6":"product_cat-nueva-coleccion-2024","7":"product_cat-productos-mas-nuevos","8":"product_tag-25cm-es","9":"product_tag-accessories","10":"product_tag-bag","11":"product_tag-chic","12":"product_tag-classic-design-es","13":"product_tag-designer-bag","14":"product_tag-elegant-es","15":"product_tag-epsom-leather","16":"product_tag-exclusive","17":"product_tag-fashion-es","18":"product_tag-handmade","19":"product_tag-hermes-es","20":"product_tag-high-quality-es","21":"product_tag-kelly-es","22":"product_tag-limited-edition","23":"product_tag-luxury-es","24":"product_tag-replica","25":"product_tag-sellier-es","26":"product_tag-stylish-es","27":"product_tag-vert-jade-es","28":"desktop-align-left","29":"tablet-align-left","30":"mobile-align-left","31":"ast-product-gallery-layout-vertical-slider","33":"first","34":"instock","35":"sale","36":"shipping-taxable","37":"purchasable","38":"product-type-simple"},"uagb_featured_image_src":{"full":["https:\/\/myreplicawatches.io\/wp-content\/uploads\/2024\/05\/Untitled-design.jpg",1080,1080,false],"thumbnail":["https:\/\/myreplicawatches.io\/wp-content\/uploads\/2024\/05\/Untitled-design-150x150.png",150,150,true],"medium":["https:\/\/myreplicawatches.io\/wp-content\/uploads\/2024\/05\/Untitled-design-300x300.png",300,300,true],"medium_large":["https:\/\/myreplicawatches.io\/wp-content\/uploads\/2024\/05\/Untitled-design-768x768.png",768,768,true],"large":["https:\/\/myreplicawatches.io\/wp-content\/uploads\/2024\/05\/Untitled-design-1024x1024.png",1024,1024,true],"1536x1536":["https:\/\/myreplicawatches.io\/wp-content\/uploads\/2024\/05\/Untitled-design.jpg",1080,1080,false],"2048x2048":["https:\/\/myreplicawatches.io\/wp-content\/uploads\/2024\/05\/Untitled-design.jpg",1080,1080,false],"woocommerce_thumbnail":["https:\/\/myreplicawatches.io\/wp-content\/uploads\/2024\/05\/Untitled-design-300x300.jpg",300,300,true],"woocommerce_single":["https:\/\/myreplicawatches.io\/wp-content\/uploads\/2024\/05\/Untitled-design-600x600.jpg",600,600,true],"woocommerce_gallery_thumbnail":["https:\/\/myreplicawatches.io\/wp-content\/uploads\/2024\/05\/Untitled-design-100x100.jpg",100,100,true],"variation_swatches_image_size":["https:\/\/myreplicawatches.io\/wp-content\/uploads\/2024\/05\/Untitled-design-50x50.png",50,50,true],"variation_swatches_tooltip_size":["https:\/\/myreplicawatches.io\/wp-content\/uploads\/2024\/05\/Untitled-design-100x100.png",100,100,true],"dgwt-wcas-product-suggestion":["https:\/\/myreplicawatches.io\/wp-content\/uploads\/2024\/05\/Untitled-design-64x64.jpg",64,64,true]},"uagb_author_info":{"display_name":"admin","author_link":"https:\/\/myreplicawatches.io\/de\/author\/"},"uagb_comment_info":0,"uagb_excerpt":"R\u00e9plica Hermes Kelly Bolso Sellier 25cm En Piel Vert Jade Epsom &#8211; La Mejor Copia De Primera Calidad &nbsp; Ventajas de tener una Replica Hermes Kelly 25cm Sellier Una r\u00e9plica puede comprarse a un precio mucho m\u00e1s barato que una aut\u00e9ntica, sin embargo, una r\u00e9plica de bolso Hermes parecer\u00e1 y se sentir\u00e1 igual que el","jetpack_sharing_enabled":true,"_links":{"self":[{"href":"https:\/\/myreplicawatches.io\/de\/wp-json\/wp\/v2\/product\/8884","targetHints":{"allow":["GET"]}}],"collection":[{"href":"https:\/\/myreplicawatches.io\/de\/wp-json\/wp\/v2\/product"}],"about":[{"href":"https:\/\/myreplicawatches.io\/de\/wp-json\/wp\/v2\/types\/product"}],"replies":[{"embeddable":true,"href":"https:\/\/myreplicawatches.io\/de\/wp-json\/wp\/v2\/comments?post=8884"}],"wp:featuredmedia":[{"embeddable":true,"href":"https:\/\/myreplicawatches.io\/de\/wp-json\/wp\/v2\/media\/8728"}],"wp:attachment":[{"href":"https:\/\/myreplicawatches.io\/de\/wp-json\/wp\/v2\/media?parent=8884"}],"wp:term":[{"taxonomy":"product_brand","embeddable":true,"href":"https:\/\/myreplicawatches.io\/de\/wp-json\/wp\/v2\/product_brand?post=8884"},{"taxonomy":"product_cat","embeddable":true,"href":"https:\/\/myreplicawatches.io\/de\/wp-json\/wp\/v2\/product_cat?post=8884"},{"taxonomy":"product_tag","embeddable":true,"href":"https:\/\/myreplicawatches.io\/de\/wp-json\/wp\/v2\/product_tag?post=8884"}],"curies":[{"name":"wp","href":"https:\/\/api.w.org\/{rel}","templated":true}]}}