{"id":8881,"date":"2024-05-21T14:32:54","date_gmt":"2024-05-21T14:32:54","guid":{"rendered":"https:\/\/myreplicawatches.io\/product\/replica-clon-omega-seamaster-diver-copa-america\/"},"modified":"2025-09-19T22:20:47","modified_gmt":"2025-09-19T22:20:47","slug":"replica-clon-omega-seamaster-diver-copa-america","status":"publish","type":"product","link":"https:\/\/myreplicawatches.io\/de\/product\/replica-clon-omega-seamaster-diver-copa-america\/","title":{"rendered":"R\u00e9plica Clon Omega Seamaster Diver Copa Am\u00e9rica"},"content":{"rendered":"<h2>R\u00e9plica Clon Omega Seamaster Diver Cron\u00f3grafo Copa Am\u00e9rica<\/h2>\n<p>&nbsp;<\/p>\n<p>**Material de la correa:** Acero inoxidable<br \/>\n**Receptor:** Para \u00c9l<br \/>\n**Movimiento:** Autom\u00e1tico<br \/>\n**Color de la esfera:** Azul<br \/>\n**Material de la caja:** Acero inoxidable<br \/>\n**Di\u00e1metro:** 44 mm<br \/>\n**Colecciones de marcas:** Seamaster<\/p>\n<p>Para celebrar el papel de Omega como cronometrador oficial de la 36\u00aa Copa Am\u00e9rica, este impresionante Seamaster Diver 300M combina inspiraci\u00f3n oce\u00e1nica y n\u00e1utica con tecnolog\u00eda de vanguardia.<\/p>\n<p>El cron\u00f3grafo de 44 mm est\u00e1 fabricado en acero inoxidable, con un anillo de cer\u00e1mica azul en el bisel y una escala de buceo de esmalte blanco. Para mejorar el agarre durante las actividades acu\u00e1ticas, el reloj incorpora pulsadores de goma azul y roja de tacto suave.<\/p>\n<p>En la esfera de cer\u00e1mica azul con olas grabadas a l\u00e1ser y ventana de fecha a las 6, Omega ha incluido un anillo indicador de cuenta atr\u00e1s de regata de aluminio anodizado rojo. El indicador presenta un disco horario bajo la esfera secundaria, dise\u00f1ado para resaltar el minutero vital durante la navegaci\u00f3n. El minutero de aluminio anodizado rojo y el peque\u00f1o segundero rodiado est\u00e1n inspirados en la forma del casco de un barco, mientras que el segundero central del cron\u00f3grafo, tambi\u00e9n de aluminio anodizado rojo, lleva una Copa Am\u00e9rica en el contrapeso.<\/p>\n<p>El exclusivo sistema Chrono Lock de Omega se incluye para asegurar las funciones del cron\u00f3grafo cuando sea necesario, a\u00f1adiendo un cronometraje seguro y la posibilidad de bloquear el tiempo medido. En el fondo de la caja en forma de panal, los grabados est\u00e1n rellenos de laca azul, en homenaje a la 36\u00aa Copa Am\u00e9rica y a Auckland 2021.<\/p>\n<p>El reloj se presenta con un brazalete met\u00e1lico y una correa adicional de caucho, ambos con el nuevo sistema patentado de cambio r\u00e1pido de Omega. Funciona con el calibre 9900 del Master Chronometer Co-Axial y se entrega en un estuche especial con los colores de la America&#8217;s Cup.<\/p>\n","protected":false},"excerpt":{"rendered":"<p>R\u00e9plica Clon Omega Seamaster Diver Cron\u00f3grafo Copa Am\u00e9rica &nbsp; **Material de la correa:** Acero inoxidable **Receptor:** Para \u00c9l **Movimiento:** Autom\u00e1tico **Color de la esfera:** Azul **Material de la caja:** Acero inoxidable **Di\u00e1metro:** 44 mm **Colecciones de marcas:** Seamaster Para celebrar el papel de Omega como cronometrador oficial de la 36\u00aa Copa Am\u00e9rica, este impresionante Seamaster<\/p>\n","protected":false},"featured_media":8770,"comment_status":"open","ping_status":"closed","template":"","meta":{"_uag_custom_page_level_css":"","site-sidebar-layout":"default","site-content-layout":"","ast-site-content-layout":"default","site-content-style":"default","site-sidebar-style":"default","ast-global-header-display":"","ast-banner-title-visibility":"","ast-main-header-display":"","ast-hfb-above-header-display":"","ast-hfb-below-header-display":"","ast-hfb-mobile-header-display":"","site-post-title":"","ast-breadcrumbs-content":"","ast-featured-img":"","footer-sml-layout":"","theme-transparent-header-meta":"default","adv-header-id-meta":"","stick-header-meta":"default","header-above-stick-meta":"","header-main-stick-meta":"","header-below-stick-meta":"","astra-migrate-meta-layouts":"set","ast-page-background-enabled":"default","ast-page-background-meta":{"desktop":{"background-color":"var(--ast-global-color-4)","background-image":"","background-repeat":"repeat","background-position":"center center","background-size":"auto","background-attachment":"scroll","background-type":"","background-media":"","overlay-type":"","overlay-color":"","overlay-opacity":"","overlay-gradient":""},"tablet":{"background-color":"","background-image":"","background-repeat":"repeat","background-position":"center center","background-size":"auto","background-attachment":"scroll","background-type":"","background-media":"","overlay-type":"","overlay-color":"","overlay-opacity":"","overlay-gradient":""},"mobile":{"background-color":"","background-image":"","background-repeat":"repeat","background-position":"center center","background-size":"auto","background-attachment":"scroll","background-type":"","background-media":"","overlay-type":"","overlay-color":"","overlay-opacity":"","overlay-gradient":""}},"ast-content-background-meta":{"desktop":{"background-color":"var(--ast-global-color-5)","background-image":"","background-repeat":"repeat","background-position":"center center","background-size":"auto","background-attachment":"scroll","background-type":"","background-media":"","overlay-type":"","overlay-color":"","overlay-opacity":"","overlay-gradient":""},"tablet":{"background-color":"var(--ast-global-color-5)","background-image":"","background-repeat":"repeat","background-position":"center center","background-size":"auto","background-attachment":"scroll","background-type":"","background-media":"","overlay-type":"","overlay-color":"","overlay-opacity":"","overlay-gradient":""},"mobile":{"background-color":"var(--ast-global-color-5)","background-image":"","background-repeat":"repeat","background-position":"center center","background-size":"auto","background-attachment":"scroll","background-type":"","background-media":"","overlay-type":"","overlay-color":"","overlay-opacity":"","overlay-gradient":""}}},"product_brand":[],"product_cat":[152,168,150,226],"product_tag":[1618,938,942,1613,648,1674,564,565,935,555,563,934,255,937,465,1148,882,441,472,933],"class_list":{"0":"post-8881","1":"product","2":"type-product","3":"status-publish","4":"has-post-thumbnail","6":"product_cat-nueva-coleccion-2024","7":"product_cat-productos-mas-nuevos","8":"product_cat-relojes-replica-omega-de-la-mej","9":"product_cat-replica-omega-seamaster","10":"product_tag-americas-cup","11":"product_tag-classic-es","12":"product_tag-clone","13":"product_tag-diver-es","14":"product_tag-elegant-es","15":"product_tag-exclusive-piece-es","16":"product_tag-fashion-es","17":"product_tag-high-quality-es","18":"product_tag-jewelry-es","19":"product_tag-limited-edition","20":"product_tag-luxury-es","21":"product_tag-mens-es","22":"product_tag-omega-es","23":"product_tag-prestigious-es","24":"product_tag-replica","25":"product_tag-seamaster","26":"product_tag-sporty-es","27":"product_tag-swiss-movement","28":"product_tag-timepiece","29":"product_tag-watch-es","30":"desktop-align-left","31":"tablet-align-left","32":"mobile-align-left","33":"ast-product-gallery-layout-vertical-slider","35":"first","36":"instock","37":"sale","38":"shipping-taxable","39":"purchasable","40":"product-type-simple"},"uagb_featured_image_src":{"full":["https:\/\/myreplicawatches.io\/wp-content\/uploads\/2024\/05\/Screenshot-2024-05-21-at-3.09.50-PM.jpg",1100,1094,false],"thumbnail":["https:\/\/myreplicawatches.io\/wp-content\/uploads\/2024\/05\/Screenshot-2024-05-21-at-3.09.50-PM-150x150.png",150,150,true],"medium":["https:\/\/myreplicawatches.io\/wp-content\/uploads\/2024\/05\/Screenshot-2024-05-21-at-3.09.50-PM-300x298.png",300,298,true],"medium_large":["https:\/\/myreplicawatches.io\/wp-content\/uploads\/2024\/05\/Screenshot-2024-05-21-at-3.09.50-PM-768x764.png",768,764,true],"large":["https:\/\/myreplicawatches.io\/wp-content\/uploads\/2024\/05\/Screenshot-2024-05-21-at-3.09.50-PM-1024x1018.png",1024,1018,true],"1536x1536":["https:\/\/myreplicawatches.io\/wp-content\/uploads\/2024\/05\/Screenshot-2024-05-21-at-3.09.50-PM.jpg",1100,1094,false],"2048x2048":["https:\/\/myreplicawatches.io\/wp-content\/uploads\/2024\/05\/Screenshot-2024-05-21-at-3.09.50-PM.jpg",1100,1094,false],"woocommerce_thumbnail":["https:\/\/myreplicawatches.io\/wp-content\/uploads\/2024\/05\/Screenshot-2024-05-21-at-3.09.50-PM-300x300.jpg",300,300,true],"woocommerce_single":["https:\/\/myreplicawatches.io\/wp-content\/uploads\/2024\/05\/Screenshot-2024-05-21-at-3.09.50-PM-600x597.jpg",600,597,true],"woocommerce_gallery_thumbnail":["https:\/\/myreplicawatches.io\/wp-content\/uploads\/2024\/05\/Screenshot-2024-05-21-at-3.09.50-PM-100x100.jpg",100,100,true],"variation_swatches_image_size":["https:\/\/myreplicawatches.io\/wp-content\/uploads\/2024\/05\/Screenshot-2024-05-21-at-3.09.50-PM-50x50.png",50,50,true],"variation_swatches_tooltip_size":["https:\/\/myreplicawatches.io\/wp-content\/uploads\/2024\/05\/Screenshot-2024-05-21-at-3.09.50-PM-100x100.png",100,100,true],"dgwt-wcas-product-suggestion":["https:\/\/myreplicawatches.io\/wp-content\/uploads\/2024\/05\/Screenshot-2024-05-21-at-3.09.50-PM-64x64.jpg",64,64,true]},"uagb_author_info":{"display_name":"admin","author_link":"https:\/\/myreplicawatches.io\/de\/author\/"},"uagb_comment_info":0,"uagb_excerpt":"R\u00e9plica Clon Omega Seamaster Diver Cron\u00f3grafo Copa Am\u00e9rica &nbsp; **Material de la correa:** Acero inoxidable **Receptor:** Para \u00c9l **Movimiento:** Autom\u00e1tico **Color de la esfera:** Azul **Material de la caja:** Acero inoxidable **Di\u00e1metro:** 44 mm **Colecciones de marcas:** Seamaster Para celebrar el papel de Omega como cronometrador oficial de la 36\u00aa Copa Am\u00e9rica, este impresionante Seamaster","jetpack_sharing_enabled":true,"_links":{"self":[{"href":"https:\/\/myreplicawatches.io\/de\/wp-json\/wp\/v2\/product\/8881","targetHints":{"allow":["GET"]}}],"collection":[{"href":"https:\/\/myreplicawatches.io\/de\/wp-json\/wp\/v2\/product"}],"about":[{"href":"https:\/\/myreplicawatches.io\/de\/wp-json\/wp\/v2\/types\/product"}],"replies":[{"embeddable":true,"href":"https:\/\/myreplicawatches.io\/de\/wp-json\/wp\/v2\/comments?post=8881"}],"wp:featuredmedia":[{"embeddable":true,"href":"https:\/\/myreplicawatches.io\/de\/wp-json\/wp\/v2\/media\/8770"}],"wp:attachment":[{"href":"https:\/\/myreplicawatches.io\/de\/wp-json\/wp\/v2\/media?parent=8881"}],"wp:term":[{"taxonomy":"product_brand","embeddable":true,"href":"https:\/\/myreplicawatches.io\/de\/wp-json\/wp\/v2\/product_brand?post=8881"},{"taxonomy":"product_cat","embeddable":true,"href":"https:\/\/myreplicawatches.io\/de\/wp-json\/wp\/v2\/product_cat?post=8881"},{"taxonomy":"product_tag","embeddable":true,"href":"https:\/\/myreplicawatches.io\/de\/wp-json\/wp\/v2\/product_tag?post=8881"}],"curies":[{"name":"wp","href":"https:\/\/api.w.org\/{rel}","templated":true}]}}