{"id":8880,"date":"2024-05-21T14:38:22","date_gmt":"2024-05-21T14:38:22","guid":{"rendered":"https:\/\/myreplicawatches.io\/product\/replica-clon-omega-diver-master-cronografo-negro\/"},"modified":"2025-10-30T09:05:12","modified_gmt":"2025-10-30T09:05:12","slug":"replica-clon-omega-diver-master-cronografo-negro","status":"publish","type":"product","link":"https:\/\/myreplicawatches.io\/de\/product\/replica-clon-omega-diver-master-cronografo-negro\/","title":{"rendered":"R\u00e9plica Clon Omega Diver Master Cron\u00f3grafo Negro"},"content":{"rendered":"<p>**Omega Seamaster Diver 300M Co-Axial Master Cron\u00f3grafo 44mm O21032445101001**<\/p>\n<p>**Material de la correa:** Caucho<br \/>\n**Receptor:** Para \u00c9l<br \/>\n**Movimiento:** Autom\u00e1tico<br \/>\n**Color de la esfera:** Negro<br \/>\n**Material de la caja:** Acero inoxidable<br \/>\n**Di\u00e1metro:** 44 mm<br \/>\n**Colecciones de marcas:** Seamaster<\/p>\n<p>Desde 1993, el Seamaster Buceador Profesional 300M ha gozado de un seguimiento legendario. La moderna colecci\u00f3n actual ha adoptado esa famosa herencia oce\u00e1nica y la ha actualizado con las mejores innovaciones y dise\u00f1o de Omega.<\/p>\n<p>Este modelo cron\u00f3grafo de 44 mm est\u00e1 fabricado en acero inoxidable e incluye un bisel de cer\u00e1mica negra pulida con una escala de buceo de esmalte blanco. Los pulsadores tambi\u00e9n son de cer\u00e1mica negra pulida, al igual que la esfera, que presenta ondas grabadas con l\u00e1ser y una ventana de fecha a las 6.<\/p>\n<p>Las manecillas de la esfera est\u00e1n rodiadas, al igual que el resto de manecillas e \u00edndices, que est\u00e1n rellenos de Super-LumiNova blanca.<\/p>\n<p>El reloj se presenta con una correa de caucho negro y est\u00e1 impulsado por el calibre 9900 Omega Master Chronometer, que puede verse a trav\u00e9s del cristal de zafiro del fondo ondulado de la caja.<\/p>\n","protected":false},"excerpt":{"rendered":"<p>**Omega Seamaster Diver 300M Co-Axial Master Cron\u00f3grafo 44mm O21032445101001** **Material de la correa:** Caucho **Receptor:** Para \u00c9l **Movimiento:** Autom\u00e1tico **Color de la esfera:** Negro **Material de la caja:** Acero inoxidable **Di\u00e1metro:** 44 mm **Colecciones de marcas:** Seamaster Desde 1993, el Seamaster Buceador Profesional 300M ha gozado de un seguimiento legendario. La moderna colecci\u00f3n actual ha<\/p>\n","protected":false},"featured_media":8781,"comment_status":"open","ping_status":"closed","template":"","meta":{"_uag_custom_page_level_css":"","site-sidebar-layout":"default","site-content-layout":"","ast-site-content-layout":"default","site-content-style":"default","site-sidebar-style":"default","ast-global-header-display":"","ast-banner-title-visibility":"","ast-main-header-display":"","ast-hfb-above-header-display":"","ast-hfb-below-header-display":"","ast-hfb-mobile-header-display":"","site-post-title":"","ast-breadcrumbs-content":"","ast-featured-img":"","footer-sml-layout":"","theme-transparent-header-meta":"default","adv-header-id-meta":"","stick-header-meta":"default","header-above-stick-meta":"","header-main-stick-meta":"","header-below-stick-meta":"","astra-migrate-meta-layouts":"set","ast-page-background-enabled":"default","ast-page-background-meta":{"desktop":{"background-color":"var(--ast-global-color-4)","background-image":"","background-repeat":"repeat","background-position":"center center","background-size":"auto","background-attachment":"scroll","background-type":"","background-media":"","overlay-type":"","overlay-color":"","overlay-opacity":"","overlay-gradient":""},"tablet":{"background-color":"","background-image":"","background-repeat":"repeat","background-position":"center center","background-size":"auto","background-attachment":"scroll","background-type":"","background-media":"","overlay-type":"","overlay-color":"","overlay-opacity":"","overlay-gradient":""},"mobile":{"background-color":"","background-image":"","background-repeat":"repeat","background-position":"center center","background-size":"auto","background-attachment":"scroll","background-type":"","background-media":"","overlay-type":"","overlay-color":"","overlay-opacity":"","overlay-gradient":""}},"ast-content-background-meta":{"desktop":{"background-color":"var(--ast-global-color-5)","background-image":"","background-repeat":"repeat","background-position":"center center","background-size":"auto","background-attachment":"scroll","background-type":"","background-media":"","overlay-type":"","overlay-color":"","overlay-opacity":"","overlay-gradient":""},"tablet":{"background-color":"var(--ast-global-color-5)","background-image":"","background-repeat":"repeat","background-position":"center center","background-size":"auto","background-attachment":"scroll","background-type":"","background-media":"","overlay-type":"","overlay-color":"","overlay-opacity":"","overlay-gradient":""},"mobile":{"background-color":"var(--ast-global-color-5)","background-image":"","background-repeat":"repeat","background-position":"center center","background-size":"auto","background-attachment":"scroll","background-type":"","background-media":"","overlay-type":"","overlay-color":"","overlay-opacity":"","overlay-gradient":""}}},"product_brand":[],"product_cat":[152,168,150,226,163,158],"product_tag":[938,942,1599,648,1674,564,565,935,563,934,255,937,882,933],"class_list":{"0":"post-8880","1":"product","2":"type-product","3":"status-publish","4":"has-post-thumbnail","6":"product_cat-nueva-coleccion-2024","7":"product_cat-productos-mas-nuevos","8":"product_cat-relojes-replica-omega-de-la-mej","9":"product_cat-replica-omega-seamaster","10":"product_cat-super-clon-omega","11":"product_cat-superclones","12":"product_tag-classic-es","13":"product_tag-clone","14":"product_tag-diver-master","15":"product_tag-elegant-es","16":"product_tag-exclusive-piece-es","17":"product_tag-fashion-es","18":"product_tag-high-quality-es","19":"product_tag-jewelry-es","20":"product_tag-luxury-es","21":"product_tag-mens-es","22":"product_tag-omega-es","23":"product_tag-prestigious-es","24":"product_tag-sporty-es","25":"product_tag-watch-es","26":"desktop-align-left","27":"tablet-align-left","28":"mobile-align-left","29":"ast-product-gallery-layout-vertical-slider","31":"first","32":"instock","33":"sale","34":"shipping-taxable","35":"purchasable","36":"product-type-simple"},"uagb_featured_image_src":{"full":["https:\/\/myreplicawatches.io\/wp-content\/uploads\/2024\/05\/Screenshot-2024-05-21-at-3.13.59-PM.jpg",1092,1100,false],"thumbnail":["https:\/\/myreplicawatches.io\/wp-content\/uploads\/2024\/05\/Screenshot-2024-05-21-at-3.13.59-PM-150x150.png",150,150,true],"medium":["https:\/\/myreplicawatches.io\/wp-content\/uploads\/2024\/05\/Screenshot-2024-05-21-at-3.13.59-PM-298x300.png",298,300,true],"medium_large":["https:\/\/myreplicawatches.io\/wp-content\/uploads\/2024\/05\/Screenshot-2024-05-21-at-3.13.59-PM-768x774.png",768,774,true],"large":["https:\/\/myreplicawatches.io\/wp-content\/uploads\/2024\/05\/Screenshot-2024-05-21-at-3.13.59-PM-1017x1024.png",1017,1024,true],"1536x1536":["https:\/\/myreplicawatches.io\/wp-content\/uploads\/2024\/05\/Screenshot-2024-05-21-at-3.13.59-PM.jpg",1092,1100,false],"2048x2048":["https:\/\/myreplicawatches.io\/wp-content\/uploads\/2024\/05\/Screenshot-2024-05-21-at-3.13.59-PM.jpg",1092,1100,false],"woocommerce_thumbnail":["https:\/\/myreplicawatches.io\/wp-content\/uploads\/2024\/05\/Screenshot-2024-05-21-at-3.13.59-PM-300x300.jpg",300,300,true],"woocommerce_single":["https:\/\/myreplicawatches.io\/wp-content\/uploads\/2024\/05\/Screenshot-2024-05-21-at-3.13.59-PM-600x604.jpg",600,604,true],"woocommerce_gallery_thumbnail":["https:\/\/myreplicawatches.io\/wp-content\/uploads\/2024\/05\/Screenshot-2024-05-21-at-3.13.59-PM-100x100.jpg",100,100,true],"variation_swatches_image_size":["https:\/\/myreplicawatches.io\/wp-content\/uploads\/2024\/05\/Screenshot-2024-05-21-at-3.13.59-PM-50x50.png",50,50,true],"variation_swatches_tooltip_size":["https:\/\/myreplicawatches.io\/wp-content\/uploads\/2024\/05\/Screenshot-2024-05-21-at-3.13.59-PM-100x100.png",100,100,true],"dgwt-wcas-product-suggestion":["https:\/\/myreplicawatches.io\/wp-content\/uploads\/2024\/05\/Screenshot-2024-05-21-at-3.13.59-PM-64x64.jpg",64,64,true]},"uagb_author_info":{"display_name":"admin","author_link":"https:\/\/myreplicawatches.io\/de\/author\/"},"uagb_comment_info":0,"uagb_excerpt":"**Omega Seamaster Diver 300M Co-Axial Master Cron\u00f3grafo 44mm O21032445101001** **Material de la correa:** Caucho **Receptor:** Para \u00c9l **Movimiento:** Autom\u00e1tico **Color de la esfera:** Negro **Material de la caja:** Acero inoxidable **Di\u00e1metro:** 44 mm **Colecciones de marcas:** Seamaster Desde 1993, el Seamaster Buceador Profesional 300M ha gozado de un seguimiento legendario. La moderna colecci\u00f3n actual ha","jetpack_sharing_enabled":true,"_links":{"self":[{"href":"https:\/\/myreplicawatches.io\/de\/wp-json\/wp\/v2\/product\/8880","targetHints":{"allow":["GET"]}}],"collection":[{"href":"https:\/\/myreplicawatches.io\/de\/wp-json\/wp\/v2\/product"}],"about":[{"href":"https:\/\/myreplicawatches.io\/de\/wp-json\/wp\/v2\/types\/product"}],"replies":[{"embeddable":true,"href":"https:\/\/myreplicawatches.io\/de\/wp-json\/wp\/v2\/comments?post=8880"}],"wp:featuredmedia":[{"embeddable":true,"href":"https:\/\/myreplicawatches.io\/de\/wp-json\/wp\/v2\/media\/8781"}],"wp:attachment":[{"href":"https:\/\/myreplicawatches.io\/de\/wp-json\/wp\/v2\/media?parent=8880"}],"wp:term":[{"taxonomy":"product_brand","embeddable":true,"href":"https:\/\/myreplicawatches.io\/de\/wp-json\/wp\/v2\/product_brand?post=8880"},{"taxonomy":"product_cat","embeddable":true,"href":"https:\/\/myreplicawatches.io\/de\/wp-json\/wp\/v2\/product_cat?post=8880"},{"taxonomy":"product_tag","embeddable":true,"href":"https:\/\/myreplicawatches.io\/de\/wp-json\/wp\/v2\/product_tag?post=8880"}],"curies":[{"name":"wp","href":"https:\/\/api.w.org\/{rel}","templated":true}]}}