{"id":8879,"date":"2024-06-03T15:01:28","date_gmt":"2024-06-03T15:01:28","guid":{"rendered":"https:\/\/myreplicawatches.io\/product\/replica-clon-audemars-piguet-royal-oak-offshore-cronografo\/"},"modified":"2025-09-20T14:39:04","modified_gmt":"2025-09-20T14:39:04","slug":"replica-clon-audemars-piguet-royal-oak-offshore-cronografo","status":"publish","type":"product","link":"https:\/\/myreplicawatches.io\/de\/product\/replica-clon-audemars-piguet-royal-oak-offshore-cronografo\/","title":{"rendered":"R\u00e9plica Clon Audemars Piguet Royal Oak Offshore Cron\u00f3grafo"},"content":{"rendered":"<table>\n<tbody>\n<tr>\n<td>\n<h3>Informaci\u00f3n b\u00e1sica<\/h3>\n<\/td>\n<\/tr>\n<tr>\n<td><strong>Marca:<\/strong><\/td>\n<td>Audemars Piguet<\/td>\n<\/tr>\n<tr>\n<td><strong>Colecci\u00f3n:<\/strong><\/td>\n<td>Royal Oak Offshore<\/td>\n<\/tr>\n<tr>\n<td><strong>Modelo:<\/strong><\/td>\n<td>Cron\u00f3grafo Royal Oak Offshore<\/td>\n<\/tr>\n<tr>\n<td><strong>N\u00famero de referencia:<\/strong><\/td>\n<td>26405NR-OO-A002CA-01<\/td>\n<\/tr>\n<tr>\n<td><strong>Color de la esfera:<\/strong><\/td>\n<td>Negro<\/td>\n<\/tr>\n<tr>\n<td><strong>Di\u00e1metro de la caja:<\/strong><\/td>\n<td>44 mm<\/td>\n<\/tr>\n<tr>\n<td><strong>Material de la caja:<\/strong><\/td>\n<td>Acero inoxidable<\/td>\n<\/tr>\n<tr>\n<td><strong>Material de la pulsera:<\/strong><\/td>\n<td>Goma<\/td>\n<\/tr>\n<tr>\n<td><strong>Color de la pulsera:<\/strong><\/td>\n<td>Negro<\/td>\n<\/tr>\n<tr>\n<td><strong>Vidrio:<\/strong><\/td>\n<td>Cristal de zafiro<\/td>\n<\/tr>\n<\/tbody>\n<\/table>\n","protected":false},"excerpt":{"rendered":"<p>Informaci\u00f3n b\u00e1sica Marca: Audemars Piguet Colecci\u00f3n: Royal Oak Offshore Modelo: Cron\u00f3grafo Royal Oak Offshore N\u00famero de referencia: 26405NR-OO-A002CA-01 Color de la esfera: Negro Di\u00e1metro de la caja: 44 mm Material de la caja: Acero inoxidable Material de la pulsera: Goma Color de la pulsera: Negro Vidrio: Cristal de zafiro<\/p>\n","protected":false},"featured_media":8808,"comment_status":"open","ping_status":"closed","template":"","meta":{"_uag_custom_page_level_css":"","site-sidebar-layout":"default","site-content-layout":"","ast-site-content-layout":"default","site-content-style":"default","site-sidebar-style":"default","ast-global-header-display":"","ast-banner-title-visibility":"","ast-main-header-display":"","ast-hfb-above-header-display":"","ast-hfb-below-header-display":"","ast-hfb-mobile-header-display":"","site-post-title":"","ast-breadcrumbs-content":"","ast-featured-img":"","footer-sml-layout":"","theme-transparent-header-meta":"default","adv-header-id-meta":"","stick-header-meta":"default","header-above-stick-meta":"","header-main-stick-meta":"","header-below-stick-meta":"","astra-migrate-meta-layouts":"set","ast-page-background-enabled":"default","ast-page-background-meta":{"desktop":{"background-color":"var(--ast-global-color-4)","background-image":"","background-repeat":"repeat","background-position":"center center","background-size":"auto","background-attachment":"scroll","background-type":"","background-media":"","overlay-type":"","overlay-color":"","overlay-opacity":"","overlay-gradient":""},"tablet":{"background-color":"","background-image":"","background-repeat":"repeat","background-position":"center center","background-size":"auto","background-attachment":"scroll","background-type":"","background-media":"","overlay-type":"","overlay-color":"","overlay-opacity":"","overlay-gradient":""},"mobile":{"background-color":"","background-image":"","background-repeat":"repeat","background-position":"center center","background-size":"auto","background-attachment":"scroll","background-type":"","background-media":"","overlay-type":"","overlay-color":"","overlay-opacity":"","overlay-gradient":""}},"ast-content-background-meta":{"desktop":{"background-color":"var(--ast-global-color-5)","background-image":"","background-repeat":"repeat","background-position":"center center","background-size":"auto","background-attachment":"scroll","background-type":"","background-media":"","overlay-type":"","overlay-color":"","overlay-opacity":"","overlay-gradient":""},"tablet":{"background-color":"var(--ast-global-color-5)","background-image":"","background-repeat":"repeat","background-position":"center center","background-size":"auto","background-attachment":"scroll","background-type":"","background-media":"","overlay-type":"","overlay-color":"","overlay-opacity":"","overlay-gradient":""},"mobile":{"background-color":"var(--ast-global-color-5)","background-image":"","background-repeat":"repeat","background-position":"center center","background-size":"auto","background-attachment":"scroll","background-type":"","background-media":"","overlay-type":"","overlay-color":"","overlay-opacity":"","overlay-gradient":""}}},"product_brand":[],"product_cat":[152,168,149],"product_tag":[599,494,938,942,648,559,1674,564,565,935,555,563,934,598,937,465,602,882,441,472,933],"class_list":{"0":"post-8879","1":"product","2":"type-product","3":"status-publish","4":"has-post-thumbnail","6":"product_cat-nueva-coleccion-2024","7":"product_cat-productos-mas-nuevos","8":"product_cat-relojes-replica-audemars-piguet","9":"product_tag-audemars-piguet","10":"product_tag-chronograph","11":"product_tag-classic-es","12":"product_tag-clone","13":"product_tag-elegant-es","14":"product_tag-exclusive","15":"product_tag-exclusive-piece-es","16":"product_tag-fashion-es","17":"product_tag-high-quality-es","18":"product_tag-jewelry-es","19":"product_tag-limited-edition","20":"product_tag-luxury-es","21":"product_tag-mens-es","22":"product_tag-offshore","23":"product_tag-prestigious-es","24":"product_tag-replica","25":"product_tag-royal-oak-es","26":"product_tag-sporty-es","27":"product_tag-swiss-movement","28":"product_tag-timepiece","29":"product_tag-watch-es","30":"desktop-align-left","31":"tablet-align-left","32":"mobile-align-left","33":"ast-product-gallery-layout-vertical-slider","35":"first","36":"instock","37":"sale","38":"shipping-taxable","39":"purchasable","40":"product-type-simple"},"uagb_featured_image_src":{"full":["https:\/\/myreplicawatches.io\/wp-content\/uploads\/2024\/06\/Screenshot-2024-06-03-at-5.56.33-PM.jpg",1098,1070,false],"thumbnail":["https:\/\/myreplicawatches.io\/wp-content\/uploads\/2024\/06\/Screenshot-2024-06-03-at-5.56.33-PM-150x150.png",150,150,true],"medium":["https:\/\/myreplicawatches.io\/wp-content\/uploads\/2024\/06\/Screenshot-2024-06-03-at-5.56.33-PM-300x292.png",300,292,true],"medium_large":["https:\/\/myreplicawatches.io\/wp-content\/uploads\/2024\/06\/Screenshot-2024-06-03-at-5.56.33-PM-768x748.png",768,748,true],"large":["https:\/\/myreplicawatches.io\/wp-content\/uploads\/2024\/06\/Screenshot-2024-06-03-at-5.56.33-PM-1024x998.png",1024,998,true],"1536x1536":["https:\/\/myreplicawatches.io\/wp-content\/uploads\/2024\/06\/Screenshot-2024-06-03-at-5.56.33-PM.jpg",1098,1070,false],"2048x2048":["https:\/\/myreplicawatches.io\/wp-content\/uploads\/2024\/06\/Screenshot-2024-06-03-at-5.56.33-PM.jpg",1098,1070,false],"woocommerce_thumbnail":["https:\/\/myreplicawatches.io\/wp-content\/uploads\/2024\/06\/Screenshot-2024-06-03-at-5.56.33-PM-300x300.jpg",300,300,true],"woocommerce_single":["https:\/\/myreplicawatches.io\/wp-content\/uploads\/2024\/06\/Screenshot-2024-06-03-at-5.56.33-PM-600x585.jpg",600,585,true],"woocommerce_gallery_thumbnail":["https:\/\/myreplicawatches.io\/wp-content\/uploads\/2024\/06\/Screenshot-2024-06-03-at-5.56.33-PM-100x100.jpg",100,100,true],"variation_swatches_image_size":["https:\/\/myreplicawatches.io\/wp-content\/uploads\/2024\/06\/Screenshot-2024-06-03-at-5.56.33-PM-50x50.png",50,50,true],"variation_swatches_tooltip_size":["https:\/\/myreplicawatches.io\/wp-content\/uploads\/2024\/06\/Screenshot-2024-06-03-at-5.56.33-PM-100x100.png",100,100,true],"dgwt-wcas-product-suggestion":["https:\/\/myreplicawatches.io\/wp-content\/uploads\/2024\/06\/Screenshot-2024-06-03-at-5.56.33-PM-64x62.jpg",64,62,true]},"uagb_author_info":{"display_name":"admin","author_link":"https:\/\/myreplicawatches.io\/de\/author\/"},"uagb_comment_info":0,"uagb_excerpt":"Informaci\u00f3n b\u00e1sica Marca: Audemars Piguet Colecci\u00f3n: Royal Oak Offshore Modelo: Cron\u00f3grafo Royal Oak Offshore N\u00famero de referencia: 26405NR-OO-A002CA-01 Color de la esfera: Negro Di\u00e1metro de la caja: 44 mm Material de la caja: Acero inoxidable Material de la pulsera: Goma Color de la pulsera: Negro Vidrio: Cristal de zafiro","jetpack_sharing_enabled":true,"_links":{"self":[{"href":"https:\/\/myreplicawatches.io\/de\/wp-json\/wp\/v2\/product\/8879","targetHints":{"allow":["GET"]}}],"collection":[{"href":"https:\/\/myreplicawatches.io\/de\/wp-json\/wp\/v2\/product"}],"about":[{"href":"https:\/\/myreplicawatches.io\/de\/wp-json\/wp\/v2\/types\/product"}],"replies":[{"embeddable":true,"href":"https:\/\/myreplicawatches.io\/de\/wp-json\/wp\/v2\/comments?post=8879"}],"wp:featuredmedia":[{"embeddable":true,"href":"https:\/\/myreplicawatches.io\/de\/wp-json\/wp\/v2\/media\/8808"}],"wp:attachment":[{"href":"https:\/\/myreplicawatches.io\/de\/wp-json\/wp\/v2\/media?parent=8879"}],"wp:term":[{"taxonomy":"product_brand","embeddable":true,"href":"https:\/\/myreplicawatches.io\/de\/wp-json\/wp\/v2\/product_brand?post=8879"},{"taxonomy":"product_cat","embeddable":true,"href":"https:\/\/myreplicawatches.io\/de\/wp-json\/wp\/v2\/product_cat?post=8879"},{"taxonomy":"product_tag","embeddable":true,"href":"https:\/\/myreplicawatches.io\/de\/wp-json\/wp\/v2\/product_tag?post=8879"}],"curies":[{"name":"wp","href":"https:\/\/api.w.org\/{rel}","templated":true}]}}