{"id":12830,"date":"2024-07-24T13:43:33","date_gmt":"2024-07-24T13:43:33","guid":{"rendered":"https:\/\/myreplicawatches.io\/product\/replik-rolex-daytona-blau-super-klon\/"},"modified":"2026-01-11T15:25:36","modified_gmt":"2026-01-11T15:25:36","slug":"replik-rolex-daytona-blau-super-klon","status":"publish","type":"product","link":"https:\/\/myreplicawatches.io\/de\/product\/replik-rolex-daytona-blau-super-klon\/","title":{"rendered":"Replik Rolex Daytona Blau Super Klon"},"content":{"rendered":"<h3>Rolex Cosmograph Daytona 116506 ICE BLUE Zifferblatt Original Kal.4130<br \/>\nUhrwerk &#8211; Ultimative 904L Stahluhr <\/h3>\n<p>&nbsp;<\/p>\n<p>Das beste Rolex Daytona Modell, das bis heute repliziert wurde. Das erste Rolex-Modell, bei dem Geh\u00e4use und Armband aus 904L-Stahl gefertigt wurden, demselben Stahl, den auch Rolex verwendet. Verglichen mit einem Original Seite an Seite und es gab KEINE Unterschiede. Die vollst\u00e4ndige Liste der Details finden Sie weiter unten. Sie werden sehen, dass in diese Edition sehr viel Detailarbeit investiert wurde. Ein Original-Kaliber 4130, das von Grund auf neu gebaut wurde, ohne jegliche Modifikationen, mit Platinbeschichtung der Rotoren und Platinen wie beim Original. Das gleiche Uhrwerk, das Sie in Rolex Daytona Uhren finden. 904 Massives Edelstahlgeh\u00e4use mit Rolex Markierungen und Gravuren wie beim Original. ICE BLUE Zifferblatt mit 3 funktionalen Unterzifferbl\u00e4ttern wie bei der Authentic. SuperLumed Stundenzeiger und Minutenmarkierungen wie bei der Originaluhr Zeiger und Zifferblatt sind mit den Originalen austauschbar. Sekundenzeiger Unterzifferblatt bei 6 Uhr. Kastanienbraune, kratzfeste Keramikl\u00fcnette mit denselben Schriften und Markierungen wie beim Original. Entspiegeltes, kratzfestes Saphirglas mit halb unsichtbarer Krone auf der 6:00 Position. Massives 316L-Edelstahlband mit neuartiger, perfekt nachgebildeter Faltschlie\u00dfe, die mit glatten Schrauben f\u00fcr eine einfache Einstellung verbunden ist Massiver Geh\u00e4useboden mit Rolex Markierungen und Gravuren 40MM breit x 12,5MM dick   <\/p>\n<p>&nbsp;<\/p>\n<p><iframe title=\"Rolex Daytona Uhr\" src=\"https:\/\/www.youtube.com\/embed\/VBavE7qT6DQ\" width=\"403\" height=\"717\" frameborder=\"0\" allowfullscreen=\"allowfullscreen\"><\/iframe><\/p>\n","protected":false},"excerpt":{"rendered":"<p>Rolex Cosmograph Daytona 116506 ICE BLUE Zifferblatt Original Kal.4130 Uhrwerk &#8211; Ultimative 904L Stahluhr &nbsp; Das beste Rolex Daytona Modell, das bis heute repliziert wurde. Das erste Rolex-Modell, bei dem Geh\u00e4use und Armband aus 904L-Stahl gefertigt wurden, demselben Stahl, den auch Rolex verwendet. Verglichen mit einem Original Seite an Seite und es gab KEINE Unterschiede.<\/p>\n","protected":false},"featured_media":12837,"comment_status":"open","ping_status":"closed","template":"","meta":{"_uag_custom_page_level_css":"","site-sidebar-layout":"default","site-content-layout":"","ast-site-content-layout":"default","site-content-style":"default","site-sidebar-style":"default","ast-global-header-display":"","ast-banner-title-visibility":"","ast-main-header-display":"","ast-hfb-above-header-display":"","ast-hfb-below-header-display":"","ast-hfb-mobile-header-display":"","site-post-title":"","ast-breadcrumbs-content":"","ast-featured-img":"","footer-sml-layout":"","theme-transparent-header-meta":"default","adv-header-id-meta":"","stick-header-meta":"default","header-above-stick-meta":"","header-main-stick-meta":"","header-below-stick-meta":"","astra-migrate-meta-layouts":"default","ast-page-background-enabled":"default","ast-page-background-meta":{"desktop":{"background-color":"var(--ast-global-color-4)","background-image":"","background-repeat":"repeat","background-position":"center center","background-size":"auto","background-attachment":"scroll","background-type":"","background-media":"","overlay-type":"","overlay-color":"","overlay-opacity":"","overlay-gradient":""},"tablet":{"background-color":"","background-image":"","background-repeat":"repeat","background-position":"center center","background-size":"auto","background-attachment":"scroll","background-type":"","background-media":"","overlay-type":"","overlay-color":"","overlay-opacity":"","overlay-gradient":""},"mobile":{"background-color":"","background-image":"","background-repeat":"repeat","background-position":"center center","background-size":"auto","background-attachment":"scroll","background-type":"","background-media":"","overlay-type":"","overlay-color":"","overlay-opacity":"","overlay-gradient":""}},"ast-content-background-meta":{"desktop":{"background-color":"var(--ast-global-color-5)","background-image":"","background-repeat":"repeat","background-position":"center center","background-size":"auto","background-attachment":"scroll","background-type":"","background-media":"","overlay-type":"","overlay-color":"","overlay-opacity":"","overlay-gradient":""},"tablet":{"background-color":"var(--ast-global-color-5)","background-image":"","background-repeat":"repeat","background-position":"center center","background-size":"auto","background-attachment":"scroll","background-type":"","background-media":"","overlay-type":"","overlay-color":"","overlay-opacity":"","overlay-gradient":""},"mobile":{"background-color":"var(--ast-global-color-5)","background-image":"","background-repeat":"repeat","background-position":"center center","background-size":"auto","background-attachment":"scroll","background-type":"","background-media":"","overlay-type":"","overlay-color":"","overlay-opacity":"","overlay-gradient":""}}},"product_brand":[],"product_cat":[290,293,340,294,350,288,369,388],"product_tag":[],"class_list":{"0":"post-12830","1":"product","2":"type-product","3":"status-publish","4":"has-post-thumbnail","6":"product_cat-neue-kollektion-2024","7":"product_cat-replik-rolex","8":"product_cat-replik-uhren","9":"product_cat-super-klon-rolex","10":"product_cat-super-klon-rolex-daytona","11":"product_cat-super-klon-uhren","12":"product_cat-newest-products-de","13":"product_cat-clone-rolex-daytona-replica-watch-de","14":"desktop-align-left","15":"tablet-align-left","16":"mobile-align-left","17":"ast-product-gallery-layout-vertical-slider","18":"ast-product-single-variable","20":"first","21":"instock","22":"shipping-taxable","23":"purchasable","24":"product-type-variable"},"uagb_featured_image_src":{"full":["https:\/\/myreplicawatches.io\/wp-content\/uploads\/2024\/07\/Screenshot-2024-07-24-at-4.36.51-PM.jpg",664,660,false],"thumbnail":["https:\/\/myreplicawatches.io\/wp-content\/uploads\/2024\/07\/Screenshot-2024-07-24-at-4.36.51-PM-150x150.png",150,150,true],"medium":["https:\/\/myreplicawatches.io\/wp-content\/uploads\/2024\/07\/Screenshot-2024-07-24-at-4.36.51-PM-300x298.png",300,298,true],"medium_large":["https:\/\/myreplicawatches.io\/wp-content\/uploads\/2024\/07\/Screenshot-2024-07-24-at-4.36.51-PM.jpg",664,660,false],"large":["https:\/\/myreplicawatches.io\/wp-content\/uploads\/2024\/07\/Screenshot-2024-07-24-at-4.36.51-PM.jpg",664,660,false],"1536x1536":["https:\/\/myreplicawatches.io\/wp-content\/uploads\/2024\/07\/Screenshot-2024-07-24-at-4.36.51-PM.jpg",664,660,false],"2048x2048":["https:\/\/myreplicawatches.io\/wp-content\/uploads\/2024\/07\/Screenshot-2024-07-24-at-4.36.51-PM.jpg",664,660,false],"woocommerce_thumbnail":["https:\/\/myreplicawatches.io\/wp-content\/uploads\/2024\/07\/Screenshot-2024-07-24-at-4.36.51-PM-300x300.jpg",300,300,true],"woocommerce_single":["https:\/\/myreplicawatches.io\/wp-content\/uploads\/2024\/07\/Screenshot-2024-07-24-at-4.36.51-PM-600x596.jpg",600,596,true],"woocommerce_gallery_thumbnail":["https:\/\/myreplicawatches.io\/wp-content\/uploads\/2024\/07\/Screenshot-2024-07-24-at-4.36.51-PM-100x100.jpg",100,100,true],"variation_swatches_image_size":["https:\/\/myreplicawatches.io\/wp-content\/uploads\/2024\/07\/Screenshot-2024-07-24-at-4.36.51-PM-50x50.png",50,50,true],"variation_swatches_tooltip_size":["https:\/\/myreplicawatches.io\/wp-content\/uploads\/2024\/07\/Screenshot-2024-07-24-at-4.36.51-PM-100x100.png",100,100,true],"dgwt-wcas-product-suggestion":["https:\/\/myreplicawatches.io\/wp-content\/uploads\/2024\/07\/Screenshot-2024-07-24-at-4.36.51-PM-64x64.jpg",64,64,true]},"uagb_author_info":{"display_name":"admin","author_link":"https:\/\/myreplicawatches.io\/de\/author\/"},"uagb_comment_info":0,"uagb_excerpt":"Rolex Cosmograph Daytona 116506 ICE BLUE Zifferblatt Original Kal.4130 Uhrwerk &#8211; Ultimative 904L Stahluhr &nbsp; Das beste Rolex Daytona Modell, das bis heute repliziert wurde. Das erste Rolex-Modell, bei dem Geh\u00e4use und Armband aus 904L-Stahl gefertigt wurden, demselben Stahl, den auch Rolex verwendet. Verglichen mit einem Original Seite an Seite und es gab KEINE Unterschiede.","jetpack_sharing_enabled":true,"_links":{"self":[{"href":"https:\/\/myreplicawatches.io\/de\/wp-json\/wp\/v2\/product\/12830","targetHints":{"allow":["GET"]}}],"collection":[{"href":"https:\/\/myreplicawatches.io\/de\/wp-json\/wp\/v2\/product"}],"about":[{"href":"https:\/\/myreplicawatches.io\/de\/wp-json\/wp\/v2\/types\/product"}],"replies":[{"embeddable":true,"href":"https:\/\/myreplicawatches.io\/de\/wp-json\/wp\/v2\/comments?post=12830"}],"wp:featuredmedia":[{"embeddable":true,"href":"https:\/\/myreplicawatches.io\/de\/wp-json\/wp\/v2\/media\/12837"}],"wp:attachment":[{"href":"https:\/\/myreplicawatches.io\/de\/wp-json\/wp\/v2\/media?parent=12830"}],"wp:term":[{"taxonomy":"product_brand","embeddable":true,"href":"https:\/\/myreplicawatches.io\/de\/wp-json\/wp\/v2\/product_brand?post=12830"},{"taxonomy":"product_cat","embeddable":true,"href":"https:\/\/myreplicawatches.io\/de\/wp-json\/wp\/v2\/product_cat?post=12830"},{"taxonomy":"product_tag","embeddable":true,"href":"https:\/\/myreplicawatches.io\/de\/wp-json\/wp\/v2\/product_tag?post=12830"}],"curies":[{"name":"wp","href":"https:\/\/api.w.org\/{rel}","templated":true}]}}