{"id":12782,"date":"2024-06-17T11:29:12","date_gmt":"2024-06-17T11:29:12","guid":{"rendered":"https:\/\/myreplicawatches.io\/product\/super-clone-omega-speedmaster-snoopy-replik\/"},"modified":"2025-09-20T14:48:03","modified_gmt":"2025-09-20T14:48:03","slug":"super-clone-omega-speedmaster-snoopy-replik","status":"publish","type":"product","link":"https:\/\/myreplicawatches.io\/de\/product\/super-clone-omega-speedmaster-snoopy-replik\/","title":{"rendered":"Super Clone Omega Speedmaster Snoopy Replik"},"content":{"rendered":"<div class=\"product-info__text\">\n<div class=\"prose\">\n<h3>Super Clone Omega Speedmaster Snoopy Replik &#8211; Beste Qualit\u00e4t Clone<\/h3>\n<h3><\/h3>\n<h3>Vorteile des Besitzes der Super Clone Omega Speedmaster Snoopy Replica<\/h3>\n<ul>\n<li>Eine Replik kann zu einem weitaus g\u00fcnstigeren Preis als eine echte Uhr erworben werden, aber eine Replik sieht genauso aus und f\u00fchlt sich genauso an wie das Original.<\/li>\n<li>Das Letzte, was man will, ist ein Verm\u00f6gen f\u00fcr eine Luxusuhr auszugeben, die nur geringe Unterschiede zu unseren Replikaten aufweist.<\/li>\n<li>Viele Uhrenliebhaber m\u00f6chten nicht Tausende von Dollars f\u00fcr Uhren ausgeben und w\u00fcnschen sich das gro\u00dfartige Gef\u00fchl, eine gro\u00dfartige Luxusmarkenuhr zu besitzen. Hier kommt myreplicawatches ins Spiel und bietet seinen Kunden dieses Gef\u00fchl. <\/li>\n<li>Besitzen Sie bereits eine echte High End Uhr, die Sie aus Sicherheitsgr\u00fcnden oder aus Gr\u00fcnden der Abwertung bei bestimmten Anl\u00e4ssen nicht tragen m\u00f6chten? Tragen Sie Ihre hochwertige Super Clone Omega Speedmaster Snoopy Replica Uhr und f\u00fchlen Sie sich sicherer, haben Sie das gleiche Vertrauen und sch\u00fctzen Sie Ihre Wertsachen.\n<\/li>\n<\/ul>\n<\/div>\n<\/div>\n<div class=\"product-info__description\">\n<div class=\"prose\">\n<table id=\"tablepress-24\" class=\"tablepress tablepress-id-24\">\n<thead>\n<tr class=\"row-1 odd\">\n<th class=\"column-1\" colspan=\"2\">Super Clone Omega Speedmaster Snoopy Replik<\/p>\n<p>SPEZIFIKATIONEN der Omega Speedmaster Snoopy 310.32.42.50.02.001 Replik<\/th>\n<\/tr>\n<\/thead>\n<tbody class=\"row-hover\">\n<tr class=\"row-2 even\">\n<td class=\"column-1\"><b>MARKE<\/b><\/td>\n<td class=\"column-2\">Omega<\/td>\n<\/tr>\n<tr class=\"row-3 odd\">\n<td class=\"column-1\"><b>FAMILIE<\/b><\/td>\n<td class=\"column-2\">Speedmaster Snoopy Replik<\/td>\n<\/tr>\n<tr class=\"row-4 even\">\n<td class=\"column-1\"><b>MODELL NR.<\/b><\/td>\n<td class=\"column-2\">310.32.42.50.02.001<\/td>\n<\/tr>\n<tr class=\"row-5 odd\">\n<td class=\"column-1\" colspan=\"2\"><b>MECHANISMUS<\/b><\/td>\n<\/tr>\n<tr class=\"row-6 even\">\n<td class=\"column-1\">Uhrwerk<\/td>\n<td class=\"column-2\">Automatisch<\/td>\n<\/tr>\n<tr class=\"row-7 odd\">\n<td class=\"column-1\">Kaliber<\/td>\n<td class=\"column-2\">3861<\/td>\n<\/tr>\n<tr class=\"row-8 even\">\n<td class=\"column-1\">Leistungsreserve<\/td>\n<td class=\"column-2\">60 Stunden (Ungef\u00e4hr)<\/td>\n<\/tr>\n<tr class=\"row-9 odd\">\n<td class=\"column-1\">Pr\u00e4zision<\/td>\n<td class=\"column-2\">(-3\/+3 Sek.\/Tag) Innerhalb der COSC-Zertifizierungsgrenzen<\/td>\n<\/tr>\n<tr class=\"row-10 even\">\n<td class=\"column-1\">Zweite Hand<\/td>\n<td class=\"column-2\">Wischbewegung<\/td>\n<\/tr>\n<tr class=\"row-11 odd\">\n<td class=\"column-1\" colspan=\"2\"><b>CASE<\/b><\/td>\n<\/tr>\n<tr class=\"row-12 even\">\n<td class=\"column-1\">Material<\/td>\n<td class=\"column-2\">904L rostfreier Stahl<\/td>\n<\/tr>\n<tr class=\"row-13 odd\">\n<td class=\"column-1\">Farbe<\/td>\n<td class=\"column-2\">Stahl<\/td>\n<\/tr>\n<tr class=\"row-14 even\">\n<td class=\"column-1\">Material L\u00fcnette<\/td>\n<td class=\"column-2\">904L Edelstahl<\/td>\n<\/tr>\n<tr class=\"row-15 odd\">\n<td class=\"column-1\">Farbe L\u00fcnette<\/td>\n<td class=\"column-2\">Blau<\/td>\n<\/tr>\n<tr class=\"row-16 even\">\n<td class=\"column-1\">Kristall<\/td>\n<td class=\"column-2\">Saphirglas<\/td>\n<\/tr>\n<tr class=\"row-17 odd\">\n<td class=\"column-1\">Gr\u00f6\u00dfe<\/td>\n<td class=\"column-2\">42.00 mm<\/td>\n<\/tr>\n<tr class=\"row-18 even\">\n<td class=\"column-1\">Dicke<\/td>\n<td class=\"column-2\">14.00 mm<\/td>\n<\/tr>\n<tr class=\"row-19 odd\">\n<td class=\"column-1\" colspan=\"2\"><b>BRACELET<\/b><\/td>\n<\/tr>\n<tr class=\"row-20 even\">\n<td class=\"column-1\">Material<\/td>\n<td class=\"column-2\">Stoff<\/td>\n<\/tr>\n<tr class=\"row-21 odd\">\n<td class=\"column-1\">Typ<\/td>\n<td class=\"column-2\">k.A.<\/td>\n<\/tr>\n<tr class=\"row-22 even\">\n<td class=\"column-1\">Farbe<\/td>\n<td class=\"column-2\">Blau<\/td>\n<\/tr>\n<tr class=\"row-23 odd\">\n<td class=\"column-1\">Gr\u00f6\u00dfe<\/td>\n<td class=\"column-2\">Einstellbare Glieder als Original f\u00fcr alle Gr\u00f6\u00dfen<\/td>\n<\/tr>\n<tr class=\"row-24 even\">\n<td class=\"column-1\">Material der Schlie\u00dfe<\/td>\n<td class=\"column-2\">904L Edelstahl<\/td>\n<\/tr>\n<tr class=\"row-25 odd\">\n<td class=\"column-1\">Verschluss Typ<\/td>\n<td class=\"column-2\">Faltschlie\u00dfe<\/td>\n<\/tr>\n<tr class=\"row-26 even\">\n<td class=\"column-1\">Farbe der Schlie\u00dfe<\/td>\n<td class=\"column-2\">Stahl<\/td>\n<\/tr>\n<tr class=\"row-27 odd\">\n<td class=\"column-1\" colspan=\"2\"><b>DIAL<\/b><\/td>\n<\/tr>\n<tr class=\"row-28 even\">\n<td class=\"column-1\">Spitzname<\/td>\n<td class=\"column-2\">k.A.<\/td>\n<\/tr>\n<tr class=\"row-29 odd\">\n<td class=\"column-1\">Farbe<\/td>\n<td class=\"column-2\">Blau, Wei\u00df<\/td>\n<\/tr>\n<tr class=\"row-30 even\">\n<td class=\"column-1\">Indizes<\/td>\n<td class=\"column-2\">Stick<\/td>\n<\/tr>\n<tr class=\"row-31 odd\">\n<td class=\"column-1\">Material der Stundenmarkierungen<\/td>\n<td class=\"column-2\">904L Edelstahl<\/td>\n<\/tr>\n<tr class=\"row-32 even\">\n<td class=\"column-1\">Stundenmarker Typ<\/td>\n<td class=\"column-2\">Stick<\/td>\n<\/tr>\n<tr class=\"row-33 odd\">\n<td class=\"column-1\">Material der Zeiger<\/td>\n<td class=\"column-2\">904L Edelstahl<\/td>\n<\/tr>\n<tr class=\"row-34 even\">\n<td class=\"column-1\">H\u00e4nde Typ<\/td>\n<td class=\"column-2\">Stick<\/td>\n<\/tr>\n<tr class=\"row-35 odd\">\n<td class=\"column-1\"><b>FUNKTIONEN<\/b><\/td>\n<td class=\"column-2\">Chronograph, Tachymeter, Flyback<\/td>\n<\/tr>\n<tr class=\"row-36 even\">\n<td class=\"column-1\"><b>WASSERBEST\u00c4NDIGKEIT<\/b><\/td>\n<td class=\"column-2\">Hat den 30m-Wasserdichtigkeitstest bestanden. (Der Test wurde unter einem Druck von 3 atm\/30 Metern durchgef\u00fchrt. Schwimmen wird jedoch f\u00fcr keine Uhr empfohlen, weder f\u00fcr eine echte noch f\u00fcr eine Replik). <\/td>\n<\/tr>\n<tr class=\"row-37 odd\">\n<td class=\"column-1\"><b>PERFEKTION<\/b><\/td>\n<td class=\"column-2\">&#8211; Die gleichen arrangierbaren Seriennummern und Karten<br \/>\n&#8211; Die gleiche Schriftart, Punto und Verarbeitung f\u00fcr Schriften und Markierungen<br \/>\n&#8211; Die gleiche Dicke und Gr\u00f6\u00dfe<br \/>\n&#8211; Das gleiche leistungsstarke Uhrwerk und Kaliber<br \/>\nKurz gesagt, es ist die gleiche authentische Uhr! Das ist die Perfektion unserer 1:1-Superklone von Uhren mit Schweizer Mechanismus! Nicht einmal Ihr Juwelier kann den Unterschied feststellen!  <\/td>\n<\/tr>\n<\/tbody>\n<\/table>\n<\/div>\n<\/div>\n","protected":false},"excerpt":{"rendered":"<p>Super Clone Omega Speedmaster Snoopy Replik &#8211; Beste Qualit\u00e4t Clone Vorteile des Besitzes der Super Clone Omega Speedmaster Snoopy Replica Eine Replik kann zu einem weitaus g\u00fcnstigeren Preis als eine echte Uhr erworben werden, aber eine Replik sieht genauso aus und f\u00fchlt sich genauso an wie das Original. Das Letzte, was man will, ist ein<\/p>\n","protected":false},"featured_media":12784,"comment_status":"open","ping_status":"closed","template":"","meta":{"_uag_custom_page_level_css":"","site-sidebar-layout":"default","site-content-layout":"","ast-site-content-layout":"default","site-content-style":"default","site-sidebar-style":"default","ast-global-header-display":"","ast-banner-title-visibility":"","ast-main-header-display":"","ast-hfb-above-header-display":"","ast-hfb-below-header-display":"","ast-hfb-mobile-header-display":"","site-post-title":"","ast-breadcrumbs-content":"","ast-featured-img":"","footer-sml-layout":"","theme-transparent-header-meta":"default","adv-header-id-meta":"","stick-header-meta":"default","header-above-stick-meta":"","header-main-stick-meta":"","header-below-stick-meta":"","astra-migrate-meta-layouts":"default","ast-page-background-enabled":"default","ast-page-background-meta":{"desktop":{"background-color":"var(--ast-global-color-4)","background-image":"","background-repeat":"repeat","background-position":"center center","background-size":"auto","background-attachment":"scroll","background-type":"","background-media":"","overlay-type":"","overlay-color":"","overlay-opacity":"","overlay-gradient":""},"tablet":{"background-color":"","background-image":"","background-repeat":"repeat","background-position":"center center","background-size":"auto","background-attachment":"scroll","background-type":"","background-media":"","overlay-type":"","overlay-color":"","overlay-opacity":"","overlay-gradient":""},"mobile":{"background-color":"","background-image":"","background-repeat":"repeat","background-position":"center center","background-size":"auto","background-attachment":"scroll","background-type":"","background-media":"","overlay-type":"","overlay-color":"","overlay-opacity":"","overlay-gradient":""}},"ast-content-background-meta":{"desktop":{"background-color":"var(--ast-global-color-5)","background-image":"","background-repeat":"repeat","background-position":"center center","background-size":"auto","background-attachment":"scroll","background-type":"","background-media":"","overlay-type":"","overlay-color":"","overlay-opacity":"","overlay-gradient":""},"tablet":{"background-color":"var(--ast-global-color-5)","background-image":"","background-repeat":"repeat","background-position":"center center","background-size":"auto","background-attachment":"scroll","background-type":"","background-media":"","overlay-type":"","overlay-color":"","overlay-opacity":"","overlay-gradient":""},"mobile":{"background-color":"var(--ast-global-color-5)","background-image":"","background-repeat":"repeat","background-position":"center center","background-size":"auto","background-attachment":"scroll","background-type":"","background-media":"","overlay-type":"","overlay-color":"","overlay-opacity":"","overlay-gradient":""}}},"product_brand":[],"product_cat":[290,297,296,288,369,270],"product_tag":[918,902,895,894,897,889,890,318,899,901,313,323],"class_list":{"0":"post-12782","1":"product","2":"type-product","3":"status-publish","4":"has-post-thumbnail","6":"product_cat-neue-kollektion-2024","7":"product_cat-replik-omega-speedmaster","8":"product_cat-super-klon-omega","9":"product_cat-super-klon-uhren","10":"product_cat-newest-products-de","11":"product_cat-replica-omega-watches-best-quality-de","12":"product_tag-classic-de","13":"product_tag-elegant-de","14":"product_tag-fashion-de","15":"product_tag-high-quality-de","16":"product_tag-jewelry-de","17":"product_tag-luxury-de","18":"product_tag-mens-de","19":"product_tag-omega-de","20":"product_tag-prestigious-de","21":"product_tag-sporty-de","22":"product_tag-super-clone-omega-speedmaster-snoopy-replik","23":"product_tag-watch-de","24":"desktop-align-left","25":"tablet-align-left","26":"mobile-align-left","27":"ast-product-gallery-layout-vertical-slider","28":"ast-product-single-variable","30":"first","31":"instock","32":"sale","33":"shipping-taxable","34":"purchasable","35":"product-type-variable"},"uagb_featured_image_src":{"full":["https:\/\/myreplicawatches.io\/wp-content\/uploads\/2024\/06\/Screenshot-2024-08-02-at-11.11.04-PM.jpg",1042,1036,false],"thumbnail":["https:\/\/myreplicawatches.io\/wp-content\/uploads\/2024\/06\/Screenshot-2024-08-02-at-11.11.04-PM-150x150.png",150,150,true],"medium":["https:\/\/myreplicawatches.io\/wp-content\/uploads\/2024\/06\/Screenshot-2024-08-02-at-11.11.04-PM-300x298.png",300,298,true],"medium_large":["https:\/\/myreplicawatches.io\/wp-content\/uploads\/2024\/06\/Screenshot-2024-08-02-at-11.11.04-PM-768x764.png",768,764,true],"large":["https:\/\/myreplicawatches.io\/wp-content\/uploads\/2024\/06\/Screenshot-2024-08-02-at-11.11.04-PM-1024x1018.png",1024,1018,true],"1536x1536":["https:\/\/myreplicawatches.io\/wp-content\/uploads\/2024\/06\/Screenshot-2024-08-02-at-11.11.04-PM.jpg",1042,1036,false],"2048x2048":["https:\/\/myreplicawatches.io\/wp-content\/uploads\/2024\/06\/Screenshot-2024-08-02-at-11.11.04-PM.jpg",1042,1036,false],"woocommerce_thumbnail":["https:\/\/myreplicawatches.io\/wp-content\/uploads\/2024\/06\/Screenshot-2024-08-02-at-11.11.04-PM-300x300.jpg",300,300,true],"woocommerce_single":["https:\/\/myreplicawatches.io\/wp-content\/uploads\/2024\/06\/Screenshot-2024-08-02-at-11.11.04-PM-600x597.jpg",600,597,true],"woocommerce_gallery_thumbnail":["https:\/\/myreplicawatches.io\/wp-content\/uploads\/2024\/06\/Screenshot-2024-08-02-at-11.11.04-PM-100x100.jpg",100,100,true],"variation_swatches_image_size":["https:\/\/myreplicawatches.io\/wp-content\/uploads\/2024\/06\/Screenshot-2024-08-02-at-11.11.04-PM-50x50.png",50,50,true],"variation_swatches_tooltip_size":["https:\/\/myreplicawatches.io\/wp-content\/uploads\/2024\/06\/Screenshot-2024-08-02-at-11.11.04-PM-100x100.png",100,100,true],"dgwt-wcas-product-suggestion":["https:\/\/myreplicawatches.io\/wp-content\/uploads\/2024\/06\/Screenshot-2024-08-02-at-11.11.04-PM-64x64.jpg",64,64,true]},"uagb_author_info":{"display_name":"admin","author_link":"https:\/\/myreplicawatches.io\/de\/author\/"},"uagb_comment_info":0,"uagb_excerpt":"Super Clone Omega Speedmaster Snoopy Replik &#8211; Beste Qualit\u00e4t Clone Vorteile des Besitzes der Super Clone Omega Speedmaster Snoopy Replica Eine Replik kann zu einem weitaus g\u00fcnstigeren Preis als eine echte Uhr erworben werden, aber eine Replik sieht genauso aus und f\u00fchlt sich genauso an wie das Original. Das Letzte, was man will, ist ein","jetpack_sharing_enabled":true,"_links":{"self":[{"href":"https:\/\/myreplicawatches.io\/de\/wp-json\/wp\/v2\/product\/12782","targetHints":{"allow":["GET"]}}],"collection":[{"href":"https:\/\/myreplicawatches.io\/de\/wp-json\/wp\/v2\/product"}],"about":[{"href":"https:\/\/myreplicawatches.io\/de\/wp-json\/wp\/v2\/types\/product"}],"replies":[{"embeddable":true,"href":"https:\/\/myreplicawatches.io\/de\/wp-json\/wp\/v2\/comments?post=12782"}],"wp:featuredmedia":[{"embeddable":true,"href":"https:\/\/myreplicawatches.io\/de\/wp-json\/wp\/v2\/media\/12784"}],"wp:attachment":[{"href":"https:\/\/myreplicawatches.io\/de\/wp-json\/wp\/v2\/media?parent=12782"}],"wp:term":[{"taxonomy":"product_brand","embeddable":true,"href":"https:\/\/myreplicawatches.io\/de\/wp-json\/wp\/v2\/product_brand?post=12782"},{"taxonomy":"product_cat","embeddable":true,"href":"https:\/\/myreplicawatches.io\/de\/wp-json\/wp\/v2\/product_cat?post=12782"},{"taxonomy":"product_tag","embeddable":true,"href":"https:\/\/myreplicawatches.io\/de\/wp-json\/wp\/v2\/product_tag?post=12782"}],"curies":[{"name":"wp","href":"https:\/\/api.w.org\/{rel}","templated":true}]}}