{"id":12770,"date":"2024-06-14T17:36:45","date_gmt":"2024-06-14T17:36:45","guid":{"rendered":"https:\/\/myreplicawatches.io\/product\/replik-klon-denim-blau-patek-philippe-aquanaut-2024-modell\/"},"modified":"2025-12-28T11:27:29","modified_gmt":"2025-12-28T11:27:29","slug":"replik-klon-denim-blau-patek-philippe-aquanaut-2024-modell","status":"publish","type":"product","link":"https:\/\/myreplicawatches.io\/de\/product\/replik-klon-denim-blau-patek-philippe-aquanaut-2024-modell\/","title":{"rendered":"Replik Klon Denim Blau Patek Philippe Aquanaut 2024 Modell"},"content":{"rendered":"<h3>Replik Klon Denim Blau Patek Philippe Aquanaut &#8211; Beste Qualit\u00e4t Replik Klon<\/h3>\n<p>&nbsp;<\/p>\n<h3>Vorteile des Besitzes der Replica Clone Denim Blue Patek Philippe Aquanaut<\/h3>\n<ul>\n<li>Eine Replik kann zu einem weitaus g\u00fcnstigeren Preis als eine echte Uhr erworben werden. Dennoch sieht eine Replik New 2024 Replica Clone Denim Blue Patek Philippe Aquanaut Travel Time 5164G genauso aus und f\u00fchlt sich genauso an wie das Original.<\/li>\n<li>Das Letzte, was man will, ist ein Verm\u00f6gen f\u00fcr eine Luxusuhr auszugeben, die nur geringe Unterschiede zu unseren Replikaten aufweist.<\/li>\n<li>Viele Uhrenliebhaber m\u00f6chten nicht Tausende von Dollars f\u00fcr Uhren ausgeben und w\u00fcnschen sich das gro\u00dfartige Gef\u00fchl, eine gro\u00dfartige Luxusmarkenuhr zu besitzen. Hier kommt myreplica watches ins Spiel und bietet seinen Kunden dieses Gef\u00fchl.<\/li>\n<li>Besitzen Sie bereits eine echte High End Uhr, die Sie aus Sicherheitsgr\u00fcnden oder aus Gr\u00fcnden der Abwertung bei bestimmten Anl\u00e4ssen nicht tragen m\u00f6chten? Tragen Sie Ihre High Quality Replica Clone Denim Blue Patek Philippe Aquanaut Uhr und f\u00fchlen Sie sich sicherer, haben Sie das gleiche Vertrauen, sch\u00fctzen Sie Ihre Wertsachen<\/li>\n<\/ul>\n<p>&nbsp;<\/p>\n<p>Entdecken Sie die Eleganz und Raffinesse der <strong>Replica Aquanaut 5168G-001 Patek Philippe<\/strong>, ein Meisterwerk in der Welt der hochwertigen Replik-Uhren. Dieser atemberaubende Zeitmesser spiegelt das Originaldesign von Patek Philippe wider und bietet eine Mischung aus Luxus und Funktionalit\u00e4t zu einem Bruchteil des Preises. Das mit viel Liebe zum Detail gefertigte 42,2 mm gro\u00dfe Geh\u00e4use aus Wei\u00dfgold erstrahlt in einem unvergleichlichen Glanz und beherbergt ein sorgf\u00e4ltig gestaltetes Zifferblatt, das B\u00e4nde \u00fcber seine Handwerkskunst spricht. Die Sch\u00f6nheit von Replik-Uhren liegt in ihrer F\u00e4higkeit, Luxus zug\u00e4nglich zu machen. Sie k\u00f6nnen das Prestige und den Stil einer Patek Philippe erleben, ohne den hohen Preis zu zahlen. Unsere Replik Aquanaut ist perfekt f\u00fcr Uhrenliebhaber und modebewusste Menschen und bietet die ideale Balance zwischen Raffinesse und Erschwinglichkeit. Sie ist nicht nur eine Uhr, sie ist ein Statement. Erleben Sie un\u00fcbertroffene Qualit\u00e4t und Stil mit den Funktionen, die unsere Replik Aquanaut 5168G-001 Patek Philippe bietet:<\/p>\n<table border=\"1\">\n<tbody>\n<tr>\n<th>FEATURE<\/th>\n<th>DESCRIPTION<\/th>\n<\/tr>\n<tr>\n<td>Material<\/td>\n<td>Wei\u00dfgold<\/td>\n<\/tr>\n<tr>\n<td>Geh\u00e4use Gr\u00f6\u00dfe<\/td>\n<td>42,2 mm<\/td>\n<\/tr>\n<tr>\n<td>Zifferblatt<\/td>\n<td>Elegant gefertigt<\/td>\n<\/tr>\n<tr>\n<td>Wasserbest\u00e4ndigkeit<\/td>\n<td>Ja<\/td>\n<\/tr>\n<tr>\n<td><\/td>\n<\/tr>\n<\/tbody>\n<\/table>\n","protected":false},"excerpt":{"rendered":"<p>Replik Klon Denim Blau Patek Philippe Aquanaut &#8211; Beste Qualit\u00e4t Replik Klon &nbsp; Vorteile des Besitzes der Replica Clone Denim Blue Patek Philippe Aquanaut Eine Replik kann zu einem weitaus g\u00fcnstigeren Preis als eine echte Uhr erworben werden. Dennoch sieht eine Replik New 2024 Replica Clone Denim Blue Patek Philippe Aquanaut Travel Time 5164G genauso<\/p>\n","protected":false},"featured_media":12773,"comment_status":"open","ping_status":"closed","template":"","meta":{"_uag_custom_page_level_css":"","site-sidebar-layout":"default","site-content-layout":"","ast-site-content-layout":"default","site-content-style":"default","site-sidebar-style":"default","ast-global-header-display":"","ast-banner-title-visibility":"","ast-main-header-display":"","ast-hfb-above-header-display":"","ast-hfb-below-header-display":"","ast-hfb-mobile-header-display":"","site-post-title":"","ast-breadcrumbs-content":"","ast-featured-img":"","footer-sml-layout":"","theme-transparent-header-meta":"default","adv-header-id-meta":"","stick-header-meta":"default","header-above-stick-meta":"","header-main-stick-meta":"","header-below-stick-meta":"","astra-migrate-meta-layouts":"set","ast-page-background-enabled":"default","ast-page-background-meta":{"desktop":{"background-color":"var(--ast-global-color-4)","background-image":"","background-repeat":"repeat","background-position":"center center","background-size":"auto","background-attachment":"scroll","background-type":"","background-media":"","overlay-type":"","overlay-color":"","overlay-opacity":"","overlay-gradient":""},"tablet":{"background-color":"","background-image":"","background-repeat":"repeat","background-position":"center center","background-size":"auto","background-attachment":"scroll","background-type":"","background-media":"","overlay-type":"","overlay-color":"","overlay-opacity":"","overlay-gradient":""},"mobile":{"background-color":"","background-image":"","background-repeat":"repeat","background-position":"center center","background-size":"auto","background-attachment":"scroll","background-type":"","background-media":"","overlay-type":"","overlay-color":"","overlay-opacity":"","overlay-gradient":""}},"ast-content-background-meta":{"desktop":{"background-color":"var(--ast-global-color-5)","background-image":"","background-repeat":"repeat","background-position":"center center","background-size":"auto","background-attachment":"scroll","background-type":"","background-media":"","overlay-type":"","overlay-color":"","overlay-opacity":"","overlay-gradient":""},"tablet":{"background-color":"var(--ast-global-color-5)","background-image":"","background-repeat":"repeat","background-position":"center center","background-size":"auto","background-attachment":"scroll","background-type":"","background-media":"","overlay-type":"","overlay-color":"","overlay-opacity":"","overlay-gradient":""},"mobile":{"background-color":"var(--ast-global-color-5)","background-image":"","background-repeat":"repeat","background-position":"center center","background-size":"auto","background-attachment":"scroll","background-type":"","background-media":"","overlay-type":"","overlay-color":"","overlay-opacity":"","overlay-gradient":""}}},"product_brand":[],"product_cat":[290,339,340,369],"product_tag":[918,902,895,894,897,889,890,316,899,323],"class_list":{"0":"post-12770","1":"product","2":"type-product","3":"status-publish","4":"has-post-thumbnail","6":"product_cat-neue-kollektion-2024","7":"product_cat-replik-patek-philippe","8":"product_cat-replik-uhren","9":"product_cat-newest-products-de","10":"product_tag-classic-de","11":"product_tag-elegant-de","12":"product_tag-fashion-de","13":"product_tag-high-quality-de","14":"product_tag-jewelry-de","15":"product_tag-luxury-de","16":"product_tag-mens-de","17":"product_tag-patek-philippe-de","18":"product_tag-prestigious-de","19":"product_tag-watch-de","20":"desktop-align-left","21":"tablet-align-left","22":"mobile-align-left","23":"ast-product-gallery-layout-vertical-slider","24":"ast-product-single-variable","26":"first","27":"instock","28":"shipping-taxable","29":"purchasable","30":"product-type-variable"},"uagb_featured_image_src":{"full":["https:\/\/myreplicawatches.io\/wp-content\/uploads\/2024\/06\/Screenshot-2024-06-14-at-6.50.35-PM.jpg",1174,1192,false],"thumbnail":["https:\/\/myreplicawatches.io\/wp-content\/uploads\/2024\/06\/Screenshot-2024-06-14-at-6.50.35-PM-150x150.png",150,150,true],"medium":["https:\/\/myreplicawatches.io\/wp-content\/uploads\/2024\/06\/Screenshot-2024-06-14-at-6.50.35-PM-295x300.png",295,300,true],"medium_large":["https:\/\/myreplicawatches.io\/wp-content\/uploads\/2024\/06\/Screenshot-2024-06-14-at-6.50.35-PM-768x780.png",768,780,true],"large":["https:\/\/myreplicawatches.io\/wp-content\/uploads\/2024\/06\/Screenshot-2024-06-14-at-6.50.35-PM-1009x1024.png",1009,1024,true],"1536x1536":["https:\/\/myreplicawatches.io\/wp-content\/uploads\/2024\/06\/Screenshot-2024-06-14-at-6.50.35-PM.jpg",1174,1192,false],"2048x2048":["https:\/\/myreplicawatches.io\/wp-content\/uploads\/2024\/06\/Screenshot-2024-06-14-at-6.50.35-PM.jpg",1174,1192,false],"woocommerce_thumbnail":["https:\/\/myreplicawatches.io\/wp-content\/uploads\/2024\/06\/Screenshot-2024-06-14-at-6.50.35-PM-300x300.jpg",300,300,true],"woocommerce_single":["https:\/\/myreplicawatches.io\/wp-content\/uploads\/2024\/06\/Screenshot-2024-06-14-at-6.50.35-PM-600x609.jpg",600,609,true],"woocommerce_gallery_thumbnail":["https:\/\/myreplicawatches.io\/wp-content\/uploads\/2024\/06\/Screenshot-2024-06-14-at-6.50.35-PM-100x100.jpg",100,100,true],"variation_swatches_image_size":["https:\/\/myreplicawatches.io\/wp-content\/uploads\/2024\/06\/Screenshot-2024-06-14-at-6.50.35-PM-50x50.png",50,50,true],"variation_swatches_tooltip_size":["https:\/\/myreplicawatches.io\/wp-content\/uploads\/2024\/06\/Screenshot-2024-06-14-at-6.50.35-PM-100x100.png",100,100,true],"dgwt-wcas-product-suggestion":["https:\/\/myreplicawatches.io\/wp-content\/uploads\/2024\/06\/Screenshot-2024-06-14-at-6.50.35-PM-64x65.jpg",64,65,true]},"uagb_author_info":{"display_name":"admin","author_link":"https:\/\/myreplicawatches.io\/de\/author\/"},"uagb_comment_info":0,"uagb_excerpt":"Replik Klon Denim Blau Patek Philippe Aquanaut &#8211; Beste Qualit\u00e4t Replik Klon &nbsp; Vorteile des Besitzes der Replica Clone Denim Blue Patek Philippe Aquanaut Eine Replik kann zu einem weitaus g\u00fcnstigeren Preis als eine echte Uhr erworben werden. Dennoch sieht eine Replik New 2024 Replica Clone Denim Blue Patek Philippe Aquanaut Travel Time 5164G genauso","jetpack_sharing_enabled":true,"_links":{"self":[{"href":"https:\/\/myreplicawatches.io\/de\/wp-json\/wp\/v2\/product\/12770","targetHints":{"allow":["GET"]}}],"collection":[{"href":"https:\/\/myreplicawatches.io\/de\/wp-json\/wp\/v2\/product"}],"about":[{"href":"https:\/\/myreplicawatches.io\/de\/wp-json\/wp\/v2\/types\/product"}],"replies":[{"embeddable":true,"href":"https:\/\/myreplicawatches.io\/de\/wp-json\/wp\/v2\/comments?post=12770"}],"wp:featuredmedia":[{"embeddable":true,"href":"https:\/\/myreplicawatches.io\/de\/wp-json\/wp\/v2\/media\/12773"}],"wp:attachment":[{"href":"https:\/\/myreplicawatches.io\/de\/wp-json\/wp\/v2\/media?parent=12770"}],"wp:term":[{"taxonomy":"product_brand","embeddable":true,"href":"https:\/\/myreplicawatches.io\/de\/wp-json\/wp\/v2\/product_brand?post=12770"},{"taxonomy":"product_cat","embeddable":true,"href":"https:\/\/myreplicawatches.io\/de\/wp-json\/wp\/v2\/product_cat?post=12770"},{"taxonomy":"product_tag","embeddable":true,"href":"https:\/\/myreplicawatches.io\/de\/wp-json\/wp\/v2\/product_tag?post=12770"}],"curies":[{"name":"wp","href":"https:\/\/api.w.org\/{rel}","templated":true}]}}