{"id":12756,"date":"2024-06-14T17:30:18","date_gmt":"2024-06-14T17:30:18","guid":{"rendered":"https:\/\/myreplicawatches.io\/product\/neu-2024-1908-replik-rolex-perpertual-39mm-platina\/"},"modified":"2025-11-16T12:38:40","modified_gmt":"2025-11-16T12:38:40","slug":"neu-2024-1908-replik-rolex-perpertual-39mm-platina","status":"publish","type":"product","link":"https:\/\/myreplicawatches.io\/de\/product\/neu-2024-1908-replik-rolex-perpertual-39mm-platina\/","title":{"rendered":"Neu 2024 1908 Replik Rolex Perpertual 39mm Platina"},"content":{"rendered":"<h2>Neu 2024 1908 Replik Rolex Perpertual 39mm Platina &#8211; Beste Qualit\u00e4t Replik Klon Rolex 1908<\/h2>\n<p>&nbsp;<\/p>\n<div class=\"specs_row\">\n<div class=\"specs_spec_title\">MARKE &#8211; Rolex<\/div>\n<\/div>\n<div class=\"specs_row\">\n<div class=\"specs_spec_title\">MODELL &#8211; 1908<\/div>\n<\/div>\n<div class=\"specs_row\">\n<div class=\"specs_spec_title\">REFERENZ &#8211; 52506<\/div>\n<\/div>\n<div class=\"specs_row\">\n<div class=\"specs_spec_title\">ZIFFERBLATT &#8211; Eisblau mit Reiskorn-Guillochierung und aufgesetzten Indizes<\/div>\n<\/div>\n<div class=\"specs_row\">\n<div class=\"specs_spec_title\">GEH\u00c4USE-MATERIAL &#8211; Platin<\/div>\n<\/div>\n<div class=\"specs_row\">\n<div class=\"specs_spec_title\">GEH\u00c4USEABMESSUNGEN &#8211; 39mm (Durchmesser) \u00d7 9,5mm (Dicke)<\/div>\n<\/div>\n<div class=\"specs_row\">\n<div class=\"specs_spec_title\">CRYSTAL &#8211; Saphir<\/div>\n<\/div>\n<div class=\"specs_row\">\n<div class=\"specs_spec_title\">GEH\u00c4USER\u00dcCKSEITE &#8211; Platin mit Saphirglas<\/div>\n<\/div>\n<div class=\"specs_row\">\n<div class=\"specs_spec_title\">UHRWERK &#8211; Rolex 7140: Automatik mit Handaufzug, Frequenz 28.800vph, 66 Stunden Gangreserve, 38 Lagersteine, Chronergy Hemmung, Siloxyspirale, Ganggenauigkeit \u00b12 Sekunden pro Tag<\/div>\n<\/div>\n<div class=\"specs_row\">\n<div class=\"specs_spec_title\">WASSERWIDERSTAND &#8211; 50m<\/div>\n<\/div>\n<div class=\"specs_row\">\n<div class=\"specs_spec_title\">ARMBAND &#8211; Braunes Alligatorleder mit gr\u00fcnem Futter und Doppelfaltschlie\u00dfe aus Platin<\/div>\n<\/div>\n<div class=\"specs_row\">\n<div class=\"specs_spec_title\">FUNKTIONEN &#8211; Nur Zeit (Stunden, Minuten, kleine Sekunden)<\/div>\n<\/div>\n<div><\/div>\n<div>\n<h3>Vorteile des Besitzes der New 2024 1908 Replica Rolex Perpertual 39mm Platina:<\/h3>\n<ul>\n<li>Eine Replik kann zu einem weitaus g\u00fcnstigeren Preis als eine echte Uhr erworben werden, aber eine Replik sieht genauso aus und f\u00fchlt sich genauso an wie das Original.<\/li>\n<\/ul>\n<p>&nbsp;<\/p>\n<ul>\n<li>Das Letzte, was jemand will, ist ein Verm\u00f6gen f\u00fcr eine Luxusuhr auszugeben, die nur geringf\u00fcgige Unterschiede zu unseren Replik-Uhren und dem Modell New 2024 1908 Replica Rolex Perpertual 39mm Platina aufweist.<\/li>\n<\/ul>\n<p>&nbsp;<\/p>\n<ul>\n<li>Viele Uhrenliebhaber m\u00f6chten nicht Tausende von Dollars f\u00fcr Uhren ausgeben und w\u00fcnschen sich das gro\u00dfartige Gef\u00fchl, eine gro\u00dfartige Luxusmarkenuhr zu besitzen. Hier kommt myreplica watches ins Spiel und bietet seinen Kunden dieses Gef\u00fchl.<\/li>\n<li>Besitzen Sie bereits eine echte High End Uhr, die Sie aus Sicherheitsgr\u00fcnden oder aus Gr\u00fcnden der Abwertung bei bestimmten Anl\u00e4ssen nicht tragen m\u00f6chten? Tragen Sie Ihre High Quality Replica New 2024 1908 Replica Rolex Perpertual 39mm Platina und f\u00fchlen Sie sich sicherer, haben Sie das gleiche Vertrauen, sch\u00fctzen Sie Ihre Wertsachen<\/li>\n<\/ul>\n<\/div>\n","protected":false},"excerpt":{"rendered":"<p>Neu 2024 1908 Replik Rolex Perpertual 39mm Platina &#8211; Beste Qualit\u00e4t Replik Klon Rolex 1908 &nbsp; MARKE &#8211; Rolex MODELL &#8211; 1908 REFERENZ &#8211; 52506 ZIFFERBLATT &#8211; Eisblau mit Reiskorn-Guillochierung und aufgesetzten Indizes GEH\u00c4USE-MATERIAL &#8211; Platin GEH\u00c4USEABMESSUNGEN &#8211; 39mm (Durchmesser) \u00d7 9,5mm (Dicke) CRYSTAL &#8211; Saphir GEH\u00c4USER\u00dcCKSEITE &#8211; Platin mit Saphirglas UHRWERK &#8211; Rolex 7140:<\/p>\n","protected":false},"featured_media":12760,"comment_status":"open","ping_status":"closed","template":"","meta":{"_uag_custom_page_level_css":"","site-sidebar-layout":"default","site-content-layout":"","ast-site-content-layout":"default","site-content-style":"default","site-sidebar-style":"default","ast-global-header-display":"","ast-banner-title-visibility":"","ast-main-header-display":"","ast-hfb-above-header-display":"","ast-hfb-below-header-display":"","ast-hfb-mobile-header-display":"","site-post-title":"","ast-breadcrumbs-content":"","ast-featured-img":"","footer-sml-layout":"","theme-transparent-header-meta":"default","adv-header-id-meta":"","stick-header-meta":"default","header-above-stick-meta":"","header-main-stick-meta":"","header-below-stick-meta":"","astra-migrate-meta-layouts":"set","ast-page-background-enabled":"default","ast-page-background-meta":{"desktop":{"background-color":"var(--ast-global-color-4)","background-image":"","background-repeat":"repeat","background-position":"center center","background-size":"auto","background-attachment":"scroll","background-type":"","background-media":"","overlay-type":"","overlay-color":"","overlay-opacity":"","overlay-gradient":""},"tablet":{"background-color":"","background-image":"","background-repeat":"repeat","background-position":"center center","background-size":"auto","background-attachment":"scroll","background-type":"","background-media":"","overlay-type":"","overlay-color":"","overlay-opacity":"","overlay-gradient":""},"mobile":{"background-color":"","background-image":"","background-repeat":"repeat","background-position":"center center","background-size":"auto","background-attachment":"scroll","background-type":"","background-media":"","overlay-type":"","overlay-color":"","overlay-opacity":"","overlay-gradient":""}},"ast-content-background-meta":{"desktop":{"background-color":"var(--ast-global-color-5)","background-image":"","background-repeat":"repeat","background-position":"center center","background-size":"auto","background-attachment":"scroll","background-type":"","background-media":"","overlay-type":"","overlay-color":"","overlay-opacity":"","overlay-gradient":""},"tablet":{"background-color":"var(--ast-global-color-5)","background-image":"","background-repeat":"repeat","background-position":"center center","background-size":"auto","background-attachment":"scroll","background-type":"","background-media":"","overlay-type":"","overlay-color":"","overlay-opacity":"","overlay-gradient":""},"mobile":{"background-color":"var(--ast-global-color-5)","background-image":"","background-repeat":"repeat","background-position":"center center","background-size":"auto","background-attachment":"scroll","background-type":"","background-media":"","overlay-type":"","overlay-color":"","overlay-opacity":"","overlay-gradient":""}}},"product_brand":[],"product_cat":[290,293,336,299,294,288,369],"product_tag":[1219,1221,918,902,904,1138,895,894,897,889,890,1553,1550,1551,1552,899,1115,1218,896,323],"class_list":{"0":"post-12756","1":"product","2":"type-product","3":"status-publish","4":"has-post-thumbnail","6":"product_cat-neue-kollektion-2024","7":"product_cat-replik-rolex","8":"product_cat-replik-rolex-date-just","9":"product_cat-rolex-replik-1908","10":"product_cat-super-klon-rolex","11":"product_cat-super-klon-uhren","12":"product_cat-newest-products-de","13":"product_tag-1908-de","14":"product_tag-39mm-de","15":"product_tag-classic-de","16":"product_tag-elegant-de","17":"product_tag-exclusive-de","18":"product_tag-exclusive-piece","19":"product_tag-fashion-de","20":"product_tag-high-quality-de","21":"product_tag-jewelry-de","22":"product_tag-luxury-de","23":"product_tag-mens-de","24":"product_tag-modern-design","25":"product_tag-new-2024","26":"product_tag-perpetual","27":"product_tag-platina","28":"product_tag-prestigious-de","29":"product_tag-replica-de","30":"product_tag-rolex-de-2","31":"product_tag-timepiece-de","32":"product_tag-watch-de","33":"desktop-align-left","34":"tablet-align-left","35":"mobile-align-left","36":"ast-product-gallery-layout-vertical-slider","38":"first","39":"instock","40":"sale","41":"shipping-taxable","42":"purchasable","43":"product-type-simple"},"uagb_featured_image_src":{"full":["https:\/\/myreplicawatches.io\/wp-content\/uploads\/2024\/06\/Screenshot-2024-06-14-at-7.37.20-PM.jpg",1372,1592,false],"thumbnail":["https:\/\/myreplicawatches.io\/wp-content\/uploads\/2024\/06\/Screenshot-2024-06-14-at-7.37.20-PM-150x150.png",150,150,true],"medium":["https:\/\/myreplicawatches.io\/wp-content\/uploads\/2024\/06\/Screenshot-2024-06-14-at-7.37.20-PM-259x300.png",259,300,true],"medium_large":["https:\/\/myreplicawatches.io\/wp-content\/uploads\/2024\/06\/Screenshot-2024-06-14-at-7.37.20-PM-768x891.png",768,891,true],"large":["https:\/\/myreplicawatches.io\/wp-content\/uploads\/2024\/06\/Screenshot-2024-06-14-at-7.37.20-PM-882x1024.png",882,1024,true],"1536x1536":["https:\/\/myreplicawatches.io\/wp-content\/uploads\/2024\/06\/Screenshot-2024-06-14-at-7.37.20-PM-1324x1536.png",1324,1536,true],"2048x2048":["https:\/\/myreplicawatches.io\/wp-content\/uploads\/2024\/06\/Screenshot-2024-06-14-at-7.37.20-PM.jpg",1372,1592,false],"woocommerce_thumbnail":["https:\/\/myreplicawatches.io\/wp-content\/uploads\/2024\/06\/Screenshot-2024-06-14-at-7.37.20-PM-300x300.jpg",300,300,true],"woocommerce_single":["https:\/\/myreplicawatches.io\/wp-content\/uploads\/2024\/06\/Screenshot-2024-06-14-at-7.37.20-PM-600x696.jpg",600,696,true],"woocommerce_gallery_thumbnail":["https:\/\/myreplicawatches.io\/wp-content\/uploads\/2024\/06\/Screenshot-2024-06-14-at-7.37.20-PM-100x100.jpg",100,100,true],"variation_swatches_image_size":["https:\/\/myreplicawatches.io\/wp-content\/uploads\/2024\/06\/Screenshot-2024-06-14-at-7.37.20-PM-50x50.png",50,50,true],"variation_swatches_tooltip_size":["https:\/\/myreplicawatches.io\/wp-content\/uploads\/2024\/06\/Screenshot-2024-06-14-at-7.37.20-PM-100x100.png",100,100,true],"dgwt-wcas-product-suggestion":["https:\/\/myreplicawatches.io\/wp-content\/uploads\/2024\/06\/Screenshot-2024-06-14-at-7.37.20-PM-64x74.jpg",64,74,true]},"uagb_author_info":{"display_name":"admin","author_link":"https:\/\/myreplicawatches.io\/de\/author\/"},"uagb_comment_info":0,"uagb_excerpt":"Neu 2024 1908 Replik Rolex Perpertual 39mm Platina &#8211; Beste Qualit\u00e4t Replik Klon Rolex 1908 &nbsp; MARKE &#8211; Rolex MODELL &#8211; 1908 REFERENZ &#8211; 52506 ZIFFERBLATT &#8211; Eisblau mit Reiskorn-Guillochierung und aufgesetzten Indizes GEH\u00c4USE-MATERIAL &#8211; Platin GEH\u00c4USEABMESSUNGEN &#8211; 39mm (Durchmesser) \u00d7 9,5mm (Dicke) CRYSTAL &#8211; Saphir GEH\u00c4USER\u00dcCKSEITE &#8211; Platin mit Saphirglas UHRWERK &#8211; Rolex 7140:","jetpack_sharing_enabled":true,"_links":{"self":[{"href":"https:\/\/myreplicawatches.io\/de\/wp-json\/wp\/v2\/product\/12756","targetHints":{"allow":["GET"]}}],"collection":[{"href":"https:\/\/myreplicawatches.io\/de\/wp-json\/wp\/v2\/product"}],"about":[{"href":"https:\/\/myreplicawatches.io\/de\/wp-json\/wp\/v2\/types\/product"}],"replies":[{"embeddable":true,"href":"https:\/\/myreplicawatches.io\/de\/wp-json\/wp\/v2\/comments?post=12756"}],"wp:featuredmedia":[{"embeddable":true,"href":"https:\/\/myreplicawatches.io\/de\/wp-json\/wp\/v2\/media\/12760"}],"wp:attachment":[{"href":"https:\/\/myreplicawatches.io\/de\/wp-json\/wp\/v2\/media?parent=12756"}],"wp:term":[{"taxonomy":"product_brand","embeddable":true,"href":"https:\/\/myreplicawatches.io\/de\/wp-json\/wp\/v2\/product_brand?post=12756"},{"taxonomy":"product_cat","embeddable":true,"href":"https:\/\/myreplicawatches.io\/de\/wp-json\/wp\/v2\/product_cat?post=12756"},{"taxonomy":"product_tag","embeddable":true,"href":"https:\/\/myreplicawatches.io\/de\/wp-json\/wp\/v2\/product_tag?post=12756"}],"curies":[{"name":"wp","href":"https:\/\/api.w.org\/{rel}","templated":true}]}}