{"id":12743,"date":"2024-06-20T15:37:40","date_gmt":"2024-06-20T15:37:40","guid":{"rendered":"https:\/\/myreplicawatches.io\/product\/replik-van-cleef-armband-kopieren\/"},"modified":"2025-09-19T22:20:21","modified_gmt":"2025-09-19T22:20:21","slug":"replik-van-cleef-armband-kopieren","status":"publish","type":"product","link":"https:\/\/myreplicawatches.io\/de\/product\/replik-van-cleef-armband-kopieren\/","title":{"rendered":"Replik Van Cleef-Armband kopieren"},"content":{"rendered":"<p>Kopie Replik Van Cleef Armband &#8211; Beste Qualit\u00e4t Replik Replik Van Cleef &amp; Arpels Armband<\/p>\n<div class=\"product-info__text\">\n<div class=\"prose\">\n<h3>Vorteile des Besitzes des Copy Replica Van Cleef Armbands:<\/h3>\n<ul>\n<li>Ein Replikat kann zu einem weitaus g\u00fcnstigeren Preis als ein Original erworben werden. Dennoch sieht ein Replikat Replica Van Cleef Armband genauso aus und f\u00fchlt sich genauso an wie das Original.<\/li>\n<li>Das Letzte, was man will, ist ein Verm\u00f6gen f\u00fcr eine Luxusuhr auszugeben, die nur geringe Unterschiede zu unseren Replikaten aufweist.<\/li>\n<li>Viele Uhrenliebhaber m\u00f6chten nicht Tausende von Dollars f\u00fcr ein Van Cleef Armband ausgeben und w\u00fcnschen sich das gro\u00dfartige Gef\u00fchl, eine gro\u00dfartige Luxusmarkenuhr zu besitzen. Hier kommt myreplicawatches ins Spiel und bietet seinen Kunden dieses Gef\u00fchl.<\/li>\n<li>Besitzen Sie bereits ein echtes High End Van Cleef und Arpels Armband, das Sie aus Sicherheitsgr\u00fcnden oder aus Gr\u00fcnden der Entwertung bei bestimmten Anl\u00e4ssen nicht tragen m\u00f6chten? Tragen Sie Ihr hochwertiges Replikat Replik Van Cleef Armband und f\u00fchlen Sie sich sicherer, haben Sie das gleiche Vertrauen, sch\u00fctzen Sie Ihre Wertsachen<\/li>\n<\/ul>\n<\/div>\n<\/div>\n<div class=\"product-info__description\">\n<div class=\"prose\">\n<p>Beste Qualit\u00e4t Replik Van Cleef Armband, dies ist die beste Qualit\u00e4t Replik, wir verkaufen keine schlechte Qualit\u00e4t Replik Kopien der Van Cleef Armb\u00e4nder.<\/p>\n<p>Bitte w\u00e4hlen Sie Ihre Farbe und Gr\u00f6\u00dfe vor der Bestellung.<\/p>\n<p>&nbsp;<\/p>\n<p>&#8211; Marke: Van Cleef &amp; Arpels Armband<br \/>\n&#8211; Handgelenkgr\u00f6\u00dfe:19cm<br \/>\n&#8211; Kollektion:Van Cleef &amp; Arpels Vintage Alhambra Armband<br \/>\n&#8211; Stein:5 Motive<\/p>\n<\/div>\n<\/div>\n<p>&nbsp;<\/p>\n<p><a href=\"https:\/\/myreplicawatches.io\/wp-content\/uploads\/2024\/06\/replica-van-cleef-.png\"><img fetchpriority=\"high\" decoding=\"async\" class=\"alignnone wp-image-6287\" src=\"https:\/\/myreplicawatches.io\/wp-content\/uploads\/2024\/06\/replica-van-cleef--300x108.png\" alt=\"Replik van cleef\" width=\"483\" height=\"174\" title=\"\"><\/a><\/p>\n<div class=\"product-info__description\">\n<div class=\"prose\">\n<p>Gr\u00f6\u00dfentabelle:<\/p>\n<p>&nbsp;<\/p>\n<table width=\"100%\">\n<tbody>\n<tr>\n<td>Gr\u00f6\u00dfe des Armbands<\/td>\n<td>Ihre Handgelenkgr\u00f6\u00dfe<\/td>\n<\/tr>\n<tr>\n<td>15<\/td>\n<td>15cm -15.3cm<\/td>\n<\/tr>\n<tr>\n<td>16<\/td>\n<td>\n<table width=\"221\">\n<tbody>\n<tr>\n<td>\n<table width=\"182\">\n<tbody>\n<tr>\n<td>15,5cm ( 6.1 incs<\/td>\n<\/tr>\n<\/tbody>\n<\/table>\n<\/td>\n<\/tr>\n<tr>\n<td><\/td>\n<\/tr>\n<\/tbody>\n<\/table>\n<\/td>\n<\/tr>\n<tr>\n<td>17<\/td>\n<td>15,6 cm &#8211; 16 cm ( 6,11 Zoll &#8211; 6,3 Zoll )<\/td>\n<\/tr>\n<tr>\n<td>18<\/td>\n<td>16,1 cm &#8211; 16,4 cm ( 6,31 Zoll &#8211; 6,5 Zoll)<\/td>\n<\/tr>\n<tr>\n<td>19<\/td>\n<td>16,5 cm &#8211; 17 cm ( 6,51 Zoll &#8211; 6,7 Zoll )<\/td>\n<\/tr>\n<\/tbody>\n<\/table>\n<\/div>\n<\/div>\n","protected":false},"excerpt":{"rendered":"<p>Kopie Replik Van Cleef Armband &#8211; Beste Qualit\u00e4t Replik Replik Van Cleef &amp; Arpels Armband Vorteile des Besitzes des Copy Replica Van Cleef Armbands: Ein Replikat kann zu einem weitaus g\u00fcnstigeren Preis als ein Original erworben werden. Dennoch sieht ein Replikat Replica Van Cleef Armband genauso aus und f\u00fchlt sich genauso an wie das Original.<\/p>\n","protected":false},"featured_media":12749,"comment_status":"open","ping_status":"closed","template":"","meta":{"_uag_custom_page_level_css":"","site-sidebar-layout":"default","site-content-layout":"","ast-site-content-layout":"default","site-content-style":"default","site-sidebar-style":"default","ast-global-header-display":"","ast-banner-title-visibility":"","ast-main-header-display":"","ast-hfb-above-header-display":"","ast-hfb-below-header-display":"","ast-hfb-mobile-header-display":"","site-post-title":"","ast-breadcrumbs-content":"","ast-featured-img":"","footer-sml-layout":"","theme-transparent-header-meta":"default","adv-header-id-meta":"","stick-header-meta":"default","header-above-stick-meta":"","header-main-stick-meta":"","header-below-stick-meta":"","astra-migrate-meta-layouts":"set","ast-page-background-enabled":"default","ast-page-background-meta":{"desktop":{"background-color":"var(--ast-global-color-4)","background-image":"","background-repeat":"repeat","background-position":"center center","background-size":"auto","background-attachment":"scroll","background-type":"","background-media":"","overlay-type":"","overlay-color":"","overlay-opacity":"","overlay-gradient":""},"tablet":{"background-color":"","background-image":"","background-repeat":"repeat","background-position":"center center","background-size":"auto","background-attachment":"scroll","background-type":"","background-media":"","overlay-type":"","overlay-color":"","overlay-opacity":"","overlay-gradient":""},"mobile":{"background-color":"","background-image":"","background-repeat":"repeat","background-position":"center center","background-size":"auto","background-attachment":"scroll","background-type":"","background-media":"","overlay-type":"","overlay-color":"","overlay-opacity":"","overlay-gradient":""}},"ast-content-background-meta":{"desktop":{"background-color":"var(--ast-global-color-5)","background-image":"","background-repeat":"repeat","background-position":"center center","background-size":"auto","background-attachment":"scroll","background-type":"","background-media":"","overlay-type":"","overlay-color":"","overlay-opacity":"","overlay-gradient":""},"tablet":{"background-color":"var(--ast-global-color-5)","background-image":"","background-repeat":"repeat","background-position":"center center","background-size":"auto","background-attachment":"scroll","background-type":"","background-media":"","overlay-type":"","overlay-color":"","overlay-opacity":"","overlay-gradient":""},"mobile":{"background-color":"var(--ast-global-color-5)","background-image":"","background-repeat":"repeat","background-position":"center center","background-size":"auto","background-attachment":"scroll","background-type":"","background-media":"","overlay-type":"","overlay-color":"","overlay-opacity":"","overlay-gradient":""}}},"product_brand":[],"product_cat":[290,369,403],"product_tag":[1412,1415,1107,1414,904,1138,895,894,897,889,1115,900,1416,1411,1413],"class_list":{"0":"post-12743","1":"product","2":"type-product","3":"status-publish","4":"has-post-thumbnail","6":"product_cat-neue-kollektion-2024","7":"product_cat-newest-products-de","8":"product_cat-uncategorized-de","9":"product_tag-bracelet","10":"product_tag-craftsmanship","11":"product_tag-design-de","12":"product_tag-elegance","13":"product_tag-exclusive-de","14":"product_tag-exclusive-piece","15":"product_tag-fashion-de","16":"product_tag-high-quality-de","17":"product_tag-jewelry-de","18":"product_tag-luxury-de","19":"product_tag-replica-de","20":"product_tag-stylish-de","21":"product_tag-timeless","22":"product_tag-van-cleef","23":"product_tag-women","24":"desktop-align-left","25":"tablet-align-left","26":"mobile-align-left","27":"ast-product-gallery-layout-vertical-slider","29":"first","30":"instock","31":"sale","32":"shipping-taxable","33":"purchasable","34":"product-type-simple"},"uagb_featured_image_src":{"full":["https:\/\/myreplicawatches.io\/wp-content\/uploads\/2024\/06\/Screenshot-2024-06-20-at-6.24.08-PM.jpg",802,796,false],"thumbnail":["https:\/\/myreplicawatches.io\/wp-content\/uploads\/2024\/06\/Screenshot-2024-06-20-at-6.24.08-PM-150x150.png",150,150,true],"medium":["https:\/\/myreplicawatches.io\/wp-content\/uploads\/2024\/06\/Screenshot-2024-06-20-at-6.24.08-PM-300x298.png",300,298,true],"medium_large":["https:\/\/myreplicawatches.io\/wp-content\/uploads\/2024\/06\/Screenshot-2024-06-20-at-6.24.08-PM-768x762.png",768,762,true],"large":["https:\/\/myreplicawatches.io\/wp-content\/uploads\/2024\/06\/Screenshot-2024-06-20-at-6.24.08-PM.jpg",802,796,false],"1536x1536":["https:\/\/myreplicawatches.io\/wp-content\/uploads\/2024\/06\/Screenshot-2024-06-20-at-6.24.08-PM.jpg",802,796,false],"2048x2048":["https:\/\/myreplicawatches.io\/wp-content\/uploads\/2024\/06\/Screenshot-2024-06-20-at-6.24.08-PM.jpg",802,796,false],"woocommerce_thumbnail":["https:\/\/myreplicawatches.io\/wp-content\/uploads\/2024\/06\/Screenshot-2024-06-20-at-6.24.08-PM-300x300.jpg",300,300,true],"woocommerce_single":["https:\/\/myreplicawatches.io\/wp-content\/uploads\/2024\/06\/Screenshot-2024-06-20-at-6.24.08-PM-600x596.jpg",600,596,true],"woocommerce_gallery_thumbnail":["https:\/\/myreplicawatches.io\/wp-content\/uploads\/2024\/06\/Screenshot-2024-06-20-at-6.24.08-PM-100x100.jpg",100,100,true],"variation_swatches_image_size":["https:\/\/myreplicawatches.io\/wp-content\/uploads\/2024\/06\/Screenshot-2024-06-20-at-6.24.08-PM-50x50.png",50,50,true],"variation_swatches_tooltip_size":["https:\/\/myreplicawatches.io\/wp-content\/uploads\/2024\/06\/Screenshot-2024-06-20-at-6.24.08-PM-100x100.png",100,100,true],"dgwt-wcas-product-suggestion":["https:\/\/myreplicawatches.io\/wp-content\/uploads\/2024\/06\/Screenshot-2024-06-20-at-6.24.08-PM-64x64.jpg",64,64,true]},"uagb_author_info":{"display_name":"admin","author_link":"https:\/\/myreplicawatches.io\/de\/author\/"},"uagb_comment_info":0,"uagb_excerpt":"Kopie Replik Van Cleef Armband &#8211; Beste Qualit\u00e4t Replik Replik Van Cleef &amp; Arpels Armband Vorteile des Besitzes des Copy Replica Van Cleef Armbands: Ein Replikat kann zu einem weitaus g\u00fcnstigeren Preis als ein Original erworben werden. Dennoch sieht ein Replikat Replica Van Cleef Armband genauso aus und f\u00fchlt sich genauso an wie das Original.","jetpack_sharing_enabled":true,"_links":{"self":[{"href":"https:\/\/myreplicawatches.io\/de\/wp-json\/wp\/v2\/product\/12743","targetHints":{"allow":["GET"]}}],"collection":[{"href":"https:\/\/myreplicawatches.io\/de\/wp-json\/wp\/v2\/product"}],"about":[{"href":"https:\/\/myreplicawatches.io\/de\/wp-json\/wp\/v2\/types\/product"}],"replies":[{"embeddable":true,"href":"https:\/\/myreplicawatches.io\/de\/wp-json\/wp\/v2\/comments?post=12743"}],"wp:featuredmedia":[{"embeddable":true,"href":"https:\/\/myreplicawatches.io\/de\/wp-json\/wp\/v2\/media\/12749"}],"wp:attachment":[{"href":"https:\/\/myreplicawatches.io\/de\/wp-json\/wp\/v2\/media?parent=12743"}],"wp:term":[{"taxonomy":"product_brand","embeddable":true,"href":"https:\/\/myreplicawatches.io\/de\/wp-json\/wp\/v2\/product_brand?post=12743"},{"taxonomy":"product_cat","embeddable":true,"href":"https:\/\/myreplicawatches.io\/de\/wp-json\/wp\/v2\/product_cat?post=12743"},{"taxonomy":"product_tag","embeddable":true,"href":"https:\/\/myreplicawatches.io\/de\/wp-json\/wp\/v2\/product_tag?post=12743"}],"curies":[{"name":"wp","href":"https:\/\/api.w.org\/{rel}","templated":true}]}}