{"id":12664,"date":"2024-08-15T09:20:27","date_gmt":"2024-08-15T09:20:27","guid":{"rendered":"https:\/\/myreplicawatches.io\/product\/richard-mille-titanium-replik-rm011-super-clone\/"},"modified":"2025-09-19T22:20:02","modified_gmt":"2025-09-19T22:20:02","slug":"richard-mille-titanium-replik-rm011-super-clone","status":"publish","type":"product","link":"https:\/\/myreplicawatches.io\/de\/product\/richard-mille-titanium-replik-rm011-super-clone\/","title":{"rendered":"Richard Mille Titanium Replik RM011 Super Clone"},"content":{"rendered":"<h2>Richard Mille Titanium Replica RM011 Super Clone, Hochwertige Richard Mille Kopie<\/h2>\n<p>&nbsp;<\/p>\n<h3>Die Vorteile einer Richard Mille Titanium Replica RM011 Super Clone:<\/h3>\n<ul>\n<li>Eine Replik kann zu einem weitaus g\u00fcnstigeren Preis als eine echte Uhr erworben werden, aber eine Replik sieht genauso aus und f\u00fchlt sich genauso an wie das Original.<\/li>\n<li>Das Letzte, was man will, ist ein Verm\u00f6gen f\u00fcr eine Luxusuhr auszugeben, die nur geringe Unterschiede zu unseren Replikaten aufweist.<\/li>\n<li>Viele Uhrenliebhaber wollen nicht Tausende von Dollar f\u00fcr Uhren ausgeben und m\u00f6chten das gro\u00dfartige Gef\u00fchl haben, eine gro\u00dfartige Luxusmarkenuhr zu besitzen. Hier kommt myreplicawatches.io ins Spiel und bietet seinen Kunden dieses Gef\u00fchl.<\/li>\n<li>Besitzen Sie bereits eine echte High End-Uhr, die Sie aus Sicherheitsgr\u00fcnden oder aus Gr\u00fcnden der Abwertung bei bestimmten Anl\u00e4ssen nicht tragen m\u00f6chten? Tragen Sie Ihre hochwertige Richard Mille Titanium Replica RM011 Super Clone Uhr und f\u00fchlen Sie sich sicherer, haben Sie das gleiche Vertrauen und sch\u00fctzen Sie Ihre Wertsachen.<\/li>\n<\/ul>\n<p>&nbsp;<\/p>\n<table id=\"tablepress-266\" class=\"tablepress tablepress-id-266\">\n<tbody class=\"row-hover\">\n<tr class=\"row-2 even\">\n<td class=\"column-1\"><b>MARKE<\/b><\/td>\n<td class=\"column-2\">Richard Mille<\/td>\n<\/tr>\n<tr class=\"row-3 odd\">\n<td class=\"column-1\"><b>FAMILIE<\/b><\/td>\n<td class=\"column-2\">N\/A<\/td>\n<\/tr>\n<tr class=\"row-4 even\">\n<td class=\"column-1\"><b>MODELL NR.<\/b><\/td>\n<td class=\"column-2\">RM11-03<\/td>\n<\/tr>\n<tr class=\"row-5 odd\">\n<td class=\"column-1\" colspan=\"2\"><b>MECHANISMUS<\/b><\/td>\n<\/tr>\n<tr class=\"row-6 even\">\n<td class=\"column-1\">Uhrwerk<\/td>\n<td class=\"column-2\">Automatisch<\/td>\n<\/tr>\n<tr class=\"row-7 odd\">\n<td class=\"column-1\">Kaliber<\/td>\n<td class=\"column-2\">RMAC3<\/td>\n<\/tr>\n<tr class=\"row-8 even\">\n<td class=\"column-1\">Leistungsreserve<\/td>\n<td class=\"column-2\">60 Stunden (Ungef\u00e4hr)<\/td>\n<\/tr>\n<tr class=\"row-9 odd\">\n<td class=\"column-1\">Pr\u00e4zision<\/td>\n<td class=\"column-2\">(-3\/+3 Sek.\/Tag) Innerhalb der COSC-Zertifizierungsgrenzen<\/td>\n<\/tr>\n<tr class=\"row-10 even\">\n<td class=\"column-1\">Zweite Hand<\/td>\n<td class=\"column-2\">Wischbewegung<\/td>\n<\/tr>\n<tr class=\"row-11 odd\">\n<td class=\"column-1\" colspan=\"2\"><b>CASE<\/b><\/td>\n<\/tr>\n<tr class=\"row-12 even\">\n<td class=\"column-1\">Material<\/td>\n<td class=\"column-2\">904L rostfreier Stahl<\/td>\n<\/tr>\n<tr class=\"row-13 odd\">\n<td class=\"column-1\">Farbe<\/td>\n<td class=\"column-2\">Stahl<\/td>\n<\/tr>\n<tr class=\"row-14 even\">\n<td class=\"column-1\">Material L\u00fcnette<\/td>\n<td class=\"column-2\">904L Edelstahl<\/td>\n<\/tr>\n<tr class=\"row-15 odd\">\n<td class=\"column-1\">Farbe L\u00fcnette<\/td>\n<td class=\"column-2\">Stahl<\/td>\n<\/tr>\n<tr class=\"row-16 even\">\n<td class=\"column-1\">Kristall<\/td>\n<td class=\"column-2\">Saphir<\/td>\n<\/tr>\n<tr class=\"row-17 odd\">\n<td class=\"column-1\">Gr\u00f6\u00dfe<\/td>\n<td class=\"column-2\">50.00 mm<\/td>\n<\/tr>\n<tr class=\"row-18 even\">\n<td class=\"column-1\">Dicke<\/td>\n<td class=\"column-2\">16. mm<\/td>\n<\/tr>\n<\/tbody>\n<\/table>\n<p>&nbsp;<\/p>\n<h2><span class=\"propery-des\" title=\"Modell\"><strong>Garantie<\/strong> <\/span><\/h2>\n<div><span class=\"propery-des\" title=\"Modell\">100%ige Zufriedenheitsgarantie! Sollten Sie mit Ihrer ersten <a href=\"https:\/\/myreplicawatches.io\/de\/\">Myreplicawatches.io<\/a> Uhr nicht zu 100% zufrieden sein, versprechen wir Ihnen, alles richtig zu machen. <\/span><\/div>\n<div><\/div>\n<div><\/div>\n<div><\/div>\n<h2><span class=\"propery-des\" title=\"Modell\">Lieferung<\/span><\/h2>\n<div><\/div>\n<div>\n<p>Weltweiter Fedex-Versand &#8211; 3 bis 10 Tage gesch\u00e4tzte Ankunftszeit Nachdem Sie Ihre Bestellung aufgegeben haben, erlauben Sie uns bitte 2-3 Tage, um Ihr Produkt zu versenden. Sie erhalten Ihre Tracking-Nummer sofort nach dem Versand Ihres Produkts.<\/p>\n<\/div>\n","protected":false},"excerpt":{"rendered":"<p>Richard Mille Titanium Replica RM011 Super Clone, Hochwertige Richard Mille Kopie &nbsp; Die Vorteile einer Richard Mille Titanium Replica RM011 Super Clone: Eine Replik kann zu einem weitaus g\u00fcnstigeren Preis als eine echte Uhr erworben werden, aber eine Replik sieht genauso aus und f\u00fchlt sich genauso an wie das Original. Das Letzte, was man will,<\/p>\n","protected":false},"featured_media":12665,"comment_status":"open","ping_status":"closed","template":"","meta":{"_uag_custom_page_level_css":"","site-sidebar-layout":"default","site-content-layout":"","ast-site-content-layout":"default","site-content-style":"default","site-sidebar-style":"default","ast-global-header-display":"","ast-banner-title-visibility":"","ast-main-header-display":"","ast-hfb-above-header-display":"","ast-hfb-below-header-display":"","ast-hfb-mobile-header-display":"","site-post-title":"","ast-breadcrumbs-content":"","ast-featured-img":"","footer-sml-layout":"","theme-transparent-header-meta":"default","adv-header-id-meta":"","stick-header-meta":"default","header-above-stick-meta":"","header-main-stick-meta":"","header-below-stick-meta":"","astra-migrate-meta-layouts":"set","ast-page-background-enabled":"default","ast-page-background-meta":{"desktop":{"background-color":"var(--ast-global-color-4)","background-image":"","background-repeat":"repeat","background-position":"center center","background-size":"auto","background-attachment":"scroll","background-type":"","background-media":"","overlay-type":"","overlay-color":"","overlay-opacity":"","overlay-gradient":""},"tablet":{"background-color":"","background-image":"","background-repeat":"repeat","background-position":"center center","background-size":"auto","background-attachment":"scroll","background-type":"","background-media":"","overlay-type":"","overlay-color":"","overlay-opacity":"","overlay-gradient":""},"mobile":{"background-color":"","background-image":"","background-repeat":"repeat","background-position":"center center","background-size":"auto","background-attachment":"scroll","background-type":"","background-media":"","overlay-type":"","overlay-color":"","overlay-opacity":"","overlay-gradient":""}},"ast-content-background-meta":{"desktop":{"background-color":"var(--ast-global-color-5)","background-image":"","background-repeat":"repeat","background-position":"center center","background-size":"auto","background-attachment":"scroll","background-type":"","background-media":"","overlay-type":"","overlay-color":"","overlay-opacity":"","overlay-gradient":""},"tablet":{"background-color":"var(--ast-global-color-5)","background-image":"","background-repeat":"repeat","background-position":"center center","background-size":"auto","background-attachment":"scroll","background-type":"","background-media":"","overlay-type":"","overlay-color":"","overlay-opacity":"","overlay-gradient":""},"mobile":{"background-color":"var(--ast-global-color-5)","background-image":"","background-repeat":"repeat","background-position":"center center","background-size":"auto","background-attachment":"scroll","background-type":"","background-media":"","overlay-type":"","overlay-color":"","overlay-opacity":"","overlay-gradient":""}}},"product_brand":[],"product_cat":[290,287,369,397],"product_tag":[916,918,902,1274,1138,895,1261,894,897,889,890,899,1115,885,1273,305,901,888,896,1272,323],"class_list":{"0":"post-12664","1":"product","2":"type-product","3":"status-publish","4":"has-post-thumbnail","6":"product_cat-neue-kollektion-2024","7":"product_cat-replik-richard-mille","8":"product_cat-newest-products-de","9":"product_cat-super-clone-richard-mille-replica-de","10":"product_tag-chronograph-de","11":"product_tag-classic-de","12":"product_tag-elegant-de","13":"product_tag-exceptional-de","14":"product_tag-exclusive-piece","15":"product_tag-fashion-de","16":"product_tag-haute-horlogerie-de","17":"product_tag-high-quality-de","18":"product_tag-jewelry-de","19":"product_tag-luxury-de","20":"product_tag-mens-de","21":"product_tag-prestigious-de","22":"product_tag-replica-de","23":"product_tag-richard-mille-de","24":"product_tag-rm011-de","25":"product_tag-schweizer-richard-mille","26":"product_tag-sporty-de","27":"product_tag-super-clone-de","28":"product_tag-timepiece-de","29":"product_tag-titanium-de","30":"product_tag-watch-de","31":"desktop-align-left","32":"tablet-align-left","33":"mobile-align-left","34":"ast-product-gallery-layout-vertical-slider","36":"first","37":"instock","38":"sale","39":"shipping-taxable","40":"purchasable","41":"product-type-simple"},"uagb_featured_image_src":{"full":["https:\/\/myreplicawatches.io\/wp-content\/uploads\/2024\/08\/Screenshot-2024-08-15-at-12.16.00-PM.jpg",712,822,false],"thumbnail":["https:\/\/myreplicawatches.io\/wp-content\/uploads\/2024\/08\/Screenshot-2024-08-15-at-12.16.00-PM-150x150.png",150,150,true],"medium":["https:\/\/myreplicawatches.io\/wp-content\/uploads\/2024\/08\/Screenshot-2024-08-15-at-12.16.00-PM-260x300.png",260,300,true],"medium_large":["https:\/\/myreplicawatches.io\/wp-content\/uploads\/2024\/08\/Screenshot-2024-08-15-at-12.16.00-PM.jpg",712,822,false],"large":["https:\/\/myreplicawatches.io\/wp-content\/uploads\/2024\/08\/Screenshot-2024-08-15-at-12.16.00-PM.jpg",712,822,false],"1536x1536":["https:\/\/myreplicawatches.io\/wp-content\/uploads\/2024\/08\/Screenshot-2024-08-15-at-12.16.00-PM.jpg",712,822,false],"2048x2048":["https:\/\/myreplicawatches.io\/wp-content\/uploads\/2024\/08\/Screenshot-2024-08-15-at-12.16.00-PM.jpg",712,822,false],"woocommerce_thumbnail":["https:\/\/myreplicawatches.io\/wp-content\/uploads\/2024\/08\/Screenshot-2024-08-15-at-12.16.00-PM-300x300.jpg",300,300,true],"woocommerce_single":["https:\/\/myreplicawatches.io\/wp-content\/uploads\/2024\/08\/Screenshot-2024-08-15-at-12.16.00-PM-600x693.jpg",600,693,true],"woocommerce_gallery_thumbnail":["https:\/\/myreplicawatches.io\/wp-content\/uploads\/2024\/08\/Screenshot-2024-08-15-at-12.16.00-PM-100x100.jpg",100,100,true],"variation_swatches_image_size":["https:\/\/myreplicawatches.io\/wp-content\/uploads\/2024\/08\/Screenshot-2024-08-15-at-12.16.00-PM-50x50.png",50,50,true],"variation_swatches_tooltip_size":["https:\/\/myreplicawatches.io\/wp-content\/uploads\/2024\/08\/Screenshot-2024-08-15-at-12.16.00-PM-100x100.png",100,100,true],"dgwt-wcas-product-suggestion":["https:\/\/myreplicawatches.io\/wp-content\/uploads\/2024\/08\/Screenshot-2024-08-15-at-12.16.00-PM-64x74.jpg",64,74,true]},"uagb_author_info":{"display_name":"admin","author_link":"https:\/\/myreplicawatches.io\/de\/author\/"},"uagb_comment_info":0,"uagb_excerpt":"Richard Mille Titanium Replica RM011 Super Clone, Hochwertige Richard Mille Kopie &nbsp; Die Vorteile einer Richard Mille Titanium Replica RM011 Super Clone: Eine Replik kann zu einem weitaus g\u00fcnstigeren Preis als eine echte Uhr erworben werden, aber eine Replik sieht genauso aus und f\u00fchlt sich genauso an wie das Original. Das Letzte, was man will,","jetpack_sharing_enabled":true,"_links":{"self":[{"href":"https:\/\/myreplicawatches.io\/de\/wp-json\/wp\/v2\/product\/12664","targetHints":{"allow":["GET"]}}],"collection":[{"href":"https:\/\/myreplicawatches.io\/de\/wp-json\/wp\/v2\/product"}],"about":[{"href":"https:\/\/myreplicawatches.io\/de\/wp-json\/wp\/v2\/types\/product"}],"replies":[{"embeddable":true,"href":"https:\/\/myreplicawatches.io\/de\/wp-json\/wp\/v2\/comments?post=12664"}],"wp:featuredmedia":[{"embeddable":true,"href":"https:\/\/myreplicawatches.io\/de\/wp-json\/wp\/v2\/media\/12665"}],"wp:attachment":[{"href":"https:\/\/myreplicawatches.io\/de\/wp-json\/wp\/v2\/media?parent=12664"}],"wp:term":[{"taxonomy":"product_brand","embeddable":true,"href":"https:\/\/myreplicawatches.io\/de\/wp-json\/wp\/v2\/product_brand?post=12664"},{"taxonomy":"product_cat","embeddable":true,"href":"https:\/\/myreplicawatches.io\/de\/wp-json\/wp\/v2\/product_cat?post=12664"},{"taxonomy":"product_tag","embeddable":true,"href":"https:\/\/myreplicawatches.io\/de\/wp-json\/wp\/v2\/product_tag?post=12664"}],"curies":[{"name":"wp","href":"https:\/\/api.w.org\/{rel}","templated":true}]}}